{"id":2751,"date":"2024-03-01T16:23:39","date_gmt":"2024-03-01T15:23:39","guid":{"rendered":"https:\/\/www.strawbaggy.com\/?page_id=2751"},"modified":"2025-03-21T14:29:24","modified_gmt":"2025-03-21T13:29:24","slug":"about-us-2","status":"publish","type":"page","link":"https:\/\/www.strawbaggy.com\/de\/about-us-2\/","title":{"rendered":"\u00dcber uns"},"content":{"rendered":"<div data-elementor-type=\"wp-page\" data-elementor-id=\"2751\" class=\"elementor elementor-2751\" data-elementor-post-type=\"page\">\n\t\t\t\t<div class=\"elementor-element elementor-element-75b4bab9 e-flex e-con-boxed e-con e-parent\" data-id=\"75b4bab9\" data-element_type=\"container\" data-e-type=\"container\">\n\t\t\t\t\t<div class=\"e-con-inner\">\n\t\t\t\t<div class=\"elementor-element elementor-element-ac6f7a7 elementor-widget elementor-widget-image\" data-id=\"ac6f7a7\" data-element_type=\"widget\" data-e-type=\"widget\" data-widget_type=\"image.default\">\n\t\t\t\t<div class=\"elementor-widget-container\">\n\t\t\t\t\t\t\t\t\t\t\t\t\t\t\t<img fetchpriority=\"high\" decoding=\"async\" width=\"800\" height=\"80\" src=\"https:\/\/www.strawbaggy.com\/wp-content\/uploads\/2025\/02\/hardcase-technologies-logo.png\" class=\"attachment-large size-large wp-image-5074\" alt=\"\" srcset=\"https:\/\/www.strawbaggy.com\/wp-content\/uploads\/2025\/02\/hardcase-technologies-logo.png 1000w, https:\/\/www.strawbaggy.com\/wp-content\/uploads\/2025\/02\/hardcase-technologies-logo-300x30.png 300w, https:\/\/www.strawbaggy.com\/wp-content\/uploads\/2025\/02\/hardcase-technologies-logo-768x77.png 768w, https:\/\/www.strawbaggy.com\/wp-content\/uploads\/2025\/02\/hardcase-technologies-logo-600x60.png 600w\" sizes=\"(max-width: 800px) 100vw, 800px\" \/>\t\t\t\t\t\t\t\t\t\t\t\t\t\t\t<\/div>\n\t\t\t\t<\/div>\n\t\t\t\t<div class=\"elementor-element elementor-element-7cb6767c elementor-widget elementor-widget-text-editor\" data-id=\"7cb6767c\" data-element_type=\"widget\" data-e-type=\"widget\" data-widget_type=\"text-editor.default\">\n\t\t\t\t<div class=\"elementor-widget-container\">\n\t\t\t\t\t\t\t\t\t<p class=\"p1\">Geboren im Jahr 2012 als der erste Hersteller von Handpan Taschen und Koffern.<\/p><p class=\"p1\">Ja... wir sind diejenigen, die den ersten Hartschalenkoffer f\u00fcr Pfannen erfunden und auf den Markt gebracht haben.<\/p><p class=\"p1\">...Und ja, wir sind die direkten Hersteller von Strawbaggy.<\/p><p class=\"p1\">Entwickelt in Italien und hergestellt in unserem Hardcase Technologies\u00ae (HcT) Werk in China.<\/p><p class=\"p1\">Nach jahrelanger Erfahrung haben wir uns nun entschlossen, unsere Ideen, Qualit\u00e4t und Innovation auf neue M\u00e4rkte auszudehnen, wie z. B. Raucherzubeh\u00f6r und Gep\u00e4ck f\u00fcr digitale Nomaden.<\/p><p class=\"p1\">Unser Ziel ist es, in einem bereits ges\u00e4ttigten Markt etwas Neues zu schaffen und unsere Ideen zu nutzen, um Ihr t\u00e4gliches Leben auf Reisen mit unseren Produkten zu verbessern.<\/p><p class=\"p1\">...Und was den Rest angeht? Die Zukunft wird es bald enth\u00fcllen!<\/p>\t\t\t\t\t\t\t\t<\/div>\n\t\t\t\t<\/div>\n\t\t\t\t<div class=\"elementor-element elementor-element-16a2786 elementor-widget elementor-widget-image\" data-id=\"16a2786\" data-element_type=\"widget\" data-e-type=\"widget\" data-widget_type=\"image.default\">\n\t\t\t\t<div class=\"elementor-widget-container\">\n\t\t\t\t\t\t\t\t\t\t\t\t\t\t\t\t<a href=\"https:\/\/www.strawbaggy.com\/de\/\">\n\t\t\t\t\t\t\t<img decoding=\"async\" width=\"800\" height=\"227\" src=\"https:\/\/www.strawbaggy.com\/wp-content\/uploads\/2025\/02\/logo2-1024x291.png\" class=\"attachment-large size-large wp-image-5023\" alt=\"\" srcset=\"https:\/\/www.strawbaggy.com\/wp-content\/uploads\/2025\/02\/logo2-1024x291.png 1024w, https:\/\/www.strawbaggy.com\/wp-content\/uploads\/2025\/02\/logo2-300x85.png 300w, https:\/\/www.strawbaggy.com\/wp-content\/uploads\/2025\/02\/logo2-768x218.png 768w, https:\/\/www.strawbaggy.com\/wp-content\/uploads\/2025\/02\/logo2-600x171.png 600w, https:\/\/www.strawbaggy.com\/wp-content\/uploads\/2025\/02\/logo2.png 1262w\" sizes=\"(max-width: 800px) 100vw, 800px\" \/>\t\t\t\t\t\t\t\t<\/a>\n\t\t\t\t\t\t\t\t\t\t\t\t\t\t\t<\/div>\n\t\t\t\t<\/div>\n\t\t\t\t<div class=\"elementor-element elementor-element-471bc0d elementor-widget elementor-widget-text-editor\" data-id=\"471bc0d\" data-element_type=\"widget\" data-e-type=\"widget\" data-widget_type=\"text-editor.default\">\n\t\t\t\t<div class=\"elementor-widget-container\">\n\t\t\t\t\t\t\t\t\t<p>Besatzung<\/p>\t\t\t\t\t\t\t\t<\/div>\n\t\t\t\t<\/div>\n\t\t\t\t<div class=\"elementor-element elementor-element-54209b7 elementor-widget-divider--view-line elementor-widget elementor-widget-divider\" data-id=\"54209b7\" data-element_type=\"widget\" data-e-type=\"widget\" data-widget_type=\"divider.default\">\n\t\t\t\t<div class=\"elementor-widget-container\">\n\t\t\t\t\t\t\t<div class=\"elementor-divider\">\n\t\t\t<span class=\"elementor-divider-separator\">\n\t\t\t\t\t\t<\/span>\n\t\t<\/div>\n\t\t\t\t\t\t<\/div>\n\t\t\t\t<\/div>\n\t\t\t\t<div class=\"elementor-element elementor-element-b955f43 elementor-widget elementor-widget-image\" data-id=\"b955f43\" data-element_type=\"widget\" data-e-type=\"widget\" data-widget_type=\"image.default\">\n\t\t\t\t<div class=\"elementor-widget-container\">\n\t\t\t\t\t\t\t\t\t\t\t\t\t\t\t\t<a href=\"https:\/\/www.kickstarter.com\/profile\/strawbaggy\">\n\t\t\t\t\t\t\t<img decoding=\"async\" width=\"800\" height=\"85\" src=\"https:\/\/www.strawbaggy.com\/wp-content\/uploads\/2025\/03\/tq0sfld-kickstarter-logo-green.png\" class=\"attachment-large size-large wp-image-5829\" alt=\"\" srcset=\"https:\/\/www.strawbaggy.com\/wp-content\/uploads\/2025\/03\/tq0sfld-kickstarter-logo-green.png 960w, https:\/\/www.strawbaggy.com\/wp-content\/uploads\/2025\/03\/tq0sfld-kickstarter-logo-green-300x32.png 300w, https:\/\/www.strawbaggy.com\/wp-content\/uploads\/2025\/03\/tq0sfld-kickstarter-logo-green-768x82.png 768w, https:\/\/www.strawbaggy.com\/wp-content\/uploads\/2025\/03\/tq0sfld-kickstarter-logo-green-18x2.png 18w, https:\/\/www.strawbaggy.com\/wp-content\/uploads\/2025\/03\/tq0sfld-kickstarter-logo-green-600x64.png 600w\" sizes=\"(max-width: 800px) 100vw, 800px\" \/>\t\t\t\t\t\t\t\t<\/a>\n\t\t\t\t\t\t\t\t\t\t\t\t\t\t\t<\/div>\n\t\t\t\t<\/div>\n\t\t\t\t\t<\/div>\n\t\t\t\t<\/div>\n\t\t\t\t<\/div>","protected":false},"excerpt":{"rendered":"<p>Born in 2012 as the first producers of Handpan Bags and Cases. Yes\u2026 we are the ones who invented and introduced the first hard case for handpans to the market. \u2026And yes, we are the direct manufacturers of Strawbaggy. Designed in Italy and produced in our Hardcase Technologies\u00ae (HcT) facility in China. After years of [&hellip;]<\/p>\n","protected":false},"author":2,"featured_media":0,"parent":0,"menu_order":0,"comment_status":"closed","ping_status":"closed","template":"","meta":{"footnotes":""},"class_list":["post-2751","page","type-page","status-publish","hentry"],"yoast_head":"<!-- This site is optimized with the Yoast SEO Premium plugin v27.4 (Yoast SEO v27.4) - https:\/\/yoast.com\/product\/yoast-seo-premium-wordpress\/ -->\n<title>About Us - StrawBaggy<\/title>\n<meta name=\"robots\" content=\"index, follow, max-snippet:-1, max-image-preview:large, max-video-preview:-1\" \/>\n<link rel=\"canonical\" href=\"https:\/\/www.strawbaggy.com\/de\/about-us-2\/\" \/>\n<meta property=\"og:locale\" content=\"de_DE\" \/>\n<meta property=\"og:type\" content=\"article\" \/>\n<meta property=\"og:title\" content=\"About Us\" \/>\n<meta property=\"og:description\" content=\"Born in 2012 as the first producers of Handpan Bags and Cases. Yes\u2026 we are the ones who invented and introduced the first hard case for handpans to the market. \u2026And yes, we are the direct manufacturers of Strawbaggy. Designed in Italy and produced in our Hardcase Technologies\u00ae (HcT) facility in China. After years of [&hellip;]\" \/>\n<meta property=\"og:url\" content=\"https:\/\/www.strawbaggy.com\/de\/about-us-2\/\" \/>\n<meta property=\"og:site_name\" content=\"StrawBaggy\" \/>\n<meta property=\"article:modified_time\" content=\"2025-03-21T13:29:24+00:00\" \/>\n<meta property=\"og:image\" content=\"https:\/\/www.strawbaggy.com\/wp-content\/uploads\/2025\/02\/hardcase-technologies-logo.png\" \/>\n\t<meta property=\"og:image:width\" content=\"1000\" \/>\n\t<meta property=\"og:image:height\" content=\"100\" \/>\n\t<meta property=\"og:image:type\" content=\"image\/png\" \/>\n<meta name=\"twitter:card\" content=\"summary_large_image\" \/>\n<meta name=\"twitter:label1\" content=\"Gesch\u00e4tzte Lesezeit\" \/>\n\t<meta name=\"twitter:data1\" content=\"2\u00a0Minuten\" \/>\n<script type=\"application\/ld+json\" class=\"yoast-schema-graph\">{\"@context\":\"https:\\\/\\\/schema.org\",\"@graph\":[{\"@type\":\"WebPage\",\"@id\":\"https:\\\/\\\/www.strawbaggy.com\\\/about-us-2\\\/\",\"url\":\"https:\\\/\\\/www.strawbaggy.com\\\/about-us-2\\\/\",\"name\":\"About Us - StrawBaggy\",\"isPartOf\":{\"@id\":\"https:\\\/\\\/www.strawbaggy.com\\\/#website\"},\"primaryImageOfPage\":{\"@id\":\"https:\\\/\\\/www.strawbaggy.com\\\/about-us-2\\\/#primaryimage\"},\"image\":{\"@id\":\"https:\\\/\\\/www.strawbaggy.com\\\/about-us-2\\\/#primaryimage\"},\"thumbnailUrl\":\"https:\\\/\\\/www.strawbaggy.com\\\/wp-content\\\/uploads\\\/2025\\\/02\\\/hardcase-technologies-logo.png\",\"datePublished\":\"2024-03-01T15:23:39+00:00\",\"dateModified\":\"2025-03-21T13:29:24+00:00\",\"breadcrumb\":{\"@id\":\"https:\\\/\\\/www.strawbaggy.com\\\/about-us-2\\\/#breadcrumb\"},\"inLanguage\":\"de\",\"potentialAction\":[{\"@type\":\"ReadAction\",\"target\":[\"https:\\\/\\\/www.strawbaggy.com\\\/about-us-2\\\/\"]}]},{\"@type\":\"ImageObject\",\"inLanguage\":\"de\",\"@id\":\"https:\\\/\\\/www.strawbaggy.com\\\/about-us-2\\\/#primaryimage\",\"url\":\"https:\\\/\\\/www.strawbaggy.com\\\/wp-content\\\/uploads\\\/2025\\\/02\\\/hardcase-technologies-logo.png\",\"contentUrl\":\"https:\\\/\\\/www.strawbaggy.com\\\/wp-content\\\/uploads\\\/2025\\\/02\\\/hardcase-technologies-logo.png\"},{\"@type\":\"BreadcrumbList\",\"@id\":\"https:\\\/\\\/www.strawbaggy.com\\\/about-us-2\\\/#breadcrumb\",\"itemListElement\":[{\"@type\":\"ListItem\",\"position\":1,\"name\":\"Home\",\"item\":\"https:\\\/\\\/www.strawbaggy.com\\\/\"},{\"@type\":\"ListItem\",\"position\":2,\"name\":\"About Us\"}]},{\"@type\":\"WebSite\",\"@id\":\"https:\\\/\\\/www.strawbaggy.com\\\/#website\",\"url\":\"https:\\\/\\\/www.strawbaggy.com\\\/\",\"name\":\"StrawBaggy\",\"description\":\"by Hardcase Technologies\",\"publisher\":{\"@id\":\"https:\\\/\\\/www.strawbaggy.com\\\/#organization\"},\"potentialAction\":[{\"@type\":\"SearchAction\",\"target\":{\"@type\":\"EntryPoint\",\"urlTemplate\":\"https:\\\/\\\/www.strawbaggy.com\\\/?s={search_term_string}\"},\"query-input\":{\"@type\":\"PropertyValueSpecification\",\"valueRequired\":true,\"valueName\":\"search_term_string\"}}],\"inLanguage\":\"de\"},{\"@type\":\"Organization\",\"@id\":\"https:\\\/\\\/www.strawbaggy.com\\\/#organization\",\"name\":\"StrawBaggy by Hardcase Technologies\",\"url\":\"https:\\\/\\\/www.strawbaggy.com\\\/\",\"logo\":{\"@type\":\"ImageObject\",\"inLanguage\":\"de\",\"@id\":\"https:\\\/\\\/www.strawbaggy.com\\\/#\\\/schema\\\/logo\\\/image\\\/\",\"url\":\"https:\\\/\\\/www.strawbaggy.com\\\/wp-content\\\/uploads\\\/2025\\\/02\\\/BET04665-copia.png\",\"contentUrl\":\"https:\\\/\\\/www.strawbaggy.com\\\/wp-content\\\/uploads\\\/2025\\\/02\\\/BET04665-copia.png\",\"width\":1500,\"height\":1500,\"caption\":\"StrawBaggy by Hardcase Technologies\"},\"image\":{\"@id\":\"https:\\\/\\\/www.strawbaggy.com\\\/#\\\/schema\\\/logo\\\/image\\\/\"},\"sameAs\":[\"https:\\\/\\\/www.instagram.com\\\/straw_baggy\\\/\"]}]}<\/script>\n<!-- \/ Yoast SEO Premium plugin. -->","yoast_head_json":{"title":"About Us - StrawBaggy","robots":{"index":"index","follow":"follow","max-snippet":"max-snippet:-1","max-image-preview":"max-image-preview:large","max-video-preview":"max-video-preview:-1"},"canonical":"https:\/\/www.strawbaggy.com\/de\/about-us-2\/","og_locale":"de_DE","og_type":"article","og_title":"About Us","og_description":"Born in 2012 as the first producers of Handpan Bags and Cases. Yes\u2026 we are the ones who invented and introduced the first hard case for handpans to the market. \u2026And yes, we are the direct manufacturers of Strawbaggy. Designed in Italy and produced in our Hardcase Technologies\u00ae (HcT) facility in China. After years of [&hellip;]","og_url":"https:\/\/www.strawbaggy.com\/de\/about-us-2\/","og_site_name":"StrawBaggy","article_modified_time":"2025-03-21T13:29:24+00:00","og_image":[{"width":1000,"height":100,"url":"https:\/\/www.strawbaggy.com\/wp-content\/uploads\/2025\/02\/hardcase-technologies-logo.png","type":"image\/png"}],"twitter_card":"summary_large_image","twitter_misc":{"Gesch\u00e4tzte Lesezeit":"2\u00a0Minuten"},"schema":{"@context":"https:\/\/schema.org","@graph":[{"@type":"WebPage","@id":"https:\/\/www.strawbaggy.com\/about-us-2\/","url":"https:\/\/www.strawbaggy.com\/about-us-2\/","name":"About Us - StrawBaggy","isPartOf":{"@id":"https:\/\/www.strawbaggy.com\/#website"},"primaryImageOfPage":{"@id":"https:\/\/www.strawbaggy.com\/about-us-2\/#primaryimage"},"image":{"@id":"https:\/\/www.strawbaggy.com\/about-us-2\/#primaryimage"},"thumbnailUrl":"https:\/\/www.strawbaggy.com\/wp-content\/uploads\/2025\/02\/hardcase-technologies-logo.png","datePublished":"2024-03-01T15:23:39+00:00","dateModified":"2025-03-21T13:29:24+00:00","breadcrumb":{"@id":"https:\/\/www.strawbaggy.com\/about-us-2\/#breadcrumb"},"inLanguage":"de","potentialAction":[{"@type":"ReadAction","target":["https:\/\/www.strawbaggy.com\/about-us-2\/"]}]},{"@type":"ImageObject","inLanguage":"de","@id":"https:\/\/www.strawbaggy.com\/about-us-2\/#primaryimage","url":"https:\/\/www.strawbaggy.com\/wp-content\/uploads\/2025\/02\/hardcase-technologies-logo.png","contentUrl":"https:\/\/www.strawbaggy.com\/wp-content\/uploads\/2025\/02\/hardcase-technologies-logo.png"},{"@type":"BreadcrumbList","@id":"https:\/\/www.strawbaggy.com\/about-us-2\/#breadcrumb","itemListElement":[{"@type":"ListItem","position":1,"name":"Home","item":"https:\/\/www.strawbaggy.com\/"},{"@type":"ListItem","position":2,"name":"About Us"}]},{"@type":"WebSite","@id":"https:\/\/www.strawbaggy.com\/#website","url":"https:\/\/www.strawbaggy.com\/","name":"StrawBaggy","description":"von Hardcase Technologies","publisher":{"@id":"https:\/\/www.strawbaggy.com\/#organization"},"potentialAction":[{"@type":"SearchAction","target":{"@type":"EntryPoint","urlTemplate":"https:\/\/www.strawbaggy.com\/?s={search_term_string}"},"query-input":{"@type":"PropertyValueSpecification","valueRequired":true,"valueName":"search_term_string"}}],"inLanguage":"de"},{"@type":"Organization","@id":"https:\/\/www.strawbaggy.com\/#organization","name":"StrawBaggy von Hardcase Technologies","url":"https:\/\/www.strawbaggy.com\/","logo":{"@type":"ImageObject","inLanguage":"de","@id":"https:\/\/www.strawbaggy.com\/#\/schema\/logo\/image\/","url":"https:\/\/www.strawbaggy.com\/wp-content\/uploads\/2025\/02\/BET04665-copia.png","contentUrl":"https:\/\/www.strawbaggy.com\/wp-content\/uploads\/2025\/02\/BET04665-copia.png","width":1500,"height":1500,"caption":"StrawBaggy by Hardcase Technologies"},"image":{"@id":"https:\/\/www.strawbaggy.com\/#\/schema\/logo\/image\/"},"sameAs":["https:\/\/www.instagram.com\/straw_baggy\/"]}]}},"jetpack_sharing_enabled":true,"_links":{"self":[{"href":"https:\/\/www.strawbaggy.com\/de\/wp-json\/wp\/v2\/pages\/2751","targetHints":{"allow":["GET"]}}],"collection":[{"href":"https:\/\/www.strawbaggy.com\/de\/wp-json\/wp\/v2\/pages"}],"about":[{"href":"https:\/\/www.strawbaggy.com\/de\/wp-json\/wp\/v2\/types\/page"}],"author":[{"embeddable":true,"href":"https:\/\/www.strawbaggy.com\/de\/wp-json\/wp\/v2\/users\/2"}],"replies":[{"embeddable":true,"href":"https:\/\/www.strawbaggy.com\/de\/wp-json\/wp\/v2\/comments?post=2751"}],"version-history":[{"count":48,"href":"https:\/\/www.strawbaggy.com\/de\/wp-json\/wp\/v2\/pages\/2751\/revisions"}],"predecessor-version":[{"id":5845,"href":"https:\/\/www.strawbaggy.com\/de\/wp-json\/wp\/v2\/pages\/2751\/revisions\/5845"}],"wp:attachment":[{"href":"https:\/\/www.strawbaggy.com\/de\/wp-json\/wp\/v2\/media?parent=2751"}],"curies":[{"name":"wp","href":"https:\/\/api.w.org\/{rel}","templated":true}]}}