{"id":6973,"date":"2025-10-16T17:52:29","date_gmt":"2025-10-16T15:52:29","guid":{"rendered":"https:\/\/www.strawbaggy.com\/?page_id=6973"},"modified":"2025-11-05T16:07:07","modified_gmt":"2025-11-05T15:07:07","slug":"affiliation-program","status":"publish","type":"page","link":"https:\/\/www.strawbaggy.com\/de\/affiliation-program\/","title":{"rendered":"Zugeh\u00f6rigkeitsprogramm"},"content":{"rendered":"<div data-elementor-type=\"wp-page\" data-elementor-id=\"6973\" class=\"elementor elementor-6973\" data-elementor-post-type=\"page\">\n\t\t\t\t<div class=\"elementor-element elementor-element-a3ebcff e-flex e-con-boxed e-con e-parent\" data-id=\"a3ebcff\" data-element_type=\"container\" data-e-type=\"container\" data-settings=\"{&quot;background_background&quot;:&quot;classic&quot;}\">\n\t\t\t\t\t<div class=\"e-con-inner\">\n\t\t<div class=\"elementor-element elementor-element-5dda8bd e-con-full e-flex e-con e-child\" data-id=\"5dda8bd\" data-element_type=\"container\" data-e-type=\"container\">\n\t\t\t\t<div class=\"elementor-element elementor-element-bb428a4 elementor-widget elementor-widget-image\" data-id=\"bb428a4\" data-element_type=\"widget\" data-e-type=\"widget\" data-widget_type=\"image.default\">\n\t\t\t\t<div class=\"elementor-widget-container\">\n\t\t\t\t\t\t\t\t\t\t\t\t\t\t\t<img fetchpriority=\"high\" decoding=\"async\" width=\"800\" height=\"227\" src=\"https:\/\/www.strawbaggy.com\/wp-content\/uploads\/2025\/02\/logo2-1024x291.png\" class=\"attachment-large size-large wp-image-5023\" alt=\"\" srcset=\"https:\/\/www.strawbaggy.com\/wp-content\/uploads\/2025\/02\/logo2-1024x291.png 1024w, https:\/\/www.strawbaggy.com\/wp-content\/uploads\/2025\/02\/logo2-300x85.png 300w, https:\/\/www.strawbaggy.com\/wp-content\/uploads\/2025\/02\/logo2-768x218.png 768w, https:\/\/www.strawbaggy.com\/wp-content\/uploads\/2025\/02\/logo2-600x171.png 600w, https:\/\/www.strawbaggy.com\/wp-content\/uploads\/2025\/02\/logo2.png 1262w\" sizes=\"(max-width: 800px) 100vw, 800px\" \/>\t\t\t\t\t\t\t\t\t\t\t\t\t\t\t<\/div>\n\t\t\t\t<\/div>\n\t\t\t\t<div class=\"elementor-element elementor-element-6a83004 elementor-widget elementor-widget-heading\" data-id=\"6a83004\" data-element_type=\"widget\" data-e-type=\"widget\" data-widget_type=\"heading.default\">\n\t\t\t\t<div class=\"elementor-widget-container\">\n\t\t\t\t\t<h2 class=\"elementor-heading-title elementor-size-default\">PARTNERSCHAFTSPROGRAMM<\/h2>\t\t\t\t<\/div>\n\t\t\t\t<\/div>\n\t\t\t\t<\/div>\n\t\t\t\t\t<\/div>\n\t\t\t\t<\/div>\n\t\t<div class=\"elementor-element elementor-element-8e842a4 e-flex e-con-boxed e-con e-parent\" data-id=\"8e842a4\" data-element_type=\"container\" data-e-type=\"container\">\n\t\t\t\t\t<div class=\"e-con-inner\">\n\t\t\t\t<div class=\"elementor-element elementor-element-39eb72f elementor-widget elementor-widget-text-editor\" data-id=\"39eb72f\" data-element_type=\"widget\" data-e-type=\"widget\" data-widget_type=\"text-editor.default\">\n\t\t\t\t<div class=\"elementor-widget-container\">\n\t\t\t\t\t\t\t\t\t<p>Verdienen Sie <strong>20% Kommission<\/strong> f\u00fcr jeden Verkauf, den Sie t\u00e4tigen + Geben Sie Ihren Followern <strong>10% AUS<\/strong> mit Ihrem pers\u00f6nlichen Link.<\/p><p><strong>Steigern Sie Ihr Einkommen. Teilen Sie, was Sie lieben.<\/strong><\/p>\t\t\t\t\t\t\t\t<\/div>\n\t\t\t\t<\/div>\n\t\t\t\t\t<\/div>\n\t\t\t\t<\/div>\n\t\t<div class=\"elementor-element elementor-element-abd3398 e-flex e-con-boxed e-con e-parent\" data-id=\"abd3398\" data-element_type=\"container\" data-e-type=\"container\">\n\t\t\t\t\t<div class=\"e-con-inner\">\n\t\t\t\t<div class=\"elementor-element elementor-element-1593ac5 elementor-widget elementor-widget-image\" data-id=\"1593ac5\" data-element_type=\"widget\" data-e-type=\"widget\" data-widget_type=\"image.default\">\n\t\t\t\t<div class=\"elementor-widget-container\">\n\t\t\t\t\t\t\t\t\t\t\t\t\t\t\t<img decoding=\"async\" width=\"800\" height=\"411\" src=\"https:\/\/www.strawbaggy.com\/wp-content\/uploads\/2025\/10\/affiliate-1-1024x526.jpeg\" class=\"attachment-large size-large wp-image-6981\" alt=\"\" srcset=\"https:\/\/www.strawbaggy.com\/wp-content\/uploads\/2025\/10\/affiliate-1-1024x526.jpeg 1024w, https:\/\/www.strawbaggy.com\/wp-content\/uploads\/2025\/10\/affiliate-1-300x154.jpeg 300w, https:\/\/www.strawbaggy.com\/wp-content\/uploads\/2025\/10\/affiliate-1-768x394.jpeg 768w, https:\/\/www.strawbaggy.com\/wp-content\/uploads\/2025\/10\/affiliate-1-18x9.jpeg 18w, https:\/\/www.strawbaggy.com\/wp-content\/uploads\/2025\/10\/affiliate-1-600x308.jpeg 600w, https:\/\/www.strawbaggy.com\/wp-content\/uploads\/2025\/10\/affiliate-1.jpeg 1280w\" sizes=\"(max-width: 800px) 100vw, 800px\" \/>\t\t\t\t\t\t\t\t\t\t\t\t\t\t\t<\/div>\n\t\t\t\t<\/div>\n\t\t\t\t\t<\/div>\n\t\t\t\t<\/div>\n\t\t<div class=\"elementor-element elementor-element-2b34a81 e-flex e-con-boxed e-con e-parent\" data-id=\"2b34a81\" data-element_type=\"container\" data-e-type=\"container\">\n\t\t\t\t\t<div class=\"e-con-inner\">\n\t\t<div class=\"elementor-element elementor-element-5ea2a21 e-con-full e-flex e-con e-child\" data-id=\"5ea2a21\" data-element_type=\"container\" data-e-type=\"container\" data-settings=\"{&quot;background_background&quot;:&quot;classic&quot;}\">\n\t\t\t\t<div class=\"elementor-element elementor-element-fe822d0 elementor-widget elementor-widget-text-editor\" data-id=\"fe822d0\" data-element_type=\"widget\" data-e-type=\"widget\" data-widget_type=\"text-editor.default\">\n\t\t\t\t<div class=\"elementor-widget-container\">\n\t\t\t\t\t\t\t\t\t<p><b>VORTEILE F\u00dcR DEN PARTNER<\/b><b><\/b><\/p><p>\ud83d\udd17 Personalisierter und verfolgbarer Link<\/p><p>\ud83d\udcb8 Automatische 20%-Provision bei jedem Verkauf<\/p><p>\ud83c\udf81 10% Rabattcode f\u00fcr Ihre Gemeinde<\/p><p>\ud83c\udf0d Programm offen f\u00fcr Websites, Blogs, Influencer und Chat-Communities<\/p><p>\ud83d\udcc8 Pers\u00f6nliches Dashboard zur \u00dcberwachung Ihrer Verk\u00e4ufe<\/p>\t\t\t\t\t\t\t\t<\/div>\n\t\t\t\t<\/div>\n\t\t\t\t<\/div>\n\t\t\t\t\t<\/div>\n\t\t\t\t<\/div>\n\t\t<div class=\"elementor-element elementor-element-ad454d2 e-flex e-con-boxed e-con e-parent\" data-id=\"ad454d2\" data-element_type=\"container\" data-e-type=\"container\">\n\t\t\t\t\t<div class=\"e-con-inner\">\n\t\t\t\t<div class=\"elementor-element elementor-element-8b6b10f elementor-widget elementor-widget-heading\" data-id=\"8b6b10f\" data-element_type=\"widget\" data-e-type=\"widget\" data-widget_type=\"heading.default\">\n\t\t\t\t<div class=\"elementor-widget-container\">\n\t\t\t\t\t<h2 class=\"elementor-heading-title elementor-size-default\">Wie man dem Strawbaggy-Partnerprogramm beitritt:<\/h2>\t\t\t\t<\/div>\n\t\t\t\t<\/div>\n\t\t\t\t<div class=\"elementor-element elementor-element-461dfa0 elementor-widget elementor-widget-text-editor\" data-id=\"461dfa0\" data-element_type=\"widget\" data-e-type=\"widget\" data-widget_type=\"text-editor.default\">\n\t\t\t\t<div class=\"elementor-widget-container\">\n\t\t\t\t\t\t\t\t\t<p><strong>1.<\/strong>Besuchen Sie unsere offizielle Website <a href=\"https:\/\/www.strawbaggy.com\/de\/\"><b>strawbaggy.com<\/b><\/a>.<\/p><p><strong>2.<\/strong>W\u00e4hlen Sie das Produkt, das am besten zu Ihrer Zielgruppe passt und eine gute Werbung f\u00fcr Ihre Follower sein k\u00f6nnte.<\/p><p><strong>3.<\/strong>Kaufen Sie das Produkt mit einem <b>10% Partner-Rabatt*<\/b> es selbst zu versuchen und authentische Inhalte zu erstellen.<\/p><p><strong>4.<\/strong>Sobald Sie Ihre <b>erster Verkauf \u00fcber Ihren Affiliate-Link<\/b>werden Sie <b>die volle R\u00fcckerstattung des gekauften Produkts<\/b> als Teil der Programmaktivierung.<\/p>\t\t\t\t\t\t\t\t<\/div>\n\t\t\t\t<\/div>\n\t\t\t\t<div class=\"elementor-element elementor-element-fc3c9a8 elementor-widget elementor-widget-text-editor\" data-id=\"fc3c9a8\" data-element_type=\"widget\" data-e-type=\"widget\" data-widget_type=\"text-editor.default\">\n\t\t\t\t<div class=\"elementor-widget-container\">\n\t\t\t\t\t\t\t\t\t<p><b>*Wie fange ich den Rabattcode?<span class=\"Apple-converted-space\">\u00a0<\/span><\/b><\/p><p><b>Bitte schreiben Sie eine E-Mail an <\/b><a href=\"mailto:shop@strawbaggy.com\"><b>shop@strawbaggy.com<\/b><\/a><b> mit dem Antrag auf ein Partnerprogramm.<span class=\"Apple-converted-space\">\u00a0<\/span><\/b><\/p>\t\t\t\t\t\t\t\t<\/div>\n\t\t\t\t<\/div>\n\t\t\t\t\t<\/div>\n\t\t\t\t<\/div>\n\t\t<div class=\"elementor-element elementor-element-b7489b5 e-flex e-con-boxed e-con e-parent\" data-id=\"b7489b5\" data-element_type=\"container\" data-e-type=\"container\">\n\t\t\t\t\t<div class=\"e-con-inner\">\n\t\t\t\t<div class=\"elementor-element elementor-element-a38e2db elementor-view-default elementor-widget elementor-widget-icon\" data-id=\"a38e2db\" data-element_type=\"widget\" data-e-type=\"widget\" data-widget_type=\"icon.default\">\n\t\t\t\t<div class=\"elementor-widget-container\">\n\t\t\t\t\t\t\t<div class=\"elementor-icon-wrapper\">\n\t\t\t<div class=\"elementor-icon\">\n\t\t\t<svg aria-hidden=\"true\" class=\"e-font-icon-svg e-far-arrow-alt-circle-down\" viewbox=\"0 0 512 512\" xmlns=\"http:\/\/www.w3.org\/2000\/svg\"><path d=\"M256 8C119 8 8 119 8 256s111 248 248 248 248-111 248-248S393 8 256 8zm0 448c-110.5 0-200-89.5-200-200S145.5 56 256 56s200 89.5 200 200-89.5 200-200 200zm-32-316v116h-67c-10.7 0-16 12.9-8.5 20.5l99 99c4.7 4.7 12.3 4.7 17 0l99-99c7.6-7.6 2.2-20.5-8.5-20.5h-67V140c0-6.6-5.4-12-12-12h-40c-6.6 0-12 5.4-12 12z\"><\/path><\/svg>\t\t\t<\/div>\n\t\t<\/div>\n\t\t\t\t\t\t<\/div>\n\t\t\t\t<\/div>\n\t\t\t\t\t<\/div>\n\t\t\t\t<\/div>\n\t\t<div class=\"elementor-element elementor-element-0fb076a e-flex e-con-boxed e-con e-parent\" data-id=\"0fb076a\" data-element_type=\"container\" data-e-type=\"container\">\n\t\t\t\t\t<div class=\"e-con-inner\">\n\t\t\t\t<div class=\"elementor-element elementor-element-c426372 elementor-widget elementor-widget-heading\" data-id=\"c426372\" data-element_type=\"widget\" data-e-type=\"widget\" data-widget_type=\"heading.default\">\n\t\t\t\t<div class=\"elementor-widget-container\">\n\t\t\t\t\t<h2 class=\"elementor-heading-title elementor-size-default\">Strawbaggy Affiliation Program:<\/h2>\t\t\t\t<\/div>\n\t\t\t\t<\/div>\n\t\t\t\t<div class=\"elementor-element elementor-element-db85896 elementor-widget elementor-widget-text-editor\" data-id=\"db85896\" data-element_type=\"widget\" data-e-type=\"widget\" data-widget_type=\"text-editor.default\">\n\t\t\t\t<div class=\"elementor-widget-container\">\n\t\t\t\t\t\t\t\t\t<p>Willkommen beim Strawbaggy-Partnerprogramm!\u00a0<\/p><p>Schlie\u00dfen Sie sich unserer Mission an, den Strawbaggy-Lifestyle zu verbreiten, und verdienen Sie Pr\u00e4mien, indem Sie das, was Sie lieben, mit anderen teilen.<span class=\"Apple-converted-space\">\u00a0<\/span><\/p><p>\ud83d\udc68\u200d\ud83d\udcbb <b>Wie es funktioniert<\/b><\/p><p>- Jeder Partner erh\u00e4lt einen eindeutigen Empfehlungslink, den er auf seiner Website, in sozialen Medien oder im Community-Chat weitergeben kann.<\/p><p>- Wenn ein Kunde \u00fcber Ihren Link einkauft, erh\u00e4lt er einen **10% Rabatt**, wenn er Ihren speziellen Rabattcode verwendet.<span class=\"Apple-converted-space\">\u00a0<\/span><\/p><p>- Sie erhalten eine **20% Provision** f\u00fcr jeden best\u00e4tigten Verkauf, der mit Ihrem Empfehlungscode verbunden ist.<\/p><p>- Provisionen werden automatisch nachverfolgt und sind in Ihrem <strong><span style=\"text-decoration: underline;\"><a href=\"https:\/\/www.strawbaggy.com\/de\/affiliate-dashboard\/\">Dashboard f\u00fcr Partner<\/a><\/span><\/strong>\u00a0<\/p><p>\ud83d\udcb0<b>Zahlungsbedingungen<\/b><\/p><p>- Die Zahlungen erfolgen monatlich per PayPal oder Bank\u00fcberweisung.<\/p><p>- Die Mindestauszahlungsschwelle betr\u00e4gt **50\u20ac**.<\/p><p>- Liegt der Betrag unter diesem Schwellenwert, wird er auf den Folgemonat \u00fcbertragen.<\/p><p>- Die Provisionen werden auf den Nettobestellwert (nach Rabatten und ohne Versandkosten) berechnet.<\/p><p><span style=\"text-decoration: underline;\"><i>- Zahlungen von Partnern k\u00f6nnen nur nach Erhalt eines g\u00fcltigen Steuerbelegs, wie z. B. einer pers\u00f6nlichen Steuerquittung oder einer von einem Unternehmen oder einem eingetragenen Verein ausgestellten Rechnung, bearbeitet werden.<\/i><\/span><\/p><p>\ud83d\udee0\ufe0f<b>Verantwortlichkeiten der Mitglieder<\/b><\/p><p>- Sie k\u00f6nnen Ihren Link auf Websites, in Newslettern, sozialen Medien, im Chat oder in Online-Communities bewerben.<\/p><p>- Sie d\u00fcrfen keine bezahlten Anzeigen in Suchmaschinen (Google Ads, Meta Ads, etc.) unter Verwendung des Markennamens von Strawbaggy schalten.<\/p><p>- Jede missbr\u00e4uchliche Verwendung von Rabattcodes oder betr\u00fcgerisches Verhalten f\u00fchrt zum Ausschluss aus dem Programm.<\/p><p>\ud83c\udf0e<b> Branding-Leitlinien<\/b><\/p><p>- Partner k\u00f6nnen offizielle Strawbaggy-Bilder, -Logos und -Inhalte verwenden, die von unserem Team bereitgestellt werden.<\/p><p>- Ver\u00e4ndern Sie keine Logos und erstellen Sie keine irref\u00fchrenden Inhalte.<\/p><p>- Repr\u00e4sentieren Sie Strawbaggy immer authentisch und positiv.<\/p><p>\u260e\ufe0f<b>Kontakt &amp; Unterst\u00fctzung<\/b><\/p><p>F\u00fcr Fragen oder Unterst\u00fctzung wenden Sie sich bitte an unser Partnerteam unter <a href=\"mailto:shop@strawbaggy.com\"><b>shop@strawbaggy.com<\/b><\/a>.<\/p><p>Wir sind hier, um Ihnen zu helfen, mit uns zu wachsen und Teil der #StrawbaggyFamilie zu werden.<\/p><p><b>Lassen Sie uns gemeinsam wachsen - Teilen Sie, was Sie lieben.<span class=\"Apple-converted-space\">\u00a0<\/span><\/b><\/p><p><b>Verdiene, was du verdienst.<\/b><\/p>\t\t\t\t\t\t\t\t<\/div>\n\t\t\t\t<\/div>\n\t\t\t\t\t<\/div>\n\t\t\t\t<\/div>\n\t\t\t\t<\/div>","protected":false},"excerpt":{"rendered":"<p>AFFILIATION PROGRAM Earn 20% commission on every sale you generate + Give your followers 10% OFF with your personal link. Grow your income. Share what you love. ADVANTAGES FOR THE AFFILIATE \ud83d\udd17 Personalized and trackable link \ud83d\udcb8 Automatic 20% commission on every sale \ud83c\udf81 10% discount code for your community \ud83c\udf0d Program open to websites, [&hellip;]<\/p>\n","protected":false},"author":2,"featured_media":0,"parent":0,"menu_order":0,"comment_status":"closed","ping_status":"closed","template":"","meta":{"footnotes":""},"class_list":["post-6973","page","type-page","status-publish","hentry"],"yoast_head":"<!-- This site is optimized with the Yoast SEO Premium plugin v27.4 (Yoast SEO v27.4) - https:\/\/yoast.com\/product\/yoast-seo-premium-wordpress\/ -->\n<title>Affiliation Program - StrawBaggy<\/title>\n<meta name=\"robots\" content=\"index, follow, max-snippet:-1, max-image-preview:large, max-video-preview:-1\" \/>\n<link rel=\"canonical\" href=\"https:\/\/www.strawbaggy.com\/de\/affiliation-program\/\" \/>\n<meta property=\"og:locale\" content=\"de_DE\" \/>\n<meta property=\"og:type\" content=\"article\" \/>\n<meta property=\"og:title\" content=\"Affiliation Program\" \/>\n<meta property=\"og:description\" content=\"AFFILIATION PROGRAM Earn 20% commission on every sale you generate + Give your followers 10% OFF with your personal link. Grow your income. Share what you love. ADVANTAGES FOR THE AFFILIATE \ud83d\udd17 Personalized and trackable link \ud83d\udcb8 Automatic 20% commission on every sale \ud83c\udf81 10% discount code for your community \ud83c\udf0d Program open to websites, [&hellip;]\" \/>\n<meta property=\"og:url\" content=\"https:\/\/www.strawbaggy.com\/de\/affiliation-program\/\" \/>\n<meta property=\"og:site_name\" content=\"StrawBaggy\" \/>\n<meta property=\"article:modified_time\" content=\"2025-11-05T15:07:07+00:00\" \/>\n<meta property=\"og:image\" content=\"https:\/\/www.strawbaggy.com\/wp-content\/uploads\/2025\/02\/logo2.png\" \/>\n\t<meta property=\"og:image:width\" content=\"1262\" \/>\n\t<meta property=\"og:image:height\" content=\"359\" \/>\n\t<meta property=\"og:image:type\" content=\"image\/png\" \/>\n<meta name=\"twitter:card\" content=\"summary_large_image\" \/>\n<meta name=\"twitter:label1\" content=\"Gesch\u00e4tzte Lesezeit\" \/>\n\t<meta name=\"twitter:data1\" content=\"3\u00a0Minuten\" \/>\n<script type=\"application\/ld+json\" class=\"yoast-schema-graph\">{\"@context\":\"https:\\\/\\\/schema.org\",\"@graph\":[{\"@type\":\"WebPage\",\"@id\":\"https:\\\/\\\/www.strawbaggy.com\\\/affiliation-program\\\/\",\"url\":\"https:\\\/\\\/www.strawbaggy.com\\\/affiliation-program\\\/\",\"name\":\"Affiliation Program - StrawBaggy\",\"isPartOf\":{\"@id\":\"https:\\\/\\\/www.strawbaggy.com\\\/#website\"},\"primaryImageOfPage\":{\"@id\":\"https:\\\/\\\/www.strawbaggy.com\\\/affiliation-program\\\/#primaryimage\"},\"image\":{\"@id\":\"https:\\\/\\\/www.strawbaggy.com\\\/affiliation-program\\\/#primaryimage\"},\"thumbnailUrl\":\"https:\\\/\\\/www.strawbaggy.com\\\/wp-content\\\/uploads\\\/2025\\\/02\\\/logo2-1024x291.png\",\"datePublished\":\"2025-10-16T15:52:29+00:00\",\"dateModified\":\"2025-11-05T15:07:07+00:00\",\"breadcrumb\":{\"@id\":\"https:\\\/\\\/www.strawbaggy.com\\\/affiliation-program\\\/#breadcrumb\"},\"inLanguage\":\"de\",\"potentialAction\":[{\"@type\":\"ReadAction\",\"target\":[\"https:\\\/\\\/www.strawbaggy.com\\\/affiliation-program\\\/\"]}]},{\"@type\":\"ImageObject\",\"inLanguage\":\"de\",\"@id\":\"https:\\\/\\\/www.strawbaggy.com\\\/affiliation-program\\\/#primaryimage\",\"url\":\"https:\\\/\\\/www.strawbaggy.com\\\/wp-content\\\/uploads\\\/2025\\\/02\\\/logo2-1024x291.png\",\"contentUrl\":\"https:\\\/\\\/www.strawbaggy.com\\\/wp-content\\\/uploads\\\/2025\\\/02\\\/logo2-1024x291.png\"},{\"@type\":\"BreadcrumbList\",\"@id\":\"https:\\\/\\\/www.strawbaggy.com\\\/affiliation-program\\\/#breadcrumb\",\"itemListElement\":[{\"@type\":\"ListItem\",\"position\":1,\"name\":\"Home\",\"item\":\"https:\\\/\\\/www.strawbaggy.com\\\/\"},{\"@type\":\"ListItem\",\"position\":2,\"name\":\"Affiliation Program\"}]},{\"@type\":\"WebSite\",\"@id\":\"https:\\\/\\\/www.strawbaggy.com\\\/#website\",\"url\":\"https:\\\/\\\/www.strawbaggy.com\\\/\",\"name\":\"StrawBaggy\",\"description\":\"by Hardcase Technologies\",\"publisher\":{\"@id\":\"https:\\\/\\\/www.strawbaggy.com\\\/#organization\"},\"potentialAction\":[{\"@type\":\"SearchAction\",\"target\":{\"@type\":\"EntryPoint\",\"urlTemplate\":\"https:\\\/\\\/www.strawbaggy.com\\\/?s={search_term_string}\"},\"query-input\":{\"@type\":\"PropertyValueSpecification\",\"valueRequired\":true,\"valueName\":\"search_term_string\"}}],\"inLanguage\":\"de\"},{\"@type\":\"Organization\",\"@id\":\"https:\\\/\\\/www.strawbaggy.com\\\/#organization\",\"name\":\"StrawBaggy by Hardcase Technologies\",\"url\":\"https:\\\/\\\/www.strawbaggy.com\\\/\",\"logo\":{\"@type\":\"ImageObject\",\"inLanguage\":\"de\",\"@id\":\"https:\\\/\\\/www.strawbaggy.com\\\/#\\\/schema\\\/logo\\\/image\\\/\",\"url\":\"https:\\\/\\\/www.strawbaggy.com\\\/wp-content\\\/uploads\\\/2025\\\/02\\\/BET04665-copia.png\",\"contentUrl\":\"https:\\\/\\\/www.strawbaggy.com\\\/wp-content\\\/uploads\\\/2025\\\/02\\\/BET04665-copia.png\",\"width\":1500,\"height\":1500,\"caption\":\"StrawBaggy by Hardcase Technologies\"},\"image\":{\"@id\":\"https:\\\/\\\/www.strawbaggy.com\\\/#\\\/schema\\\/logo\\\/image\\\/\"},\"sameAs\":[\"https:\\\/\\\/www.instagram.com\\\/straw_baggy\\\/\"]}]}<\/script>\n<!-- \/ Yoast SEO Premium plugin. -->","yoast_head_json":{"title":"Affiliation Program - StrawBaggy","robots":{"index":"index","follow":"follow","max-snippet":"max-snippet:-1","max-image-preview":"max-image-preview:large","max-video-preview":"max-video-preview:-1"},"canonical":"https:\/\/www.strawbaggy.com\/de\/affiliation-program\/","og_locale":"de_DE","og_type":"article","og_title":"Affiliation Program","og_description":"AFFILIATION PROGRAM Earn 20% commission on every sale you generate + Give your followers 10% OFF with your personal link. Grow your income. Share what you love. ADVANTAGES FOR THE AFFILIATE \ud83d\udd17 Personalized and trackable link \ud83d\udcb8 Automatic 20% commission on every sale \ud83c\udf81 10% discount code for your community \ud83c\udf0d Program open to websites, [&hellip;]","og_url":"https:\/\/www.strawbaggy.com\/de\/affiliation-program\/","og_site_name":"StrawBaggy","article_modified_time":"2025-11-05T15:07:07+00:00","og_image":[{"width":1262,"height":359,"url":"https:\/\/www.strawbaggy.com\/wp-content\/uploads\/2025\/02\/logo2.png","type":"image\/png"}],"twitter_card":"summary_large_image","twitter_misc":{"Gesch\u00e4tzte Lesezeit":"3\u00a0Minuten"},"schema":{"@context":"https:\/\/schema.org","@graph":[{"@type":"WebPage","@id":"https:\/\/www.strawbaggy.com\/affiliation-program\/","url":"https:\/\/www.strawbaggy.com\/affiliation-program\/","name":"Affiliation Program - StrawBaggy","isPartOf":{"@id":"https:\/\/www.strawbaggy.com\/#website"},"primaryImageOfPage":{"@id":"https:\/\/www.strawbaggy.com\/affiliation-program\/#primaryimage"},"image":{"@id":"https:\/\/www.strawbaggy.com\/affiliation-program\/#primaryimage"},"thumbnailUrl":"https:\/\/www.strawbaggy.com\/wp-content\/uploads\/2025\/02\/logo2-1024x291.png","datePublished":"2025-10-16T15:52:29+00:00","dateModified":"2025-11-05T15:07:07+00:00","breadcrumb":{"@id":"https:\/\/www.strawbaggy.com\/affiliation-program\/#breadcrumb"},"inLanguage":"de","potentialAction":[{"@type":"ReadAction","target":["https:\/\/www.strawbaggy.com\/affiliation-program\/"]}]},{"@type":"ImageObject","inLanguage":"de","@id":"https:\/\/www.strawbaggy.com\/affiliation-program\/#primaryimage","url":"https:\/\/www.strawbaggy.com\/wp-content\/uploads\/2025\/02\/logo2-1024x291.png","contentUrl":"https:\/\/www.strawbaggy.com\/wp-content\/uploads\/2025\/02\/logo2-1024x291.png"},{"@type":"BreadcrumbList","@id":"https:\/\/www.strawbaggy.com\/affiliation-program\/#breadcrumb","itemListElement":[{"@type":"ListItem","position":1,"name":"Home","item":"https:\/\/www.strawbaggy.com\/"},{"@type":"ListItem","position":2,"name":"Affiliation Program"}]},{"@type":"WebSite","@id":"https:\/\/www.strawbaggy.com\/#website","url":"https:\/\/www.strawbaggy.com\/","name":"StrawBaggy","description":"von Hardcase Technologies","publisher":{"@id":"https:\/\/www.strawbaggy.com\/#organization"},"potentialAction":[{"@type":"SearchAction","target":{"@type":"EntryPoint","urlTemplate":"https:\/\/www.strawbaggy.com\/?s={search_term_string}"},"query-input":{"@type":"PropertyValueSpecification","valueRequired":true,"valueName":"search_term_string"}}],"inLanguage":"de"},{"@type":"Organization","@id":"https:\/\/www.strawbaggy.com\/#organization","name":"StrawBaggy von Hardcase Technologies","url":"https:\/\/www.strawbaggy.com\/","logo":{"@type":"ImageObject","inLanguage":"de","@id":"https:\/\/www.strawbaggy.com\/#\/schema\/logo\/image\/","url":"https:\/\/www.strawbaggy.com\/wp-content\/uploads\/2025\/02\/BET04665-copia.png","contentUrl":"https:\/\/www.strawbaggy.com\/wp-content\/uploads\/2025\/02\/BET04665-copia.png","width":1500,"height":1500,"caption":"StrawBaggy by Hardcase Technologies"},"image":{"@id":"https:\/\/www.strawbaggy.com\/#\/schema\/logo\/image\/"},"sameAs":["https:\/\/www.instagram.com\/straw_baggy\/"]}]}},"jetpack_sharing_enabled":true,"_links":{"self":[{"href":"https:\/\/www.strawbaggy.com\/de\/wp-json\/wp\/v2\/pages\/6973","targetHints":{"allow":["GET"]}}],"collection":[{"href":"https:\/\/www.strawbaggy.com\/de\/wp-json\/wp\/v2\/pages"}],"about":[{"href":"https:\/\/www.strawbaggy.com\/de\/wp-json\/wp\/v2\/types\/page"}],"author":[{"embeddable":true,"href":"https:\/\/www.strawbaggy.com\/de\/wp-json\/wp\/v2\/users\/2"}],"replies":[{"embeddable":true,"href":"https:\/\/www.strawbaggy.com\/de\/wp-json\/wp\/v2\/comments?post=6973"}],"version-history":[{"count":25,"href":"https:\/\/www.strawbaggy.com\/de\/wp-json\/wp\/v2\/pages\/6973\/revisions"}],"predecessor-version":[{"id":7089,"href":"https:\/\/www.strawbaggy.com\/de\/wp-json\/wp\/v2\/pages\/6973\/revisions\/7089"}],"wp:attachment":[{"href":"https:\/\/www.strawbaggy.com\/de\/wp-json\/wp\/v2\/media?parent=6973"}],"curies":[{"name":"wp","href":"https:\/\/api.w.org\/{rel}","templated":true}]}}