{"id":5114,"date":"2025-02-11T18:23:10","date_gmt":"2025-02-11T17:23:10","guid":{"rendered":"https:\/\/www.strawbaggy.com\/?post_type=product&#038;p=5114"},"modified":"2025-12-08T16:13:55","modified_gmt":"2025-12-08T15:13:55","slug":"flex","status":"publish","type":"product","link":"https:\/\/www.strawbaggy.com\/de\/produkt\/flex\/","title":{"rendered":"Flex"},"content":{"rendered":"<p class=\"p1\" style=\"text-align: center;\"><b>Entdecken Sie FLEX: Die Zukunft der Nachhaltigkeit!<\/b><\/p>\n<p class=\"p1\" style=\"text-align: center;\"><span class=\"s1\">\ud83c\udf0d<\/span><b> Ein Schritt vorw\u00e4rts in Richtung eines gr\u00fcneren Planeten!<\/b><\/p>\n<p class=\"p1\" style=\"text-align: center;\">Einf\u00fchrung von Flex by Strawbaggy und Propaflex, dem innovativen Material 100%<\/p>\n<p class=\"p1\" style=\"text-align: center;\">hergestellt in ITALIEN aus 90% recyceltem Polyethylen (PE) und 100% wiederverwertbarem Polyethylen<\/p>\n<p class=\"p1\" style=\"text-align: center;\">Produkt! Aufgerufen <b>Plastica seconda vita.<\/b> Zweites Leben aus Plastik.<\/p>\n<p class=\"p1\" style=\"text-align: center;\">Die Entscheidung f\u00fcr FLEX &amp; PropaFlex bedeutet einen aktiven Beitrag zur Abfallreduzierung und<\/p>\n<p class=\"p1\" style=\"text-align: center;\">Erhaltung der Umwelt.<\/p>\n<p class=\"p1\" style=\"text-align: center;\"><b>Warum Flex und PropaFlex w\u00e4hlen?<\/b><\/p>\n<p class=\"p1\" style=\"text-align: center;\"><b>Nachhaltigkeit:<\/b> Durch die Verwendung von recyceltem PE reduzieren wir den Bedarf an neuen Ressourcen,<\/p>\n<p class=\"p1\" style=\"text-align: center;\">Minimierung der Umweltauswirkungen.<\/p>\n<p class=\"p1\" style=\"text-align: center;\"><b>Vollst\u00e4ndige Rezyklierbarkeit:<\/b> Flex kann wieder in den Produktionskreislauf eingef\u00fchrt werden,<\/p>\n<p class=\"p1\" style=\"text-align: center;\">f\u00fcr eine saubere Umwelt und eine bessere Zukunft.<\/p>\n<p class=\"p1\" style=\"text-align: center;\"><b>Vielseitigkeit:<\/b> Ideal f\u00fcr eine breite Palette von Anwendungen, von Verpackungen bis hin zu dauerhaften<\/p>\n<p class=\"p1\" style=\"text-align: center;\">Produkte.<\/p>\n<p class=\"p1\" style=\"text-align: center;\"><b>Eigenschaften von Polyethylen niedriger Dichte (LDPE)<\/b><\/p>\n<p class=\"p1\" style=\"text-align: center;\"><b>Flexibilit\u00e4t und Resilienz: <\/b>LDPE ist f\u00fcr seine bemerkenswerte Flexibilit\u00e4t bekannt, wodurch es<\/p>\n<p class=\"p1\" style=\"text-align: center;\">perfekt f\u00fcr zahlreiche Anwendungen.<\/p>\n<p class=\"p1\" style=\"text-align: center;\"><b>Schlagz\u00e4higkeit: <\/b>Dieses Material zeichnet sich durch eine hohe Sto\u00dffestigkeit aus,<\/p>\n<p class=\"p1\" style=\"text-align: center;\">Ihr Produkt w\u00e4hrend des Transports zu sch\u00fctzen.<\/p>\n<p class=\"p1\" style=\"text-align: center;\"><b>Wasserbest\u00e4ndigkeit:<\/b> Perfekt f\u00fcr Anwendungen, die Feuchtigkeitsbest\u00e4ndigkeit erfordern, ist LDPE<\/p>\n<p class=\"p1\" style=\"text-align: center;\">bewahrt Qualit\u00e4t und Frische.<\/p>\n<p class=\"p1\" style=\"text-align: center;\"><b>Leichtes Gewicht: <\/b>Das geringe Gewicht von LDPE reduziert die Transportkosten und<\/p>\n<p class=\"p1\" style=\"text-align: center;\">Emissionen.<\/p>\n<p class=\"p1\" style=\"text-align: center;\"><b>Geruchssicher: <\/b>Polyethylen niedriger Dichte<b> <\/b>ist auch e\ufb00ektiv bei der Geruchsbindung,<\/p>\n<p class=\"p1\" style=\"text-align: center;\">damit Ihre Produkte frisch und diskret bleiben.<\/p>\n<p class=\"p1\" style=\"text-align: center;\"><b>Kohlenstoffschicht:<\/b> Doppelte Leistung, h\u00f6chste Reinheit.<\/p>\n<p class=\"p1\" style=\"text-align: center;\">Die doppelte Aktivkohleschicht sorgt f\u00fcr eine hervorragende Filterung und damit f\u00fcr ein sauberes Ergebnis,<\/p>\n<p class=\"p1\" style=\"text-align: center;\">reibungslosere Erfahrung. <span class=\"s1\">\ud83d\udca8 \u2728<\/span>Entscheiden Sie sich f\u00fcr Flex BY Strawbaggy und unterst\u00fctzen Sie uns im Kampf f\u00fcr eine nachhaltige Zukunft! <span class=\"s1\">\ud83c\udf31<\/span><\/p>\n<p class=\"p1\" style=\"text-align: center;\">Machen Sie mit jeder Wahl einen Unterschied und unterst\u00fctzen Sie eine innovative und umweltfreundliche<\/p>\n<p class=\"p1\" style=\"text-align: center;\">freundliches Material. Gemeinsam k\u00f6nnen wir eine sauberere und verantwortungsvollere Welt schaffen.<\/p>\n<p class=\"p1\" style=\"text-align: center;\"><i>HINWEIS: Die Flex-Tasche ist keine Aufbewahrungstasche - sie ist ausschlie\u00dflich f\u00fcr den Transport gedacht.<\/i><\/p>\n<p class=\"p1\" style=\"text-align: center;\"><i>Nehmen Sie Ihre Produkte heraus, wenn sie nicht gebraucht werden, um sie diskret zu transportieren.<\/i><\/p>","protected":false},"excerpt":{"rendered":"<p>Kleine Gr\u00f6\u00dfe: 19 x 10 x 4 cm<\/p>\n<p>Mittlere Gr\u00f6\u00dfe: 22 x 18 x 8 cm<\/p>","protected":false},"featured_media":5708,"template":"","meta":[],"product_brand":[],"product_cat":[115],"product_tag":[124,126,127,125,35],"class_list":{"0":"post-5114","1":"product","2":"type-product","3":"status-publish","4":"has-post-thumbnail","6":"product_cat-flex","7":"product_tag-flex","8":"product_tag-odor-proof","9":"product_tag-odorprotection","10":"product_tag-smellproof","11":"product_tag-strawbaggy","13":"first","14":"instock","15":"taxable","16":"shipping-taxable","17":"purchasable","18":"product-type-simple"},"yoast_head":"<!-- This site is optimized with the Yoast SEO Premium plugin v27.4 (Yoast SEO v27.4) - https:\/\/yoast.com\/product\/yoast-seo-premium-wordpress\/ -->\n<title>Flex - StrawBaggy<\/title>\n<meta name=\"description\" content=\"\ud83c\udf0d Flex by Strawbaggy and Propaflex- Smell proof bag 100%produced in ITALY from 90% recycled polyethylene (PE) Flex 100% recyclable product !\" \/>\n<meta name=\"robots\" content=\"index, follow, max-snippet:-1, max-image-preview:large, max-video-preview:-1\" \/>\n<link rel=\"canonical\" href=\"https:\/\/www.strawbaggy.com\/de\/produkt\/flex\/\" \/>\n<meta property=\"og:locale\" content=\"de_DE\" \/>\n<meta property=\"og:type\" content=\"article\" \/>\n<meta property=\"og:title\" content=\"Flex\" \/>\n<meta property=\"og:description\" content=\"\ud83c\udf0d Flex by Strawbaggy and Propaflex- Smell proof bag 100%produced in ITALY from 90% recycled polyethylene (PE) Flex 100% recyclable product !\" \/>\n<meta property=\"og:url\" content=\"https:\/\/www.strawbaggy.com\/de\/produkt\/flex\/\" \/>\n<meta property=\"og:site_name\" content=\"StrawBaggy\" \/>\n<meta property=\"article:modified_time\" content=\"2025-12-08T15:13:55+00:00\" \/>\n<meta property=\"og:image\" content=\"https:\/\/www.strawbaggy.com\/wp-content\/uploads\/2025\/03\/FLEX_SMALL_BLACK.png\" \/>\n\t<meta property=\"og:image:width\" content=\"2000\" \/>\n\t<meta property=\"og:image:height\" content=\"2000\" \/>\n\t<meta property=\"og:image:type\" content=\"image\/png\" \/>\n<meta name=\"twitter:card\" content=\"summary_large_image\" \/>\n<meta name=\"twitter:label1\" content=\"Preis\" \/>\n\t<meta name=\"twitter:data1\" content=\"28,00&nbsp;&euro;\" \/>\n\t<meta name=\"twitter:label2\" content=\"Verf\u00fcgbarkeit\" \/>\n\t<meta name=\"twitter:data2\" content=\"Auf Lager\" \/>\n<script type=\"application\/ld+json\" class=\"yoast-schema-graph\">{\"@context\":\"https:\\\/\\\/schema.org\",\"@graph\":[{\"@type\":\"WebPage\",\"@id\":\"https:\\\/\\\/www.strawbaggy.com\\\/product\\\/flex\\\/\",\"url\":\"https:\\\/\\\/www.strawbaggy.com\\\/product\\\/flex\\\/\",\"name\":\"Flex - StrawBaggy\",\"isPartOf\":{\"@id\":\"https:\\\/\\\/www.strawbaggy.com\\\/#website\"},\"primaryImageOfPage\":{\"@id\":\"https:\\\/\\\/www.strawbaggy.com\\\/product\\\/flex\\\/#primaryimage\"},\"image\":{\"@id\":\"https:\\\/\\\/www.strawbaggy.com\\\/product\\\/flex\\\/#primaryimage\"},\"thumbnailUrl\":\"https:\\\/\\\/www.strawbaggy.com\\\/wp-content\\\/uploads\\\/2025\\\/03\\\/FLEX_SMALL_BLACK.png\",\"datePublished\":\"2025-02-11T17:23:10+00:00\",\"dateModified\":\"2025-12-08T15:13:55+00:00\",\"description\":\"\ud83c\udf0d Flex by Strawbaggy and Propaflex- Smell proof bag 100%produced in ITALY from 90% recycled polyethylene (PE) Flex 100% recyclable product !\",\"breadcrumb\":{\"@id\":\"https:\\\/\\\/www.strawbaggy.com\\\/product\\\/flex\\\/#breadcrumb\"},\"inLanguage\":\"de\",\"potentialAction\":[{\"@type\":\"ReadAction\",\"target\":[\"https:\\\/\\\/www.strawbaggy.com\\\/product\\\/flex\\\/\"]}]},{\"@type\":\"ImageObject\",\"inLanguage\":\"de\",\"@id\":\"https:\\\/\\\/www.strawbaggy.com\\\/product\\\/flex\\\/#primaryimage\",\"url\":\"https:\\\/\\\/www.strawbaggy.com\\\/wp-content\\\/uploads\\\/2025\\\/03\\\/FLEX_SMALL_BLACK.png\",\"contentUrl\":\"https:\\\/\\\/www.strawbaggy.com\\\/wp-content\\\/uploads\\\/2025\\\/03\\\/FLEX_SMALL_BLACK.png\",\"width\":2000,\"height\":2000},{\"@type\":\"BreadcrumbList\",\"@id\":\"https:\\\/\\\/www.strawbaggy.com\\\/product\\\/flex\\\/#breadcrumb\",\"itemListElement\":[{\"@type\":\"ListItem\",\"position\":1,\"name\":\"Home\",\"item\":\"https:\\\/\\\/www.strawbaggy.com\\\/\"},{\"@type\":\"ListItem\",\"position\":2,\"name\":\"Products\",\"item\":\"https:\\\/\\\/www.strawbaggy.com\\\/shop\\\/\"},{\"@type\":\"ListItem\",\"position\":3,\"name\":\"Flex\"}]},{\"@type\":\"WebSite\",\"@id\":\"https:\\\/\\\/www.strawbaggy.com\\\/#website\",\"url\":\"https:\\\/\\\/www.strawbaggy.com\\\/\",\"name\":\"StrawBaggy\",\"description\":\"by Hardcase Technologies\",\"publisher\":{\"@id\":\"https:\\\/\\\/www.strawbaggy.com\\\/#organization\"},\"potentialAction\":[{\"@type\":\"SearchAction\",\"target\":{\"@type\":\"EntryPoint\",\"urlTemplate\":\"https:\\\/\\\/www.strawbaggy.com\\\/?s={search_term_string}\"},\"query-input\":{\"@type\":\"PropertyValueSpecification\",\"valueRequired\":true,\"valueName\":\"search_term_string\"}}],\"inLanguage\":\"de\"},{\"@type\":\"Organization\",\"@id\":\"https:\\\/\\\/www.strawbaggy.com\\\/#organization\",\"name\":\"StrawBaggy by Hardcase Technologies\",\"url\":\"https:\\\/\\\/www.strawbaggy.com\\\/\",\"logo\":{\"@type\":\"ImageObject\",\"inLanguage\":\"de\",\"@id\":\"https:\\\/\\\/www.strawbaggy.com\\\/#\\\/schema\\\/logo\\\/image\\\/\",\"url\":\"https:\\\/\\\/www.strawbaggy.com\\\/wp-content\\\/uploads\\\/2025\\\/02\\\/BET04665-copia.png\",\"contentUrl\":\"https:\\\/\\\/www.strawbaggy.com\\\/wp-content\\\/uploads\\\/2025\\\/02\\\/BET04665-copia.png\",\"width\":1500,\"height\":1500,\"caption\":\"StrawBaggy by Hardcase Technologies\"},\"image\":{\"@id\":\"https:\\\/\\\/www.strawbaggy.com\\\/#\\\/schema\\\/logo\\\/image\\\/\"},\"sameAs\":[\"https:\\\/\\\/www.instagram.com\\\/straw_baggy\\\/\"]}]}<\/script>\n<meta property=\"product:price:amount\" content=\"28.00\" \/>\n<meta property=\"product:price:currency\" content=\"EUR\" \/>\n<meta property=\"og:availability\" content=\"instock\" \/>\n<meta property=\"product:availability\" content=\"instock\" \/>\n<meta property=\"product:retailer_item_id\" content=\"Flex\" \/>\n<meta property=\"product:condition\" content=\"new\" \/>\n<!-- \/ Yoast SEO Premium plugin. -->","yoast_head_json":{"title":"Flex - StrawBaggy","description":"\ud83c\udf0d Flex by Strawbaggy and Propaflex- Smell proof bag 100%produced in ITALY from 90% recycled polyethylene (PE) Flex 100% recyclable product !","robots":{"index":"index","follow":"follow","max-snippet":"max-snippet:-1","max-image-preview":"max-image-preview:large","max-video-preview":"max-video-preview:-1"},"canonical":"https:\/\/www.strawbaggy.com\/de\/produkt\/flex\/","og_locale":"de_DE","og_type":"article","og_title":"Flex","og_description":"\ud83c\udf0d Flex by Strawbaggy and Propaflex- Smell proof bag 100%produced in ITALY from 90% recycled polyethylene (PE) Flex 100% recyclable product !","og_url":"https:\/\/www.strawbaggy.com\/de\/produkt\/flex\/","og_site_name":"StrawBaggy","article_modified_time":"2025-12-08T15:13:55+00:00","og_image":[{"width":2000,"height":2000,"url":"https:\/\/www.strawbaggy.com\/wp-content\/uploads\/2025\/03\/FLEX_SMALL_BLACK.png","type":"image\/png"}],"twitter_card":"summary_large_image","twitter_misc":{"Preis":"28,00&nbsp;&euro;","Verf\u00fcgbarkeit":"Auf Lager"},"schema":{"@context":"https:\/\/schema.org","@graph":[{"@type":"WebPage","@id":"https:\/\/www.strawbaggy.com\/product\/flex\/","url":"https:\/\/www.strawbaggy.com\/product\/flex\/","name":"Flex - StrawBaggy","isPartOf":{"@id":"https:\/\/www.strawbaggy.com\/#website"},"primaryImageOfPage":{"@id":"https:\/\/www.strawbaggy.com\/product\/flex\/#primaryimage"},"image":{"@id":"https:\/\/www.strawbaggy.com\/product\/flex\/#primaryimage"},"thumbnailUrl":"https:\/\/www.strawbaggy.com\/wp-content\/uploads\/2025\/03\/FLEX_SMALL_BLACK.png","datePublished":"2025-02-11T17:23:10+00:00","dateModified":"2025-12-08T15:13:55+00:00","description":"\ud83c\udf0d Flex by Strawbaggy and Propaflex- Smell proof bag 100%produced in ITALY from 90% recycled polyethylene (PE) Flex 100% recyclable product !","breadcrumb":{"@id":"https:\/\/www.strawbaggy.com\/product\/flex\/#breadcrumb"},"inLanguage":"de","potentialAction":[{"@type":"ReadAction","target":["https:\/\/www.strawbaggy.com\/product\/flex\/"]}]},{"@type":"ImageObject","inLanguage":"de","@id":"https:\/\/www.strawbaggy.com\/product\/flex\/#primaryimage","url":"https:\/\/www.strawbaggy.com\/wp-content\/uploads\/2025\/03\/FLEX_SMALL_BLACK.png","contentUrl":"https:\/\/www.strawbaggy.com\/wp-content\/uploads\/2025\/03\/FLEX_SMALL_BLACK.png","width":2000,"height":2000},{"@type":"BreadcrumbList","@id":"https:\/\/www.strawbaggy.com\/product\/flex\/#breadcrumb","itemListElement":[{"@type":"ListItem","position":1,"name":"Home","item":"https:\/\/www.strawbaggy.com\/"},{"@type":"ListItem","position":2,"name":"Products","item":"https:\/\/www.strawbaggy.com\/shop\/"},{"@type":"ListItem","position":3,"name":"Flex"}]},{"@type":"WebSite","@id":"https:\/\/www.strawbaggy.com\/#website","url":"https:\/\/www.strawbaggy.com\/","name":"StrawBaggy","description":"von Hardcase Technologies","publisher":{"@id":"https:\/\/www.strawbaggy.com\/#organization"},"potentialAction":[{"@type":"SearchAction","target":{"@type":"EntryPoint","urlTemplate":"https:\/\/www.strawbaggy.com\/?s={search_term_string}"},"query-input":{"@type":"PropertyValueSpecification","valueRequired":true,"valueName":"search_term_string"}}],"inLanguage":"de"},{"@type":"Organization","@id":"https:\/\/www.strawbaggy.com\/#organization","name":"StrawBaggy von Hardcase Technologies","url":"https:\/\/www.strawbaggy.com\/","logo":{"@type":"ImageObject","inLanguage":"de","@id":"https:\/\/www.strawbaggy.com\/#\/schema\/logo\/image\/","url":"https:\/\/www.strawbaggy.com\/wp-content\/uploads\/2025\/02\/BET04665-copia.png","contentUrl":"https:\/\/www.strawbaggy.com\/wp-content\/uploads\/2025\/02\/BET04665-copia.png","width":1500,"height":1500,"caption":"StrawBaggy by Hardcase Technologies"},"image":{"@id":"https:\/\/www.strawbaggy.com\/#\/schema\/logo\/image\/"},"sameAs":["https:\/\/www.instagram.com\/straw_baggy\/"]}]},"product_price_amount":"28.00","product_price_currency":"EUR","og_availability":"instock","product_availability":"instock","product_retailer_item_id":"Flex","product_condition":"new"},"jetpack_sharing_enabled":true,"_links":{"self":[{"href":"https:\/\/www.strawbaggy.com\/de\/wp-json\/wp\/v2\/product\/5114","targetHints":{"allow":["GET"]}}],"collection":[{"href":"https:\/\/www.strawbaggy.com\/de\/wp-json\/wp\/v2\/product"}],"about":[{"href":"https:\/\/www.strawbaggy.com\/de\/wp-json\/wp\/v2\/types\/product"}],"wp:featuredmedia":[{"embeddable":true,"href":"https:\/\/www.strawbaggy.com\/de\/wp-json\/wp\/v2\/media\/5708"}],"wp:attachment":[{"href":"https:\/\/www.strawbaggy.com\/de\/wp-json\/wp\/v2\/media?parent=5114"}],"wp:term":[{"taxonomy":"product_brand","embeddable":true,"href":"https:\/\/www.strawbaggy.com\/de\/wp-json\/wp\/v2\/product_brand?post=5114"},{"taxonomy":"product_cat","embeddable":true,"href":"https:\/\/www.strawbaggy.com\/de\/wp-json\/wp\/v2\/product_cat?post=5114"},{"taxonomy":"product_tag","embeddable":true,"href":"https:\/\/www.strawbaggy.com\/de\/wp-json\/wp\/v2\/product_tag?post=5114"}],"curies":[{"name":"wp","href":"https:\/\/api.w.org\/{rel}","templated":true}]}}