{"id":5246,"date":"2025-02-21T13:07:54","date_gmt":"2025-02-21T12:07:54","guid":{"rendered":"https:\/\/www.strawbaggy.com\/?post_type=product&#038;p=5246"},"modified":"2025-09-02T12:08:30","modified_gmt":"2025-09-02T10:08:30","slug":"sticker-pack","status":"publish","type":"product","link":"https:\/\/www.strawbaggy.com\/de\/produkt\/sticker-pack\/","title":{"rendered":"Herr Baggy Aufkleber Pack"},"content":{"rendered":"<p class=\"p1\"><b>Nimm uns mit auf dein n\u00e4chstes Abenteuer: Mr. Baggy &amp; Strawbaggy Aufkleber!<\/b><b><\/b><\/p>\n<p class=\"p3\">Warum nehmen Sie nicht Ihr <i>Walker<\/i> Erfahrung auf die n\u00e4chste Stufe heben? Wir stellen vor: unser exklusives <span class=\"s1\"><b>Mr. Baggy &amp; Strawbaggy Aufkleber<\/b><\/span> - die ultimative M\u00f6glichkeit, Ihren Stil zu zeigen und sich der <i>Strawbaggy<\/i> Gemeinschaft, wohin Sie auch gehen.<\/p>\n<p class=\"p3\">Klebe sie auf die Stellen, die dich am meisten inspirieren - deine Reiseausr\u00fcstung, deine Festivalutensilien, deinen Laptop oder \u00fcberall dort, wo du dich wohl f\u00fchlst. Jeder Sticker erinnert dich daran, dass das Abenteuer vor der T\u00fcr steht, und wir freuen uns darauf, Teil deiner Reise zu sein.<\/p>\n<p class=\"p1\"><b>Hier erfahren Sie, warum Sie sie lieben werden:<\/b><b><\/b><\/p>\n<p class=\"p4\">-<span class=\"s1\"><b>Exklusive Designs:<\/b><\/span> Mit der kultigen <i>Mr. Baggy<\/i> &amp; <i>Strawbaggy<\/i> Zeichen<\/p>\n<p class=\"p4\">-<span class=\"s1\"><b>Abenteuerlustig:<\/b><\/span> Langlebig und witterungsbest\u00e4ndig f\u00fcr alle Ihre Reisen<\/p>\n<p class=\"p4\">-<span class=\"s1\"><b>Teilen Sie die Reise:<\/b><\/span> Kleben Sie sie \u00fcberall hin und markieren Sie uns - wir sehen gerne, wohin Sie uns f\u00fchren!<\/p>\n<p class=\"p1\"><b>Lassen Sie uns gemeinsam die Welt bereisen<\/b><b><\/b><\/p>\n<p class=\"p3\">Nimm dein <i>Mr. Baggy &amp; Strawbaggy<\/i> Aufkleber und lass uns an deiner Reise teilhaben. Egal, ob du Berge erklimmst, dein Lieblingsfestival besuchst oder einfach nur an deinem Lieblingsplatz chillst, lass uns jeden Moment unvergesslich machen, einen Sticker nach dem anderen.<\/p>","protected":false},"excerpt":{"rendered":"<div>Packung mit 10 Mix-Aufklebern<\/div>\n<div>Gr\u00f6\u00dfe: 8,5cm Durchmesser x 3cm<\/div>\n<div><\/div>","protected":false},"featured_media":5368,"template":"","meta":[],"product_brand":[],"product_cat":[79],"product_tag":[122,121],"class_list":{"0":"post-5246","1":"product","2":"type-product","3":"status-publish","4":"has-post-thumbnail","6":"product_cat-mr-baggy","7":"product_tag-mr-baggy","8":"product_tag-strawbaggy-stickers","10":"first","11":"instock","12":"taxable","13":"shipping-taxable","14":"purchasable","15":"product-type-simple"},"yoast_head":"<!-- This site is optimized with the Yoast SEO Premium plugin v27.4 (Yoast SEO v27.4) - https:\/\/yoast.com\/product\/yoast-seo-premium-wordpress\/ -->\n<title>Mr Baggy Sticker Pack - StrawBaggy<\/title>\n<meta name=\"robots\" content=\"index, follow, max-snippet:-1, max-image-preview:large, max-video-preview:-1\" \/>\n<link rel=\"canonical\" href=\"https:\/\/www.strawbaggy.com\/de\/produkt\/sticker-pack\/\" \/>\n<meta property=\"og:locale\" content=\"de_DE\" \/>\n<meta property=\"og:type\" content=\"article\" \/>\n<meta property=\"og:title\" content=\"Mr Baggy Sticker Pack\" \/>\n<meta property=\"og:description\" content=\"Pack 10 mix Stickers Size: 8,5cm diameter x 3cm\" \/>\n<meta property=\"og:url\" content=\"https:\/\/www.strawbaggy.com\/de\/produkt\/sticker-pack\/\" \/>\n<meta property=\"og:site_name\" content=\"StrawBaggy\" \/>\n<meta property=\"article:modified_time\" content=\"2025-09-02T10:08:30+00:00\" \/>\n<meta property=\"og:image\" content=\"https:\/\/www.strawbaggy.com\/wp-content\/uploads\/2025\/02\/Photoroom_20250221_163631.png\" \/>\n\t<meta property=\"og:image:width\" content=\"800\" \/>\n\t<meta property=\"og:image:height\" content=\"1067\" \/>\n\t<meta property=\"og:image:type\" content=\"image\/png\" \/>\n<meta name=\"twitter:card\" content=\"summary_large_image\" \/>\n<meta name=\"twitter:label1\" content=\"Preis\" \/>\n\t<meta name=\"twitter:data1\" content=\"5,00&nbsp;&euro;\" \/>\n\t<meta name=\"twitter:label2\" content=\"Verf\u00fcgbarkeit\" \/>\n\t<meta name=\"twitter:data2\" content=\"Auf Lager\" \/>\n<script type=\"application\/ld+json\" class=\"yoast-schema-graph\">{\"@context\":\"https:\\\/\\\/schema.org\",\"@graph\":[{\"@type\":\"WebPage\",\"@id\":\"https:\\\/\\\/www.strawbaggy.com\\\/product\\\/sticker-pack\\\/\",\"url\":\"https:\\\/\\\/www.strawbaggy.com\\\/product\\\/sticker-pack\\\/\",\"name\":\"Mr Baggy Sticker Pack - StrawBaggy\",\"isPartOf\":{\"@id\":\"https:\\\/\\\/www.strawbaggy.com\\\/#website\"},\"primaryImageOfPage\":{\"@id\":\"https:\\\/\\\/www.strawbaggy.com\\\/product\\\/sticker-pack\\\/#primaryimage\"},\"image\":{\"@id\":\"https:\\\/\\\/www.strawbaggy.com\\\/product\\\/sticker-pack\\\/#primaryimage\"},\"thumbnailUrl\":\"https:\\\/\\\/www.strawbaggy.com\\\/wp-content\\\/uploads\\\/2025\\\/02\\\/Photoroom_20250221_163631.png\",\"datePublished\":\"2025-02-21T12:07:54+00:00\",\"dateModified\":\"2025-09-02T10:08:30+00:00\",\"breadcrumb\":{\"@id\":\"https:\\\/\\\/www.strawbaggy.com\\\/product\\\/sticker-pack\\\/#breadcrumb\"},\"inLanguage\":\"de\",\"potentialAction\":[{\"@type\":\"ReadAction\",\"target\":[\"https:\\\/\\\/www.strawbaggy.com\\\/product\\\/sticker-pack\\\/\"]}]},{\"@type\":\"ImageObject\",\"inLanguage\":\"de\",\"@id\":\"https:\\\/\\\/www.strawbaggy.com\\\/product\\\/sticker-pack\\\/#primaryimage\",\"url\":\"https:\\\/\\\/www.strawbaggy.com\\\/wp-content\\\/uploads\\\/2025\\\/02\\\/Photoroom_20250221_163631.png\",\"contentUrl\":\"https:\\\/\\\/www.strawbaggy.com\\\/wp-content\\\/uploads\\\/2025\\\/02\\\/Photoroom_20250221_163631.png\",\"width\":800,\"height\":1067},{\"@type\":\"BreadcrumbList\",\"@id\":\"https:\\\/\\\/www.strawbaggy.com\\\/product\\\/sticker-pack\\\/#breadcrumb\",\"itemListElement\":[{\"@type\":\"ListItem\",\"position\":1,\"name\":\"Home\",\"item\":\"https:\\\/\\\/www.strawbaggy.com\\\/\"},{\"@type\":\"ListItem\",\"position\":2,\"name\":\"Products\",\"item\":\"https:\\\/\\\/www.strawbaggy.com\\\/shop\\\/\"},{\"@type\":\"ListItem\",\"position\":3,\"name\":\"Mr Baggy Sticker Pack\"}]},{\"@type\":\"WebSite\",\"@id\":\"https:\\\/\\\/www.strawbaggy.com\\\/#website\",\"url\":\"https:\\\/\\\/www.strawbaggy.com\\\/\",\"name\":\"StrawBaggy\",\"description\":\"by Hardcase Technologies\",\"publisher\":{\"@id\":\"https:\\\/\\\/www.strawbaggy.com\\\/#organization\"},\"potentialAction\":[{\"@type\":\"SearchAction\",\"target\":{\"@type\":\"EntryPoint\",\"urlTemplate\":\"https:\\\/\\\/www.strawbaggy.com\\\/?s={search_term_string}\"},\"query-input\":{\"@type\":\"PropertyValueSpecification\",\"valueRequired\":true,\"valueName\":\"search_term_string\"}}],\"inLanguage\":\"de\"},{\"@type\":\"Organization\",\"@id\":\"https:\\\/\\\/www.strawbaggy.com\\\/#organization\",\"name\":\"StrawBaggy by Hardcase Technologies\",\"url\":\"https:\\\/\\\/www.strawbaggy.com\\\/\",\"logo\":{\"@type\":\"ImageObject\",\"inLanguage\":\"de\",\"@id\":\"https:\\\/\\\/www.strawbaggy.com\\\/#\\\/schema\\\/logo\\\/image\\\/\",\"url\":\"https:\\\/\\\/www.strawbaggy.com\\\/wp-content\\\/uploads\\\/2025\\\/02\\\/BET04665-copia.png\",\"contentUrl\":\"https:\\\/\\\/www.strawbaggy.com\\\/wp-content\\\/uploads\\\/2025\\\/02\\\/BET04665-copia.png\",\"width\":1500,\"height\":1500,\"caption\":\"StrawBaggy by Hardcase Technologies\"},\"image\":{\"@id\":\"https:\\\/\\\/www.strawbaggy.com\\\/#\\\/schema\\\/logo\\\/image\\\/\"},\"sameAs\":[\"https:\\\/\\\/www.instagram.com\\\/straw_baggy\\\/\"]}]}<\/script>\n<meta property=\"product:price:amount\" content=\"5.00\" \/>\n<meta property=\"product:price:currency\" content=\"EUR\" \/>\n<meta property=\"og:availability\" content=\"instock\" \/>\n<meta property=\"product:availability\" content=\"instock\" \/>\n<meta property=\"product:retailer_item_id\" content=\"Sil-mix-1\" \/>\n<meta property=\"product:condition\" content=\"new\" \/>\n<!-- \/ Yoast SEO Premium plugin. -->","yoast_head_json":{"title":"Mr Baggy Sticker Pack - StrawBaggy","robots":{"index":"index","follow":"follow","max-snippet":"max-snippet:-1","max-image-preview":"max-image-preview:large","max-video-preview":"max-video-preview:-1"},"canonical":"https:\/\/www.strawbaggy.com\/de\/produkt\/sticker-pack\/","og_locale":"de_DE","og_type":"article","og_title":"Mr Baggy Sticker Pack","og_description":"Pack 10 mix Stickers Size: 8,5cm diameter x 3cm","og_url":"https:\/\/www.strawbaggy.com\/de\/produkt\/sticker-pack\/","og_site_name":"StrawBaggy","article_modified_time":"2025-09-02T10:08:30+00:00","og_image":[{"width":800,"height":1067,"url":"https:\/\/www.strawbaggy.com\/wp-content\/uploads\/2025\/02\/Photoroom_20250221_163631.png","type":"image\/png"}],"twitter_card":"summary_large_image","twitter_misc":{"Preis":"5,00&nbsp;&euro;","Verf\u00fcgbarkeit":"Auf Lager"},"schema":{"@context":"https:\/\/schema.org","@graph":[{"@type":"WebPage","@id":"https:\/\/www.strawbaggy.com\/product\/sticker-pack\/","url":"https:\/\/www.strawbaggy.com\/product\/sticker-pack\/","name":"Mr Baggy Sticker Pack - StrawBaggy","isPartOf":{"@id":"https:\/\/www.strawbaggy.com\/#website"},"primaryImageOfPage":{"@id":"https:\/\/www.strawbaggy.com\/product\/sticker-pack\/#primaryimage"},"image":{"@id":"https:\/\/www.strawbaggy.com\/product\/sticker-pack\/#primaryimage"},"thumbnailUrl":"https:\/\/www.strawbaggy.com\/wp-content\/uploads\/2025\/02\/Photoroom_20250221_163631.png","datePublished":"2025-02-21T12:07:54+00:00","dateModified":"2025-09-02T10:08:30+00:00","breadcrumb":{"@id":"https:\/\/www.strawbaggy.com\/product\/sticker-pack\/#breadcrumb"},"inLanguage":"de","potentialAction":[{"@type":"ReadAction","target":["https:\/\/www.strawbaggy.com\/product\/sticker-pack\/"]}]},{"@type":"ImageObject","inLanguage":"de","@id":"https:\/\/www.strawbaggy.com\/product\/sticker-pack\/#primaryimage","url":"https:\/\/www.strawbaggy.com\/wp-content\/uploads\/2025\/02\/Photoroom_20250221_163631.png","contentUrl":"https:\/\/www.strawbaggy.com\/wp-content\/uploads\/2025\/02\/Photoroom_20250221_163631.png","width":800,"height":1067},{"@type":"BreadcrumbList","@id":"https:\/\/www.strawbaggy.com\/product\/sticker-pack\/#breadcrumb","itemListElement":[{"@type":"ListItem","position":1,"name":"Home","item":"https:\/\/www.strawbaggy.com\/"},{"@type":"ListItem","position":2,"name":"Products","item":"https:\/\/www.strawbaggy.com\/shop\/"},{"@type":"ListItem","position":3,"name":"Mr Baggy Sticker Pack"}]},{"@type":"WebSite","@id":"https:\/\/www.strawbaggy.com\/#website","url":"https:\/\/www.strawbaggy.com\/","name":"StrawBaggy","description":"von Hardcase Technologies","publisher":{"@id":"https:\/\/www.strawbaggy.com\/#organization"},"potentialAction":[{"@type":"SearchAction","target":{"@type":"EntryPoint","urlTemplate":"https:\/\/www.strawbaggy.com\/?s={search_term_string}"},"query-input":{"@type":"PropertyValueSpecification","valueRequired":true,"valueName":"search_term_string"}}],"inLanguage":"de"},{"@type":"Organization","@id":"https:\/\/www.strawbaggy.com\/#organization","name":"StrawBaggy von Hardcase Technologies","url":"https:\/\/www.strawbaggy.com\/","logo":{"@type":"ImageObject","inLanguage":"de","@id":"https:\/\/www.strawbaggy.com\/#\/schema\/logo\/image\/","url":"https:\/\/www.strawbaggy.com\/wp-content\/uploads\/2025\/02\/BET04665-copia.png","contentUrl":"https:\/\/www.strawbaggy.com\/wp-content\/uploads\/2025\/02\/BET04665-copia.png","width":1500,"height":1500,"caption":"StrawBaggy by Hardcase Technologies"},"image":{"@id":"https:\/\/www.strawbaggy.com\/#\/schema\/logo\/image\/"},"sameAs":["https:\/\/www.instagram.com\/straw_baggy\/"]}]},"product_price_amount":"5.00","product_price_currency":"EUR","og_availability":"instock","product_availability":"instock","product_retailer_item_id":"Sil-mix-1","product_condition":"new"},"jetpack_sharing_enabled":true,"_links":{"self":[{"href":"https:\/\/www.strawbaggy.com\/de\/wp-json\/wp\/v2\/product\/5246","targetHints":{"allow":["GET"]}}],"collection":[{"href":"https:\/\/www.strawbaggy.com\/de\/wp-json\/wp\/v2\/product"}],"about":[{"href":"https:\/\/www.strawbaggy.com\/de\/wp-json\/wp\/v2\/types\/product"}],"wp:featuredmedia":[{"embeddable":true,"href":"https:\/\/www.strawbaggy.com\/de\/wp-json\/wp\/v2\/media\/5368"}],"wp:attachment":[{"href":"https:\/\/www.strawbaggy.com\/de\/wp-json\/wp\/v2\/media?parent=5246"}],"wp:term":[{"taxonomy":"product_brand","embeddable":true,"href":"https:\/\/www.strawbaggy.com\/de\/wp-json\/wp\/v2\/product_brand?post=5246"},{"taxonomy":"product_cat","embeddable":true,"href":"https:\/\/www.strawbaggy.com\/de\/wp-json\/wp\/v2\/product_cat?post=5246"},{"taxonomy":"product_tag","embeddable":true,"href":"https:\/\/www.strawbaggy.com\/de\/wp-json\/wp\/v2\/product_tag?post=5246"}],"curies":[{"name":"wp","href":"https:\/\/api.w.org\/{rel}","templated":true}]}}