{"id":5247,"date":"2025-02-21T13:14:35","date_gmt":"2025-02-21T12:14:35","guid":{"rendered":"https:\/\/www.strawbaggy.com\/?post_type=product&#038;p=5247"},"modified":"2025-05-22T13:45:52","modified_gmt":"2025-05-22T11:45:52","slug":"mr-baggy-t-shirt","status":"publish","type":"product","link":"https:\/\/www.strawbaggy.com\/de\/produkt\/mr-baggy-t-shirt\/","title":{"rendered":"Grafik-T-Shirt"},"content":{"rendered":"<p class=\"p1\"><b>Mr. Baggy T-Shirt Kollektion - Limitierte Auflage, unbegrenzter Stil<\/b><b><\/b><\/p>\n<p class=\"p3\">Wir langweilen uns schnell - deshalb erfinden wir st\u00e4ndig etwas Neues. Willkommen im <span class=\"s1\"><b>Mr. Baggy T-Shirt Kollektion<\/b><\/span>: ein k\u00fchner Ausdruck von Individualit\u00e4t, mit <span class=\"s1\"><b>einzigartige Designs in limitierter Auflage<\/b><\/span> die nicht lange bestehen bleiben werden.<\/p>\n<p class=\"p3\">Jeder Tropfen bringt etwas Frisches, Gewagtes und Un\u00fcbersehbares mit sich. Dies ist nicht nur ein T-Shirt - es ist ein Statement f\u00fcr diejenigen, die nach ihren eigenen Regeln leben.<\/p>\n<p class=\"p1\"><b>Was es besonders macht:<\/b><b><\/b><\/p>\n<p class=\"p4\">-<span class=\"s1\"><b>Hochwertiger Stoff:<\/b><\/span> Hergestellt aus <span class=\"s1\"><b>100% gek\u00e4mmte, ringgesponnene Baumwolle<\/b><\/span> f\u00fcr ein superweiches, geschmeidiges Gef\u00fchl<\/p>\n<p class=\"p4\">-<span class=\"s1\"><b>Slim Fit Schnitt:<\/b><\/span> Moderne, schmeichelhafte Passform, die bequem und dennoch stilvoll ist<\/p>\n<p class=\"p4\">-<span class=\"s1\"><b>Langlebiges Design:<\/b><\/span> R\u00f6hrenf\u00f6rmige K\u00f6rperstruktur mit 1\u00d71 geripptem Rundhalsausschnitt f\u00fcr lang anhaltende Form<\/p>\n<p class=\"p4\">-<span class=\"s1\"><b>Abrei\u00dfbares Etikett:<\/b><\/span> Kein Juckreiz, kein \u00c4rger - nur purer Komfort<\/p>\n<p class=\"p4\">-<span class=\"s1\"><b>Exklusiver Tropfen:<\/b><\/span> <i>Graue Farbe<\/i> mit dem kantigen <span class=\"s1\"><b>Mr. Baggy Punk V1<\/b><\/span> Design (97% Baumwolle, 3% Polyestermischung)<\/p>\n<p class=\"p1\"><b>Limitierte Auflage. Wenn es weg ist, ist es weg.<\/b><b><\/b><\/p>\n<p class=\"p3\">Dies ist keine Massenproduktion - jedes Design wird in <span class=\"s1\"><b>begrenzte Mengen<\/b><\/span> weil wir der Meinung sind, dass Stil nie altbacken sein sollte. Wenn Sie sich abheben und ein Zeichen setzen wollen, ist diese Kollektion genau das Richtige f\u00fcr Sie.<\/p>\n<p class=\"p3\">Sichern Sie sich Ihr Exemplar, bevor es verschwindet - denn echte Originale bleiben nie zu lange an einem Ort.<\/p>\n<p class=\"p1\">","protected":false},"excerpt":{"rendered":"<p>-<span class=\"s1\"><b>Hochwertiger Stoff:<\/b><\/span> Hergestellt aus <span class=\"s1\"><b>100% gek\u00e4mmte, ringgesponnene Baumwolle<\/b><\/span> f\u00fcr ein superweiches, geschmeidiges Gef\u00fchl<\/p>\n<p><span class=\"s1\"><b>Mr. Baggy Punk V1<\/b><\/span><\/p>\n<p>(97% Baumwolle, 3% Polyestermischung)<\/p>","protected":false},"featured_media":5248,"template":"","meta":[],"product_brand":[],"product_cat":[79],"product_tag":[35,123,34],"class_list":{"0":"post-5247","1":"product","2":"type-product","3":"status-publish","4":"has-post-thumbnail","6":"product_cat-mr-baggy","7":"product_tag-strawbaggy","8":"product_tag-t-shirt-mr-baggy","9":"product_tag-walker","11":"first","12":"instock","13":"taxable","14":"shipping-taxable","15":"purchasable","16":"product-type-simple"},"yoast_head":"<!-- This site is optimized with the Yoast SEO Premium plugin v27.4 (Yoast SEO v27.4) - https:\/\/yoast.com\/product\/yoast-seo-premium-wordpress\/ -->\n<title>Graphic T-Shirt - StrawBaggy<\/title>\n<meta name=\"robots\" content=\"index, follow, max-snippet:-1, max-image-preview:large, max-video-preview:-1\" \/>\n<link rel=\"canonical\" href=\"https:\/\/www.strawbaggy.com\/de\/produkt\/mr-baggy-t-shirt\/\" \/>\n<meta property=\"og:locale\" content=\"de_DE\" \/>\n<meta property=\"og:type\" content=\"article\" \/>\n<meta property=\"og:title\" content=\"Graphic T-Shirt\" \/>\n<meta property=\"og:description\" content=\"\u2022Premium Fabric: Made from 100% combed ringspun cotton for a super-soft, smooth feel  Mr. Baggy Punk V1  (97% cotton, 3% polyester blend)\" \/>\n<meta property=\"og:url\" content=\"https:\/\/www.strawbaggy.com\/de\/produkt\/mr-baggy-t-shirt\/\" \/>\n<meta property=\"og:site_name\" content=\"StrawBaggy\" \/>\n<meta property=\"article:modified_time\" content=\"2025-05-22T11:45:52+00:00\" \/>\n<meta property=\"og:image\" content=\"https:\/\/www.strawbaggy.com\/wp-content\/uploads\/2025\/02\/strawbaggy-tshirt.png\" \/>\n\t<meta property=\"og:image:width\" content=\"1190\" \/>\n\t<meta property=\"og:image:height\" content=\"1272\" \/>\n\t<meta property=\"og:image:type\" content=\"image\/png\" \/>\n<meta name=\"twitter:card\" content=\"summary_large_image\" \/>\n<meta name=\"twitter:label1\" content=\"Preis\" \/>\n\t<meta name=\"twitter:data1\" content=\"19,00&nbsp;&euro;\" \/>\n\t<meta name=\"twitter:label2\" content=\"Verf\u00fcgbarkeit\" \/>\n\t<meta name=\"twitter:data2\" content=\"Auf Lager\" \/>\n<script type=\"application\/ld+json\" class=\"yoast-schema-graph\">{\"@context\":\"https:\\\/\\\/schema.org\",\"@graph\":[{\"@type\":\"WebPage\",\"@id\":\"https:\\\/\\\/www.strawbaggy.com\\\/product\\\/mr-baggy-t-shirt\\\/\",\"url\":\"https:\\\/\\\/www.strawbaggy.com\\\/product\\\/mr-baggy-t-shirt\\\/\",\"name\":\"Graphic T-Shirt - StrawBaggy\",\"isPartOf\":{\"@id\":\"https:\\\/\\\/www.strawbaggy.com\\\/#website\"},\"primaryImageOfPage\":{\"@id\":\"https:\\\/\\\/www.strawbaggy.com\\\/product\\\/mr-baggy-t-shirt\\\/#primaryimage\"},\"image\":{\"@id\":\"https:\\\/\\\/www.strawbaggy.com\\\/product\\\/mr-baggy-t-shirt\\\/#primaryimage\"},\"thumbnailUrl\":\"https:\\\/\\\/www.strawbaggy.com\\\/wp-content\\\/uploads\\\/2025\\\/02\\\/strawbaggy-tshirt.png\",\"datePublished\":\"2025-02-21T12:14:35+00:00\",\"dateModified\":\"2025-05-22T11:45:52+00:00\",\"breadcrumb\":{\"@id\":\"https:\\\/\\\/www.strawbaggy.com\\\/product\\\/mr-baggy-t-shirt\\\/#breadcrumb\"},\"inLanguage\":\"de\",\"potentialAction\":[{\"@type\":\"ReadAction\",\"target\":[\"https:\\\/\\\/www.strawbaggy.com\\\/product\\\/mr-baggy-t-shirt\\\/\"]}]},{\"@type\":\"ImageObject\",\"inLanguage\":\"de\",\"@id\":\"https:\\\/\\\/www.strawbaggy.com\\\/product\\\/mr-baggy-t-shirt\\\/#primaryimage\",\"url\":\"https:\\\/\\\/www.strawbaggy.com\\\/wp-content\\\/uploads\\\/2025\\\/02\\\/strawbaggy-tshirt.png\",\"contentUrl\":\"https:\\\/\\\/www.strawbaggy.com\\\/wp-content\\\/uploads\\\/2025\\\/02\\\/strawbaggy-tshirt.png\",\"width\":1190,\"height\":1272},{\"@type\":\"BreadcrumbList\",\"@id\":\"https:\\\/\\\/www.strawbaggy.com\\\/product\\\/mr-baggy-t-shirt\\\/#breadcrumb\",\"itemListElement\":[{\"@type\":\"ListItem\",\"position\":1,\"name\":\"Home\",\"item\":\"https:\\\/\\\/www.strawbaggy.com\\\/\"},{\"@type\":\"ListItem\",\"position\":2,\"name\":\"Products\",\"item\":\"https:\\\/\\\/www.strawbaggy.com\\\/shop\\\/\"},{\"@type\":\"ListItem\",\"position\":3,\"name\":\"Graphic T-Shirt\"}]},{\"@type\":\"WebSite\",\"@id\":\"https:\\\/\\\/www.strawbaggy.com\\\/#website\",\"url\":\"https:\\\/\\\/www.strawbaggy.com\\\/\",\"name\":\"StrawBaggy\",\"description\":\"by Hardcase Technologies\",\"publisher\":{\"@id\":\"https:\\\/\\\/www.strawbaggy.com\\\/#organization\"},\"potentialAction\":[{\"@type\":\"SearchAction\",\"target\":{\"@type\":\"EntryPoint\",\"urlTemplate\":\"https:\\\/\\\/www.strawbaggy.com\\\/?s={search_term_string}\"},\"query-input\":{\"@type\":\"PropertyValueSpecification\",\"valueRequired\":true,\"valueName\":\"search_term_string\"}}],\"inLanguage\":\"de\"},{\"@type\":\"Organization\",\"@id\":\"https:\\\/\\\/www.strawbaggy.com\\\/#organization\",\"name\":\"StrawBaggy by Hardcase Technologies\",\"url\":\"https:\\\/\\\/www.strawbaggy.com\\\/\",\"logo\":{\"@type\":\"ImageObject\",\"inLanguage\":\"de\",\"@id\":\"https:\\\/\\\/www.strawbaggy.com\\\/#\\\/schema\\\/logo\\\/image\\\/\",\"url\":\"https:\\\/\\\/www.strawbaggy.com\\\/wp-content\\\/uploads\\\/2025\\\/02\\\/BET04665-copia.png\",\"contentUrl\":\"https:\\\/\\\/www.strawbaggy.com\\\/wp-content\\\/uploads\\\/2025\\\/02\\\/BET04665-copia.png\",\"width\":1500,\"height\":1500,\"caption\":\"StrawBaggy by Hardcase Technologies\"},\"image\":{\"@id\":\"https:\\\/\\\/www.strawbaggy.com\\\/#\\\/schema\\\/logo\\\/image\\\/\"},\"sameAs\":[\"https:\\\/\\\/www.instagram.com\\\/straw_baggy\\\/\"]}]}<\/script>\n<meta property=\"product:price:amount\" content=\"19.00\" \/>\n<meta property=\"product:price:currency\" content=\"EUR\" \/>\n<meta property=\"og:availability\" content=\"instock\" \/>\n<meta property=\"product:availability\" content=\"instock\" \/>\n<meta property=\"product:retailer_item_id\" content=\"T-shirt\" \/>\n<meta property=\"product:condition\" content=\"new\" \/>\n<!-- \/ Yoast SEO Premium plugin. -->","yoast_head_json":{"title":"Graphic T-Shirt - StrawBaggy","robots":{"index":"index","follow":"follow","max-snippet":"max-snippet:-1","max-image-preview":"max-image-preview:large","max-video-preview":"max-video-preview:-1"},"canonical":"https:\/\/www.strawbaggy.com\/de\/produkt\/mr-baggy-t-shirt\/","og_locale":"de_DE","og_type":"article","og_title":"Graphic T-Shirt","og_description":"\u2022Premium Fabric: Made from 100% combed ringspun cotton for a super-soft, smooth feel  Mr. Baggy Punk V1  (97% cotton, 3% polyester blend)","og_url":"https:\/\/www.strawbaggy.com\/de\/produkt\/mr-baggy-t-shirt\/","og_site_name":"StrawBaggy","article_modified_time":"2025-05-22T11:45:52+00:00","og_image":[{"width":1190,"height":1272,"url":"https:\/\/www.strawbaggy.com\/wp-content\/uploads\/2025\/02\/strawbaggy-tshirt.png","type":"image\/png"}],"twitter_card":"summary_large_image","twitter_misc":{"Preis":"19,00&nbsp;&euro;","Verf\u00fcgbarkeit":"Auf Lager"},"schema":{"@context":"https:\/\/schema.org","@graph":[{"@type":"WebPage","@id":"https:\/\/www.strawbaggy.com\/product\/mr-baggy-t-shirt\/","url":"https:\/\/www.strawbaggy.com\/product\/mr-baggy-t-shirt\/","name":"Graphic T-Shirt - StrawBaggy","isPartOf":{"@id":"https:\/\/www.strawbaggy.com\/#website"},"primaryImageOfPage":{"@id":"https:\/\/www.strawbaggy.com\/product\/mr-baggy-t-shirt\/#primaryimage"},"image":{"@id":"https:\/\/www.strawbaggy.com\/product\/mr-baggy-t-shirt\/#primaryimage"},"thumbnailUrl":"https:\/\/www.strawbaggy.com\/wp-content\/uploads\/2025\/02\/strawbaggy-tshirt.png","datePublished":"2025-02-21T12:14:35+00:00","dateModified":"2025-05-22T11:45:52+00:00","breadcrumb":{"@id":"https:\/\/www.strawbaggy.com\/product\/mr-baggy-t-shirt\/#breadcrumb"},"inLanguage":"de","potentialAction":[{"@type":"ReadAction","target":["https:\/\/www.strawbaggy.com\/product\/mr-baggy-t-shirt\/"]}]},{"@type":"ImageObject","inLanguage":"de","@id":"https:\/\/www.strawbaggy.com\/product\/mr-baggy-t-shirt\/#primaryimage","url":"https:\/\/www.strawbaggy.com\/wp-content\/uploads\/2025\/02\/strawbaggy-tshirt.png","contentUrl":"https:\/\/www.strawbaggy.com\/wp-content\/uploads\/2025\/02\/strawbaggy-tshirt.png","width":1190,"height":1272},{"@type":"BreadcrumbList","@id":"https:\/\/www.strawbaggy.com\/product\/mr-baggy-t-shirt\/#breadcrumb","itemListElement":[{"@type":"ListItem","position":1,"name":"Home","item":"https:\/\/www.strawbaggy.com\/"},{"@type":"ListItem","position":2,"name":"Products","item":"https:\/\/www.strawbaggy.com\/shop\/"},{"@type":"ListItem","position":3,"name":"Graphic T-Shirt"}]},{"@type":"WebSite","@id":"https:\/\/www.strawbaggy.com\/#website","url":"https:\/\/www.strawbaggy.com\/","name":"StrawBaggy","description":"von Hardcase Technologies","publisher":{"@id":"https:\/\/www.strawbaggy.com\/#organization"},"potentialAction":[{"@type":"SearchAction","target":{"@type":"EntryPoint","urlTemplate":"https:\/\/www.strawbaggy.com\/?s={search_term_string}"},"query-input":{"@type":"PropertyValueSpecification","valueRequired":true,"valueName":"search_term_string"}}],"inLanguage":"de"},{"@type":"Organization","@id":"https:\/\/www.strawbaggy.com\/#organization","name":"StrawBaggy von Hardcase Technologies","url":"https:\/\/www.strawbaggy.com\/","logo":{"@type":"ImageObject","inLanguage":"de","@id":"https:\/\/www.strawbaggy.com\/#\/schema\/logo\/image\/","url":"https:\/\/www.strawbaggy.com\/wp-content\/uploads\/2025\/02\/BET04665-copia.png","contentUrl":"https:\/\/www.strawbaggy.com\/wp-content\/uploads\/2025\/02\/BET04665-copia.png","width":1500,"height":1500,"caption":"StrawBaggy by Hardcase Technologies"},"image":{"@id":"https:\/\/www.strawbaggy.com\/#\/schema\/logo\/image\/"},"sameAs":["https:\/\/www.instagram.com\/straw_baggy\/"]}]},"product_price_amount":"19.00","product_price_currency":"EUR","og_availability":"instock","product_availability":"instock","product_retailer_item_id":"T-shirt","product_condition":"new"},"jetpack_sharing_enabled":true,"_links":{"self":[{"href":"https:\/\/www.strawbaggy.com\/de\/wp-json\/wp\/v2\/product\/5247","targetHints":{"allow":["GET"]}}],"collection":[{"href":"https:\/\/www.strawbaggy.com\/de\/wp-json\/wp\/v2\/product"}],"about":[{"href":"https:\/\/www.strawbaggy.com\/de\/wp-json\/wp\/v2\/types\/product"}],"wp:featuredmedia":[{"embeddable":true,"href":"https:\/\/www.strawbaggy.com\/de\/wp-json\/wp\/v2\/media\/5248"}],"wp:attachment":[{"href":"https:\/\/www.strawbaggy.com\/de\/wp-json\/wp\/v2\/media?parent=5247"}],"wp:term":[{"taxonomy":"product_brand","embeddable":true,"href":"https:\/\/www.strawbaggy.com\/de\/wp-json\/wp\/v2\/product_brand?post=5247"},{"taxonomy":"product_cat","embeddable":true,"href":"https:\/\/www.strawbaggy.com\/de\/wp-json\/wp\/v2\/product_cat?post=5247"},{"taxonomy":"product_tag","embeddable":true,"href":"https:\/\/www.strawbaggy.com\/de\/wp-json\/wp\/v2\/product_tag?post=5247"}],"curies":[{"name":"wp","href":"https:\/\/api.w.org\/{rel}","templated":true}]}}