{"id":6679,"date":"2025-09-02T11:08:13","date_gmt":"2025-09-02T09:08:13","guid":{"rendered":"https:\/\/www.strawbaggy.com\/?post_type=product&#038;p=6679"},"modified":"2026-04-13T21:51:13","modified_gmt":"2026-04-13T19:51:13","slug":"mr-baggy-sticker-2-0","status":"publish","type":"product","link":"https:\/\/www.strawbaggy.com\/de\/produkt\/mr-baggy-sticker-2-0\/","title":{"rendered":"Herr Baggy &amp; Die Fellazz Sticker 2.0"},"content":{"rendered":"<p class=\"p1\"><b>Nimm uns mit auf dein n\u00e4chstes Abenteuer: Mr. Baggy &amp; The Fellaz Crew <\/b><b>gestickte Aufkleber 2.0<\/b><\/p>\n<p>&nbsp;<\/p>\n<p class=\"p3\">\u00a0Wir stellen vor: unser exklusives <span class=\"s1\"><b>Mr. Baggy &amp; Strawbaggy Aufkleber 2.0<\/b><\/span> - die ultimative M\u00f6glichkeit, Ihren Stil zu zeigen und sich der <i>Strawbaggy<\/i> Gemeinschaft, wohin Sie auch gehen.<\/p>\n<p class=\"p3\">Klebe sie auf die Stellen, die dich am meisten inspirieren - deine Reiseausr\u00fcstung, deine Festivalutensilien, deinen Laptop oder \u00fcberall dort, wo du dich wohl f\u00fchlst. Jeder Sticker erinnert dich daran, dass das Abenteuer vor der T\u00fcr steht, und wir freuen uns darauf, Teil deiner Reise zu sein.<\/p>\n<p class=\"p1\"><b>Hier erfahren Sie, warum Sie sie lieben werden:<\/b><b><\/b><\/p>\n<p class=\"p4\">-<span class=\"s1\"><b>Exklusive Designs:<\/b><\/span> Mit der kultigen <i>Mr. Baggy<\/i> und T<i>Er Fellaz <\/i>Freunde der Charaktere.<\/p>\n<p class=\"p4\">-<span class=\"s1\"><b>Abenteuerlustig:<\/b><\/span> Langlebig und kleidungsbest\u00e4ndig f\u00fcr alle Ihre Reisen mit 3M-Kleber auf der R\u00fcckseite.<\/p>\n<p class=\"p4\">-<span class=\"s1\"><b>Teilen Sie die Reise:<\/b><\/span> Kleben Sie sie \u00fcberall hin und markieren Sie uns - wir sehen gerne, wohin Sie uns f\u00fchren!<\/p>\n<p class=\"p1\"><b>Lassen Sie uns gemeinsam die Welt bereisen<\/b><b><\/b><\/p>\n<p class=\"p3\">Nimm dein <i>Mr. Baggy &amp; Strawbaggy<\/i> Aufkleber und lass uns an deiner Reise teilhaben. Egal, ob du Berge erklimmst, dein Lieblingsfestival besuchst oder einfach nur an deinem Lieblingsplatz chillst, lass uns jeden Moment unvergesslich machen, einen Sticker nach dem anderen.<\/p>","protected":false},"excerpt":{"rendered":"<div>Pack: 10 Sticker-Einheiten von Mr Baggy &amp; The Fellaz Crew + Strawbaggy-Logo<\/div>\n<div>Maiylar Rucksack Gr\u00f6\u00dfe: 20 cm x 16 cm<\/div>\n<div><\/div>","protected":false},"featured_media":7673,"template":"","meta":[],"product_brand":[],"product_cat":[79],"product_tag":[142,143,122,121],"class_list":{"0":"post-6679","1":"product","2":"type-product","3":"status-publish","4":"has-post-thumbnail","6":"product_cat-mr-baggy","7":"product_tag-baggalon","8":"product_tag-embroidered-stickers","9":"product_tag-mr-baggy","10":"product_tag-strawbaggy-stickers","12":"first","13":"instock","14":"taxable","15":"shipping-taxable","16":"purchasable","17":"product-type-simple"},"yoast_head":"<!-- This site is optimized with the Yoast SEO Premium plugin v27.4 (Yoast SEO v27.4) - https:\/\/yoast.com\/product\/yoast-seo-premium-wordpress\/ -->\n<title>Mr Baggy &amp; The Fellazz Stickers 2.0 - StrawBaggy<\/title>\n<meta name=\"description\" content=\"Take Us on Your Next Adventure: Mr. Baggy &amp; Strawbaggy Embroidered stickers Stickers 2.0!\" \/>\n<meta name=\"robots\" content=\"index, follow, max-snippet:-1, max-image-preview:large, max-video-preview:-1\" \/>\n<link rel=\"canonical\" href=\"https:\/\/www.strawbaggy.com\/de\/produkt\/mr-baggy-sticker-2-0\/\" \/>\n<meta property=\"og:locale\" content=\"de_DE\" \/>\n<meta property=\"og:type\" content=\"article\" \/>\n<meta property=\"og:title\" content=\"Mr Baggy &amp; The Fellazz Stickers 2.0\" \/>\n<meta property=\"og:description\" content=\"Take Us on Your Next Adventure: Mr. Baggy &amp; Strawbaggy Embroidered stickers Stickers 2.0!\" \/>\n<meta property=\"og:url\" content=\"https:\/\/www.strawbaggy.com\/de\/produkt\/mr-baggy-sticker-2-0\/\" \/>\n<meta property=\"og:site_name\" content=\"StrawBaggy\" \/>\n<meta property=\"article:modified_time\" content=\"2026-04-13T19:51:13+00:00\" \/>\n<meta property=\"og:image\" content=\"https:\/\/www.strawbaggy.com\/wp-content\/uploads\/2025\/09\/IMG_7372.HEIC.png\" \/>\n\t<meta property=\"og:image:width\" content=\"900\" \/>\n\t<meta property=\"og:image:height\" content=\"675\" \/>\n\t<meta property=\"og:image:type\" content=\"image\/png\" \/>\n<meta name=\"twitter:card\" content=\"summary_large_image\" \/>\n<meta name=\"twitter:label1\" content=\"Preis\" \/>\n\t<meta name=\"twitter:data1\" content=\"10,00&nbsp;&euro;\" \/>\n\t<meta name=\"twitter:label2\" content=\"Verf\u00fcgbarkeit\" \/>\n\t<meta name=\"twitter:data2\" content=\"Auf Lager\" \/>\n<script type=\"application\/ld+json\" class=\"yoast-schema-graph\">{\"@context\":\"https:\\\/\\\/schema.org\",\"@graph\":[{\"@type\":\"WebPage\",\"@id\":\"https:\\\/\\\/www.strawbaggy.com\\\/product\\\/mr-baggy-sticker-2-0\\\/\",\"url\":\"https:\\\/\\\/www.strawbaggy.com\\\/product\\\/mr-baggy-sticker-2-0\\\/\",\"name\":\"Mr Baggy & The Fellazz Stickers 2.0 - StrawBaggy\",\"isPartOf\":{\"@id\":\"https:\\\/\\\/www.strawbaggy.com\\\/#website\"},\"primaryImageOfPage\":{\"@id\":\"https:\\\/\\\/www.strawbaggy.com\\\/product\\\/mr-baggy-sticker-2-0\\\/#primaryimage\"},\"image\":{\"@id\":\"https:\\\/\\\/www.strawbaggy.com\\\/product\\\/mr-baggy-sticker-2-0\\\/#primaryimage\"},\"thumbnailUrl\":\"https:\\\/\\\/www.strawbaggy.com\\\/wp-content\\\/uploads\\\/2025\\\/09\\\/IMG_7372.HEIC.png\",\"datePublished\":\"2025-09-02T09:08:13+00:00\",\"dateModified\":\"2026-04-13T19:51:13+00:00\",\"description\":\"Take Us on Your Next Adventure: Mr. Baggy & Strawbaggy Embroidered stickers Stickers 2.0!\",\"breadcrumb\":{\"@id\":\"https:\\\/\\\/www.strawbaggy.com\\\/product\\\/mr-baggy-sticker-2-0\\\/#breadcrumb\"},\"inLanguage\":\"de\",\"potentialAction\":[{\"@type\":\"ReadAction\",\"target\":[\"https:\\\/\\\/www.strawbaggy.com\\\/product\\\/mr-baggy-sticker-2-0\\\/\"]}]},{\"@type\":\"ImageObject\",\"inLanguage\":\"de\",\"@id\":\"https:\\\/\\\/www.strawbaggy.com\\\/product\\\/mr-baggy-sticker-2-0\\\/#primaryimage\",\"url\":\"https:\\\/\\\/www.strawbaggy.com\\\/wp-content\\\/uploads\\\/2025\\\/09\\\/IMG_7372.HEIC.png\",\"contentUrl\":\"https:\\\/\\\/www.strawbaggy.com\\\/wp-content\\\/uploads\\\/2025\\\/09\\\/IMG_7372.HEIC.png\",\"width\":900,\"height\":675},{\"@type\":\"BreadcrumbList\",\"@id\":\"https:\\\/\\\/www.strawbaggy.com\\\/product\\\/mr-baggy-sticker-2-0\\\/#breadcrumb\",\"itemListElement\":[{\"@type\":\"ListItem\",\"position\":1,\"name\":\"Home\",\"item\":\"https:\\\/\\\/www.strawbaggy.com\\\/\"},{\"@type\":\"ListItem\",\"position\":2,\"name\":\"Products\",\"item\":\"https:\\\/\\\/www.strawbaggy.com\\\/shop\\\/\"},{\"@type\":\"ListItem\",\"position\":3,\"name\":\"Mr Baggy &#038; The Fellazz Stickers 2.0\"}]},{\"@type\":\"WebSite\",\"@id\":\"https:\\\/\\\/www.strawbaggy.com\\\/#website\",\"url\":\"https:\\\/\\\/www.strawbaggy.com\\\/\",\"name\":\"StrawBaggy\",\"description\":\"by Hardcase Technologies\",\"publisher\":{\"@id\":\"https:\\\/\\\/www.strawbaggy.com\\\/#organization\"},\"potentialAction\":[{\"@type\":\"SearchAction\",\"target\":{\"@type\":\"EntryPoint\",\"urlTemplate\":\"https:\\\/\\\/www.strawbaggy.com\\\/?s={search_term_string}\"},\"query-input\":{\"@type\":\"PropertyValueSpecification\",\"valueRequired\":true,\"valueName\":\"search_term_string\"}}],\"inLanguage\":\"de\"},{\"@type\":\"Organization\",\"@id\":\"https:\\\/\\\/www.strawbaggy.com\\\/#organization\",\"name\":\"StrawBaggy by Hardcase Technologies\",\"url\":\"https:\\\/\\\/www.strawbaggy.com\\\/\",\"logo\":{\"@type\":\"ImageObject\",\"inLanguage\":\"de\",\"@id\":\"https:\\\/\\\/www.strawbaggy.com\\\/#\\\/schema\\\/logo\\\/image\\\/\",\"url\":\"https:\\\/\\\/www.strawbaggy.com\\\/wp-content\\\/uploads\\\/2025\\\/02\\\/BET04665-copia.png\",\"contentUrl\":\"https:\\\/\\\/www.strawbaggy.com\\\/wp-content\\\/uploads\\\/2025\\\/02\\\/BET04665-copia.png\",\"width\":1500,\"height\":1500,\"caption\":\"StrawBaggy by Hardcase Technologies\"},\"image\":{\"@id\":\"https:\\\/\\\/www.strawbaggy.com\\\/#\\\/schema\\\/logo\\\/image\\\/\"},\"sameAs\":[\"https:\\\/\\\/www.instagram.com\\\/straw_baggy\\\/\"]}]}<\/script>\n<meta property=\"product:price:amount\" content=\"10.00\" \/>\n<meta property=\"product:price:currency\" content=\"EUR\" \/>\n<meta property=\"og:availability\" content=\"instock\" \/>\n<meta property=\"product:availability\" content=\"instock\" \/>\n<meta property=\"product:retailer_item_id\" content=\"Stik2.0\" \/>\n<meta property=\"product:condition\" content=\"new\" \/>\n<!-- \/ Yoast SEO Premium plugin. -->","yoast_head_json":{"title":"Mr Baggy & The Fellazz Stickers 2.0 - StrawBaggy","description":"Take Us on Your Next Adventure: Mr. Baggy & Strawbaggy Embroidered stickers Stickers 2.0!","robots":{"index":"index","follow":"follow","max-snippet":"max-snippet:-1","max-image-preview":"max-image-preview:large","max-video-preview":"max-video-preview:-1"},"canonical":"https:\/\/www.strawbaggy.com\/de\/produkt\/mr-baggy-sticker-2-0\/","og_locale":"de_DE","og_type":"article","og_title":"Mr Baggy & The Fellazz Stickers 2.0","og_description":"Take Us on Your Next Adventure: Mr. Baggy & Strawbaggy Embroidered stickers Stickers 2.0!","og_url":"https:\/\/www.strawbaggy.com\/de\/produkt\/mr-baggy-sticker-2-0\/","og_site_name":"StrawBaggy","article_modified_time":"2026-04-13T19:51:13+00:00","og_image":[{"width":900,"height":675,"url":"https:\/\/www.strawbaggy.com\/wp-content\/uploads\/2025\/09\/IMG_7372.HEIC.png","type":"image\/png"}],"twitter_card":"summary_large_image","twitter_misc":{"Preis":"10,00&nbsp;&euro;","Verf\u00fcgbarkeit":"Auf Lager"},"schema":{"@context":"https:\/\/schema.org","@graph":[{"@type":"WebPage","@id":"https:\/\/www.strawbaggy.com\/product\/mr-baggy-sticker-2-0\/","url":"https:\/\/www.strawbaggy.com\/product\/mr-baggy-sticker-2-0\/","name":"Mr Baggy & The Fellazz Stickers 2.0 - StrawBaggy","isPartOf":{"@id":"https:\/\/www.strawbaggy.com\/#website"},"primaryImageOfPage":{"@id":"https:\/\/www.strawbaggy.com\/product\/mr-baggy-sticker-2-0\/#primaryimage"},"image":{"@id":"https:\/\/www.strawbaggy.com\/product\/mr-baggy-sticker-2-0\/#primaryimage"},"thumbnailUrl":"https:\/\/www.strawbaggy.com\/wp-content\/uploads\/2025\/09\/IMG_7372.HEIC.png","datePublished":"2025-09-02T09:08:13+00:00","dateModified":"2026-04-13T19:51:13+00:00","description":"Take Us on Your Next Adventure: Mr. Baggy & Strawbaggy Embroidered stickers Stickers 2.0!","breadcrumb":{"@id":"https:\/\/www.strawbaggy.com\/product\/mr-baggy-sticker-2-0\/#breadcrumb"},"inLanguage":"de","potentialAction":[{"@type":"ReadAction","target":["https:\/\/www.strawbaggy.com\/product\/mr-baggy-sticker-2-0\/"]}]},{"@type":"ImageObject","inLanguage":"de","@id":"https:\/\/www.strawbaggy.com\/product\/mr-baggy-sticker-2-0\/#primaryimage","url":"https:\/\/www.strawbaggy.com\/wp-content\/uploads\/2025\/09\/IMG_7372.HEIC.png","contentUrl":"https:\/\/www.strawbaggy.com\/wp-content\/uploads\/2025\/09\/IMG_7372.HEIC.png","width":900,"height":675},{"@type":"BreadcrumbList","@id":"https:\/\/www.strawbaggy.com\/product\/mr-baggy-sticker-2-0\/#breadcrumb","itemListElement":[{"@type":"ListItem","position":1,"name":"Home","item":"https:\/\/www.strawbaggy.com\/"},{"@type":"ListItem","position":2,"name":"Products","item":"https:\/\/www.strawbaggy.com\/shop\/"},{"@type":"ListItem","position":3,"name":"Mr Baggy &#038; The Fellazz Stickers 2.0"}]},{"@type":"WebSite","@id":"https:\/\/www.strawbaggy.com\/#website","url":"https:\/\/www.strawbaggy.com\/","name":"StrawBaggy","description":"von Hardcase Technologies","publisher":{"@id":"https:\/\/www.strawbaggy.com\/#organization"},"potentialAction":[{"@type":"SearchAction","target":{"@type":"EntryPoint","urlTemplate":"https:\/\/www.strawbaggy.com\/?s={search_term_string}"},"query-input":{"@type":"PropertyValueSpecification","valueRequired":true,"valueName":"search_term_string"}}],"inLanguage":"de"},{"@type":"Organization","@id":"https:\/\/www.strawbaggy.com\/#organization","name":"StrawBaggy von Hardcase Technologies","url":"https:\/\/www.strawbaggy.com\/","logo":{"@type":"ImageObject","inLanguage":"de","@id":"https:\/\/www.strawbaggy.com\/#\/schema\/logo\/image\/","url":"https:\/\/www.strawbaggy.com\/wp-content\/uploads\/2025\/02\/BET04665-copia.png","contentUrl":"https:\/\/www.strawbaggy.com\/wp-content\/uploads\/2025\/02\/BET04665-copia.png","width":1500,"height":1500,"caption":"StrawBaggy by Hardcase Technologies"},"image":{"@id":"https:\/\/www.strawbaggy.com\/#\/schema\/logo\/image\/"},"sameAs":["https:\/\/www.instagram.com\/straw_baggy\/"]}]},"product_price_amount":"10.00","product_price_currency":"EUR","og_availability":"instock","product_availability":"instock","product_retailer_item_id":"Stik2.0","product_condition":"new"},"jetpack_sharing_enabled":true,"_links":{"self":[{"href":"https:\/\/www.strawbaggy.com\/de\/wp-json\/wp\/v2\/product\/6679","targetHints":{"allow":["GET"]}}],"collection":[{"href":"https:\/\/www.strawbaggy.com\/de\/wp-json\/wp\/v2\/product"}],"about":[{"href":"https:\/\/www.strawbaggy.com\/de\/wp-json\/wp\/v2\/types\/product"}],"wp:featuredmedia":[{"embeddable":true,"href":"https:\/\/www.strawbaggy.com\/de\/wp-json\/wp\/v2\/media\/7673"}],"wp:attachment":[{"href":"https:\/\/www.strawbaggy.com\/de\/wp-json\/wp\/v2\/media?parent=6679"}],"wp:term":[{"taxonomy":"product_brand","embeddable":true,"href":"https:\/\/www.strawbaggy.com\/de\/wp-json\/wp\/v2\/product_brand?post=6679"},{"taxonomy":"product_cat","embeddable":true,"href":"https:\/\/www.strawbaggy.com\/de\/wp-json\/wp\/v2\/product_cat?post=6679"},{"taxonomy":"product_tag","embeddable":true,"href":"https:\/\/www.strawbaggy.com\/de\/wp-json\/wp\/v2\/product_tag?post=6679"}],"curies":[{"name":"wp","href":"https:\/\/api.w.org\/{rel}","templated":true}]}}