{"id":6973,"date":"2025-10-16T17:52:29","date_gmt":"2025-10-16T15:52:29","guid":{"rendered":"https:\/\/www.strawbaggy.com\/?page_id=6973"},"modified":"2025-11-05T16:07:07","modified_gmt":"2025-11-05T15:07:07","slug":"affiliation-program","status":"publish","type":"page","link":"https:\/\/www.strawbaggy.com\/es\/affiliation-program\/","title":{"rendered":"Programa de afiliaci\u00f3n"},"content":{"rendered":"<div data-elementor-type=\"wp-page\" data-elementor-id=\"6973\" class=\"elementor elementor-6973\" data-elementor-post-type=\"page\">\n\t\t\t\t<div class=\"elementor-element elementor-element-a3ebcff e-flex e-con-boxed e-con e-parent\" data-id=\"a3ebcff\" data-element_type=\"container\" data-e-type=\"container\" data-settings=\"{&quot;background_background&quot;:&quot;classic&quot;}\">\n\t\t\t\t\t<div class=\"e-con-inner\">\n\t\t<div class=\"elementor-element elementor-element-5dda8bd e-con-full e-flex e-con e-child\" data-id=\"5dda8bd\" data-element_type=\"container\" data-e-type=\"container\">\n\t\t\t\t<div class=\"elementor-element elementor-element-bb428a4 elementor-widget elementor-widget-image\" data-id=\"bb428a4\" data-element_type=\"widget\" data-e-type=\"widget\" data-widget_type=\"image.default\">\n\t\t\t\t<div class=\"elementor-widget-container\">\n\t\t\t\t\t\t\t\t\t\t\t\t\t\t\t<img fetchpriority=\"high\" decoding=\"async\" width=\"800\" height=\"227\" src=\"https:\/\/www.strawbaggy.com\/wp-content\/uploads\/2025\/02\/logo2-1024x291.png\" class=\"attachment-large size-large wp-image-5023\" alt=\"\" srcset=\"https:\/\/www.strawbaggy.com\/wp-content\/uploads\/2025\/02\/logo2-1024x291.png 1024w, https:\/\/www.strawbaggy.com\/wp-content\/uploads\/2025\/02\/logo2-300x85.png 300w, https:\/\/www.strawbaggy.com\/wp-content\/uploads\/2025\/02\/logo2-768x218.png 768w, https:\/\/www.strawbaggy.com\/wp-content\/uploads\/2025\/02\/logo2-600x171.png 600w, https:\/\/www.strawbaggy.com\/wp-content\/uploads\/2025\/02\/logo2.png 1262w\" sizes=\"(max-width: 800px) 100vw, 800px\" \/>\t\t\t\t\t\t\t\t\t\t\t\t\t\t\t<\/div>\n\t\t\t\t<\/div>\n\t\t\t\t<div class=\"elementor-element elementor-element-6a83004 elementor-widget elementor-widget-heading\" data-id=\"6a83004\" data-element_type=\"widget\" data-e-type=\"widget\" data-widget_type=\"heading.default\">\n\t\t\t\t<div class=\"elementor-widget-container\">\n\t\t\t\t\t<h2 class=\"elementor-heading-title elementor-size-default\">PROGRAMA DE AFILIACI\u00d3N<\/h2>\t\t\t\t<\/div>\n\t\t\t\t<\/div>\n\t\t\t\t<\/div>\n\t\t\t\t\t<\/div>\n\t\t\t\t<\/div>\n\t\t<div class=\"elementor-element elementor-element-8e842a4 e-flex e-con-boxed e-con e-parent\" data-id=\"8e842a4\" data-element_type=\"container\" data-e-type=\"container\">\n\t\t\t\t\t<div class=\"e-con-inner\">\n\t\t\t\t<div class=\"elementor-element elementor-element-39eb72f elementor-widget elementor-widget-text-editor\" data-id=\"39eb72f\" data-element_type=\"widget\" data-e-type=\"widget\" data-widget_type=\"text-editor.default\">\n\t\t\t\t<div class=\"elementor-widget-container\">\n\t\t\t\t\t\t\t\t\t<p>Gane <strong>Comisi\u00f3n 20%<\/strong> en cada venta que generes + Regala a tus seguidores <strong>10% OFF<\/strong> con su enlace personal.<\/p><p><strong>Aumenta tus ingresos. Comparte lo que te gusta.<\/strong><\/p>\t\t\t\t\t\t\t\t<\/div>\n\t\t\t\t<\/div>\n\t\t\t\t\t<\/div>\n\t\t\t\t<\/div>\n\t\t<div class=\"elementor-element elementor-element-abd3398 e-flex e-con-boxed e-con e-parent\" data-id=\"abd3398\" data-element_type=\"container\" data-e-type=\"container\">\n\t\t\t\t\t<div class=\"e-con-inner\">\n\t\t\t\t<div class=\"elementor-element elementor-element-1593ac5 elementor-widget elementor-widget-image\" data-id=\"1593ac5\" data-element_type=\"widget\" data-e-type=\"widget\" data-widget_type=\"image.default\">\n\t\t\t\t<div class=\"elementor-widget-container\">\n\t\t\t\t\t\t\t\t\t\t\t\t\t\t\t<img decoding=\"async\" width=\"800\" height=\"411\" src=\"https:\/\/www.strawbaggy.com\/wp-content\/uploads\/2025\/10\/affiliate-1-1024x526.jpeg\" class=\"attachment-large size-large wp-image-6981\" alt=\"\" srcset=\"https:\/\/www.strawbaggy.com\/wp-content\/uploads\/2025\/10\/affiliate-1-1024x526.jpeg 1024w, https:\/\/www.strawbaggy.com\/wp-content\/uploads\/2025\/10\/affiliate-1-300x154.jpeg 300w, https:\/\/www.strawbaggy.com\/wp-content\/uploads\/2025\/10\/affiliate-1-768x394.jpeg 768w, https:\/\/www.strawbaggy.com\/wp-content\/uploads\/2025\/10\/affiliate-1-18x9.jpeg 18w, https:\/\/www.strawbaggy.com\/wp-content\/uploads\/2025\/10\/affiliate-1-600x308.jpeg 600w, https:\/\/www.strawbaggy.com\/wp-content\/uploads\/2025\/10\/affiliate-1.jpeg 1280w\" sizes=\"(max-width: 800px) 100vw, 800px\" \/>\t\t\t\t\t\t\t\t\t\t\t\t\t\t\t<\/div>\n\t\t\t\t<\/div>\n\t\t\t\t\t<\/div>\n\t\t\t\t<\/div>\n\t\t<div class=\"elementor-element elementor-element-2b34a81 e-flex e-con-boxed e-con e-parent\" data-id=\"2b34a81\" data-element_type=\"container\" data-e-type=\"container\">\n\t\t\t\t\t<div class=\"e-con-inner\">\n\t\t<div class=\"elementor-element elementor-element-5ea2a21 e-con-full e-flex e-con e-child\" data-id=\"5ea2a21\" data-element_type=\"container\" data-e-type=\"container\" data-settings=\"{&quot;background_background&quot;:&quot;classic&quot;}\">\n\t\t\t\t<div class=\"elementor-element elementor-element-fe822d0 elementor-widget elementor-widget-text-editor\" data-id=\"fe822d0\" data-element_type=\"widget\" data-e-type=\"widget\" data-widget_type=\"text-editor.default\">\n\t\t\t\t<div class=\"elementor-widget-container\">\n\t\t\t\t\t\t\t\t\t<p><b>VENTAJAS PARA EL AFILIADO<\/b><b><\/b><\/p><p>\ud83d\udd17 Enlace personalizado y rastreable<\/p><p>\ud83d\udcb8 Comisi\u00f3n autom\u00e1tica de 20% por cada venta<\/p><p>\ud83c\udf81 10% c\u00f3digo de descuento para tu comunidad<\/p><p>\ud83c\udf0d Programa abierto a sitios web, blogs, personas influyentes y comunidades de chat<\/p><p>\ud83d\udcc8 Cuadro de mandos personal para controlar tus ventas<\/p>\t\t\t\t\t\t\t\t<\/div>\n\t\t\t\t<\/div>\n\t\t\t\t<\/div>\n\t\t\t\t\t<\/div>\n\t\t\t\t<\/div>\n\t\t<div class=\"elementor-element elementor-element-ad454d2 e-flex e-con-boxed e-con e-parent\" data-id=\"ad454d2\" data-element_type=\"container\" data-e-type=\"container\">\n\t\t\t\t\t<div class=\"e-con-inner\">\n\t\t\t\t<div class=\"elementor-element elementor-element-8b6b10f elementor-widget elementor-widget-heading\" data-id=\"8b6b10f\" data-element_type=\"widget\" data-e-type=\"widget\" data-widget_type=\"heading.default\">\n\t\t\t\t<div class=\"elementor-widget-container\">\n\t\t\t\t\t<h2 class=\"elementor-heading-title elementor-size-default\">C\u00f3mo unirse al programa de afiliaci\u00f3n de Strawbaggy:<\/h2>\t\t\t\t<\/div>\n\t\t\t\t<\/div>\n\t\t\t\t<div class=\"elementor-element elementor-element-461dfa0 elementor-widget elementor-widget-text-editor\" data-id=\"461dfa0\" data-element_type=\"widget\" data-e-type=\"widget\" data-widget_type=\"text-editor.default\">\n\t\t\t\t<div class=\"elementor-widget-container\">\n\t\t\t\t\t\t\t\t\t<p><strong>1.<\/strong>Visite nuestro sitio web oficial <a href=\"https:\/\/www.strawbaggy.com\/es\/\"><b>strawbaggy.com<\/b><\/a>.<\/p><p><strong>2.<\/strong>Elija el producto que mejor se adapte a su p\u00fablico y que pueda ser una buena promoci\u00f3n para sus seguidores.<\/p><p><strong>3.<\/strong>Compre el producto con un <b>10% descuento para afiliados*.<\/b> para que lo pruebes t\u00fa mismo y crees contenidos aut\u00e9nticos.<\/p><p><strong>4.<\/strong>Una vez que haga su <b>primera venta utilizando su enlace de afiliado<\/b>, ser\u00e1s <b>reembolso \u00edntegro del producto adquirido<\/b> como parte de la activaci\u00f3n del programa.<\/p>\t\t\t\t\t\t\t\t<\/div>\n\t\t\t\t<\/div>\n\t\t\t\t<div class=\"elementor-element elementor-element-fc3c9a8 elementor-widget elementor-widget-text-editor\" data-id=\"fc3c9a8\" data-element_type=\"widget\" data-e-type=\"widget\" data-widget_type=\"text-editor.default\">\n\t\t\t\t<div class=\"elementor-widget-container\">\n\t\t\t\t\t\t\t\t\t<p><b>*\u00bfC\u00f3mo obtener el c\u00f3digo de descuento?<span class=\"Apple-converted-space\">\u00a0<\/span><\/b><\/p><p><b>Escriba un correo electr\u00f3nico a <\/b><a href=\"mailto:shop@strawbaggy.com\"><b>shop@strawbaggy.com<\/b><\/a><b> con solicitud de programa de afiliaci\u00f3n.<span class=\"Apple-converted-space\">\u00a0<\/span><\/b><\/p>\t\t\t\t\t\t\t\t<\/div>\n\t\t\t\t<\/div>\n\t\t\t\t\t<\/div>\n\t\t\t\t<\/div>\n\t\t<div class=\"elementor-element elementor-element-b7489b5 e-flex e-con-boxed e-con e-parent\" data-id=\"b7489b5\" data-element_type=\"container\" data-e-type=\"container\">\n\t\t\t\t\t<div class=\"e-con-inner\">\n\t\t\t\t<div class=\"elementor-element elementor-element-a38e2db elementor-view-default elementor-widget elementor-widget-icon\" data-id=\"a38e2db\" data-element_type=\"widget\" data-e-type=\"widget\" data-widget_type=\"icon.default\">\n\t\t\t\t<div class=\"elementor-widget-container\">\n\t\t\t\t\t\t\t<div class=\"elementor-icon-wrapper\">\n\t\t\t<div class=\"elementor-icon\">\n\t\t\t<svg aria-hidden=\"true\" class=\"e-font-icon-svg e-far-arrow-alt-circle-down\" viewbox=\"0 0 512 512\" xmlns=\"http:\/\/www.w3.org\/2000\/svg\"><path d=\"M256 8C119 8 8 119 8 256s111 248 248 248 248-111 248-248S393 8 256 8zm0 448c-110.5 0-200-89.5-200-200S145.5 56 256 56s200 89.5 200 200-89.5 200-200 200zm-32-316v116h-67c-10.7 0-16 12.9-8.5 20.5l99 99c4.7 4.7 12.3 4.7 17 0l99-99c7.6-7.6 2.2-20.5-8.5-20.5h-67V140c0-6.6-5.4-12-12-12h-40c-6.6 0-12 5.4-12 12z\"><\/path><\/svg>\t\t\t<\/div>\n\t\t<\/div>\n\t\t\t\t\t\t<\/div>\n\t\t\t\t<\/div>\n\t\t\t\t\t<\/div>\n\t\t\t\t<\/div>\n\t\t<div class=\"elementor-element elementor-element-0fb076a e-flex e-con-boxed e-con e-parent\" data-id=\"0fb076a\" data-element_type=\"container\" data-e-type=\"container\">\n\t\t\t\t\t<div class=\"e-con-inner\">\n\t\t\t\t<div class=\"elementor-element elementor-element-c426372 elementor-widget elementor-widget-heading\" data-id=\"c426372\" data-element_type=\"widget\" data-e-type=\"widget\" data-widget_type=\"heading.default\">\n\t\t\t\t<div class=\"elementor-widget-container\">\n\t\t\t\t\t<h2 class=\"elementor-heading-title elementor-size-default\">Programa de afiliaci\u00f3n a Strawbaggy:<\/h2>\t\t\t\t<\/div>\n\t\t\t\t<\/div>\n\t\t\t\t<div class=\"elementor-element elementor-element-db85896 elementor-widget elementor-widget-text-editor\" data-id=\"db85896\" data-element_type=\"widget\" data-e-type=\"widget\" data-widget_type=\"text-editor.default\">\n\t\t\t\t<div class=\"elementor-widget-container\">\n\t\t\t\t\t\t\t\t\t<p>\u00a1Bienvenido al Programa de Afiliaci\u00f3n de Strawbaggy!\u00a0<\/p><p>\u00danete a nuestra misi\u00f3n de difundir el estilo de vida Strawbaggy y gana recompensas compartiendo lo que te gusta.<span class=\"Apple-converted-space\">\u00a0<\/span><\/p><p>\ud83d\udc68\u200d\ud83d\udcbb <b>C\u00f3mo funciona<\/b><\/p><p>- Cada afiliado recibe un enlace de recomendaci\u00f3n \u00fanico para compartir en su sitio web, redes sociales o chat de la comunidad.<\/p><p>- Cuando un cliente compra a trav\u00e9s de su enlace, recibe un descuento de **10%** si utiliza su C\u00f3digo de descuento especial.<span class=\"Apple-converted-space\">\u00a0<\/span><\/p><p>- Gana una comisi\u00f3n de **20%** por cada venta confirmada vinculada a su c\u00f3digo de referencia.<\/p><p>- Las comisiones se rastrean autom\u00e1ticamente y son visibles en su <strong><span style=\"text-decoration: underline;\"><a href=\"https:\/\/www.strawbaggy.com\/es\/affiliate-dashboard\/\">panel de afiliados<\/a><\/span><\/strong>\u00a0<\/p><p>\ud83d\udcb0<b>Condiciones de pago<\/b><\/p><p>- Los pagos se realizan mensualmente a trav\u00e9s de PayPal o transferencia bancaria.<\/p><p>- El umbral m\u00ednimo de pago es de **50 euros**.<\/p><p>- Si el importe es inferior a este umbral, se trasladar\u00e1 al mes siguiente.<\/p><p>- Las comisiones se calculan sobre el valor neto del pedido (despu\u00e9s de descuentos y excluidos los gastos de env\u00edo).<\/p><p><span style=\"text-decoration: underline;\"><i>- Los pagos de los afiliados s\u00f3lo pueden tramitarse previa recepci\u00f3n de un documento fiscal v\u00e1lido, como un recibo de impuestos personales o una factura emitida por una empresa o asociaci\u00f3n registrada.<\/i><\/span><\/p><p>\ud83d\udee0\ufe0f<b>Responsabilidades de los afiliados<\/b><\/p><p>- Puede promocionar su enlace a trav\u00e9s de sitios web, boletines, redes sociales, chat o comunidades en l\u00ednea.<\/p><p>- No debe utilizar anuncios de pago en motores de b\u00fasqueda (Google Ads, Meta Ads, etc.) utilizando la marca Strawbaggy.<\/p><p>- Cualquier uso indebido de los c\u00f3digos de descuento o comportamiento fraudulento dar\u00e1 lugar a la eliminaci\u00f3n del programa.<\/p><p>\ud83c\udf0e<b> Directrices de marca<\/b><\/p><p>- Los afiliados pueden utilizar im\u00e1genes, logotipos y contenidos oficiales de Strawbaggy proporcionados por nuestro equipo.<\/p><p>- No modifique logotipos ni cree contenidos enga\u00f1osos.<\/p><p>- Represente siempre a Strawbaggy de forma aut\u00e9ntica y positiva.<\/p><p>\u260e\ufe0f<b>Contacto y asistencia<\/b><\/p><p>Si tiene preguntas o necesita ayuda, p\u00f3ngase en contacto con nuestro equipo de afiliados en <a href=\"mailto:shop@strawbaggy.com\"><b>shop@strawbaggy.com<\/b><\/a>.<\/p><p>Estamos aqu\u00ed para ayudarte a crecer con nosotros y formar parte de la #StrawbaggyFamily.<\/p><p><b>Crezcamos juntos - Comparte lo que amas.<span class=\"Apple-converted-space\">\u00a0<\/span><\/b><\/p><p><b>G\u00e1nate lo que te mereces.<\/b><\/p>\t\t\t\t\t\t\t\t<\/div>\n\t\t\t\t<\/div>\n\t\t\t\t\t<\/div>\n\t\t\t\t<\/div>\n\t\t\t\t<\/div>","protected":false},"excerpt":{"rendered":"<p>AFFILIATION PROGRAM Earn 20% commission on every sale you generate + Give your followers 10% OFF with your personal link. Grow your income. Share what you love. ADVANTAGES FOR THE AFFILIATE \ud83d\udd17 Personalized and trackable link \ud83d\udcb8 Automatic 20% commission on every sale \ud83c\udf81 10% discount code for your community \ud83c\udf0d Program open to websites, [&hellip;]<\/p>\n","protected":false},"author":2,"featured_media":0,"parent":0,"menu_order":0,"comment_status":"closed","ping_status":"closed","template":"","meta":{"footnotes":""},"class_list":["post-6973","page","type-page","status-publish","hentry"],"yoast_head":"<!-- This site is optimized with the Yoast SEO Premium plugin v27.4 (Yoast SEO v27.4) - https:\/\/yoast.com\/product\/yoast-seo-premium-wordpress\/ -->\n<title>Affiliation Program - StrawBaggy<\/title>\n<meta name=\"robots\" content=\"index, follow, max-snippet:-1, max-image-preview:large, max-video-preview:-1\" \/>\n<link rel=\"canonical\" href=\"https:\/\/www.strawbaggy.com\/es\/affiliation-program\/\" \/>\n<meta property=\"og:locale\" content=\"es_ES\" \/>\n<meta property=\"og:type\" content=\"article\" \/>\n<meta property=\"og:title\" content=\"Affiliation Program\" \/>\n<meta property=\"og:description\" content=\"AFFILIATION PROGRAM Earn 20% commission on every sale you generate + Give your followers 10% OFF with your personal link. Grow your income. Share what you love. ADVANTAGES FOR THE AFFILIATE \ud83d\udd17 Personalized and trackable link \ud83d\udcb8 Automatic 20% commission on every sale \ud83c\udf81 10% discount code for your community \ud83c\udf0d Program open to websites, [&hellip;]\" \/>\n<meta property=\"og:url\" content=\"https:\/\/www.strawbaggy.com\/es\/affiliation-program\/\" \/>\n<meta property=\"og:site_name\" content=\"StrawBaggy\" \/>\n<meta property=\"article:modified_time\" content=\"2025-11-05T15:07:07+00:00\" \/>\n<meta property=\"og:image\" content=\"https:\/\/www.strawbaggy.com\/wp-content\/uploads\/2025\/02\/logo2.png\" \/>\n\t<meta property=\"og:image:width\" content=\"1262\" \/>\n\t<meta property=\"og:image:height\" content=\"359\" \/>\n\t<meta property=\"og:image:type\" content=\"image\/png\" \/>\n<meta name=\"twitter:card\" content=\"summary_large_image\" \/>\n<meta name=\"twitter:label1\" content=\"Tiempo de lectura\" \/>\n\t<meta name=\"twitter:data1\" content=\"3 minutos\" \/>\n<script type=\"application\/ld+json\" class=\"yoast-schema-graph\">{\"@context\":\"https:\\\/\\\/schema.org\",\"@graph\":[{\"@type\":\"WebPage\",\"@id\":\"https:\\\/\\\/www.strawbaggy.com\\\/affiliation-program\\\/\",\"url\":\"https:\\\/\\\/www.strawbaggy.com\\\/affiliation-program\\\/\",\"name\":\"Affiliation Program - StrawBaggy\",\"isPartOf\":{\"@id\":\"https:\\\/\\\/www.strawbaggy.com\\\/#website\"},\"primaryImageOfPage\":{\"@id\":\"https:\\\/\\\/www.strawbaggy.com\\\/affiliation-program\\\/#primaryimage\"},\"image\":{\"@id\":\"https:\\\/\\\/www.strawbaggy.com\\\/affiliation-program\\\/#primaryimage\"},\"thumbnailUrl\":\"https:\\\/\\\/www.strawbaggy.com\\\/wp-content\\\/uploads\\\/2025\\\/02\\\/logo2-1024x291.png\",\"datePublished\":\"2025-10-16T15:52:29+00:00\",\"dateModified\":\"2025-11-05T15:07:07+00:00\",\"breadcrumb\":{\"@id\":\"https:\\\/\\\/www.strawbaggy.com\\\/affiliation-program\\\/#breadcrumb\"},\"inLanguage\":\"es\",\"potentialAction\":[{\"@type\":\"ReadAction\",\"target\":[\"https:\\\/\\\/www.strawbaggy.com\\\/affiliation-program\\\/\"]}]},{\"@type\":\"ImageObject\",\"inLanguage\":\"es\",\"@id\":\"https:\\\/\\\/www.strawbaggy.com\\\/affiliation-program\\\/#primaryimage\",\"url\":\"https:\\\/\\\/www.strawbaggy.com\\\/wp-content\\\/uploads\\\/2025\\\/02\\\/logo2-1024x291.png\",\"contentUrl\":\"https:\\\/\\\/www.strawbaggy.com\\\/wp-content\\\/uploads\\\/2025\\\/02\\\/logo2-1024x291.png\"},{\"@type\":\"BreadcrumbList\",\"@id\":\"https:\\\/\\\/www.strawbaggy.com\\\/affiliation-program\\\/#breadcrumb\",\"itemListElement\":[{\"@type\":\"ListItem\",\"position\":1,\"name\":\"Home\",\"item\":\"https:\\\/\\\/www.strawbaggy.com\\\/\"},{\"@type\":\"ListItem\",\"position\":2,\"name\":\"Affiliation Program\"}]},{\"@type\":\"WebSite\",\"@id\":\"https:\\\/\\\/www.strawbaggy.com\\\/#website\",\"url\":\"https:\\\/\\\/www.strawbaggy.com\\\/\",\"name\":\"StrawBaggy\",\"description\":\"by Hardcase Technologies\",\"publisher\":{\"@id\":\"https:\\\/\\\/www.strawbaggy.com\\\/#organization\"},\"potentialAction\":[{\"@type\":\"SearchAction\",\"target\":{\"@type\":\"EntryPoint\",\"urlTemplate\":\"https:\\\/\\\/www.strawbaggy.com\\\/?s={search_term_string}\"},\"query-input\":{\"@type\":\"PropertyValueSpecification\",\"valueRequired\":true,\"valueName\":\"search_term_string\"}}],\"inLanguage\":\"es\"},{\"@type\":\"Organization\",\"@id\":\"https:\\\/\\\/www.strawbaggy.com\\\/#organization\",\"name\":\"StrawBaggy by Hardcase Technologies\",\"url\":\"https:\\\/\\\/www.strawbaggy.com\\\/\",\"logo\":{\"@type\":\"ImageObject\",\"inLanguage\":\"es\",\"@id\":\"https:\\\/\\\/www.strawbaggy.com\\\/#\\\/schema\\\/logo\\\/image\\\/\",\"url\":\"https:\\\/\\\/www.strawbaggy.com\\\/wp-content\\\/uploads\\\/2025\\\/02\\\/BET04665-copia.png\",\"contentUrl\":\"https:\\\/\\\/www.strawbaggy.com\\\/wp-content\\\/uploads\\\/2025\\\/02\\\/BET04665-copia.png\",\"width\":1500,\"height\":1500,\"caption\":\"StrawBaggy by Hardcase Technologies\"},\"image\":{\"@id\":\"https:\\\/\\\/www.strawbaggy.com\\\/#\\\/schema\\\/logo\\\/image\\\/\"},\"sameAs\":[\"https:\\\/\\\/www.instagram.com\\\/straw_baggy\\\/\"]}]}<\/script>\n<!-- \/ Yoast SEO Premium plugin. -->","yoast_head_json":{"title":"Programa de afiliaci\u00f3n - StrawBaggy","robots":{"index":"index","follow":"follow","max-snippet":"max-snippet:-1","max-image-preview":"max-image-preview:large","max-video-preview":"max-video-preview:-1"},"canonical":"https:\/\/www.strawbaggy.com\/es\/affiliation-program\/","og_locale":"es_ES","og_type":"article","og_title":"Affiliation Program","og_description":"AFFILIATION PROGRAM Earn 20% commission on every sale you generate + Give your followers 10% OFF with your personal link. Grow your income. Share what you love. ADVANTAGES FOR THE AFFILIATE \ud83d\udd17 Personalized and trackable link \ud83d\udcb8 Automatic 20% commission on every sale \ud83c\udf81 10% discount code for your community \ud83c\udf0d Program open to websites, [&hellip;]","og_url":"https:\/\/www.strawbaggy.com\/es\/affiliation-program\/","og_site_name":"StrawBaggy","article_modified_time":"2025-11-05T15:07:07+00:00","og_image":[{"width":1262,"height":359,"url":"https:\/\/www.strawbaggy.com\/wp-content\/uploads\/2025\/02\/logo2.png","type":"image\/png"}],"twitter_card":"summary_large_image","twitter_misc":{"Tiempo de lectura":"3 minutos"},"schema":{"@context":"https:\/\/schema.org","@graph":[{"@type":"WebPage","@id":"https:\/\/www.strawbaggy.com\/affiliation-program\/","url":"https:\/\/www.strawbaggy.com\/affiliation-program\/","name":"Programa de afiliaci\u00f3n - StrawBaggy","isPartOf":{"@id":"https:\/\/www.strawbaggy.com\/#website"},"primaryImageOfPage":{"@id":"https:\/\/www.strawbaggy.com\/affiliation-program\/#primaryimage"},"image":{"@id":"https:\/\/www.strawbaggy.com\/affiliation-program\/#primaryimage"},"thumbnailUrl":"https:\/\/www.strawbaggy.com\/wp-content\/uploads\/2025\/02\/logo2-1024x291.png","datePublished":"2025-10-16T15:52:29+00:00","dateModified":"2025-11-05T15:07:07+00:00","breadcrumb":{"@id":"https:\/\/www.strawbaggy.com\/affiliation-program\/#breadcrumb"},"inLanguage":"es","potentialAction":[{"@type":"ReadAction","target":["https:\/\/www.strawbaggy.com\/affiliation-program\/"]}]},{"@type":"ImageObject","inLanguage":"es","@id":"https:\/\/www.strawbaggy.com\/affiliation-program\/#primaryimage","url":"https:\/\/www.strawbaggy.com\/wp-content\/uploads\/2025\/02\/logo2-1024x291.png","contentUrl":"https:\/\/www.strawbaggy.com\/wp-content\/uploads\/2025\/02\/logo2-1024x291.png"},{"@type":"BreadcrumbList","@id":"https:\/\/www.strawbaggy.com\/affiliation-program\/#breadcrumb","itemListElement":[{"@type":"ListItem","position":1,"name":"Home","item":"https:\/\/www.strawbaggy.com\/"},{"@type":"ListItem","position":2,"name":"Affiliation Program"}]},{"@type":"WebSite","@id":"https:\/\/www.strawbaggy.com\/#website","url":"https:\/\/www.strawbaggy.com\/","name":"StrawBaggy","description":"por Hardcase Technologies","publisher":{"@id":"https:\/\/www.strawbaggy.com\/#organization"},"potentialAction":[{"@type":"SearchAction","target":{"@type":"EntryPoint","urlTemplate":"https:\/\/www.strawbaggy.com\/?s={search_term_string}"},"query-input":{"@type":"PropertyValueSpecification","valueRequired":true,"valueName":"search_term_string"}}],"inLanguage":"es"},{"@type":"Organization","@id":"https:\/\/www.strawbaggy.com\/#organization","name":"StrawBaggy de Hardcase Technologies","url":"https:\/\/www.strawbaggy.com\/","logo":{"@type":"ImageObject","inLanguage":"es","@id":"https:\/\/www.strawbaggy.com\/#\/schema\/logo\/image\/","url":"https:\/\/www.strawbaggy.com\/wp-content\/uploads\/2025\/02\/BET04665-copia.png","contentUrl":"https:\/\/www.strawbaggy.com\/wp-content\/uploads\/2025\/02\/BET04665-copia.png","width":1500,"height":1500,"caption":"StrawBaggy by Hardcase Technologies"},"image":{"@id":"https:\/\/www.strawbaggy.com\/#\/schema\/logo\/image\/"},"sameAs":["https:\/\/www.instagram.com\/straw_baggy\/"]}]}},"jetpack_sharing_enabled":true,"_links":{"self":[{"href":"https:\/\/www.strawbaggy.com\/es\/wp-json\/wp\/v2\/pages\/6973","targetHints":{"allow":["GET"]}}],"collection":[{"href":"https:\/\/www.strawbaggy.com\/es\/wp-json\/wp\/v2\/pages"}],"about":[{"href":"https:\/\/www.strawbaggy.com\/es\/wp-json\/wp\/v2\/types\/page"}],"author":[{"embeddable":true,"href":"https:\/\/www.strawbaggy.com\/es\/wp-json\/wp\/v2\/users\/2"}],"replies":[{"embeddable":true,"href":"https:\/\/www.strawbaggy.com\/es\/wp-json\/wp\/v2\/comments?post=6973"}],"version-history":[{"count":25,"href":"https:\/\/www.strawbaggy.com\/es\/wp-json\/wp\/v2\/pages\/6973\/revisions"}],"predecessor-version":[{"id":7089,"href":"https:\/\/www.strawbaggy.com\/es\/wp-json\/wp\/v2\/pages\/6973\/revisions\/7089"}],"wp:attachment":[{"href":"https:\/\/www.strawbaggy.com\/es\/wp-json\/wp\/v2\/media?parent=6973"}],"curies":[{"name":"wp","href":"https:\/\/api.w.org\/{rel}","templated":true}]}}