{"id":5220,"date":"2025-02-21T10:57:18","date_gmt":"2025-02-21T09:57:18","guid":{"rendered":"https:\/\/www.strawbaggy.com\/?post_type=product&#038;p=5220"},"modified":"2025-12-08T16:12:34","modified_gmt":"2025-12-08T15:12:34","slug":"walker-design-limited-edition","status":"publish","type":"product","link":"https:\/\/www.strawbaggy.com\/es\/producto\/walker-design-limited-edition\/","title":{"rendered":"Walker Design Edici\u00f3n limitada"},"content":{"rendered":"<p style=\"text-align: center;\"><strong>Presentamos la l\u00ednea LIMITED EDITION de Walker design.<\/strong><br \/>\nS\u00edganos para descubrir los pr\u00f3ximos dise\u00f1os.<\/p>\n<p style=\"text-align: center;\"><strong>\"Vayas donde vayas, mantente libre, mantente relajado\".<\/strong><\/p>\n<p style=\"text-align: center;\">Elegante, inteligente y discreto: Walker de Strawbaggy es el <strong>lo \u00faltimo en soportes de silicona para fumadores PRO.<\/strong><\/p>\n<p style=\"text-align: center;\">Un estuche port\u00e1til todo en uno, dise\u00f1ado para mantener tus esenciales compactos, seguros y de f\u00e1cil acceso. Perfecto para llevar concentrados de forma segura y discreta, tanto si est\u00e1s en una aventura al aire libre como en un festival por todo el mundo.<\/p>\n<p style=\"text-align: center;\">Fabricado con <strong>EVA duradera y cuero vegano<\/strong>construido para resistir el desgaste y el paso del tiempo.<\/p>\n<p style=\"text-align: center;\">Acabado con cremalleras YKK y elaborado con atenci\u00f3n a cada detalle - nuestra promesa de <strong>calidad y estilo.<\/strong><\/p>","protected":false},"excerpt":{"rendered":"<div>Material: EVA (carcasa impermeable, resistente a los golpes y semirr\u00edgida)<\/div>\n<div>Tejido: Tejido t\u00e9cnico impermeable PU<\/div>\n<div>Tama\u00f1o: 8,5 cm de di\u00e1metro x 6 cm de altura<\/div>\n<div>Peso: 34 g<\/div>","protected":false},"featured_media":5282,"template":"","meta":[],"product_brand":[],"product_cat":[15],"product_tag":[36,35,34],"class_list":{"0":"post-5220","1":"product","2":"type-product","3":"status-publish","4":"has-post-thumbnail","6":"product_cat-walker-bag","7":"product_tag-smoker-bag","8":"product_tag-strawbaggy","9":"product_tag-walker","11":"first","12":"instock","13":"taxable","14":"shipping-taxable","15":"purchasable","16":"product-type-simple"},"yoast_head":"<!-- This site is optimized with the Yoast SEO Premium plugin v27.4 (Yoast SEO v27.4) - https:\/\/yoast.com\/product\/yoast-seo-premium-wordpress\/ -->\n<title>Walker Design Limited Edition - StrawBaggy<\/title>\n<meta name=\"robots\" content=\"index, follow, max-snippet:-1, max-image-preview:large, max-video-preview:-1\" \/>\n<link rel=\"canonical\" href=\"https:\/\/www.strawbaggy.com\/es\/producto\/walker-design-limited-edition\/\" \/>\n<meta property=\"og:locale\" content=\"es_ES\" \/>\n<meta property=\"og:type\" content=\"article\" \/>\n<meta property=\"og:title\" content=\"Walker Design Limited Edition\" \/>\n<meta property=\"og:description\" content=\"Material: EVA (waterproof, shock-resistant, semi-rigid shell) Fabric: PU technical waterproof fabric Size: 8,5cm diameter x 6cm height Weight: 34 g\" \/>\n<meta property=\"og:url\" content=\"https:\/\/www.strawbaggy.com\/es\/producto\/walker-design-limited-edition\/\" \/>\n<meta property=\"og:site_name\" content=\"StrawBaggy\" \/>\n<meta property=\"article:modified_time\" content=\"2025-12-08T15:12:34+00:00\" \/>\n<meta property=\"og:image\" content=\"https:\/\/www.strawbaggy.com\/wp-content\/uploads\/2025\/02\/Fungus-1-copia.png\" \/>\n\t<meta property=\"og:image:width\" content=\"514\" \/>\n\t<meta property=\"og:image:height\" content=\"514\" \/>\n\t<meta property=\"og:image:type\" content=\"image\/png\" \/>\n<meta name=\"twitter:card\" content=\"summary_large_image\" \/>\n<meta name=\"twitter:label1\" content=\"Precio\" \/>\n\t<meta name=\"twitter:data1\" content=\"15,50&nbsp;&euro;\" \/>\n\t<meta name=\"twitter:label2\" content=\"Disponibilidad\" \/>\n\t<meta name=\"twitter:data2\" content=\"Disponible\" \/>\n<script type=\"application\/ld+json\" class=\"yoast-schema-graph\">{\"@context\":\"https:\\\/\\\/schema.org\",\"@graph\":[{\"@type\":\"WebPage\",\"@id\":\"https:\\\/\\\/www.strawbaggy.com\\\/product\\\/walker-design-limited-edition\\\/\",\"url\":\"https:\\\/\\\/www.strawbaggy.com\\\/product\\\/walker-design-limited-edition\\\/\",\"name\":\"Walker Design Limited Edition - StrawBaggy\",\"isPartOf\":{\"@id\":\"https:\\\/\\\/www.strawbaggy.com\\\/#website\"},\"primaryImageOfPage\":{\"@id\":\"https:\\\/\\\/www.strawbaggy.com\\\/product\\\/walker-design-limited-edition\\\/#primaryimage\"},\"image\":{\"@id\":\"https:\\\/\\\/www.strawbaggy.com\\\/product\\\/walker-design-limited-edition\\\/#primaryimage\"},\"thumbnailUrl\":\"https:\\\/\\\/www.strawbaggy.com\\\/wp-content\\\/uploads\\\/2025\\\/02\\\/Fungus-1-copia.png\",\"datePublished\":\"2025-02-21T09:57:18+00:00\",\"dateModified\":\"2025-12-08T15:12:34+00:00\",\"breadcrumb\":{\"@id\":\"https:\\\/\\\/www.strawbaggy.com\\\/product\\\/walker-design-limited-edition\\\/#breadcrumb\"},\"inLanguage\":\"es\",\"potentialAction\":[{\"@type\":\"ReadAction\",\"target\":[\"https:\\\/\\\/www.strawbaggy.com\\\/product\\\/walker-design-limited-edition\\\/\"]}]},{\"@type\":\"ImageObject\",\"inLanguage\":\"es\",\"@id\":\"https:\\\/\\\/www.strawbaggy.com\\\/product\\\/walker-design-limited-edition\\\/#primaryimage\",\"url\":\"https:\\\/\\\/www.strawbaggy.com\\\/wp-content\\\/uploads\\\/2025\\\/02\\\/Fungus-1-copia.png\",\"contentUrl\":\"https:\\\/\\\/www.strawbaggy.com\\\/wp-content\\\/uploads\\\/2025\\\/02\\\/Fungus-1-copia.png\",\"width\":514,\"height\":514},{\"@type\":\"BreadcrumbList\",\"@id\":\"https:\\\/\\\/www.strawbaggy.com\\\/product\\\/walker-design-limited-edition\\\/#breadcrumb\",\"itemListElement\":[{\"@type\":\"ListItem\",\"position\":1,\"name\":\"Home\",\"item\":\"https:\\\/\\\/www.strawbaggy.com\\\/\"},{\"@type\":\"ListItem\",\"position\":2,\"name\":\"Products\",\"item\":\"https:\\\/\\\/www.strawbaggy.com\\\/shop\\\/\"},{\"@type\":\"ListItem\",\"position\":3,\"name\":\"Walker Design Limited Edition\"}]},{\"@type\":\"WebSite\",\"@id\":\"https:\\\/\\\/www.strawbaggy.com\\\/#website\",\"url\":\"https:\\\/\\\/www.strawbaggy.com\\\/\",\"name\":\"StrawBaggy\",\"description\":\"by Hardcase Technologies\",\"publisher\":{\"@id\":\"https:\\\/\\\/www.strawbaggy.com\\\/#organization\"},\"potentialAction\":[{\"@type\":\"SearchAction\",\"target\":{\"@type\":\"EntryPoint\",\"urlTemplate\":\"https:\\\/\\\/www.strawbaggy.com\\\/?s={search_term_string}\"},\"query-input\":{\"@type\":\"PropertyValueSpecification\",\"valueRequired\":true,\"valueName\":\"search_term_string\"}}],\"inLanguage\":\"es\"},{\"@type\":\"Organization\",\"@id\":\"https:\\\/\\\/www.strawbaggy.com\\\/#organization\",\"name\":\"StrawBaggy by Hardcase Technologies\",\"url\":\"https:\\\/\\\/www.strawbaggy.com\\\/\",\"logo\":{\"@type\":\"ImageObject\",\"inLanguage\":\"es\",\"@id\":\"https:\\\/\\\/www.strawbaggy.com\\\/#\\\/schema\\\/logo\\\/image\\\/\",\"url\":\"https:\\\/\\\/www.strawbaggy.com\\\/wp-content\\\/uploads\\\/2025\\\/02\\\/BET04665-copia.png\",\"contentUrl\":\"https:\\\/\\\/www.strawbaggy.com\\\/wp-content\\\/uploads\\\/2025\\\/02\\\/BET04665-copia.png\",\"width\":1500,\"height\":1500,\"caption\":\"StrawBaggy by Hardcase Technologies\"},\"image\":{\"@id\":\"https:\\\/\\\/www.strawbaggy.com\\\/#\\\/schema\\\/logo\\\/image\\\/\"},\"sameAs\":[\"https:\\\/\\\/www.instagram.com\\\/straw_baggy\\\/\"]}]}<\/script>\n<meta property=\"product:price:amount\" content=\"15.50\" \/>\n<meta property=\"product:price:currency\" content=\"EUR\" \/>\n<meta property=\"og:availability\" content=\"instock\" \/>\n<meta property=\"product:availability\" content=\"instock\" \/>\n<meta property=\"product:retailer_item_id\" content=\"W-B-1-1-1\" \/>\n<meta property=\"product:condition\" content=\"new\" \/>\n<!-- \/ Yoast SEO Premium plugin. -->","yoast_head_json":{"title":"Walker Design Limited Edition - StrawBaggy","robots":{"index":"index","follow":"follow","max-snippet":"max-snippet:-1","max-image-preview":"max-image-preview:large","max-video-preview":"max-video-preview:-1"},"canonical":"https:\/\/www.strawbaggy.com\/es\/producto\/walker-design-limited-edition\/","og_locale":"es_ES","og_type":"article","og_title":"Walker Design Limited Edition","og_description":"Material: EVA (waterproof, shock-resistant, semi-rigid shell) Fabric: PU technical waterproof fabric Size: 8,5cm diameter x 6cm height Weight: 34 g","og_url":"https:\/\/www.strawbaggy.com\/es\/producto\/walker-design-limited-edition\/","og_site_name":"StrawBaggy","article_modified_time":"2025-12-08T15:12:34+00:00","og_image":[{"width":514,"height":514,"url":"https:\/\/www.strawbaggy.com\/wp-content\/uploads\/2025\/02\/Fungus-1-copia.png","type":"image\/png"}],"twitter_card":"summary_large_image","twitter_misc":{"Precio":"15,50&nbsp;&euro;","Disponibilidad":"Disponible"},"schema":{"@context":"https:\/\/schema.org","@graph":[{"@type":"WebPage","@id":"https:\/\/www.strawbaggy.com\/product\/walker-design-limited-edition\/","url":"https:\/\/www.strawbaggy.com\/product\/walker-design-limited-edition\/","name":"Walker Design Limited Edition - StrawBaggy","isPartOf":{"@id":"https:\/\/www.strawbaggy.com\/#website"},"primaryImageOfPage":{"@id":"https:\/\/www.strawbaggy.com\/product\/walker-design-limited-edition\/#primaryimage"},"image":{"@id":"https:\/\/www.strawbaggy.com\/product\/walker-design-limited-edition\/#primaryimage"},"thumbnailUrl":"https:\/\/www.strawbaggy.com\/wp-content\/uploads\/2025\/02\/Fungus-1-copia.png","datePublished":"2025-02-21T09:57:18+00:00","dateModified":"2025-12-08T15:12:34+00:00","breadcrumb":{"@id":"https:\/\/www.strawbaggy.com\/product\/walker-design-limited-edition\/#breadcrumb"},"inLanguage":"es","potentialAction":[{"@type":"ReadAction","target":["https:\/\/www.strawbaggy.com\/product\/walker-design-limited-edition\/"]}]},{"@type":"ImageObject","inLanguage":"es","@id":"https:\/\/www.strawbaggy.com\/product\/walker-design-limited-edition\/#primaryimage","url":"https:\/\/www.strawbaggy.com\/wp-content\/uploads\/2025\/02\/Fungus-1-copia.png","contentUrl":"https:\/\/www.strawbaggy.com\/wp-content\/uploads\/2025\/02\/Fungus-1-copia.png","width":514,"height":514},{"@type":"BreadcrumbList","@id":"https:\/\/www.strawbaggy.com\/product\/walker-design-limited-edition\/#breadcrumb","itemListElement":[{"@type":"ListItem","position":1,"name":"Home","item":"https:\/\/www.strawbaggy.com\/"},{"@type":"ListItem","position":2,"name":"Products","item":"https:\/\/www.strawbaggy.com\/shop\/"},{"@type":"ListItem","position":3,"name":"Walker Design Limited Edition"}]},{"@type":"WebSite","@id":"https:\/\/www.strawbaggy.com\/#website","url":"https:\/\/www.strawbaggy.com\/","name":"StrawBaggy","description":"por Hardcase Technologies","publisher":{"@id":"https:\/\/www.strawbaggy.com\/#organization"},"potentialAction":[{"@type":"SearchAction","target":{"@type":"EntryPoint","urlTemplate":"https:\/\/www.strawbaggy.com\/?s={search_term_string}"},"query-input":{"@type":"PropertyValueSpecification","valueRequired":true,"valueName":"search_term_string"}}],"inLanguage":"es"},{"@type":"Organization","@id":"https:\/\/www.strawbaggy.com\/#organization","name":"StrawBaggy de Hardcase Technologies","url":"https:\/\/www.strawbaggy.com\/","logo":{"@type":"ImageObject","inLanguage":"es","@id":"https:\/\/www.strawbaggy.com\/#\/schema\/logo\/image\/","url":"https:\/\/www.strawbaggy.com\/wp-content\/uploads\/2025\/02\/BET04665-copia.png","contentUrl":"https:\/\/www.strawbaggy.com\/wp-content\/uploads\/2025\/02\/BET04665-copia.png","width":1500,"height":1500,"caption":"StrawBaggy by Hardcase Technologies"},"image":{"@id":"https:\/\/www.strawbaggy.com\/#\/schema\/logo\/image\/"},"sameAs":["https:\/\/www.instagram.com\/straw_baggy\/"]}]},"product_price_amount":"15.50","product_price_currency":"EUR","og_availability":"instock","product_availability":"instock","product_retailer_item_id":"W-B-1-1-1","product_condition":"new"},"jetpack_sharing_enabled":true,"_links":{"self":[{"href":"https:\/\/www.strawbaggy.com\/es\/wp-json\/wp\/v2\/product\/5220","targetHints":{"allow":["GET"]}}],"collection":[{"href":"https:\/\/www.strawbaggy.com\/es\/wp-json\/wp\/v2\/product"}],"about":[{"href":"https:\/\/www.strawbaggy.com\/es\/wp-json\/wp\/v2\/types\/product"}],"wp:featuredmedia":[{"embeddable":true,"href":"https:\/\/www.strawbaggy.com\/es\/wp-json\/wp\/v2\/media\/5282"}],"wp:attachment":[{"href":"https:\/\/www.strawbaggy.com\/es\/wp-json\/wp\/v2\/media?parent=5220"}],"wp:term":[{"taxonomy":"product_brand","embeddable":true,"href":"https:\/\/www.strawbaggy.com\/es\/wp-json\/wp\/v2\/product_brand?post=5220"},{"taxonomy":"product_cat","embeddable":true,"href":"https:\/\/www.strawbaggy.com\/es\/wp-json\/wp\/v2\/product_cat?post=5220"},{"taxonomy":"product_tag","embeddable":true,"href":"https:\/\/www.strawbaggy.com\/es\/wp-json\/wp\/v2\/product_tag?post=5220"}],"curies":[{"name":"wp","href":"https:\/\/api.w.org\/{rel}","templated":true}]}}