{"id":5246,"date":"2025-02-21T13:07:54","date_gmt":"2025-02-21T12:07:54","guid":{"rendered":"https:\/\/www.strawbaggy.com\/?post_type=product&#038;p=5246"},"modified":"2025-09-02T12:08:30","modified_gmt":"2025-09-02T10:08:30","slug":"sticker-pack","status":"publish","type":"product","link":"https:\/\/www.strawbaggy.com\/es\/producto\/sticker-pack\/","title":{"rendered":"Paquete de pegatinas Mr Baggy"},"content":{"rendered":"<p class=\"p1\"><b>Ll\u00e9vanos a tu pr\u00f3xima aventura: \u00a1Pegatinas de Mr. Baggy &amp; Strawbaggy!<\/b><b><\/b><\/p>\n<p class=\"p3\">\u00bfPor qu\u00e9 no te llevas tu <i>Walker<\/i> a un nivel superior? Presentamos nuestro exclusivo <span class=\"s1\"><b>Pegatinas Mr. Baggy &amp; Strawbaggy<\/b><\/span> - la forma definitiva de presumir de estilo y unirse al <i>Strawbaggy<\/i> comunidad all\u00e1 donde vayas.<\/p>\n<p class=\"p3\">P\u00e9galas en los lugares que m\u00e1s te inspiren: tu equipo de viaje, tus accesorios para festivales, tu port\u00e1til o cualquier lugar que te haga vibrar. Cada pegatina es un recordatorio de que la aventura est\u00e1 a la vuelta de la esquina, y nos encanta formar parte de tu viaje.<\/p>\n<p class=\"p1\"><b>Por eso le encantar\u00e1n:<\/b><b><\/b><\/p>\n<p class=\"p4\">-<span class=\"s1\"><b>Dise\u00f1os exclusivos:<\/b><\/span> Con el emblem\u00e1tico <i>Mr. Baggy<\/i> &amp; <i>Strawbaggy<\/i> caracteres<\/p>\n<p class=\"p4\">-<span class=\"s1\"><b>Listo para la aventura:<\/b><\/span> Duradero y resistente a la intemperie para todos sus viajes<\/p>\n<p class=\"p4\">-<span class=\"s1\"><b>Comparte el viaje:<\/b><\/span> P\u00e9galos en cualquier sitio y etiqu\u00e9tanos: \u00a1nos encanta ver ad\u00f3nde nos llevas!<\/p>\n<p class=\"p1\"><b>Viajemos juntos por el mundo<\/b><b><\/b><\/p>\n<p class=\"p3\">Coge tu <i>Sr. Baggy &amp; Strawbaggy<\/i> y empieza a compartir tu viaje. Ya est\u00e9s escalando monta\u00f1as, yendo a tu festival favorito o simplemente relaj\u00e1ndote en tu rinc\u00f3n preferido, hagamos que cada momento sea inolvidable, pegatina a pegatina.<\/p>","protected":false},"excerpt":{"rendered":"<div>Pack 10 pegatinas mixtas<\/div>\n<div>Tama\u00f1o: 8,5 cm de di\u00e1metro x 3 cm<\/div>\n<div><\/div>","protected":false},"featured_media":5368,"template":"","meta":[],"product_brand":[],"product_cat":[79],"product_tag":[122,121],"class_list":{"0":"post-5246","1":"product","2":"type-product","3":"status-publish","4":"has-post-thumbnail","6":"product_cat-mr-baggy","7":"product_tag-mr-baggy","8":"product_tag-strawbaggy-stickers","10":"first","11":"instock","12":"taxable","13":"shipping-taxable","14":"purchasable","15":"product-type-simple"},"yoast_head":"<!-- This site is optimized with the Yoast SEO Premium plugin v27.4 (Yoast SEO v27.4) - https:\/\/yoast.com\/product\/yoast-seo-premium-wordpress\/ -->\n<title>Mr Baggy Sticker Pack - StrawBaggy<\/title>\n<meta name=\"robots\" content=\"index, follow, max-snippet:-1, max-image-preview:large, max-video-preview:-1\" \/>\n<link rel=\"canonical\" href=\"https:\/\/www.strawbaggy.com\/es\/producto\/sticker-pack\/\" \/>\n<meta property=\"og:locale\" content=\"es_ES\" \/>\n<meta property=\"og:type\" content=\"article\" \/>\n<meta property=\"og:title\" content=\"Mr Baggy Sticker Pack\" \/>\n<meta property=\"og:description\" content=\"Pack 10 mix Stickers Size: 8,5cm diameter x 3cm\" \/>\n<meta property=\"og:url\" content=\"https:\/\/www.strawbaggy.com\/es\/producto\/sticker-pack\/\" \/>\n<meta property=\"og:site_name\" content=\"StrawBaggy\" \/>\n<meta property=\"article:modified_time\" content=\"2025-09-02T10:08:30+00:00\" \/>\n<meta property=\"og:image\" content=\"https:\/\/www.strawbaggy.com\/wp-content\/uploads\/2025\/02\/Photoroom_20250221_163631.png\" \/>\n\t<meta property=\"og:image:width\" content=\"800\" \/>\n\t<meta property=\"og:image:height\" content=\"1067\" \/>\n\t<meta property=\"og:image:type\" content=\"image\/png\" \/>\n<meta name=\"twitter:card\" content=\"summary_large_image\" \/>\n<meta name=\"twitter:label1\" content=\"Precio\" \/>\n\t<meta name=\"twitter:data1\" content=\"5,00&nbsp;&euro;\" \/>\n\t<meta name=\"twitter:label2\" content=\"Disponibilidad\" \/>\n\t<meta name=\"twitter:data2\" content=\"Disponible\" \/>\n<script type=\"application\/ld+json\" class=\"yoast-schema-graph\">{\"@context\":\"https:\\\/\\\/schema.org\",\"@graph\":[{\"@type\":\"WebPage\",\"@id\":\"https:\\\/\\\/www.strawbaggy.com\\\/product\\\/sticker-pack\\\/\",\"url\":\"https:\\\/\\\/www.strawbaggy.com\\\/product\\\/sticker-pack\\\/\",\"name\":\"Mr Baggy Sticker Pack - StrawBaggy\",\"isPartOf\":{\"@id\":\"https:\\\/\\\/www.strawbaggy.com\\\/#website\"},\"primaryImageOfPage\":{\"@id\":\"https:\\\/\\\/www.strawbaggy.com\\\/product\\\/sticker-pack\\\/#primaryimage\"},\"image\":{\"@id\":\"https:\\\/\\\/www.strawbaggy.com\\\/product\\\/sticker-pack\\\/#primaryimage\"},\"thumbnailUrl\":\"https:\\\/\\\/www.strawbaggy.com\\\/wp-content\\\/uploads\\\/2025\\\/02\\\/Photoroom_20250221_163631.png\",\"datePublished\":\"2025-02-21T12:07:54+00:00\",\"dateModified\":\"2025-09-02T10:08:30+00:00\",\"breadcrumb\":{\"@id\":\"https:\\\/\\\/www.strawbaggy.com\\\/product\\\/sticker-pack\\\/#breadcrumb\"},\"inLanguage\":\"es\",\"potentialAction\":[{\"@type\":\"ReadAction\",\"target\":[\"https:\\\/\\\/www.strawbaggy.com\\\/product\\\/sticker-pack\\\/\"]}]},{\"@type\":\"ImageObject\",\"inLanguage\":\"es\",\"@id\":\"https:\\\/\\\/www.strawbaggy.com\\\/product\\\/sticker-pack\\\/#primaryimage\",\"url\":\"https:\\\/\\\/www.strawbaggy.com\\\/wp-content\\\/uploads\\\/2025\\\/02\\\/Photoroom_20250221_163631.png\",\"contentUrl\":\"https:\\\/\\\/www.strawbaggy.com\\\/wp-content\\\/uploads\\\/2025\\\/02\\\/Photoroom_20250221_163631.png\",\"width\":800,\"height\":1067},{\"@type\":\"BreadcrumbList\",\"@id\":\"https:\\\/\\\/www.strawbaggy.com\\\/product\\\/sticker-pack\\\/#breadcrumb\",\"itemListElement\":[{\"@type\":\"ListItem\",\"position\":1,\"name\":\"Home\",\"item\":\"https:\\\/\\\/www.strawbaggy.com\\\/\"},{\"@type\":\"ListItem\",\"position\":2,\"name\":\"Products\",\"item\":\"https:\\\/\\\/www.strawbaggy.com\\\/shop\\\/\"},{\"@type\":\"ListItem\",\"position\":3,\"name\":\"Mr Baggy Sticker Pack\"}]},{\"@type\":\"WebSite\",\"@id\":\"https:\\\/\\\/www.strawbaggy.com\\\/#website\",\"url\":\"https:\\\/\\\/www.strawbaggy.com\\\/\",\"name\":\"StrawBaggy\",\"description\":\"by Hardcase Technologies\",\"publisher\":{\"@id\":\"https:\\\/\\\/www.strawbaggy.com\\\/#organization\"},\"potentialAction\":[{\"@type\":\"SearchAction\",\"target\":{\"@type\":\"EntryPoint\",\"urlTemplate\":\"https:\\\/\\\/www.strawbaggy.com\\\/?s={search_term_string}\"},\"query-input\":{\"@type\":\"PropertyValueSpecification\",\"valueRequired\":true,\"valueName\":\"search_term_string\"}}],\"inLanguage\":\"es\"},{\"@type\":\"Organization\",\"@id\":\"https:\\\/\\\/www.strawbaggy.com\\\/#organization\",\"name\":\"StrawBaggy by Hardcase Technologies\",\"url\":\"https:\\\/\\\/www.strawbaggy.com\\\/\",\"logo\":{\"@type\":\"ImageObject\",\"inLanguage\":\"es\",\"@id\":\"https:\\\/\\\/www.strawbaggy.com\\\/#\\\/schema\\\/logo\\\/image\\\/\",\"url\":\"https:\\\/\\\/www.strawbaggy.com\\\/wp-content\\\/uploads\\\/2025\\\/02\\\/BET04665-copia.png\",\"contentUrl\":\"https:\\\/\\\/www.strawbaggy.com\\\/wp-content\\\/uploads\\\/2025\\\/02\\\/BET04665-copia.png\",\"width\":1500,\"height\":1500,\"caption\":\"StrawBaggy by Hardcase Technologies\"},\"image\":{\"@id\":\"https:\\\/\\\/www.strawbaggy.com\\\/#\\\/schema\\\/logo\\\/image\\\/\"},\"sameAs\":[\"https:\\\/\\\/www.instagram.com\\\/straw_baggy\\\/\"]}]}<\/script>\n<meta property=\"product:price:amount\" content=\"5.00\" \/>\n<meta property=\"product:price:currency\" content=\"EUR\" \/>\n<meta property=\"og:availability\" content=\"instock\" \/>\n<meta property=\"product:availability\" content=\"instock\" \/>\n<meta property=\"product:retailer_item_id\" content=\"Sil-mix-1\" \/>\n<meta property=\"product:condition\" content=\"new\" \/>\n<!-- \/ Yoast SEO Premium plugin. -->","yoast_head_json":{"title":"Mr Baggy Sticker Pack - StrawBaggy","robots":{"index":"index","follow":"follow","max-snippet":"max-snippet:-1","max-image-preview":"max-image-preview:large","max-video-preview":"max-video-preview:-1"},"canonical":"https:\/\/www.strawbaggy.com\/es\/producto\/sticker-pack\/","og_locale":"es_ES","og_type":"article","og_title":"Mr Baggy Sticker Pack","og_description":"Pack 10 mix Stickers Size: 8,5cm diameter x 3cm","og_url":"https:\/\/www.strawbaggy.com\/es\/producto\/sticker-pack\/","og_site_name":"StrawBaggy","article_modified_time":"2025-09-02T10:08:30+00:00","og_image":[{"width":800,"height":1067,"url":"https:\/\/www.strawbaggy.com\/wp-content\/uploads\/2025\/02\/Photoroom_20250221_163631.png","type":"image\/png"}],"twitter_card":"summary_large_image","twitter_misc":{"Precio":"5,00&nbsp;&euro;","Disponibilidad":"Disponible"},"schema":{"@context":"https:\/\/schema.org","@graph":[{"@type":"WebPage","@id":"https:\/\/www.strawbaggy.com\/product\/sticker-pack\/","url":"https:\/\/www.strawbaggy.com\/product\/sticker-pack\/","name":"Mr Baggy Sticker Pack - StrawBaggy","isPartOf":{"@id":"https:\/\/www.strawbaggy.com\/#website"},"primaryImageOfPage":{"@id":"https:\/\/www.strawbaggy.com\/product\/sticker-pack\/#primaryimage"},"image":{"@id":"https:\/\/www.strawbaggy.com\/product\/sticker-pack\/#primaryimage"},"thumbnailUrl":"https:\/\/www.strawbaggy.com\/wp-content\/uploads\/2025\/02\/Photoroom_20250221_163631.png","datePublished":"2025-02-21T12:07:54+00:00","dateModified":"2025-09-02T10:08:30+00:00","breadcrumb":{"@id":"https:\/\/www.strawbaggy.com\/product\/sticker-pack\/#breadcrumb"},"inLanguage":"es","potentialAction":[{"@type":"ReadAction","target":["https:\/\/www.strawbaggy.com\/product\/sticker-pack\/"]}]},{"@type":"ImageObject","inLanguage":"es","@id":"https:\/\/www.strawbaggy.com\/product\/sticker-pack\/#primaryimage","url":"https:\/\/www.strawbaggy.com\/wp-content\/uploads\/2025\/02\/Photoroom_20250221_163631.png","contentUrl":"https:\/\/www.strawbaggy.com\/wp-content\/uploads\/2025\/02\/Photoroom_20250221_163631.png","width":800,"height":1067},{"@type":"BreadcrumbList","@id":"https:\/\/www.strawbaggy.com\/product\/sticker-pack\/#breadcrumb","itemListElement":[{"@type":"ListItem","position":1,"name":"Home","item":"https:\/\/www.strawbaggy.com\/"},{"@type":"ListItem","position":2,"name":"Products","item":"https:\/\/www.strawbaggy.com\/shop\/"},{"@type":"ListItem","position":3,"name":"Mr Baggy Sticker Pack"}]},{"@type":"WebSite","@id":"https:\/\/www.strawbaggy.com\/#website","url":"https:\/\/www.strawbaggy.com\/","name":"StrawBaggy","description":"por Hardcase Technologies","publisher":{"@id":"https:\/\/www.strawbaggy.com\/#organization"},"potentialAction":[{"@type":"SearchAction","target":{"@type":"EntryPoint","urlTemplate":"https:\/\/www.strawbaggy.com\/?s={search_term_string}"},"query-input":{"@type":"PropertyValueSpecification","valueRequired":true,"valueName":"search_term_string"}}],"inLanguage":"es"},{"@type":"Organization","@id":"https:\/\/www.strawbaggy.com\/#organization","name":"StrawBaggy de Hardcase Technologies","url":"https:\/\/www.strawbaggy.com\/","logo":{"@type":"ImageObject","inLanguage":"es","@id":"https:\/\/www.strawbaggy.com\/#\/schema\/logo\/image\/","url":"https:\/\/www.strawbaggy.com\/wp-content\/uploads\/2025\/02\/BET04665-copia.png","contentUrl":"https:\/\/www.strawbaggy.com\/wp-content\/uploads\/2025\/02\/BET04665-copia.png","width":1500,"height":1500,"caption":"StrawBaggy by Hardcase Technologies"},"image":{"@id":"https:\/\/www.strawbaggy.com\/#\/schema\/logo\/image\/"},"sameAs":["https:\/\/www.instagram.com\/straw_baggy\/"]}]},"product_price_amount":"5.00","product_price_currency":"EUR","og_availability":"instock","product_availability":"instock","product_retailer_item_id":"Sil-mix-1","product_condition":"new"},"jetpack_sharing_enabled":true,"_links":{"self":[{"href":"https:\/\/www.strawbaggy.com\/es\/wp-json\/wp\/v2\/product\/5246","targetHints":{"allow":["GET"]}}],"collection":[{"href":"https:\/\/www.strawbaggy.com\/es\/wp-json\/wp\/v2\/product"}],"about":[{"href":"https:\/\/www.strawbaggy.com\/es\/wp-json\/wp\/v2\/types\/product"}],"wp:featuredmedia":[{"embeddable":true,"href":"https:\/\/www.strawbaggy.com\/es\/wp-json\/wp\/v2\/media\/5368"}],"wp:attachment":[{"href":"https:\/\/www.strawbaggy.com\/es\/wp-json\/wp\/v2\/media?parent=5246"}],"wp:term":[{"taxonomy":"product_brand","embeddable":true,"href":"https:\/\/www.strawbaggy.com\/es\/wp-json\/wp\/v2\/product_brand?post=5246"},{"taxonomy":"product_cat","embeddable":true,"href":"https:\/\/www.strawbaggy.com\/es\/wp-json\/wp\/v2\/product_cat?post=5246"},{"taxonomy":"product_tag","embeddable":true,"href":"https:\/\/www.strawbaggy.com\/es\/wp-json\/wp\/v2\/product_tag?post=5246"}],"curies":[{"name":"wp","href":"https:\/\/api.w.org\/{rel}","templated":true}]}}