{"id":5247,"date":"2025-02-21T13:14:35","date_gmt":"2025-02-21T12:14:35","guid":{"rendered":"https:\/\/www.strawbaggy.com\/?post_type=product&#038;p=5247"},"modified":"2025-05-22T13:45:52","modified_gmt":"2025-05-22T11:45:52","slug":"mr-baggy-t-shirt","status":"publish","type":"product","link":"https:\/\/www.strawbaggy.com\/es\/producto\/mr-baggy-t-shirt\/","title":{"rendered":"Camiseta gr\u00e1fica"},"content":{"rendered":"<p class=\"p1\"><b>Colecci\u00f3n de camisetas Mr. Baggy - Edici\u00f3n limitada, estilo ilimitado<\/b><b><\/b><\/p>\n<p class=\"p3\">Nos aburrimos con facilidad, por eso siempre estamos creando algo nuevo. Bienvenido a <span class=\"s1\"><b>Colecci\u00f3n de camisetas Mr. Baggy<\/b><\/span>una audaz expresi\u00f3n de individualidad, con <span class=\"s1\"><b>dise\u00f1os \u00fanicos de edici\u00f3n limitada<\/b><\/span> que no durar\u00e1 mucho.<\/p>\n<p class=\"p3\">Cada gota aporta algo fresco, atrevido e imposible de ignorar. No es solo una camiseta, es una declaraci\u00f3n para quienes viven a su manera.<\/p>\n<p class=\"p1\"><b>Lo que lo hace especial:<\/b><b><\/b><\/p>\n<p class=\"p4\">-<span class=\"s1\"><b>Tejido de primera calidad:<\/b><\/span> Hecho de <span class=\"s1\"><b>100% algod\u00f3n peinado hilado en anillos<\/b><\/span> para un tacto supersuave y liso<\/p>\n<p class=\"p4\">-<span class=\"s1\"><b>Corte Slim Fit:<\/b><\/span> Corte moderno y favorecedor que resulta c\u00f3modo a la vez que elegante<\/p>\n<p class=\"p4\">-<span class=\"s1\"><b>Dise\u00f1o duradero:<\/b><\/span> Cuerpo de estructura tubular con cuello redondo acanalado 1\u00d71 para una forma duradera<\/p>\n<p class=\"p4\">-<span class=\"s1\"><b>Etiqueta desprendible:<\/b><\/span> Sin picores ni molestias: puro confort<\/p>\n<p class=\"p4\">-<span class=\"s1\"><b>Ca\u00edda exclusiva:<\/b><\/span> <i>Color gris<\/i> con el vanguardista <span class=\"s1\"><b>Mr. Baggy Punk V1<\/b><\/span> dise\u00f1o (97% algod\u00f3n, 3% mezcla de poli\u00e9ster)<\/p>\n<p class=\"p1\"><b>Edici\u00f3n limitada. Una vez que se ha ido, se ha ido.<\/b><b><\/b><\/p>\n<p class=\"p3\">No se trata de una producci\u00f3n en serie: cada dise\u00f1o se lanza en <span class=\"s1\"><b>cantidades limitadas<\/b><\/span> porque creemos que el estilo nunca debe ser anticuado. Si te gusta destacar y dejar tu huella, esta colecci\u00f3n es para ti.<\/p>\n<p class=\"p3\">Consiga el suyo ahora antes de que desaparezca, porque los aut\u00e9nticos originales nunca permanecen demasiado tiempo en un mismo lugar.<\/p>\n<p class=\"p1\">","protected":false},"excerpt":{"rendered":"<p>-<span class=\"s1\"><b>Tejido de primera calidad:<\/b><\/span> Hecho de <span class=\"s1\"><b>100% algod\u00f3n peinado hilado en anillos<\/b><\/span> para un tacto supersuave y liso<\/p>\n<p><span class=\"s1\"><b>Mr. Baggy Punk V1<\/b><\/span><\/p>\n<p>(97% algod\u00f3n, 3% mezcla de poli\u00e9ster)<\/p>","protected":false},"featured_media":5248,"template":"","meta":[],"product_brand":[],"product_cat":[79],"product_tag":[35,123,34],"class_list":{"0":"post-5247","1":"product","2":"type-product","3":"status-publish","4":"has-post-thumbnail","6":"product_cat-mr-baggy","7":"product_tag-strawbaggy","8":"product_tag-t-shirt-mr-baggy","9":"product_tag-walker","11":"first","12":"instock","13":"taxable","14":"shipping-taxable","15":"purchasable","16":"product-type-simple"},"yoast_head":"<!-- This site is optimized with the Yoast SEO Premium plugin v27.4 (Yoast SEO v27.4) - https:\/\/yoast.com\/product\/yoast-seo-premium-wordpress\/ -->\n<title>Graphic T-Shirt - StrawBaggy<\/title>\n<meta name=\"robots\" content=\"index, follow, max-snippet:-1, max-image-preview:large, max-video-preview:-1\" \/>\n<link rel=\"canonical\" href=\"https:\/\/www.strawbaggy.com\/es\/producto\/mr-baggy-t-shirt\/\" \/>\n<meta property=\"og:locale\" content=\"es_ES\" \/>\n<meta property=\"og:type\" content=\"article\" \/>\n<meta property=\"og:title\" content=\"Graphic T-Shirt\" \/>\n<meta property=\"og:description\" content=\"\u2022Premium Fabric: Made from 100% combed ringspun cotton for a super-soft, smooth feel  Mr. Baggy Punk V1  (97% cotton, 3% polyester blend)\" \/>\n<meta property=\"og:url\" content=\"https:\/\/www.strawbaggy.com\/es\/producto\/mr-baggy-t-shirt\/\" \/>\n<meta property=\"og:site_name\" content=\"StrawBaggy\" \/>\n<meta property=\"article:modified_time\" content=\"2025-05-22T11:45:52+00:00\" \/>\n<meta property=\"og:image\" content=\"https:\/\/www.strawbaggy.com\/wp-content\/uploads\/2025\/02\/strawbaggy-tshirt.png\" \/>\n\t<meta property=\"og:image:width\" content=\"1190\" \/>\n\t<meta property=\"og:image:height\" content=\"1272\" \/>\n\t<meta property=\"og:image:type\" content=\"image\/png\" \/>\n<meta name=\"twitter:card\" content=\"summary_large_image\" \/>\n<meta name=\"twitter:label1\" content=\"Precio\" \/>\n\t<meta name=\"twitter:data1\" content=\"19,00&nbsp;&euro;\" \/>\n\t<meta name=\"twitter:label2\" content=\"Disponibilidad\" \/>\n\t<meta name=\"twitter:data2\" content=\"Disponible\" \/>\n<script type=\"application\/ld+json\" class=\"yoast-schema-graph\">{\"@context\":\"https:\\\/\\\/schema.org\",\"@graph\":[{\"@type\":\"WebPage\",\"@id\":\"https:\\\/\\\/www.strawbaggy.com\\\/product\\\/mr-baggy-t-shirt\\\/\",\"url\":\"https:\\\/\\\/www.strawbaggy.com\\\/product\\\/mr-baggy-t-shirt\\\/\",\"name\":\"Graphic T-Shirt - StrawBaggy\",\"isPartOf\":{\"@id\":\"https:\\\/\\\/www.strawbaggy.com\\\/#website\"},\"primaryImageOfPage\":{\"@id\":\"https:\\\/\\\/www.strawbaggy.com\\\/product\\\/mr-baggy-t-shirt\\\/#primaryimage\"},\"image\":{\"@id\":\"https:\\\/\\\/www.strawbaggy.com\\\/product\\\/mr-baggy-t-shirt\\\/#primaryimage\"},\"thumbnailUrl\":\"https:\\\/\\\/www.strawbaggy.com\\\/wp-content\\\/uploads\\\/2025\\\/02\\\/strawbaggy-tshirt.png\",\"datePublished\":\"2025-02-21T12:14:35+00:00\",\"dateModified\":\"2025-05-22T11:45:52+00:00\",\"breadcrumb\":{\"@id\":\"https:\\\/\\\/www.strawbaggy.com\\\/product\\\/mr-baggy-t-shirt\\\/#breadcrumb\"},\"inLanguage\":\"es\",\"potentialAction\":[{\"@type\":\"ReadAction\",\"target\":[\"https:\\\/\\\/www.strawbaggy.com\\\/product\\\/mr-baggy-t-shirt\\\/\"]}]},{\"@type\":\"ImageObject\",\"inLanguage\":\"es\",\"@id\":\"https:\\\/\\\/www.strawbaggy.com\\\/product\\\/mr-baggy-t-shirt\\\/#primaryimage\",\"url\":\"https:\\\/\\\/www.strawbaggy.com\\\/wp-content\\\/uploads\\\/2025\\\/02\\\/strawbaggy-tshirt.png\",\"contentUrl\":\"https:\\\/\\\/www.strawbaggy.com\\\/wp-content\\\/uploads\\\/2025\\\/02\\\/strawbaggy-tshirt.png\",\"width\":1190,\"height\":1272},{\"@type\":\"BreadcrumbList\",\"@id\":\"https:\\\/\\\/www.strawbaggy.com\\\/product\\\/mr-baggy-t-shirt\\\/#breadcrumb\",\"itemListElement\":[{\"@type\":\"ListItem\",\"position\":1,\"name\":\"Home\",\"item\":\"https:\\\/\\\/www.strawbaggy.com\\\/\"},{\"@type\":\"ListItem\",\"position\":2,\"name\":\"Products\",\"item\":\"https:\\\/\\\/www.strawbaggy.com\\\/shop\\\/\"},{\"@type\":\"ListItem\",\"position\":3,\"name\":\"Graphic T-Shirt\"}]},{\"@type\":\"WebSite\",\"@id\":\"https:\\\/\\\/www.strawbaggy.com\\\/#website\",\"url\":\"https:\\\/\\\/www.strawbaggy.com\\\/\",\"name\":\"StrawBaggy\",\"description\":\"by Hardcase Technologies\",\"publisher\":{\"@id\":\"https:\\\/\\\/www.strawbaggy.com\\\/#organization\"},\"potentialAction\":[{\"@type\":\"SearchAction\",\"target\":{\"@type\":\"EntryPoint\",\"urlTemplate\":\"https:\\\/\\\/www.strawbaggy.com\\\/?s={search_term_string}\"},\"query-input\":{\"@type\":\"PropertyValueSpecification\",\"valueRequired\":true,\"valueName\":\"search_term_string\"}}],\"inLanguage\":\"es\"},{\"@type\":\"Organization\",\"@id\":\"https:\\\/\\\/www.strawbaggy.com\\\/#organization\",\"name\":\"StrawBaggy by Hardcase Technologies\",\"url\":\"https:\\\/\\\/www.strawbaggy.com\\\/\",\"logo\":{\"@type\":\"ImageObject\",\"inLanguage\":\"es\",\"@id\":\"https:\\\/\\\/www.strawbaggy.com\\\/#\\\/schema\\\/logo\\\/image\\\/\",\"url\":\"https:\\\/\\\/www.strawbaggy.com\\\/wp-content\\\/uploads\\\/2025\\\/02\\\/BET04665-copia.png\",\"contentUrl\":\"https:\\\/\\\/www.strawbaggy.com\\\/wp-content\\\/uploads\\\/2025\\\/02\\\/BET04665-copia.png\",\"width\":1500,\"height\":1500,\"caption\":\"StrawBaggy by Hardcase Technologies\"},\"image\":{\"@id\":\"https:\\\/\\\/www.strawbaggy.com\\\/#\\\/schema\\\/logo\\\/image\\\/\"},\"sameAs\":[\"https:\\\/\\\/www.instagram.com\\\/straw_baggy\\\/\"]}]}<\/script>\n<meta property=\"product:price:amount\" content=\"19.00\" \/>\n<meta property=\"product:price:currency\" content=\"EUR\" \/>\n<meta property=\"og:availability\" content=\"instock\" \/>\n<meta property=\"product:availability\" content=\"instock\" \/>\n<meta property=\"product:retailer_item_id\" content=\"T-shirt\" \/>\n<meta property=\"product:condition\" content=\"new\" \/>\n<!-- \/ Yoast SEO Premium plugin. -->","yoast_head_json":{"title":"Graphic T-Shirt - StrawBaggy","robots":{"index":"index","follow":"follow","max-snippet":"max-snippet:-1","max-image-preview":"max-image-preview:large","max-video-preview":"max-video-preview:-1"},"canonical":"https:\/\/www.strawbaggy.com\/es\/producto\/mr-baggy-t-shirt\/","og_locale":"es_ES","og_type":"article","og_title":"Graphic T-Shirt","og_description":"\u2022Premium Fabric: Made from 100% combed ringspun cotton for a super-soft, smooth feel  Mr. Baggy Punk V1  (97% cotton, 3% polyester blend)","og_url":"https:\/\/www.strawbaggy.com\/es\/producto\/mr-baggy-t-shirt\/","og_site_name":"StrawBaggy","article_modified_time":"2025-05-22T11:45:52+00:00","og_image":[{"width":1190,"height":1272,"url":"https:\/\/www.strawbaggy.com\/wp-content\/uploads\/2025\/02\/strawbaggy-tshirt.png","type":"image\/png"}],"twitter_card":"summary_large_image","twitter_misc":{"Precio":"19,00&nbsp;&euro;","Disponibilidad":"Disponible"},"schema":{"@context":"https:\/\/schema.org","@graph":[{"@type":"WebPage","@id":"https:\/\/www.strawbaggy.com\/product\/mr-baggy-t-shirt\/","url":"https:\/\/www.strawbaggy.com\/product\/mr-baggy-t-shirt\/","name":"Graphic T-Shirt - StrawBaggy","isPartOf":{"@id":"https:\/\/www.strawbaggy.com\/#website"},"primaryImageOfPage":{"@id":"https:\/\/www.strawbaggy.com\/product\/mr-baggy-t-shirt\/#primaryimage"},"image":{"@id":"https:\/\/www.strawbaggy.com\/product\/mr-baggy-t-shirt\/#primaryimage"},"thumbnailUrl":"https:\/\/www.strawbaggy.com\/wp-content\/uploads\/2025\/02\/strawbaggy-tshirt.png","datePublished":"2025-02-21T12:14:35+00:00","dateModified":"2025-05-22T11:45:52+00:00","breadcrumb":{"@id":"https:\/\/www.strawbaggy.com\/product\/mr-baggy-t-shirt\/#breadcrumb"},"inLanguage":"es","potentialAction":[{"@type":"ReadAction","target":["https:\/\/www.strawbaggy.com\/product\/mr-baggy-t-shirt\/"]}]},{"@type":"ImageObject","inLanguage":"es","@id":"https:\/\/www.strawbaggy.com\/product\/mr-baggy-t-shirt\/#primaryimage","url":"https:\/\/www.strawbaggy.com\/wp-content\/uploads\/2025\/02\/strawbaggy-tshirt.png","contentUrl":"https:\/\/www.strawbaggy.com\/wp-content\/uploads\/2025\/02\/strawbaggy-tshirt.png","width":1190,"height":1272},{"@type":"BreadcrumbList","@id":"https:\/\/www.strawbaggy.com\/product\/mr-baggy-t-shirt\/#breadcrumb","itemListElement":[{"@type":"ListItem","position":1,"name":"Home","item":"https:\/\/www.strawbaggy.com\/"},{"@type":"ListItem","position":2,"name":"Products","item":"https:\/\/www.strawbaggy.com\/shop\/"},{"@type":"ListItem","position":3,"name":"Graphic T-Shirt"}]},{"@type":"WebSite","@id":"https:\/\/www.strawbaggy.com\/#website","url":"https:\/\/www.strawbaggy.com\/","name":"StrawBaggy","description":"por Hardcase Technologies","publisher":{"@id":"https:\/\/www.strawbaggy.com\/#organization"},"potentialAction":[{"@type":"SearchAction","target":{"@type":"EntryPoint","urlTemplate":"https:\/\/www.strawbaggy.com\/?s={search_term_string}"},"query-input":{"@type":"PropertyValueSpecification","valueRequired":true,"valueName":"search_term_string"}}],"inLanguage":"es"},{"@type":"Organization","@id":"https:\/\/www.strawbaggy.com\/#organization","name":"StrawBaggy de Hardcase Technologies","url":"https:\/\/www.strawbaggy.com\/","logo":{"@type":"ImageObject","inLanguage":"es","@id":"https:\/\/www.strawbaggy.com\/#\/schema\/logo\/image\/","url":"https:\/\/www.strawbaggy.com\/wp-content\/uploads\/2025\/02\/BET04665-copia.png","contentUrl":"https:\/\/www.strawbaggy.com\/wp-content\/uploads\/2025\/02\/BET04665-copia.png","width":1500,"height":1500,"caption":"StrawBaggy by Hardcase Technologies"},"image":{"@id":"https:\/\/www.strawbaggy.com\/#\/schema\/logo\/image\/"},"sameAs":["https:\/\/www.instagram.com\/straw_baggy\/"]}]},"product_price_amount":"19.00","product_price_currency":"EUR","og_availability":"instock","product_availability":"instock","product_retailer_item_id":"T-shirt","product_condition":"new"},"jetpack_sharing_enabled":true,"_links":{"self":[{"href":"https:\/\/www.strawbaggy.com\/es\/wp-json\/wp\/v2\/product\/5247","targetHints":{"allow":["GET"]}}],"collection":[{"href":"https:\/\/www.strawbaggy.com\/es\/wp-json\/wp\/v2\/product"}],"about":[{"href":"https:\/\/www.strawbaggy.com\/es\/wp-json\/wp\/v2\/types\/product"}],"wp:featuredmedia":[{"embeddable":true,"href":"https:\/\/www.strawbaggy.com\/es\/wp-json\/wp\/v2\/media\/5248"}],"wp:attachment":[{"href":"https:\/\/www.strawbaggy.com\/es\/wp-json\/wp\/v2\/media?parent=5247"}],"wp:term":[{"taxonomy":"product_brand","embeddable":true,"href":"https:\/\/www.strawbaggy.com\/es\/wp-json\/wp\/v2\/product_brand?post=5247"},{"taxonomy":"product_cat","embeddable":true,"href":"https:\/\/www.strawbaggy.com\/es\/wp-json\/wp\/v2\/product_cat?post=5247"},{"taxonomy":"product_tag","embeddable":true,"href":"https:\/\/www.strawbaggy.com\/es\/wp-json\/wp\/v2\/product_tag?post=5247"}],"curies":[{"name":"wp","href":"https:\/\/api.w.org\/{rel}","templated":true}]}}