{"id":6801,"date":"2025-09-19T16:17:00","date_gmt":"2025-09-19T14:17:00","guid":{"rendered":"https:\/\/www.strawbaggy.com\/?post_type=product&#038;p=6801"},"modified":"2026-04-10T16:19:44","modified_gmt":"2026-04-10T14:19:44","slug":"on-off-rfid-pocket-bag","status":"publish","type":"product","link":"https:\/\/www.strawbaggy.com\/es\/producto\/on-off-rfid-pocket-bag\/","title":{"rendered":"Bolsa de bolsillo ON-OFF RFID"},"content":{"rendered":"<p class=\"p1\" style=\"text-align: center;\"><b>La bolsa de bolsillo Stash para cada situaci\u00f3n. <\/b><span class=\"s1\">\ud83d\udd25 \ud83d\udda4 <\/span><b>\"Cambia el frontal, reinventa tu bolso\".<\/b><\/p>\n<p>&nbsp;<\/p>\n<p class=\"p1\" style=\"text-align: center;\">M\u00e1xima protecci\u00f3n, cero compromisos.  Fabricada con tejido de poli\u00e9ster bal\u00edstico impermeable<\/p>\n<p class=\"p1\" style=\"text-align: center;\">Una doble capa de carb\u00f3n activado garantiza una total funcionalidad a prueba de olores. <span class=\"s1\">\ud83c\udf2c \u274c \ud83d\udc43\u00a0<\/span><\/p>\n<p class=\"p1\" style=\"text-align: center;\"><span class=\"s2\">\u2714<\/span>100% A prueba de lluvia y humedad - Mantiene su producto a salvo de la lluvia y la humedad. situaci\u00f3n <span class=\"s1\">\u2614<\/span><\/p>\n<p class=\"p1\" style=\"text-align: center;\"><span class=\"s2\">\u2714<\/span>Cierre de seguridad avanzado: cremallera y cerradura de combinaci\u00f3n\u00a0 <span class=\"s1\">\ud83d\udd12<\/span><\/p>\n<p class=\"p1\" style=\"text-align: center;\"><span class=\"s2\">\u2714 A prueba de olores<\/span> con una doble capa de carb\u00f3n activado.<\/p>\n<p style=\"text-align: center;\"><span class=\"s2\">\u2714Interior s\u00faper organizado para cada usuario y cada uso.<\/span><\/p>\n<p>&nbsp;<\/p>\n<p style=\"text-align: center;\"><span style=\"color: #3366ff;\"><em><strong>NUEVAS FUNCIONES.\u00a0<\/strong><\/em><\/span><\/p>\n<p style=\"text-align: center;\"><span class=\"s2\">\u2714 Protecci\u00f3n RFID ON-OFF. Protegido all\u00e1 donde vayas.\u00a0<\/span><\/p>\n<p style=\"text-align: center;\"><b>-PERMANECER LIBRE Y BLOQUEO DE PRIVACIDAD<\/b><\/p>\n<p style=\"text-align: center;\"><b>-DETENER A LOS PIRATAS INFORM\u00c1TICOS DE TEL\u00c9FONOS M\u00d3VILES<\/b><\/p>\n<p style=\"text-align: center;\"><b>-EVITAR QUE LE ROBEN EL COCHE <\/b><\/p>\n<p style=\"text-align: center;\"><b>-PROTEGE TUS APARATOS ELECTR\u00d3NICOS DE UN EMP <\/b><\/p>\n<p style=\"text-align: center;\"><b>-BLOQUEAR EL BORRADO A DISTANCIA DE UN DELINCUENTE<\/b><\/p>\n<p style=\"text-align: center;\"><b>-PROTEGE LOS DATOS DE TU TEL\u00c9FONO<span class=\"Apple-converted-space\">\u00a0 <\/span>&amp;LAPTOP<\/b><\/p>\n<p>&nbsp;<\/p>\n<p class=\"p1\" style=\"text-align: center;\"><b>Una bolsa, infinitos estilos<\/b><b><\/b><\/p>\n<p class=\"p3\" style=\"text-align: center;\"><span class=\"s1\"><b>ON-OFF de Strawbaggy<\/b><\/span>la bolsa que se transforma contigo.<\/p>\n<p class=\"p3\" style=\"text-align: center;\">Gracias a su <span class=\"s1\"><b>panel frontal de cuero vegano extra\u00edble<\/b><\/span>puede f\u00e1cilmente <span class=\"s1\"><b>cambiar colores o a\u00f1adir impresiones personalizadas<\/b><\/span>Para que su bolso parezca nuevo en cada ocasi\u00f3n.<\/p>\n<p class=\"p3\" style=\"text-align: center;\">\u2714\ufe0f Cambia de look en segundos<\/p>\n<p class=\"p3\" style=\"text-align: center;\">\u2714\ufe0f A juego con su estilo, estado de \u00e1nimo o evento<\/p>\n<p class=\"p3\" style=\"text-align: center;\">\u2714\ufe0f Sostenible <span class=\"s1\"><b>cuero vegano<\/b><\/span> dise\u00f1o<\/p>\n<p style=\"text-align: center;\">\u2714\ufe0f 2 colores incluidos. Negro y gris claro en <span class=\"s1\"><b>cuero vegano.<\/b><\/span><\/p>\n<p class=\"p3\" style=\"text-align: center;\"><strong>Con ON-OFF, no s\u00f3lo lleva una bolsa, sino un lienzo de posibilidades.<\/strong><\/p>\n<p class=\"p1\" style=\"text-align: center;\"><span style=\"color: #ff0000;\"><b>Tu bolso. Tu estilo. En cualquier momento<\/b><\/span><\/p>\n<p style=\"text-align: center;\"><span style=\"color: #ff0000;\"><strong>En el futuro, tenemos previsto lanzar colores adicionales. Est\u00e9n atentos...\u00a0<\/strong><\/span><\/p>\n<p>&nbsp;<\/p>\n<h6 class=\"p1\" style=\"text-align: center;\"><span style=\"color: #ff0000;\"><b>AVISO<\/b><b><\/b><\/span><\/h6>\n<h6 class=\"p2\" style=\"text-align: center;\"><span style=\"color: #ff0000;\">Nuestras bolsas antiolor est\u00e1n dise\u00f1adas con una capa de carb\u00f3n activado extrafuerte. <\/span><span style=\"color: #ff0000;\">Son <span class=\"s1\"><b>no bolsas de almacenamiento<\/b><\/span> - est\u00e1n dise\u00f1ados exclusivamente para <span class=\"s1\"><b>transporte seguro y discreto<\/b><\/span>.<\/span><\/h6>\n<h6 class=\"p2\" style=\"text-align: center;\"><span style=\"color: #ff0000;\">Para obtener mejores resultados, retire los productos cuando no los utilice. <\/span><span style=\"color: #ff0000;\">De este modo, preservar\u00e1 su <span class=\"s1\"><b>frescura, aroma y sabor<\/b><\/span> mientras disfrutas de total tranquilidad sobre la marcha.<\/span><\/h6>","protected":false},"excerpt":{"rendered":"<p>Tama\u00f1o: 24cm x 19 cm - An. 9 cm - 0,42 Kg<\/p>\n<p>Incluye 2 fundas de cuero vegano.<\/p>","protected":false},"featured_media":7527,"template":"","meta":[],"product_brand":[],"product_cat":[144],"product_tag":[132,131,129,126,146,130,145,128],"class_list":{"0":"post-6801","1":"product","2":"type-product","3":"status-publish","4":"has-post-thumbnail","6":"product_cat-on-off","7":"product_tag-absence","8":"product_tag-bag-smellproof","9":"product_tag-carbon-layer","10":"product_tag-odor-proof","11":"product_tag-rfid","12":"product_tag-smell-proof","13":"product_tag-zeld","14":"product_tag-zip-zero","16":"first","17":"instock","18":"taxable","19":"shipping-taxable","20":"purchasable","21":"product-type-simple"},"yoast_head":"<!-- This site is optimized with the Yoast SEO Premium plugin v27.4 (Yoast SEO v27.4) - https:\/\/yoast.com\/product\/yoast-seo-premium-wordpress\/ -->\n<title>ON-OFF Pocket Bag By Strawbaggy<\/title>\n<meta name=\"description\" content=\"RFID Protection &amp; Smell-proof. The Pocket Stash-Bag for Every Situation. \ud83d\udd25 Maximum Protection\ud83d\udd25 Dual layer of activated carbon charcoal.\" \/>\n<meta name=\"robots\" content=\"index, follow, max-snippet:-1, max-image-preview:large, max-video-preview:-1\" \/>\n<link rel=\"canonical\" href=\"https:\/\/www.strawbaggy.com\/es\/producto\/on-off-rfid-pocket-bag\/\" \/>\n<meta property=\"og:locale\" content=\"es_ES\" \/>\n<meta property=\"og:type\" content=\"article\" \/>\n<meta property=\"og:title\" content=\"ON-OFF RFID Pocket bag\" \/>\n<meta property=\"og:description\" content=\"RFID Protection &amp; Smell-proof. The Pocket Stash-Bag for Every Situation. \ud83d\udd25 Maximum Protection\ud83d\udd25 Dual layer of activated carbon charcoal.\" \/>\n<meta property=\"og:url\" content=\"https:\/\/www.strawbaggy.com\/es\/producto\/on-off-rfid-pocket-bag\/\" \/>\n<meta property=\"og:site_name\" content=\"StrawBaggy\" \/>\n<meta property=\"article:modified_time\" content=\"2026-04-10T14:19:44+00:00\" \/>\n<meta property=\"og:image\" content=\"https:\/\/www.strawbaggy.com\/wp-content\/uploads\/2026\/02\/blissed-1.jpg\" \/>\n\t<meta property=\"og:image:width\" content=\"2000\" \/>\n\t<meta property=\"og:image:height\" content=\"2000\" \/>\n\t<meta property=\"og:image:type\" content=\"image\/jpeg\" \/>\n<meta name=\"twitter:card\" content=\"summary_large_image\" \/>\n<meta name=\"twitter:label1\" content=\"Precio\" \/>\n\t<meta name=\"twitter:data1\" content=\"63,00&nbsp;&euro;\" \/>\n\t<meta name=\"twitter:label2\" content=\"Disponibilidad\" \/>\n\t<meta name=\"twitter:data2\" content=\"Disponible\" \/>\n<script type=\"application\/ld+json\" class=\"yoast-schema-graph\">{\"@context\":\"https:\\\/\\\/schema.org\",\"@graph\":[{\"@type\":\"WebPage\",\"@id\":\"https:\\\/\\\/www.strawbaggy.com\\\/product\\\/on-off-rfid-pocket-bag\\\/\",\"url\":\"https:\\\/\\\/www.strawbaggy.com\\\/product\\\/on-off-rfid-pocket-bag\\\/\",\"name\":\"ON-OFF Pocket Bag By Strawbaggy\",\"isPartOf\":{\"@id\":\"https:\\\/\\\/www.strawbaggy.com\\\/#website\"},\"primaryImageOfPage\":{\"@id\":\"https:\\\/\\\/www.strawbaggy.com\\\/product\\\/on-off-rfid-pocket-bag\\\/#primaryimage\"},\"image\":{\"@id\":\"https:\\\/\\\/www.strawbaggy.com\\\/product\\\/on-off-rfid-pocket-bag\\\/#primaryimage\"},\"thumbnailUrl\":\"https:\\\/\\\/www.strawbaggy.com\\\/wp-content\\\/uploads\\\/2026\\\/02\\\/blissed-1.jpg\",\"datePublished\":\"2025-09-19T14:17:00+00:00\",\"dateModified\":\"2026-04-10T14:19:44+00:00\",\"description\":\"RFID Protection & Smell-proof. The Pocket Stash-Bag for Every Situation. \ud83d\udd25 Maximum Protection\ud83d\udd25 Dual layer of activated carbon charcoal.\",\"breadcrumb\":{\"@id\":\"https:\\\/\\\/www.strawbaggy.com\\\/product\\\/on-off-rfid-pocket-bag\\\/#breadcrumb\"},\"inLanguage\":\"es\",\"potentialAction\":[{\"@type\":\"ReadAction\",\"target\":[\"https:\\\/\\\/www.strawbaggy.com\\\/product\\\/on-off-rfid-pocket-bag\\\/\"]}]},{\"@type\":\"ImageObject\",\"inLanguage\":\"es\",\"@id\":\"https:\\\/\\\/www.strawbaggy.com\\\/product\\\/on-off-rfid-pocket-bag\\\/#primaryimage\",\"url\":\"https:\\\/\\\/www.strawbaggy.com\\\/wp-content\\\/uploads\\\/2026\\\/02\\\/blissed-1.jpg\",\"contentUrl\":\"https:\\\/\\\/www.strawbaggy.com\\\/wp-content\\\/uploads\\\/2026\\\/02\\\/blissed-1.jpg\",\"width\":2000,\"height\":2000},{\"@type\":\"BreadcrumbList\",\"@id\":\"https:\\\/\\\/www.strawbaggy.com\\\/product\\\/on-off-rfid-pocket-bag\\\/#breadcrumb\",\"itemListElement\":[{\"@type\":\"ListItem\",\"position\":1,\"name\":\"Home\",\"item\":\"https:\\\/\\\/www.strawbaggy.com\\\/\"},{\"@type\":\"ListItem\",\"position\":2,\"name\":\"Products\",\"item\":\"https:\\\/\\\/www.strawbaggy.com\\\/shop\\\/\"},{\"@type\":\"ListItem\",\"position\":3,\"name\":\"ON-OFF RFID Pocket bag\"}]},{\"@type\":\"WebSite\",\"@id\":\"https:\\\/\\\/www.strawbaggy.com\\\/#website\",\"url\":\"https:\\\/\\\/www.strawbaggy.com\\\/\",\"name\":\"StrawBaggy\",\"description\":\"by Hardcase Technologies\",\"publisher\":{\"@id\":\"https:\\\/\\\/www.strawbaggy.com\\\/#organization\"},\"potentialAction\":[{\"@type\":\"SearchAction\",\"target\":{\"@type\":\"EntryPoint\",\"urlTemplate\":\"https:\\\/\\\/www.strawbaggy.com\\\/?s={search_term_string}\"},\"query-input\":{\"@type\":\"PropertyValueSpecification\",\"valueRequired\":true,\"valueName\":\"search_term_string\"}}],\"inLanguage\":\"es\"},{\"@type\":\"Organization\",\"@id\":\"https:\\\/\\\/www.strawbaggy.com\\\/#organization\",\"name\":\"StrawBaggy by Hardcase Technologies\",\"url\":\"https:\\\/\\\/www.strawbaggy.com\\\/\",\"logo\":{\"@type\":\"ImageObject\",\"inLanguage\":\"es\",\"@id\":\"https:\\\/\\\/www.strawbaggy.com\\\/#\\\/schema\\\/logo\\\/image\\\/\",\"url\":\"https:\\\/\\\/www.strawbaggy.com\\\/wp-content\\\/uploads\\\/2025\\\/02\\\/BET04665-copia.png\",\"contentUrl\":\"https:\\\/\\\/www.strawbaggy.com\\\/wp-content\\\/uploads\\\/2025\\\/02\\\/BET04665-copia.png\",\"width\":1500,\"height\":1500,\"caption\":\"StrawBaggy by Hardcase Technologies\"},\"image\":{\"@id\":\"https:\\\/\\\/www.strawbaggy.com\\\/#\\\/schema\\\/logo\\\/image\\\/\"},\"sameAs\":[\"https:\\\/\\\/www.instagram.com\\\/straw_baggy\\\/\"]}]}<\/script>\n<meta property=\"product:price:amount\" content=\"63.00\" \/>\n<meta property=\"product:price:currency\" content=\"EUR\" \/>\n<meta property=\"og:availability\" content=\"instock\" \/>\n<meta property=\"product:availability\" content=\"instock\" \/>\n<meta property=\"product:retailer_item_id\" content=\"ONOFF-P\" \/>\n<meta property=\"product:condition\" content=\"new\" \/>\n<!-- \/ Yoast SEO Premium plugin. -->","yoast_head_json":{"title":"ON-OFF Pocket Bag By Strawbaggy","description":"RFID Protection & Smell-proof. The Pocket Stash-Bag for Every Situation. \ud83d\udd25 Maximum Protection\ud83d\udd25 Dual layer of activated carbon charcoal.","robots":{"index":"index","follow":"follow","max-snippet":"max-snippet:-1","max-image-preview":"max-image-preview:large","max-video-preview":"max-video-preview:-1"},"canonical":"https:\/\/www.strawbaggy.com\/es\/producto\/on-off-rfid-pocket-bag\/","og_locale":"es_ES","og_type":"article","og_title":"ON-OFF RFID Pocket bag","og_description":"RFID Protection & Smell-proof. The Pocket Stash-Bag for Every Situation. \ud83d\udd25 Maximum Protection\ud83d\udd25 Dual layer of activated carbon charcoal.","og_url":"https:\/\/www.strawbaggy.com\/es\/producto\/on-off-rfid-pocket-bag\/","og_site_name":"StrawBaggy","article_modified_time":"2026-04-10T14:19:44+00:00","og_image":[{"width":2000,"height":2000,"url":"https:\/\/www.strawbaggy.com\/wp-content\/uploads\/2026\/02\/blissed-1.jpg","type":"image\/jpeg"}],"twitter_card":"summary_large_image","twitter_misc":{"Precio":"63,00&nbsp;&euro;","Disponibilidad":"Disponible"},"schema":{"@context":"https:\/\/schema.org","@graph":[{"@type":"WebPage","@id":"https:\/\/www.strawbaggy.com\/product\/on-off-rfid-pocket-bag\/","url":"https:\/\/www.strawbaggy.com\/product\/on-off-rfid-pocket-bag\/","name":"ON-OFF Pocket Bag By Strawbaggy","isPartOf":{"@id":"https:\/\/www.strawbaggy.com\/#website"},"primaryImageOfPage":{"@id":"https:\/\/www.strawbaggy.com\/product\/on-off-rfid-pocket-bag\/#primaryimage"},"image":{"@id":"https:\/\/www.strawbaggy.com\/product\/on-off-rfid-pocket-bag\/#primaryimage"},"thumbnailUrl":"https:\/\/www.strawbaggy.com\/wp-content\/uploads\/2026\/02\/blissed-1.jpg","datePublished":"2025-09-19T14:17:00+00:00","dateModified":"2026-04-10T14:19:44+00:00","description":"RFID Protection & Smell-proof. The Pocket Stash-Bag for Every Situation. \ud83d\udd25 Maximum Protection\ud83d\udd25 Dual layer of activated carbon charcoal.","breadcrumb":{"@id":"https:\/\/www.strawbaggy.com\/product\/on-off-rfid-pocket-bag\/#breadcrumb"},"inLanguage":"es","potentialAction":[{"@type":"ReadAction","target":["https:\/\/www.strawbaggy.com\/product\/on-off-rfid-pocket-bag\/"]}]},{"@type":"ImageObject","inLanguage":"es","@id":"https:\/\/www.strawbaggy.com\/product\/on-off-rfid-pocket-bag\/#primaryimage","url":"https:\/\/www.strawbaggy.com\/wp-content\/uploads\/2026\/02\/blissed-1.jpg","contentUrl":"https:\/\/www.strawbaggy.com\/wp-content\/uploads\/2026\/02\/blissed-1.jpg","width":2000,"height":2000},{"@type":"BreadcrumbList","@id":"https:\/\/www.strawbaggy.com\/product\/on-off-rfid-pocket-bag\/#breadcrumb","itemListElement":[{"@type":"ListItem","position":1,"name":"Home","item":"https:\/\/www.strawbaggy.com\/"},{"@type":"ListItem","position":2,"name":"Products","item":"https:\/\/www.strawbaggy.com\/shop\/"},{"@type":"ListItem","position":3,"name":"ON-OFF RFID Pocket bag"}]},{"@type":"WebSite","@id":"https:\/\/www.strawbaggy.com\/#website","url":"https:\/\/www.strawbaggy.com\/","name":"StrawBaggy","description":"por Hardcase Technologies","publisher":{"@id":"https:\/\/www.strawbaggy.com\/#organization"},"potentialAction":[{"@type":"SearchAction","target":{"@type":"EntryPoint","urlTemplate":"https:\/\/www.strawbaggy.com\/?s={search_term_string}"},"query-input":{"@type":"PropertyValueSpecification","valueRequired":true,"valueName":"search_term_string"}}],"inLanguage":"es"},{"@type":"Organization","@id":"https:\/\/www.strawbaggy.com\/#organization","name":"StrawBaggy de Hardcase Technologies","url":"https:\/\/www.strawbaggy.com\/","logo":{"@type":"ImageObject","inLanguage":"es","@id":"https:\/\/www.strawbaggy.com\/#\/schema\/logo\/image\/","url":"https:\/\/www.strawbaggy.com\/wp-content\/uploads\/2025\/02\/BET04665-copia.png","contentUrl":"https:\/\/www.strawbaggy.com\/wp-content\/uploads\/2025\/02\/BET04665-copia.png","width":1500,"height":1500,"caption":"StrawBaggy by Hardcase Technologies"},"image":{"@id":"https:\/\/www.strawbaggy.com\/#\/schema\/logo\/image\/"},"sameAs":["https:\/\/www.instagram.com\/straw_baggy\/"]}]},"product_price_amount":"63.00","product_price_currency":"EUR","og_availability":"instock","product_availability":"instock","product_retailer_item_id":"ONOFF-P","product_condition":"new"},"jetpack_sharing_enabled":true,"_links":{"self":[{"href":"https:\/\/www.strawbaggy.com\/es\/wp-json\/wp\/v2\/product\/6801","targetHints":{"allow":["GET"]}}],"collection":[{"href":"https:\/\/www.strawbaggy.com\/es\/wp-json\/wp\/v2\/product"}],"about":[{"href":"https:\/\/www.strawbaggy.com\/es\/wp-json\/wp\/v2\/types\/product"}],"wp:featuredmedia":[{"embeddable":true,"href":"https:\/\/www.strawbaggy.com\/es\/wp-json\/wp\/v2\/media\/7527"}],"wp:attachment":[{"href":"https:\/\/www.strawbaggy.com\/es\/wp-json\/wp\/v2\/media?parent=6801"}],"wp:term":[{"taxonomy":"product_brand","embeddable":true,"href":"https:\/\/www.strawbaggy.com\/es\/wp-json\/wp\/v2\/product_brand?post=6801"},{"taxonomy":"product_cat","embeddable":true,"href":"https:\/\/www.strawbaggy.com\/es\/wp-json\/wp\/v2\/product_cat?post=6801"},{"taxonomy":"product_tag","embeddable":true,"href":"https:\/\/www.strawbaggy.com\/es\/wp-json\/wp\/v2\/product_tag?post=6801"}],"curies":[{"name":"wp","href":"https:\/\/api.w.org\/{rel}","templated":true}]}}