{"id":7683,"date":"2026-04-10T16:00:54","date_gmt":"2026-04-10T14:00:54","guid":{"rendered":"https:\/\/www.strawbaggy.com\/?post_type=product&#038;p=7683"},"modified":"2026-04-10T17:21:48","modified_gmt":"2026-04-10T15:21:48","slug":"cover-for-on-off-rfid-slingbag","status":"publish","type":"product","link":"https:\/\/www.strawbaggy.com\/es\/producto\/cover-for-on-off-rfid-slingbag\/","title":{"rendered":"Funda para bolso cruzado RFID On-Off"},"content":{"rendered":"<p class=\"p1\" style=\"text-align: center;\"><b>Una bolsa, infinitos estilos<\/b><b><\/b><\/p>\n<p class=\"p3\" style=\"text-align: center;\"><span class=\"s1\"><b>ON-OFF de Strawbaggy<\/b><\/span>la bolsa que se transforma contigo.<\/p>\n<p class=\"p3\" style=\"text-align: center;\">Gracias a su <span class=\"s1\"><b>panel frontal de cuero vegano extra\u00edble<\/b><\/span>puede f\u00e1cilmente <span class=\"s1\"><b>cambiar colores o a\u00f1adir impresiones personalizadas<\/b><\/span>Para que su bolso parezca nuevo en cada ocasi\u00f3n.<\/p>\n<p class=\"p3\" style=\"text-align: center;\">\u2714\ufe0f Cambia de look en segundos<\/p>\n<p class=\"p3\" style=\"text-align: center;\">\u2714\ufe0f A juego con su estilo, estado de \u00e1nimo o evento<\/p>\n<p class=\"p3\" style=\"text-align: center;\">\u2714\ufe0f Sostenible <span class=\"s1\"><b>cuero vegano<\/b><\/span> dise\u00f1o<\/p>\n<p class=\"p3\" style=\"text-align: center;\"><strong>Con ON-OFF, no s\u00f3lo lleva una bolsa, sino un lienzo de posibilidades.<\/strong><\/p>\n<p class=\"p1\" style=\"text-align: center;\"><span style=\"color: #ff0000;\"><b>Tu bolso. Tu estilo. En cualquier momento<\/b><\/span><\/p>\n<p>&nbsp;<\/p>\n<p style=\"text-align: center;\"><span style=\"color: #ff0000;\"><strong>En el futuro, tenemos previsto lanzar colores adicionales. Est\u00e9n atentos...\u00a0<\/strong><\/span><\/p>\n<p><img fetchpriority=\"high\" decoding=\"async\" class=\"alignnone wp-image-6714 aligncenter\" src=\"https:\/\/www.strawbaggy.com\/wp-content\/uploads\/2025\/09\/Zeld-sling-bag-Home-300x200.png\" alt=\"\" width=\"396\" height=\"264\" srcset=\"https:\/\/www.strawbaggy.com\/wp-content\/uploads\/2025\/09\/Zeld-sling-bag-Home-300x200.png 300w, https:\/\/www.strawbaggy.com\/wp-content\/uploads\/2025\/09\/Zeld-sling-bag-Home-768x512.png 768w, https:\/\/www.strawbaggy.com\/wp-content\/uploads\/2025\/09\/Zeld-sling-bag-Home-18x12.png 18w, https:\/\/www.strawbaggy.com\/wp-content\/uploads\/2025\/09\/Zeld-sling-bag-Home-600x400.png 600w, https:\/\/www.strawbaggy.com\/wp-content\/uploads\/2025\/09\/Zeld-sling-bag-Home.png 1000w\" sizes=\"(max-width: 396px) 100vw, 396px\" \/><\/p>\n<h6 class=\"p1\" style=\"text-align: center;\"><span style=\"color: #ff0000;\"><b>AVISO<\/b><b><\/b><\/span><\/h6>\n<h6 class=\"p2\" style=\"text-align: center;\"><span style=\"color: #ff0000;\">Nuestras bolsas antiolor est\u00e1n dise\u00f1adas con una capa de carb\u00f3n activado extrafuerte. <\/span><span style=\"color: #ff0000;\">Son <span class=\"s1\"><b>no bolsas de almacenamiento<\/b><\/span> - est\u00e1n dise\u00f1ados exclusivamente para <span class=\"s1\"><b>transporte seguro y discreto<\/b><\/span>.<\/span><\/h6>\n<h6 class=\"p2\" style=\"text-align: center;\"><span style=\"color: #ff0000;\">Para obtener mejores resultados, retire los productos cuando no los utilice. <\/span><span style=\"color: #ff0000;\">De este modo, preservar\u00e1 su <span class=\"s1\"><b>frescura, aroma y sabor<\/b><\/span> mientras disfrutas de total tranquilidad sobre la marcha.<\/span><\/h6>\n<h3 class=\"p2\" style=\"text-align: center;\"><span style=\"text-decoration: underline;\"><strong><span style=\"color: #ff0000;\"><span style=\"caret-color: #ff0000;\">ON-OFF RFID SLING BAG NOT INCLUDED<\/span><\/span><\/strong><\/span><\/h3>","protected":false},"excerpt":{"rendered":"<p>Size: 33cm x 23 cm &#8211; W. 1 cm &#8211; 0,3 Kg<\/p>","protected":false},"featured_media":7566,"template":"","meta":[],"product_brand":[],"product_cat":[144],"product_tag":[132,131,129,126,146,130,145,128],"class_list":{"0":"post-7683","1":"product","2":"type-product","3":"status-publish","4":"has-post-thumbnail","6":"product_cat-on-off","7":"product_tag-absence","8":"product_tag-bag-smellproof","9":"product_tag-carbon-layer","10":"product_tag-odor-proof","11":"product_tag-rfid","12":"product_tag-smell-proof","13":"product_tag-zeld","14":"product_tag-zip-zero","16":"first","17":"instock","18":"taxable","19":"shipping-taxable","20":"purchasable","21":"product-type-simple"},"yoast_head":"<!-- This site is optimized with the Yoast SEO Premium plugin v27.3 (Yoast SEO v27.3) - https:\/\/yoast.com\/product\/yoast-seo-premium-wordpress\/ -->\n<title>ON-OFF- Stash Sling-bag - By Strawbaggy<\/title>\n<meta name=\"description\" content=\"RFID Protection &amp; Smell-proof. The Sling Stash-Bag for Every Situation. \ud83d\udd25 Maximum Protection\ud83d\udd25 Dual layer of activated carbon charcoal.\" \/>\n<meta name=\"robots\" content=\"index, follow, max-snippet:-1, max-image-preview:large, max-video-preview:-1\" \/>\n<link rel=\"canonical\" href=\"https:\/\/www.strawbaggy.com\/es\/producto\/cover-for-on-off-rfid-slingbag\/\" \/>\n<meta property=\"og:locale\" content=\"es_ES\" \/>\n<meta property=\"og:type\" content=\"article\" \/>\n<meta property=\"og:title\" content=\"Cover for ON-OFF RFID SlingBag\" \/>\n<meta property=\"og:description\" content=\"RFID Protection &amp; Smell-proof. The Sling Stash-Bag for Every Situation. \ud83d\udd25 Maximum Protection\ud83d\udd25 Dual layer of activated carbon charcoal.\" \/>\n<meta property=\"og:url\" content=\"https:\/\/www.strawbaggy.com\/es\/producto\/cover-for-on-off-rfid-slingbag\/\" \/>\n<meta property=\"og:site_name\" content=\"StrawBaggy\" \/>\n<meta property=\"article:modified_time\" content=\"2026-04-10T15:21:48+00:00\" \/>\n<meta property=\"og:image\" content=\"https:\/\/www.strawbaggy.com\/wp-content\/uploads\/2025\/09\/sling17.jpg\" \/>\n\t<meta property=\"og:image:width\" content=\"2000\" \/>\n\t<meta property=\"og:image:height\" content=\"2000\" \/>\n\t<meta property=\"og:image:type\" content=\"image\/jpeg\" \/>\n<meta name=\"twitter:card\" content=\"summary_large_image\" \/>\n<meta name=\"twitter:label1\" content=\"Precio\" \/>\n\t<meta name=\"twitter:data1\" content=\"11,90&nbsp;&euro;\" \/>\n\t<meta name=\"twitter:label2\" content=\"Disponibilidad\" \/>\n\t<meta name=\"twitter:data2\" content=\"Disponible\" \/>\n<script type=\"application\/ld+json\" class=\"yoast-schema-graph\">{\"@context\":\"https:\\\/\\\/schema.org\",\"@graph\":[{\"@type\":\"WebPage\",\"@id\":\"https:\\\/\\\/www.strawbaggy.com\\\/product\\\/cover-for-on-off-rfid-slingbag\\\/\",\"url\":\"https:\\\/\\\/www.strawbaggy.com\\\/product\\\/cover-for-on-off-rfid-slingbag\\\/\",\"name\":\"ON-OFF- Stash Sling-bag - By Strawbaggy\",\"isPartOf\":{\"@id\":\"https:\\\/\\\/www.strawbaggy.com\\\/#website\"},\"primaryImageOfPage\":{\"@id\":\"https:\\\/\\\/www.strawbaggy.com\\\/product\\\/cover-for-on-off-rfid-slingbag\\\/#primaryimage\"},\"image\":{\"@id\":\"https:\\\/\\\/www.strawbaggy.com\\\/product\\\/cover-for-on-off-rfid-slingbag\\\/#primaryimage\"},\"thumbnailUrl\":\"https:\\\/\\\/www.strawbaggy.com\\\/wp-content\\\/uploads\\\/2025\\\/09\\\/sling17.jpg\",\"datePublished\":\"2026-04-10T14:00:54+00:00\",\"dateModified\":\"2026-04-10T15:21:48+00:00\",\"description\":\"RFID Protection & Smell-proof. The Sling Stash-Bag for Every Situation. \ud83d\udd25 Maximum Protection\ud83d\udd25 Dual layer of activated carbon charcoal.\",\"breadcrumb\":{\"@id\":\"https:\\\/\\\/www.strawbaggy.com\\\/product\\\/cover-for-on-off-rfid-slingbag\\\/#breadcrumb\"},\"inLanguage\":\"es\",\"potentialAction\":[{\"@type\":\"ReadAction\",\"target\":[\"https:\\\/\\\/www.strawbaggy.com\\\/product\\\/cover-for-on-off-rfid-slingbag\\\/\"]}]},{\"@type\":\"ImageObject\",\"inLanguage\":\"es\",\"@id\":\"https:\\\/\\\/www.strawbaggy.com\\\/product\\\/cover-for-on-off-rfid-slingbag\\\/#primaryimage\",\"url\":\"https:\\\/\\\/www.strawbaggy.com\\\/wp-content\\\/uploads\\\/2025\\\/09\\\/sling17.jpg\",\"contentUrl\":\"https:\\\/\\\/www.strawbaggy.com\\\/wp-content\\\/uploads\\\/2025\\\/09\\\/sling17.jpg\",\"width\":2000,\"height\":2000},{\"@type\":\"BreadcrumbList\",\"@id\":\"https:\\\/\\\/www.strawbaggy.com\\\/product\\\/cover-for-on-off-rfid-slingbag\\\/#breadcrumb\",\"itemListElement\":[{\"@type\":\"ListItem\",\"position\":1,\"name\":\"Home\",\"item\":\"https:\\\/\\\/www.strawbaggy.com\\\/\"},{\"@type\":\"ListItem\",\"position\":2,\"name\":\"Products\",\"item\":\"https:\\\/\\\/www.strawbaggy.com\\\/shop\\\/\"},{\"@type\":\"ListItem\",\"position\":3,\"name\":\"Cover for ON-OFF RFID SlingBag\"}]},{\"@type\":\"WebSite\",\"@id\":\"https:\\\/\\\/www.strawbaggy.com\\\/#website\",\"url\":\"https:\\\/\\\/www.strawbaggy.com\\\/\",\"name\":\"StrawBaggy\",\"description\":\"by Hardcase Technologies\",\"publisher\":{\"@id\":\"https:\\\/\\\/www.strawbaggy.com\\\/#organization\"},\"potentialAction\":[{\"@type\":\"SearchAction\",\"target\":{\"@type\":\"EntryPoint\",\"urlTemplate\":\"https:\\\/\\\/www.strawbaggy.com\\\/?s={search_term_string}\"},\"query-input\":{\"@type\":\"PropertyValueSpecification\",\"valueRequired\":true,\"valueName\":\"search_term_string\"}}],\"inLanguage\":\"es\"},{\"@type\":\"Organization\",\"@id\":\"https:\\\/\\\/www.strawbaggy.com\\\/#organization\",\"name\":\"StrawBaggy by Hardcase Technologies\",\"url\":\"https:\\\/\\\/www.strawbaggy.com\\\/\",\"logo\":{\"@type\":\"ImageObject\",\"inLanguage\":\"es\",\"@id\":\"https:\\\/\\\/www.strawbaggy.com\\\/#\\\/schema\\\/logo\\\/image\\\/\",\"url\":\"https:\\\/\\\/www.strawbaggy.com\\\/wp-content\\\/uploads\\\/2025\\\/02\\\/BET04665-copia.png\",\"contentUrl\":\"https:\\\/\\\/www.strawbaggy.com\\\/wp-content\\\/uploads\\\/2025\\\/02\\\/BET04665-copia.png\",\"width\":1500,\"height\":1500,\"caption\":\"StrawBaggy by Hardcase Technologies\"},\"image\":{\"@id\":\"https:\\\/\\\/www.strawbaggy.com\\\/#\\\/schema\\\/logo\\\/image\\\/\"},\"sameAs\":[\"https:\\\/\\\/www.instagram.com\\\/straw_baggy\\\/\"]}]}<\/script>\n<meta property=\"product:price:amount\" content=\"11.90\" \/>\n<meta property=\"product:price:currency\" content=\"EUR\" \/>\n<meta property=\"og:availability\" content=\"instock\" \/>\n<meta property=\"product:availability\" content=\"instock\" \/>\n<meta property=\"product:retailer_item_id\" content=\"Onoff-Sling-1\" \/>\n<meta property=\"product:condition\" content=\"new\" \/>\n<!-- \/ Yoast SEO Premium plugin. -->","yoast_head_json":{"title":"ON-OFF- Stash Sling-bag - By Strawbaggy","description":"RFID Protection & Smell-proof. The Sling Stash-Bag for Every Situation. \ud83d\udd25 Maximum Protection\ud83d\udd25 Dual layer of activated carbon charcoal.","robots":{"index":"index","follow":"follow","max-snippet":"max-snippet:-1","max-image-preview":"max-image-preview:large","max-video-preview":"max-video-preview:-1"},"canonical":"https:\/\/www.strawbaggy.com\/es\/producto\/cover-for-on-off-rfid-slingbag\/","og_locale":"es_ES","og_type":"article","og_title":"Cover for ON-OFF RFID SlingBag","og_description":"RFID Protection & Smell-proof. The Sling Stash-Bag for Every Situation. \ud83d\udd25 Maximum Protection\ud83d\udd25 Dual layer of activated carbon charcoal.","og_url":"https:\/\/www.strawbaggy.com\/es\/producto\/cover-for-on-off-rfid-slingbag\/","og_site_name":"StrawBaggy","article_modified_time":"2026-04-10T15:21:48+00:00","og_image":[{"width":2000,"height":2000,"url":"https:\/\/www.strawbaggy.com\/wp-content\/uploads\/2025\/09\/sling17.jpg","type":"image\/jpeg"}],"twitter_card":"summary_large_image","twitter_misc":{"Precio":"11,90&nbsp;&euro;","Disponibilidad":"Disponible"},"schema":{"@context":"https:\/\/schema.org","@graph":[{"@type":"WebPage","@id":"https:\/\/www.strawbaggy.com\/product\/cover-for-on-off-rfid-slingbag\/","url":"https:\/\/www.strawbaggy.com\/product\/cover-for-on-off-rfid-slingbag\/","name":"ON-OFF- Stash Sling-bag - By Strawbaggy","isPartOf":{"@id":"https:\/\/www.strawbaggy.com\/#website"},"primaryImageOfPage":{"@id":"https:\/\/www.strawbaggy.com\/product\/cover-for-on-off-rfid-slingbag\/#primaryimage"},"image":{"@id":"https:\/\/www.strawbaggy.com\/product\/cover-for-on-off-rfid-slingbag\/#primaryimage"},"thumbnailUrl":"https:\/\/www.strawbaggy.com\/wp-content\/uploads\/2025\/09\/sling17.jpg","datePublished":"2026-04-10T14:00:54+00:00","dateModified":"2026-04-10T15:21:48+00:00","description":"RFID Protection & Smell-proof. The Sling Stash-Bag for Every Situation. \ud83d\udd25 Maximum Protection\ud83d\udd25 Dual layer of activated carbon charcoal.","breadcrumb":{"@id":"https:\/\/www.strawbaggy.com\/product\/cover-for-on-off-rfid-slingbag\/#breadcrumb"},"inLanguage":"es","potentialAction":[{"@type":"ReadAction","target":["https:\/\/www.strawbaggy.com\/product\/cover-for-on-off-rfid-slingbag\/"]}]},{"@type":"ImageObject","inLanguage":"es","@id":"https:\/\/www.strawbaggy.com\/product\/cover-for-on-off-rfid-slingbag\/#primaryimage","url":"https:\/\/www.strawbaggy.com\/wp-content\/uploads\/2025\/09\/sling17.jpg","contentUrl":"https:\/\/www.strawbaggy.com\/wp-content\/uploads\/2025\/09\/sling17.jpg","width":2000,"height":2000},{"@type":"BreadcrumbList","@id":"https:\/\/www.strawbaggy.com\/product\/cover-for-on-off-rfid-slingbag\/#breadcrumb","itemListElement":[{"@type":"ListItem","position":1,"name":"Home","item":"https:\/\/www.strawbaggy.com\/"},{"@type":"ListItem","position":2,"name":"Products","item":"https:\/\/www.strawbaggy.com\/shop\/"},{"@type":"ListItem","position":3,"name":"Cover for ON-OFF RFID SlingBag"}]},{"@type":"WebSite","@id":"https:\/\/www.strawbaggy.com\/#website","url":"https:\/\/www.strawbaggy.com\/","name":"StrawBaggy","description":"por Hardcase Technologies","publisher":{"@id":"https:\/\/www.strawbaggy.com\/#organization"},"potentialAction":[{"@type":"SearchAction","target":{"@type":"EntryPoint","urlTemplate":"https:\/\/www.strawbaggy.com\/?s={search_term_string}"},"query-input":{"@type":"PropertyValueSpecification","valueRequired":true,"valueName":"search_term_string"}}],"inLanguage":"es"},{"@type":"Organization","@id":"https:\/\/www.strawbaggy.com\/#organization","name":"StrawBaggy de Hardcase Technologies","url":"https:\/\/www.strawbaggy.com\/","logo":{"@type":"ImageObject","inLanguage":"es","@id":"https:\/\/www.strawbaggy.com\/#\/schema\/logo\/image\/","url":"https:\/\/www.strawbaggy.com\/wp-content\/uploads\/2025\/02\/BET04665-copia.png","contentUrl":"https:\/\/www.strawbaggy.com\/wp-content\/uploads\/2025\/02\/BET04665-copia.png","width":1500,"height":1500,"caption":"StrawBaggy by Hardcase Technologies"},"image":{"@id":"https:\/\/www.strawbaggy.com\/#\/schema\/logo\/image\/"},"sameAs":["https:\/\/www.instagram.com\/straw_baggy\/"]}]},"product_price_amount":"11.90","product_price_currency":"EUR","og_availability":"instock","product_availability":"instock","product_retailer_item_id":"Onoff-Sling-1","product_condition":"new"},"jetpack_sharing_enabled":true,"_links":{"self":[{"href":"https:\/\/www.strawbaggy.com\/es\/wp-json\/wp\/v2\/product\/7683","targetHints":{"allow":["GET"]}}],"collection":[{"href":"https:\/\/www.strawbaggy.com\/es\/wp-json\/wp\/v2\/product"}],"about":[{"href":"https:\/\/www.strawbaggy.com\/es\/wp-json\/wp\/v2\/types\/product"}],"wp:featuredmedia":[{"embeddable":true,"href":"https:\/\/www.strawbaggy.com\/es\/wp-json\/wp\/v2\/media\/7566"}],"wp:attachment":[{"href":"https:\/\/www.strawbaggy.com\/es\/wp-json\/wp\/v2\/media?parent=7683"}],"wp:term":[{"taxonomy":"product_brand","embeddable":true,"href":"https:\/\/www.strawbaggy.com\/es\/wp-json\/wp\/v2\/product_brand?post=7683"},{"taxonomy":"product_cat","embeddable":true,"href":"https:\/\/www.strawbaggy.com\/es\/wp-json\/wp\/v2\/product_cat?post=7683"},{"taxonomy":"product_tag","embeddable":true,"href":"https:\/\/www.strawbaggy.com\/es\/wp-json\/wp\/v2\/product_tag?post=7683"}],"curies":[{"name":"wp","href":"https:\/\/api.w.org\/{rel}","templated":true}]}}