{"id":5661,"date":"2025-03-06T15:57:56","date_gmt":"2025-03-06T14:57:56","guid":{"rendered":"https:\/\/www.strawbaggy.com\/?page_id=5661"},"modified":"2025-03-06T16:44:52","modified_gmt":"2025-03-06T15:44:52","slug":"care-instructions","status":"publish","type":"page","link":"https:\/\/www.strawbaggy.com\/fr\/care-instructions\/","title":{"rendered":"INSTRUCTIONS D'ENTRETIEN"},"content":{"rendered":"<div data-elementor-type=\"wp-page\" data-elementor-id=\"5661\" class=\"elementor elementor-5661\" data-elementor-post-type=\"page\">\n\t\t\t\t<div class=\"elementor-element elementor-element-356fcf6 e-flex e-con-boxed e-con e-parent\" data-id=\"356fcf6\" data-element_type=\"container\" data-e-type=\"container\" data-settings=\"{&quot;background_background&quot;:&quot;classic&quot;}\">\n\t\t\t\t\t<div class=\"e-con-inner\">\n\t\t<div class=\"elementor-element elementor-element-bb5f156 e-con-full e-flex e-con e-child\" data-id=\"bb5f156\" data-element_type=\"container\" data-e-type=\"container\">\n\t\t\t\t<div class=\"elementor-element elementor-element-ecb6a4b elementor-widget elementor-widget-image\" data-id=\"ecb6a4b\" data-element_type=\"widget\" data-e-type=\"widget\" data-widget_type=\"image.default\">\n\t\t\t\t<div class=\"elementor-widget-container\">\n\t\t\t\t\t\t\t\t\t\t\t\t\t\t\t<img fetchpriority=\"high\" decoding=\"async\" width=\"800\" height=\"227\" src=\"https:\/\/www.strawbaggy.com\/wp-content\/uploads\/2025\/02\/logo2-1024x291.png\" class=\"attachment-large size-large wp-image-5023\" alt=\"\" srcset=\"https:\/\/www.strawbaggy.com\/wp-content\/uploads\/2025\/02\/logo2-1024x291.png 1024w, https:\/\/www.strawbaggy.com\/wp-content\/uploads\/2025\/02\/logo2-300x85.png 300w, https:\/\/www.strawbaggy.com\/wp-content\/uploads\/2025\/02\/logo2-768x218.png 768w, https:\/\/www.strawbaggy.com\/wp-content\/uploads\/2025\/02\/logo2-600x171.png 600w, https:\/\/www.strawbaggy.com\/wp-content\/uploads\/2025\/02\/logo2.png 1262w\" sizes=\"(max-width: 800px) 100vw, 800px\" \/>\t\t\t\t\t\t\t\t\t\t\t\t\t\t\t<\/div>\n\t\t\t\t<\/div>\n\t\t\t\t<div class=\"elementor-element elementor-element-96150a1 elementor-widget elementor-widget-heading\" data-id=\"96150a1\" data-element_type=\"widget\" data-e-type=\"widget\" data-widget_type=\"heading.default\">\n\t\t\t\t<div class=\"elementor-widget-container\">\n\t\t\t\t\t<h2 class=\"elementor-heading-title elementor-size-default\">INSTRUCTIONS D'ENTRETIEN<\/h2>\t\t\t\t<\/div>\n\t\t\t\t<\/div>\n\t\t\t\t<\/div>\n\t\t\t\t\t<\/div>\n\t\t\t\t<\/div>\n\t\t<div class=\"elementor-element elementor-element-5f9b5fa e-flex e-con-boxed e-con e-parent\" data-id=\"5f9b5fa\" data-element_type=\"container\" data-e-type=\"container\">\n\t\t\t\t\t<div class=\"e-con-inner\">\n\t\t\t\t<div class=\"elementor-element elementor-element-f385e16 elementor-widget elementor-widget-text-editor\" data-id=\"f385e16\" data-element_type=\"widget\" data-e-type=\"widget\" data-widget_type=\"text-editor.default\">\n\t\t\t\t<div class=\"elementor-widget-container\">\n\t\t\t\t\t\t\t\t\t<p class=\"p1\"><strong>**MODE D'EMPLOI**<\/strong><\/p><p class=\"p1\">*SEUL L'INT\u00c9RIEUR DU SAC ABSORBE LES ODEURS.<\/p><p class=\"p1\">PLACER LES MATI\u00c8RES MALODORANTES DANS UN SAC EN PLASTIQUE \/ UN CONTENEUR DE STOCKAGE AVANT DE LES UTILISER.<\/p><p class=\"p1\">FERMEZ BIEN LES VELCROS ET LES FERMETURES \u00c0 GLISSI\u00c8RE, PUIS APPUYEZ POUR \u00c9LIMINER L'EXC\u00c8S D'AIR.<\/p><p>\u00a0<\/p><p class=\"p1\"><strong>**COMMENT NETTOYER\/ENTRETENIR**<\/strong><\/p><p class=\"p1\">*NE PAS IMMERGER DANS L'EAU NI LAVER EN MACHINE*<\/p><p class=\"p1\">NETTOYER LES SURFACES EXT\u00c9RIEURES ET LE REV\u00caTEMENT INT\u00c9RIEUR AVEC DES LINGETTES POUR B\u00c9B\u00c9\/DETTOL OU DE L'ALCOOL<\/p><p class=\"p1\">PLACEZ VOTRE SAC OUVERT PR\u00c8S D'UN RADIATEUR OU DU SOLEIL POUR RAFRA\u00ceCHIR LE CARBONE.<\/p><p class=\"p1\">*REMPLACEZ VOTRE SAC \u00c0 PAILLE TOUS LES 18 \u00c0 24 MOIS POUR UN CONTR\u00d4LE OPTIMAL DES ODEURS.<\/p><p>\u00a0<\/p><p class=\"p1\"><strong>**ZIPPERS**<\/strong><\/p><p class=\"p1\">LES FERMETURES \u00c9CLAIR STRAWBAGGY SONT R\u00c9SISTANTES \u00c0 L'EAU ET CON\u00c7UES POUR UNE \u00c9TANCH\u00c9IT\u00c9 MAXIMALE AUX ODEURS.<\/p><p class=\"p1\">MANIPULEZ LES FERMETURES \u00c0 GLISSI\u00c8RE AVEC PR\u00c9CAUTION ET LUBRIFIEZ-LES R\u00c9GULI\u00c8REMENT POUR QU'ELLES GLISSENT FACILEMENT.<\/p><p class=\"p1\">Appliquez 2 cm de *GEAR-AID* de chaque c\u00f4t\u00e9 des dents de la fermeture \u00e9clair.<\/p><p class=\"p1\">FAIRE GLISSER LENTEMENT LA FERMETURE \u00c0 GLISSI\u00c8RE D'UN BOUT \u00c0 L'AUTRE - R\u00c9P\u00c9TER L'OP\u00c9RATION SI N\u00c9CESSAIRE.<\/p>\t\t\t\t\t\t\t\t<\/div>\n\t\t\t\t<\/div>\n\t\t\t\t<div class=\"elementor-element elementor-element-7613699 elementor-widget elementor-widget-image\" data-id=\"7613699\" data-element_type=\"widget\" data-e-type=\"widget\" data-widget_type=\"image.default\">\n\t\t\t\t<div class=\"elementor-widget-container\">\n\t\t\t\t\t\t\t\t\t\t\t\t\t\t\t\t<a href=\"https:\/\/www.strawbaggy.com\/fr\/\">\n\t\t\t\t\t\t\t<img fetchpriority=\"high\" decoding=\"async\" width=\"800\" height=\"227\" src=\"https:\/\/www.strawbaggy.com\/wp-content\/uploads\/2025\/02\/logo2-1024x291.png\" class=\"attachment-large size-large wp-image-5023\" alt=\"\" srcset=\"https:\/\/www.strawbaggy.com\/wp-content\/uploads\/2025\/02\/logo2-1024x291.png 1024w, https:\/\/www.strawbaggy.com\/wp-content\/uploads\/2025\/02\/logo2-300x85.png 300w, https:\/\/www.strawbaggy.com\/wp-content\/uploads\/2025\/02\/logo2-768x218.png 768w, https:\/\/www.strawbaggy.com\/wp-content\/uploads\/2025\/02\/logo2-600x171.png 600w, https:\/\/www.strawbaggy.com\/wp-content\/uploads\/2025\/02\/logo2.png 1262w\" sizes=\"(max-width: 800px) 100vw, 800px\" \/>\t\t\t\t\t\t\t\t<\/a>\n\t\t\t\t\t\t\t\t\t\t\t\t\t\t\t<\/div>\n\t\t\t\t<\/div>\n\t\t\t\t<div class=\"elementor-element elementor-element-8564ade elementor-widget elementor-widget-text-editor\" data-id=\"8564ade\" data-element_type=\"widget\" data-e-type=\"widget\" data-widget_type=\"text-editor.default\">\n\t\t\t\t<div class=\"elementor-widget-container\">\n\t\t\t\t\t\t\t\t\t<p>L'\u00e9quipage<\/p>\t\t\t\t\t\t\t\t<\/div>\n\t\t\t\t<\/div>\n\t\t\t\t\t<\/div>\n\t\t\t\t<\/div>\n\t\t\t\t<\/div>","protected":false},"excerpt":{"rendered":"<p>CARE INSTRUCTIONS **HOW TO USE** *ONLY THE INSIDE OF THE BAG ABSORBS ODOURS* PLACE SMELLY MATTER IN A PLASTIC BAG \/ STORAGE CONTAINER BEFORE USE. CLOSE VELCRO\/ZIPPERS SECURELY THEN PRESS DOWN TO REMOVE EXCESS AIR. \u00a0 **HOW TO CLEAN\/CARE** *DO NOT SUBMERGE IN WATER OR MACHINE WASH* CLEAN OUTER SURFACES &amp; INNER LINER WITH BABY\/DETTOL [&hellip;]<\/p>\n","protected":false},"author":2,"featured_media":0,"parent":0,"menu_order":0,"comment_status":"closed","ping_status":"closed","template":"","meta":{"footnotes":""},"class_list":["post-5661","page","type-page","status-publish","hentry"],"yoast_head":"<!-- This site is optimized with the Yoast SEO Premium plugin v27.4 (Yoast SEO v27.4) - https:\/\/yoast.com\/product\/yoast-seo-premium-wordpress\/ -->\n<title>CARE INSTRUCTIONS - StrawBaggy<\/title>\n<meta name=\"robots\" content=\"index, follow, max-snippet:-1, max-image-preview:large, max-video-preview:-1\" \/>\n<link rel=\"canonical\" href=\"https:\/\/www.strawbaggy.com\/fr\/care-instructions\/\" \/>\n<meta property=\"og:locale\" content=\"fr_FR\" \/>\n<meta property=\"og:type\" content=\"article\" \/>\n<meta property=\"og:title\" content=\"CARE INSTRUCTIONS\" \/>\n<meta property=\"og:description\" content=\"CARE INSTRUCTIONS **HOW TO USE** *ONLY THE INSIDE OF THE BAG ABSORBS ODOURS* PLACE SMELLY MATTER IN A PLASTIC BAG \/ STORAGE CONTAINER BEFORE USE. CLOSE VELCRO\/ZIPPERS SECURELY THEN PRESS DOWN TO REMOVE EXCESS AIR. \u00a0 **HOW TO CLEAN\/CARE** *DO NOT SUBMERGE IN WATER OR MACHINE WASH* CLEAN OUTER SURFACES &amp; INNER LINER WITH BABY\/DETTOL [&hellip;]\" \/>\n<meta property=\"og:url\" content=\"https:\/\/www.strawbaggy.com\/fr\/care-instructions\/\" \/>\n<meta property=\"og:site_name\" content=\"StrawBaggy\" \/>\n<meta property=\"article:modified_time\" content=\"2025-03-06T15:44:52+00:00\" \/>\n<meta property=\"og:image\" content=\"https:\/\/www.strawbaggy.com\/wp-content\/uploads\/2025\/02\/logo2.png\" \/>\n\t<meta property=\"og:image:width\" content=\"1262\" \/>\n\t<meta property=\"og:image:height\" content=\"359\" \/>\n\t<meta property=\"og:image:type\" content=\"image\/png\" \/>\n<meta name=\"twitter:card\" content=\"summary_large_image\" \/>\n<meta name=\"twitter:label1\" content=\"Dur\u00e9e de lecture estim\u00e9e\" \/>\n\t<meta name=\"twitter:data1\" content=\"1 minute\" \/>\n<script type=\"application\/ld+json\" class=\"yoast-schema-graph\">{\"@context\":\"https:\\\/\\\/schema.org\",\"@graph\":[{\"@type\":\"WebPage\",\"@id\":\"https:\\\/\\\/www.strawbaggy.com\\\/care-instructions\\\/\",\"url\":\"https:\\\/\\\/www.strawbaggy.com\\\/care-instructions\\\/\",\"name\":\"CARE INSTRUCTIONS - StrawBaggy\",\"isPartOf\":{\"@id\":\"https:\\\/\\\/www.strawbaggy.com\\\/#website\"},\"primaryImageOfPage\":{\"@id\":\"https:\\\/\\\/www.strawbaggy.com\\\/care-instructions\\\/#primaryimage\"},\"image\":{\"@id\":\"https:\\\/\\\/www.strawbaggy.com\\\/care-instructions\\\/#primaryimage\"},\"thumbnailUrl\":\"https:\\\/\\\/www.strawbaggy.com\\\/wp-content\\\/uploads\\\/2025\\\/02\\\/logo2-1024x291.png\",\"datePublished\":\"2025-03-06T14:57:56+00:00\",\"dateModified\":\"2025-03-06T15:44:52+00:00\",\"breadcrumb\":{\"@id\":\"https:\\\/\\\/www.strawbaggy.com\\\/care-instructions\\\/#breadcrumb\"},\"inLanguage\":\"fr-FR\",\"potentialAction\":[{\"@type\":\"ReadAction\",\"target\":[\"https:\\\/\\\/www.strawbaggy.com\\\/care-instructions\\\/\"]}]},{\"@type\":\"ImageObject\",\"inLanguage\":\"fr-FR\",\"@id\":\"https:\\\/\\\/www.strawbaggy.com\\\/care-instructions\\\/#primaryimage\",\"url\":\"https:\\\/\\\/www.strawbaggy.com\\\/wp-content\\\/uploads\\\/2025\\\/02\\\/logo2-1024x291.png\",\"contentUrl\":\"https:\\\/\\\/www.strawbaggy.com\\\/wp-content\\\/uploads\\\/2025\\\/02\\\/logo2-1024x291.png\"},{\"@type\":\"BreadcrumbList\",\"@id\":\"https:\\\/\\\/www.strawbaggy.com\\\/care-instructions\\\/#breadcrumb\",\"itemListElement\":[{\"@type\":\"ListItem\",\"position\":1,\"name\":\"Home\",\"item\":\"https:\\\/\\\/www.strawbaggy.com\\\/\"},{\"@type\":\"ListItem\",\"position\":2,\"name\":\"CARE INSTRUCTIONS\"}]},{\"@type\":\"WebSite\",\"@id\":\"https:\\\/\\\/www.strawbaggy.com\\\/#website\",\"url\":\"https:\\\/\\\/www.strawbaggy.com\\\/\",\"name\":\"StrawBaggy\",\"description\":\"by Hardcase Technologies\",\"publisher\":{\"@id\":\"https:\\\/\\\/www.strawbaggy.com\\\/#organization\"},\"potentialAction\":[{\"@type\":\"SearchAction\",\"target\":{\"@type\":\"EntryPoint\",\"urlTemplate\":\"https:\\\/\\\/www.strawbaggy.com\\\/?s={search_term_string}\"},\"query-input\":{\"@type\":\"PropertyValueSpecification\",\"valueRequired\":true,\"valueName\":\"search_term_string\"}}],\"inLanguage\":\"fr-FR\"},{\"@type\":\"Organization\",\"@id\":\"https:\\\/\\\/www.strawbaggy.com\\\/#organization\",\"name\":\"StrawBaggy by Hardcase Technologies\",\"url\":\"https:\\\/\\\/www.strawbaggy.com\\\/\",\"logo\":{\"@type\":\"ImageObject\",\"inLanguage\":\"fr-FR\",\"@id\":\"https:\\\/\\\/www.strawbaggy.com\\\/#\\\/schema\\\/logo\\\/image\\\/\",\"url\":\"https:\\\/\\\/www.strawbaggy.com\\\/wp-content\\\/uploads\\\/2025\\\/02\\\/BET04665-copia.png\",\"contentUrl\":\"https:\\\/\\\/www.strawbaggy.com\\\/wp-content\\\/uploads\\\/2025\\\/02\\\/BET04665-copia.png\",\"width\":1500,\"height\":1500,\"caption\":\"StrawBaggy by Hardcase Technologies\"},\"image\":{\"@id\":\"https:\\\/\\\/www.strawbaggy.com\\\/#\\\/schema\\\/logo\\\/image\\\/\"},\"sameAs\":[\"https:\\\/\\\/www.instagram.com\\\/straw_baggy\\\/\"]}]}<\/script>\n<!-- \/ Yoast SEO Premium plugin. -->","yoast_head_json":{"title":"CARE INSTRUCTIONS - StrawBaggy","robots":{"index":"index","follow":"follow","max-snippet":"max-snippet:-1","max-image-preview":"max-image-preview:large","max-video-preview":"max-video-preview:-1"},"canonical":"https:\/\/www.strawbaggy.com\/fr\/care-instructions\/","og_locale":"fr_FR","og_type":"article","og_title":"CARE INSTRUCTIONS","og_description":"CARE INSTRUCTIONS **HOW TO USE** *ONLY THE INSIDE OF THE BAG ABSORBS ODOURS* PLACE SMELLY MATTER IN A PLASTIC BAG \/ STORAGE CONTAINER BEFORE USE. CLOSE VELCRO\/ZIPPERS SECURELY THEN PRESS DOWN TO REMOVE EXCESS AIR. \u00a0 **HOW TO CLEAN\/CARE** *DO NOT SUBMERGE IN WATER OR MACHINE WASH* CLEAN OUTER SURFACES &amp; INNER LINER WITH BABY\/DETTOL [&hellip;]","og_url":"https:\/\/www.strawbaggy.com\/fr\/care-instructions\/","og_site_name":"StrawBaggy","article_modified_time":"2025-03-06T15:44:52+00:00","og_image":[{"width":1262,"height":359,"url":"https:\/\/www.strawbaggy.com\/wp-content\/uploads\/2025\/02\/logo2.png","type":"image\/png"}],"twitter_card":"summary_large_image","twitter_misc":{"Dur\u00e9e de lecture estim\u00e9e":"1 minute"},"schema":{"@context":"https:\/\/schema.org","@graph":[{"@type":"WebPage","@id":"https:\/\/www.strawbaggy.com\/care-instructions\/","url":"https:\/\/www.strawbaggy.com\/care-instructions\/","name":"CARE INSTRUCTIONS - StrawBaggy","isPartOf":{"@id":"https:\/\/www.strawbaggy.com\/#website"},"primaryImageOfPage":{"@id":"https:\/\/www.strawbaggy.com\/care-instructions\/#primaryimage"},"image":{"@id":"https:\/\/www.strawbaggy.com\/care-instructions\/#primaryimage"},"thumbnailUrl":"https:\/\/www.strawbaggy.com\/wp-content\/uploads\/2025\/02\/logo2-1024x291.png","datePublished":"2025-03-06T14:57:56+00:00","dateModified":"2025-03-06T15:44:52+00:00","breadcrumb":{"@id":"https:\/\/www.strawbaggy.com\/care-instructions\/#breadcrumb"},"inLanguage":"fr-FR","potentialAction":[{"@type":"ReadAction","target":["https:\/\/www.strawbaggy.com\/care-instructions\/"]}]},{"@type":"ImageObject","inLanguage":"fr-FR","@id":"https:\/\/www.strawbaggy.com\/care-instructions\/#primaryimage","url":"https:\/\/www.strawbaggy.com\/wp-content\/uploads\/2025\/02\/logo2-1024x291.png","contentUrl":"https:\/\/www.strawbaggy.com\/wp-content\/uploads\/2025\/02\/logo2-1024x291.png"},{"@type":"BreadcrumbList","@id":"https:\/\/www.strawbaggy.com\/care-instructions\/#breadcrumb","itemListElement":[{"@type":"ListItem","position":1,"name":"Home","item":"https:\/\/www.strawbaggy.com\/"},{"@type":"ListItem","position":2,"name":"CARE INSTRUCTIONS"}]},{"@type":"WebSite","@id":"https:\/\/www.strawbaggy.com\/#website","url":"https:\/\/www.strawbaggy.com\/","name":"Sac \u00e0 paille","description":"par Hardcase Technologies","publisher":{"@id":"https:\/\/www.strawbaggy.com\/#organization"},"potentialAction":[{"@type":"SearchAction","target":{"@type":"EntryPoint","urlTemplate":"https:\/\/www.strawbaggy.com\/?s={search_term_string}"},"query-input":{"@type":"PropertyValueSpecification","valueRequired":true,"valueName":"search_term_string"}}],"inLanguage":"fr-FR"},{"@type":"Organization","@id":"https:\/\/www.strawbaggy.com\/#organization","name":"StrawBaggy par Hardcase Technologies","url":"https:\/\/www.strawbaggy.com\/","logo":{"@type":"ImageObject","inLanguage":"fr-FR","@id":"https:\/\/www.strawbaggy.com\/#\/schema\/logo\/image\/","url":"https:\/\/www.strawbaggy.com\/wp-content\/uploads\/2025\/02\/BET04665-copia.png","contentUrl":"https:\/\/www.strawbaggy.com\/wp-content\/uploads\/2025\/02\/BET04665-copia.png","width":1500,"height":1500,"caption":"StrawBaggy by Hardcase Technologies"},"image":{"@id":"https:\/\/www.strawbaggy.com\/#\/schema\/logo\/image\/"},"sameAs":["https:\/\/www.instagram.com\/straw_baggy\/"]}]}},"jetpack_sharing_enabled":true,"_links":{"self":[{"href":"https:\/\/www.strawbaggy.com\/fr\/wp-json\/wp\/v2\/pages\/5661","targetHints":{"allow":["GET"]}}],"collection":[{"href":"https:\/\/www.strawbaggy.com\/fr\/wp-json\/wp\/v2\/pages"}],"about":[{"href":"https:\/\/www.strawbaggy.com\/fr\/wp-json\/wp\/v2\/types\/page"}],"author":[{"embeddable":true,"href":"https:\/\/www.strawbaggy.com\/fr\/wp-json\/wp\/v2\/users\/2"}],"replies":[{"embeddable":true,"href":"https:\/\/www.strawbaggy.com\/fr\/wp-json\/wp\/v2\/comments?post=5661"}],"version-history":[{"count":8,"href":"https:\/\/www.strawbaggy.com\/fr\/wp-json\/wp\/v2\/pages\/5661\/revisions"}],"predecessor-version":[{"id":5683,"href":"https:\/\/www.strawbaggy.com\/fr\/wp-json\/wp\/v2\/pages\/5661\/revisions\/5683"}],"wp:attachment":[{"href":"https:\/\/www.strawbaggy.com\/fr\/wp-json\/wp\/v2\/media?parent=5661"}],"curies":[{"name":"wp","href":"https:\/\/api.w.org\/{rel}","templated":true}]}}