{"id":6802,"date":"2025-09-19T16:17:23","date_gmt":"2025-09-19T14:17:23","guid":{"rendered":"https:\/\/www.strawbaggy.com\/?page_id=6802"},"modified":"2026-04-10T17:23:39","modified_gmt":"2026-04-10T15:23:39","slug":"on-off","status":"publish","type":"page","link":"https:\/\/www.strawbaggy.com\/fr\/on-off\/","title":{"rendered":"ON-OFF"},"content":{"rendered":"<div data-elementor-type=\"wp-page\" data-elementor-id=\"6802\" class=\"elementor elementor-6802\" data-elementor-post-type=\"page\">\n\t\t\t\t<div class=\"elementor-element elementor-element-563a66e e-flex e-con-boxed e-con e-parent\" data-id=\"563a66e\" data-element_type=\"container\" data-e-type=\"container\" data-settings=\"{&quot;background_background&quot;:&quot;classic&quot;}\">\n\t\t\t\t\t<div class=\"e-con-inner\">\n\t\t<div class=\"elementor-element elementor-element-6231681 e-con-full e-flex e-con e-child\" data-id=\"6231681\" data-element_type=\"container\" data-e-type=\"container\">\n\t\t\t\t<div class=\"elementor-element elementor-element-9257ce7 elementor-widget elementor-widget-image\" data-id=\"9257ce7\" data-element_type=\"widget\" data-e-type=\"widget\" data-widget_type=\"image.default\">\n\t\t\t\t<div class=\"elementor-widget-container\">\n\t\t\t\t\t\t\t\t\t\t\t\t\t\t\t<img fetchpriority=\"high\" decoding=\"async\" width=\"800\" height=\"227\" src=\"https:\/\/www.strawbaggy.com\/wp-content\/uploads\/2025\/02\/logo2-1024x291.png\" class=\"attachment-large size-large wp-image-5023\" alt=\"\" srcset=\"https:\/\/www.strawbaggy.com\/wp-content\/uploads\/2025\/02\/logo2-1024x291.png 1024w, https:\/\/www.strawbaggy.com\/wp-content\/uploads\/2025\/02\/logo2-300x85.png 300w, https:\/\/www.strawbaggy.com\/wp-content\/uploads\/2025\/02\/logo2-768x218.png 768w, https:\/\/www.strawbaggy.com\/wp-content\/uploads\/2025\/02\/logo2-600x171.png 600w, https:\/\/www.strawbaggy.com\/wp-content\/uploads\/2025\/02\/logo2.png 1262w\" sizes=\"(max-width: 800px) 100vw, 800px\" \/>\t\t\t\t\t\t\t\t\t\t\t\t\t\t\t<\/div>\n\t\t\t\t<\/div>\n\t\t\t\t<div class=\"elementor-element elementor-element-0b3f1d6 elementor-widget elementor-widget-heading\" data-id=\"0b3f1d6\" data-element_type=\"widget\" data-e-type=\"widget\" data-widget_type=\"heading.default\">\n\t\t\t\t<div class=\"elementor-widget-container\">\n\t\t\t\t\t<h2 class=\"elementor-heading-title elementor-size-default\">Collecte RFID ON-OFF<\/h2>\t\t\t\t<\/div>\n\t\t\t\t<\/div>\n\t\t\t\t<div class=\"elementor-element elementor-element-414791a elementor-widget elementor-widget-heading\" data-id=\"414791a\" data-element_type=\"widget\" data-e-type=\"widget\" data-widget_type=\"heading.default\">\n\t\t\t\t<div class=\"elementor-widget-container\">\n\t\t\t\t\t<h2 class=\"elementor-heading-title elementor-size-default\">\ud83d\udd12 Sac ON-OFF - La nouvelle fronti\u00e8re de la vie priv\u00e9e<br><br>\nNous vivons \u00e0 une \u00e9poque o\u00f9 <u>notre<\/u> les t\u00e9l\u00e9phones sont toujours avec nous : <br><br>\ud83d\udcf1Il \u00e9coute, il suit, il notifie en permanence. <br><br>Mais que se passe-t-il lorsque nous voulons vraiment nous d\u00e9connecter ?<br><br>\u274c Pas de signaux entrants ou sortants (GPS, Wi-Fi, Bluetooth, 4G\/5G).<br><br>\u274c Aucune possibilit\u00e9 de rep\u00e9rage ou d'interception.<br>\n\t<br>\u2705 Une confidentialit\u00e9 absolue \u00e0 tout moment.<br><br>\nAvec ON-OFF, vous d\u00e9cidez quand vous \u00eates joignable et quand vous restez vraiment \"hors ligne\", sans aucun compromis.<\/h2>\t\t\t\t<\/div>\n\t\t\t\t<\/div>\n\t\t\t\t<\/div>\n\t\t\t\t\t<\/div>\n\t\t\t\t<\/div>\n\t\t<div class=\"elementor-element elementor-element-764a6e8 e-flex e-con-boxed e-con e-parent\" data-id=\"764a6e8\" data-element_type=\"container\" data-e-type=\"container\" data-settings=\"{&quot;background_background&quot;:&quot;classic&quot;}\">\n\t\t\t\t\t<div class=\"e-con-inner\">\n\t\t\t\t<div class=\"elementor-element elementor-element-bba680f elementor-grid-mobile-2 elementor-product-loop-item--align-center elementor-grid-3 elementor-product-loop-item--align-center elementor-grid-tablet-3 elementor-products-grid elementor-wc-products elementor-widget elementor-widget-woocommerce-products\" data-id=\"bba680f\" data-element_type=\"widget\" data-e-type=\"widget\" data-widget_type=\"woocommerce-products.default\">\n\t\t\t\t<div class=\"elementor-widget-container\">\n\t\t\t\t\t<div class=\"woocommerce columns-3\"><ul class=\"products elementor-grid columns-3\">\n<li class=\"product type-product post-6705 status-publish first instock product_cat-on-off product_tag-absence product_tag-bag-smellproof product_tag-carbon-layer product_tag-odor-proof product_tag-rfid product_tag-smell-proof product_tag-zeld product_tag-zip-zero has-post-thumbnail taxable shipping-taxable purchasable product-type-simple\">\n\t<a href=\"https:\/\/www.strawbaggy.com\/fr\/produit\/on-off-rfid-slingbag\/\" class=\"woocommerce-LoopProduct-link woocommerce-loop-product__link\"><img decoding=\"async\" width=\"300\" height=\"300\" src=\"https:\/\/www.strawbaggy.com\/wp-content\/uploads\/2026\/02\/canyon-nood-300x300.jpg\" class=\"attachment-woocommerce_thumbnail size-woocommerce_thumbnail\" alt=\"ON-OFF RFID SlingBag\" srcset=\"https:\/\/www.strawbaggy.com\/wp-content\/uploads\/2026\/02\/canyon-nood-300x300.jpg 300w, https:\/\/www.strawbaggy.com\/wp-content\/uploads\/2026\/02\/canyon-nood-1024x1024.jpg 1024w, https:\/\/www.strawbaggy.com\/wp-content\/uploads\/2026\/02\/canyon-nood-150x150.jpg 150w, https:\/\/www.strawbaggy.com\/wp-content\/uploads\/2026\/02\/canyon-nood-768x768.jpg 768w, https:\/\/www.strawbaggy.com\/wp-content\/uploads\/2026\/02\/canyon-nood-1536x1536.jpg 1536w, https:\/\/www.strawbaggy.com\/wp-content\/uploads\/2026\/02\/canyon-nood-12x12.jpg 12w, https:\/\/www.strawbaggy.com\/wp-content\/uploads\/2026\/02\/canyon-nood-600x600.jpg 600w, https:\/\/www.strawbaggy.com\/wp-content\/uploads\/2026\/02\/canyon-nood-100x100.jpg 100w, https:\/\/www.strawbaggy.com\/wp-content\/uploads\/2026\/02\/canyon-nood-50x50.jpg 50w, https:\/\/www.strawbaggy.com\/wp-content\/uploads\/2026\/02\/canyon-nood.jpg 2000w\" sizes=\"(max-width: 300px) 100vw, 300px\" \/><h2 class=\"woocommerce-loop-product__title\">ON-OFF RFID SlingBag<\/h2>\n\t<span class=\"price\"><span class=\"woocommerce-Price-amount amount\"><bdi>99,00&nbsp;<span class=\"woocommerce-Price-currencySymbol\">\u20ac<\/span><\/bdi><\/span> <span class=\"wapf-price-after\"><\/span><\/span>\n<\/a><a href=\"https:\/\/www.strawbaggy.com\/fr\/produit\/on-off-rfid-slingbag\/\" aria-describedby=\"woocommerce_loop_add_to_cart_link_describedby_6705\" data-quantity=\"1\" class=\"button product_type_simple add_to_cart_button\" data-product_id=\"6705\" data-product_sku=\"Onoff-Sling\" aria-label=\"Ajouter au panier\u00a0: \u201cON-OFF RFID SlingBag\u201d\" rel=\"nofollow\" data-success_message=\"\u00ab\u00a0ON-OFF RFID SlingBag\u00a0\u00bb a \u00e9t\u00e9 ajout\u00e9 \u00e0 votre panier\" data-no-translation-aria-label=\"\" data-no-translation-data-success_message=\"\">S\u00e9lectionner les options<\/a>\t<span id=\"woocommerce_loop_add_to_cart_link_describedby_6705\" class=\"screen-reader-text\">\n\t\t\t<\/span>\n<\/li>\n<li class=\"product type-product post-6801 status-publish instock product_cat-on-off product_tag-absence product_tag-bag-smellproof product_tag-carbon-layer product_tag-odor-proof product_tag-rfid product_tag-smell-proof product_tag-zeld product_tag-zip-zero has-post-thumbnail taxable shipping-taxable purchasable product-type-simple\">\n\t<a href=\"https:\/\/www.strawbaggy.com\/fr\/produit\/on-off-rfid-pocket-bag\/\" class=\"woocommerce-LoopProduct-link woocommerce-loop-product__link\"><img decoding=\"async\" width=\"300\" height=\"300\" src=\"https:\/\/www.strawbaggy.com\/wp-content\/uploads\/2026\/02\/blissed-1-300x300.jpg\" class=\"attachment-woocommerce_thumbnail size-woocommerce_thumbnail\" alt=\"ON-OFF RFID Pocket bag\" srcset=\"https:\/\/www.strawbaggy.com\/wp-content\/uploads\/2026\/02\/blissed-1-300x300.jpg 300w, https:\/\/www.strawbaggy.com\/wp-content\/uploads\/2026\/02\/blissed-1-1024x1024.jpg 1024w, https:\/\/www.strawbaggy.com\/wp-content\/uploads\/2026\/02\/blissed-1-150x150.jpg 150w, https:\/\/www.strawbaggy.com\/wp-content\/uploads\/2026\/02\/blissed-1-768x768.jpg 768w, https:\/\/www.strawbaggy.com\/wp-content\/uploads\/2026\/02\/blissed-1-1536x1536.jpg 1536w, https:\/\/www.strawbaggy.com\/wp-content\/uploads\/2026\/02\/blissed-1-12x12.jpg 12w, https:\/\/www.strawbaggy.com\/wp-content\/uploads\/2026\/02\/blissed-1-600x600.jpg 600w, https:\/\/www.strawbaggy.com\/wp-content\/uploads\/2026\/02\/blissed-1-100x100.jpg 100w, https:\/\/www.strawbaggy.com\/wp-content\/uploads\/2026\/02\/blissed-1-50x50.jpg 50w, https:\/\/www.strawbaggy.com\/wp-content\/uploads\/2026\/02\/blissed-1.jpg 2000w\" sizes=\"(max-width: 300px) 100vw, 300px\" \/><h2 class=\"woocommerce-loop-product__title\">Sac de poche RFID ON-OFF<\/h2>\n\t<span class=\"price\"><span class=\"woocommerce-Price-amount amount\"><bdi>63,00&nbsp;<span class=\"woocommerce-Price-currencySymbol\">\u20ac<\/span><\/bdi><\/span> <span class=\"wapf-price-after\"><\/span><\/span>\n<\/a><a href=\"https:\/\/www.strawbaggy.com\/fr\/produit\/on-off-rfid-pocket-bag\/\" aria-describedby=\"woocommerce_loop_add_to_cart_link_describedby_6801\" data-quantity=\"1\" class=\"button product_type_simple add_to_cart_button\" data-product_id=\"6801\" data-product_sku=\"ONOFF-P\" aria-label=\"Ajouter au panier\u00a0: \u201cON-OFF RFID Pocket bag\u201d\" rel=\"nofollow\" data-success_message=\"\u00ab\u00a0ON-OFF RFID Pocket bag\u00a0\u00bb a \u00e9t\u00e9 ajout\u00e9 \u00e0 votre panier\" data-no-translation-aria-label=\"\" data-no-translation-data-success_message=\"\">S\u00e9lectionner les options<\/a>\t<span id=\"woocommerce_loop_add_to_cart_link_describedby_6801\" class=\"screen-reader-text\">\n\t\t\t<\/span>\n<\/li>\n<li class=\"product type-product post-7567 status-publish last instock product_cat-on-off product_tag-absence product_tag-bag-smellproof product_tag-carbon-layer product_tag-odor-proof product_tag-rfid product_tag-smell-proof product_tag-zeld product_tag-zip-zero has-post-thumbnail taxable shipping-taxable purchasable product-type-simple\">\n\t<a href=\"https:\/\/www.strawbaggy.com\/fr\/produit\/on-off-rfid-sleeve\/\" class=\"woocommerce-LoopProduct-link woocommerce-loop-product__link\"><img loading=\"lazy\" decoding=\"async\" width=\"300\" height=\"300\" src=\"https:\/\/www.strawbaggy.com\/wp-content\/uploads\/2026\/02\/sleeve1-300x300.jpg\" class=\"attachment-woocommerce_thumbnail size-woocommerce_thumbnail\" alt=\"ON-OFF RFID Sleeve\" srcset=\"https:\/\/www.strawbaggy.com\/wp-content\/uploads\/2026\/02\/sleeve1-300x300.jpg 300w, https:\/\/www.strawbaggy.com\/wp-content\/uploads\/2026\/02\/sleeve1-1024x1024.jpg 1024w, https:\/\/www.strawbaggy.com\/wp-content\/uploads\/2026\/02\/sleeve1-150x150.jpg 150w, https:\/\/www.strawbaggy.com\/wp-content\/uploads\/2026\/02\/sleeve1-768x768.jpg 768w, https:\/\/www.strawbaggy.com\/wp-content\/uploads\/2026\/02\/sleeve1-1536x1536.jpg 1536w, https:\/\/www.strawbaggy.com\/wp-content\/uploads\/2026\/02\/sleeve1-12x12.jpg 12w, https:\/\/www.strawbaggy.com\/wp-content\/uploads\/2026\/02\/sleeve1-600x600.jpg 600w, https:\/\/www.strawbaggy.com\/wp-content\/uploads\/2026\/02\/sleeve1-100x100.jpg 100w, https:\/\/www.strawbaggy.com\/wp-content\/uploads\/2026\/02\/sleeve1-50x50.jpg 50w, https:\/\/www.strawbaggy.com\/wp-content\/uploads\/2026\/02\/sleeve1.jpg 2000w\" sizes=\"(max-width: 300px) 100vw, 300px\" \/><h2 class=\"woocommerce-loop-product__title\">Pochette RFID ON-OFF<\/h2>\n\t<span class=\"price\"><span class=\"woocommerce-Price-amount amount\"><bdi>39,00&nbsp;<span class=\"woocommerce-Price-currencySymbol\">\u20ac<\/span><\/bdi><\/span> <span class=\"wapf-price-after\"><\/span><\/span>\n<\/a><a href=\"\/fr\/wp-json\/wp\/v2\/pages\/6802?add-to-cart=7567\" aria-describedby=\"woocommerce_loop_add_to_cart_link_describedby_7567\" data-quantity=\"1\" class=\"button product_type_simple add_to_cart_button ajax_add_to_cart\" data-product_id=\"7567\" data-product_sku=\"ONOFF-P-1\" aria-label=\"Ajouter au panier\u00a0: \u201cON-OFF RFID Sleeve\u201d\" rel=\"nofollow\" data-success_message=\"\u00ab\u00a0ON-OFF RFID Sleeve\u00a0\u00bb a \u00e9t\u00e9 ajout\u00e9 \u00e0 votre panier\" data-no-translation=\"\" data-trp-gettext=\"\" data-no-translation-aria-label=\"\" data-no-translation-data-success_message=\"\">Ajouter au panier<\/a>\t<span id=\"woocommerce_loop_add_to_cart_link_describedby_7567\" class=\"screen-reader-text\">\n\t\t\t<\/span>\n<\/li>\n<li class=\"product type-product post-7683 status-publish first instock product_cat-on-off product_tag-absence product_tag-bag-smellproof product_tag-carbon-layer product_tag-odor-proof product_tag-rfid product_tag-smell-proof product_tag-zeld product_tag-zip-zero has-post-thumbnail taxable shipping-taxable purchasable product-type-simple\">\n\t<a href=\"https:\/\/www.strawbaggy.com\/fr\/produit\/cover-for-on-off-rfid-slingbag\/\" class=\"woocommerce-LoopProduct-link woocommerce-loop-product__link\"><img loading=\"lazy\" decoding=\"async\" width=\"300\" height=\"300\" src=\"https:\/\/www.strawbaggy.com\/wp-content\/uploads\/2025\/09\/sling17-300x300.jpg\" class=\"attachment-woocommerce_thumbnail size-woocommerce_thumbnail\" alt=\"Cover for ON-OFF RFID SlingBag\" srcset=\"https:\/\/www.strawbaggy.com\/wp-content\/uploads\/2025\/09\/sling17-300x300.jpg 300w, https:\/\/www.strawbaggy.com\/wp-content\/uploads\/2025\/09\/sling17-1024x1024.jpg 1024w, https:\/\/www.strawbaggy.com\/wp-content\/uploads\/2025\/09\/sling17-150x150.jpg 150w, https:\/\/www.strawbaggy.com\/wp-content\/uploads\/2025\/09\/sling17-768x768.jpg 768w, https:\/\/www.strawbaggy.com\/wp-content\/uploads\/2025\/09\/sling17-1536x1536.jpg 1536w, https:\/\/www.strawbaggy.com\/wp-content\/uploads\/2025\/09\/sling17-12x12.jpg 12w, https:\/\/www.strawbaggy.com\/wp-content\/uploads\/2025\/09\/sling17-600x600.jpg 600w, https:\/\/www.strawbaggy.com\/wp-content\/uploads\/2025\/09\/sling17-100x100.jpg 100w, https:\/\/www.strawbaggy.com\/wp-content\/uploads\/2025\/09\/sling17-50x50.jpg 50w, https:\/\/www.strawbaggy.com\/wp-content\/uploads\/2025\/09\/sling17.jpg 2000w\" sizes=\"(max-width: 300px) 100vw, 300px\" \/><h2 class=\"woocommerce-loop-product__title\">Couverture pour la besace RFID ON-OFF<\/h2>\n\t<span class=\"price\"><span class=\"woocommerce-Price-amount amount\"><bdi>11,90&nbsp;<span class=\"woocommerce-Price-currencySymbol\">\u20ac<\/span><\/bdi><\/span> <span class=\"wapf-price-after\"><\/span><\/span>\n<\/a><a href=\"https:\/\/www.strawbaggy.com\/fr\/produit\/cover-for-on-off-rfid-slingbag\/\" aria-describedby=\"woocommerce_loop_add_to_cart_link_describedby_7683\" data-quantity=\"1\" class=\"button product_type_simple add_to_cart_button\" data-product_id=\"7683\" data-product_sku=\"Onoff-Sling-1\" aria-label=\"Ajouter au panier\u00a0: \u201cCover for ON-OFF RFID SlingBag\u201d\" rel=\"nofollow\" data-success_message=\"\u00ab\u00a0Cover for ON-OFF RFID SlingBag\u00a0\u00bb a \u00e9t\u00e9 ajout\u00e9 \u00e0 votre panier\" data-no-translation-aria-label=\"\" data-no-translation-data-success_message=\"\">S\u00e9lectionner les options<\/a>\t<span id=\"woocommerce_loop_add_to_cart_link_describedby_7683\" class=\"screen-reader-text\">\n\t\t\t<\/span>\n<\/li>\n<li class=\"product type-product post-7685 status-publish instock product_cat-on-off product_tag-absence product_tag-bag-smellproof product_tag-carbon-layer product_tag-odor-proof product_tag-rfid product_tag-smell-proof product_tag-zeld product_tag-zip-zero has-post-thumbnail taxable shipping-taxable purchasable product-type-simple\">\n\t<a href=\"https:\/\/www.strawbaggy.com\/fr\/produit\/cover-for-on-off-rfid-pocket-bag\/\" class=\"woocommerce-LoopProduct-link woocommerce-loop-product__link\"><img loading=\"lazy\" decoding=\"async\" width=\"300\" height=\"300\" src=\"https:\/\/www.strawbaggy.com\/wp-content\/uploads\/2025\/09\/pocket10-300x300.jpg\" class=\"attachment-woocommerce_thumbnail size-woocommerce_thumbnail\" alt=\"Cover for ON-OFF RFID Pocket bag\" srcset=\"https:\/\/www.strawbaggy.com\/wp-content\/uploads\/2025\/09\/pocket10-300x300.jpg 300w, https:\/\/www.strawbaggy.com\/wp-content\/uploads\/2025\/09\/pocket10-150x150.jpg 150w, https:\/\/www.strawbaggy.com\/wp-content\/uploads\/2025\/09\/pocket10-100x100.jpg 100w, https:\/\/www.strawbaggy.com\/wp-content\/uploads\/2025\/09\/pocket10-50x50.jpg 50w\" sizes=\"(max-width: 300px) 100vw, 300px\" \/><h2 class=\"woocommerce-loop-product__title\">Couverture pour sac de poche RFID ON-OFF<\/h2>\n\t<span class=\"price\"><span class=\"woocommerce-Price-amount amount\"><bdi>5,90&nbsp;<span class=\"woocommerce-Price-currencySymbol\">\u20ac<\/span><\/bdi><\/span> <span class=\"wapf-price-after\"><\/span><\/span>\n<\/a><a href=\"https:\/\/www.strawbaggy.com\/fr\/produit\/cover-for-on-off-rfid-pocket-bag\/\" aria-describedby=\"woocommerce_loop_add_to_cart_link_describedby_7685\" data-quantity=\"1\" class=\"button product_type_simple add_to_cart_button\" data-product_id=\"7685\" data-product_sku=\"Onoff-Sling-2\" aria-label=\"Ajouter au panier\u00a0: \u201cCover for ON-OFF RFID Pocket bag\u201d\" rel=\"nofollow\" data-success_message=\"\u00ab\u00a0Cover for ON-OFF RFID Pocket bag\u00a0\u00bb a \u00e9t\u00e9 ajout\u00e9 \u00e0 votre panier\" data-no-translation-aria-label=\"\" data-no-translation-data-success_message=\"\">S\u00e9lectionner les options<\/a>\t<span id=\"woocommerce_loop_add_to_cart_link_describedby_7685\" class=\"screen-reader-text\">\n\t\t\t<\/span>\n<\/li>\n<\/ul>\n<\/div>\t\t\t\t<\/div>\n\t\t\t\t<\/div>\n\t\t\t\t\t<\/div>\n\t\t\t\t<\/div>\n\t\t\t\t<\/div>","protected":false},"excerpt":{"rendered":"<p>ON-OFF RFID collection \ud83d\udd12 ON-OFF Bag \u2013 The New Frontier of Privacy We live in an age where our phones is always with us: \ud83d\udcf1Listens, it tracks, it constantly notifies. But what happens when we truly want to disconnect? \u274c No incoming or outgoing signals (GPS, Wi-Fi, Bluetooth, 4G\/5G). \u274c No chance of tracking or [&hellip;]<\/p>\n","protected":false},"author":2,"featured_media":6809,"parent":0,"menu_order":0,"comment_status":"closed","ping_status":"closed","template":"","meta":{"footnotes":""},"class_list":["post-6802","page","type-page","status-publish","has-post-thumbnail","hentry"],"yoast_head":"<!-- This site is optimized with the Yoast SEO Premium plugin v27.4 (Yoast SEO v27.4) - https:\/\/yoast.com\/product\/yoast-seo-premium-wordpress\/ -->\n<title>ON-OFF - StrawBaggy<\/title>\n<meta name=\"robots\" content=\"index, follow, max-snippet:-1, max-image-preview:large, max-video-preview:-1\" \/>\n<link rel=\"canonical\" href=\"https:\/\/www.strawbaggy.com\/fr\/on-off\/\" \/>\n<meta property=\"og:locale\" content=\"fr_FR\" \/>\n<meta property=\"og:type\" content=\"article\" \/>\n<meta property=\"og:title\" content=\"ON-OFF\" \/>\n<meta property=\"og:description\" content=\"ON-OFF RFID collection \ud83d\udd12 ON-OFF Bag \u2013 The New Frontier of Privacy We live in an age where our phones is always with us: \ud83d\udcf1Listens, it tracks, it constantly notifies. But what happens when we truly want to disconnect? \u274c No incoming or outgoing signals (GPS, Wi-Fi, Bluetooth, 4G\/5G). \u274c No chance of tracking or [&hellip;]\" \/>\n<meta property=\"og:url\" content=\"https:\/\/www.strawbaggy.com\/fr\/on-off\/\" \/>\n<meta property=\"og:site_name\" content=\"StrawBaggy\" \/>\n<meta property=\"article:modified_time\" content=\"2026-04-10T15:23:39+00:00\" \/>\n<meta property=\"og:image\" content=\"https:\/\/www.strawbaggy.com\/wp-content\/uploads\/2025\/09\/Photoroom_20250919_133139.png\" \/>\n\t<meta property=\"og:image:width\" content=\"1080\" \/>\n\t<meta property=\"og:image:height\" content=\"1080\" \/>\n\t<meta property=\"og:image:type\" content=\"image\/png\" \/>\n<meta name=\"twitter:card\" content=\"summary_large_image\" \/>\n<meta name=\"twitter:label1\" content=\"Dur\u00e9e de lecture estim\u00e9e\" \/>\n\t<meta name=\"twitter:data1\" content=\"3 minutes\" \/>\n<script type=\"application\/ld+json\" class=\"yoast-schema-graph\">{\"@context\":\"https:\\\/\\\/schema.org\",\"@graph\":[{\"@type\":\"WebPage\",\"@id\":\"https:\\\/\\\/www.strawbaggy.com\\\/on-off\\\/\",\"url\":\"https:\\\/\\\/www.strawbaggy.com\\\/on-off\\\/\",\"name\":\"ON-OFF - StrawBaggy\",\"isPartOf\":{\"@id\":\"https:\\\/\\\/www.strawbaggy.com\\\/#website\"},\"primaryImageOfPage\":{\"@id\":\"https:\\\/\\\/www.strawbaggy.com\\\/on-off\\\/#primaryimage\"},\"image\":{\"@id\":\"https:\\\/\\\/www.strawbaggy.com\\\/on-off\\\/#primaryimage\"},\"thumbnailUrl\":\"https:\\\/\\\/www.strawbaggy.com\\\/wp-content\\\/uploads\\\/2025\\\/09\\\/Photoroom_20250919_133139.png\",\"datePublished\":\"2025-09-19T14:17:23+00:00\",\"dateModified\":\"2026-04-10T15:23:39+00:00\",\"breadcrumb\":{\"@id\":\"https:\\\/\\\/www.strawbaggy.com\\\/on-off\\\/#breadcrumb\"},\"inLanguage\":\"fr-FR\",\"potentialAction\":[{\"@type\":\"ReadAction\",\"target\":[\"https:\\\/\\\/www.strawbaggy.com\\\/on-off\\\/\"]}]},{\"@type\":\"ImageObject\",\"inLanguage\":\"fr-FR\",\"@id\":\"https:\\\/\\\/www.strawbaggy.com\\\/on-off\\\/#primaryimage\",\"url\":\"https:\\\/\\\/www.strawbaggy.com\\\/wp-content\\\/uploads\\\/2025\\\/09\\\/Photoroom_20250919_133139.png\",\"contentUrl\":\"https:\\\/\\\/www.strawbaggy.com\\\/wp-content\\\/uploads\\\/2025\\\/09\\\/Photoroom_20250919_133139.png\",\"width\":1080,\"height\":1080},{\"@type\":\"BreadcrumbList\",\"@id\":\"https:\\\/\\\/www.strawbaggy.com\\\/on-off\\\/#breadcrumb\",\"itemListElement\":[{\"@type\":\"ListItem\",\"position\":1,\"name\":\"Home\",\"item\":\"https:\\\/\\\/www.strawbaggy.com\\\/\"},{\"@type\":\"ListItem\",\"position\":2,\"name\":\"ON-OFF\"}]},{\"@type\":\"WebSite\",\"@id\":\"https:\\\/\\\/www.strawbaggy.com\\\/#website\",\"url\":\"https:\\\/\\\/www.strawbaggy.com\\\/\",\"name\":\"StrawBaggy\",\"description\":\"by Hardcase Technologies\",\"publisher\":{\"@id\":\"https:\\\/\\\/www.strawbaggy.com\\\/#organization\"},\"potentialAction\":[{\"@type\":\"SearchAction\",\"target\":{\"@type\":\"EntryPoint\",\"urlTemplate\":\"https:\\\/\\\/www.strawbaggy.com\\\/?s={search_term_string}\"},\"query-input\":{\"@type\":\"PropertyValueSpecification\",\"valueRequired\":true,\"valueName\":\"search_term_string\"}}],\"inLanguage\":\"fr-FR\"},{\"@type\":\"Organization\",\"@id\":\"https:\\\/\\\/www.strawbaggy.com\\\/#organization\",\"name\":\"StrawBaggy by Hardcase Technologies\",\"url\":\"https:\\\/\\\/www.strawbaggy.com\\\/\",\"logo\":{\"@type\":\"ImageObject\",\"inLanguage\":\"fr-FR\",\"@id\":\"https:\\\/\\\/www.strawbaggy.com\\\/#\\\/schema\\\/logo\\\/image\\\/\",\"url\":\"https:\\\/\\\/www.strawbaggy.com\\\/wp-content\\\/uploads\\\/2025\\\/02\\\/BET04665-copia.png\",\"contentUrl\":\"https:\\\/\\\/www.strawbaggy.com\\\/wp-content\\\/uploads\\\/2025\\\/02\\\/BET04665-copia.png\",\"width\":1500,\"height\":1500,\"caption\":\"StrawBaggy by Hardcase Technologies\"},\"image\":{\"@id\":\"https:\\\/\\\/www.strawbaggy.com\\\/#\\\/schema\\\/logo\\\/image\\\/\"},\"sameAs\":[\"https:\\\/\\\/www.instagram.com\\\/straw_baggy\\\/\"]}]}<\/script>\n<!-- \/ Yoast SEO Premium plugin. -->","yoast_head_json":{"title":"ON-OFF - StrawBaggy","robots":{"index":"index","follow":"follow","max-snippet":"max-snippet:-1","max-image-preview":"max-image-preview:large","max-video-preview":"max-video-preview:-1"},"canonical":"https:\/\/www.strawbaggy.com\/fr\/on-off\/","og_locale":"fr_FR","og_type":"article","og_title":"ON-OFF","og_description":"ON-OFF RFID collection \ud83d\udd12 ON-OFF Bag \u2013 The New Frontier of Privacy We live in an age where our phones is always with us: \ud83d\udcf1Listens, it tracks, it constantly notifies. But what happens when we truly want to disconnect? \u274c No incoming or outgoing signals (GPS, Wi-Fi, Bluetooth, 4G\/5G). \u274c No chance of tracking or [&hellip;]","og_url":"https:\/\/www.strawbaggy.com\/fr\/on-off\/","og_site_name":"StrawBaggy","article_modified_time":"2026-04-10T15:23:39+00:00","og_image":[{"width":1080,"height":1080,"url":"https:\/\/www.strawbaggy.com\/wp-content\/uploads\/2025\/09\/Photoroom_20250919_133139.png","type":"image\/png"}],"twitter_card":"summary_large_image","twitter_misc":{"Dur\u00e9e de lecture estim\u00e9e":"3 minutes"},"schema":{"@context":"https:\/\/schema.org","@graph":[{"@type":"WebPage","@id":"https:\/\/www.strawbaggy.com\/on-off\/","url":"https:\/\/www.strawbaggy.com\/on-off\/","name":"ON-OFF - StrawBaggy","isPartOf":{"@id":"https:\/\/www.strawbaggy.com\/#website"},"primaryImageOfPage":{"@id":"https:\/\/www.strawbaggy.com\/on-off\/#primaryimage"},"image":{"@id":"https:\/\/www.strawbaggy.com\/on-off\/#primaryimage"},"thumbnailUrl":"https:\/\/www.strawbaggy.com\/wp-content\/uploads\/2025\/09\/Photoroom_20250919_133139.png","datePublished":"2025-09-19T14:17:23+00:00","dateModified":"2026-04-10T15:23:39+00:00","breadcrumb":{"@id":"https:\/\/www.strawbaggy.com\/on-off\/#breadcrumb"},"inLanguage":"fr-FR","potentialAction":[{"@type":"ReadAction","target":["https:\/\/www.strawbaggy.com\/on-off\/"]}]},{"@type":"ImageObject","inLanguage":"fr-FR","@id":"https:\/\/www.strawbaggy.com\/on-off\/#primaryimage","url":"https:\/\/www.strawbaggy.com\/wp-content\/uploads\/2025\/09\/Photoroom_20250919_133139.png","contentUrl":"https:\/\/www.strawbaggy.com\/wp-content\/uploads\/2025\/09\/Photoroom_20250919_133139.png","width":1080,"height":1080},{"@type":"BreadcrumbList","@id":"https:\/\/www.strawbaggy.com\/on-off\/#breadcrumb","itemListElement":[{"@type":"ListItem","position":1,"name":"Home","item":"https:\/\/www.strawbaggy.com\/"},{"@type":"ListItem","position":2,"name":"ON-OFF"}]},{"@type":"WebSite","@id":"https:\/\/www.strawbaggy.com\/#website","url":"https:\/\/www.strawbaggy.com\/","name":"Sac \u00e0 paille","description":"par Hardcase Technologies","publisher":{"@id":"https:\/\/www.strawbaggy.com\/#organization"},"potentialAction":[{"@type":"SearchAction","target":{"@type":"EntryPoint","urlTemplate":"https:\/\/www.strawbaggy.com\/?s={search_term_string}"},"query-input":{"@type":"PropertyValueSpecification","valueRequired":true,"valueName":"search_term_string"}}],"inLanguage":"fr-FR"},{"@type":"Organization","@id":"https:\/\/www.strawbaggy.com\/#organization","name":"StrawBaggy par Hardcase Technologies","url":"https:\/\/www.strawbaggy.com\/","logo":{"@type":"ImageObject","inLanguage":"fr-FR","@id":"https:\/\/www.strawbaggy.com\/#\/schema\/logo\/image\/","url":"https:\/\/www.strawbaggy.com\/wp-content\/uploads\/2025\/02\/BET04665-copia.png","contentUrl":"https:\/\/www.strawbaggy.com\/wp-content\/uploads\/2025\/02\/BET04665-copia.png","width":1500,"height":1500,"caption":"StrawBaggy by Hardcase Technologies"},"image":{"@id":"https:\/\/www.strawbaggy.com\/#\/schema\/logo\/image\/"},"sameAs":["https:\/\/www.instagram.com\/straw_baggy\/"]}]}},"jetpack_sharing_enabled":true,"_links":{"self":[{"href":"https:\/\/www.strawbaggy.com\/fr\/wp-json\/wp\/v2\/pages\/6802","targetHints":{"allow":["GET"]}}],"collection":[{"href":"https:\/\/www.strawbaggy.com\/fr\/wp-json\/wp\/v2\/pages"}],"about":[{"href":"https:\/\/www.strawbaggy.com\/fr\/wp-json\/wp\/v2\/types\/page"}],"author":[{"embeddable":true,"href":"https:\/\/www.strawbaggy.com\/fr\/wp-json\/wp\/v2\/users\/2"}],"replies":[{"embeddable":true,"href":"https:\/\/www.strawbaggy.com\/fr\/wp-json\/wp\/v2\/comments?post=6802"}],"version-history":[{"count":25,"href":"https:\/\/www.strawbaggy.com\/fr\/wp-json\/wp\/v2\/pages\/6802\/revisions"}],"predecessor-version":[{"id":7689,"href":"https:\/\/www.strawbaggy.com\/fr\/wp-json\/wp\/v2\/pages\/6802\/revisions\/7689"}],"wp:featuredmedia":[{"embeddable":true,"href":"https:\/\/www.strawbaggy.com\/fr\/wp-json\/wp\/v2\/media\/6809"}],"wp:attachment":[{"href":"https:\/\/www.strawbaggy.com\/fr\/wp-json\/wp\/v2\/media?parent=6802"}],"curies":[{"name":"wp","href":"https:\/\/api.w.org\/{rel}","templated":true}]}}