{"id":6973,"date":"2025-10-16T17:52:29","date_gmt":"2025-10-16T15:52:29","guid":{"rendered":"https:\/\/www.strawbaggy.com\/?page_id=6973"},"modified":"2025-11-05T16:07:07","modified_gmt":"2025-11-05T15:07:07","slug":"affiliation-program","status":"publish","type":"page","link":"https:\/\/www.strawbaggy.com\/fr\/affiliation-program\/","title":{"rendered":"Programme d'affiliation"},"content":{"rendered":"<div data-elementor-type=\"wp-page\" data-elementor-id=\"6973\" class=\"elementor elementor-6973\" data-elementor-post-type=\"page\">\n\t\t\t\t<div class=\"elementor-element elementor-element-a3ebcff e-flex e-con-boxed e-con e-parent\" data-id=\"a3ebcff\" data-element_type=\"container\" data-e-type=\"container\" data-settings=\"{&quot;background_background&quot;:&quot;classic&quot;}\">\n\t\t\t\t\t<div class=\"e-con-inner\">\n\t\t<div class=\"elementor-element elementor-element-5dda8bd e-con-full e-flex e-con e-child\" data-id=\"5dda8bd\" data-element_type=\"container\" data-e-type=\"container\">\n\t\t\t\t<div class=\"elementor-element elementor-element-bb428a4 elementor-widget elementor-widget-image\" data-id=\"bb428a4\" data-element_type=\"widget\" data-e-type=\"widget\" data-widget_type=\"image.default\">\n\t\t\t\t<div class=\"elementor-widget-container\">\n\t\t\t\t\t\t\t\t\t\t\t\t\t\t\t<img fetchpriority=\"high\" decoding=\"async\" width=\"800\" height=\"227\" src=\"https:\/\/www.strawbaggy.com\/wp-content\/uploads\/2025\/02\/logo2-1024x291.png\" class=\"attachment-large size-large wp-image-5023\" alt=\"\" srcset=\"https:\/\/www.strawbaggy.com\/wp-content\/uploads\/2025\/02\/logo2-1024x291.png 1024w, https:\/\/www.strawbaggy.com\/wp-content\/uploads\/2025\/02\/logo2-300x85.png 300w, https:\/\/www.strawbaggy.com\/wp-content\/uploads\/2025\/02\/logo2-768x218.png 768w, https:\/\/www.strawbaggy.com\/wp-content\/uploads\/2025\/02\/logo2-600x171.png 600w, https:\/\/www.strawbaggy.com\/wp-content\/uploads\/2025\/02\/logo2.png 1262w\" sizes=\"(max-width: 800px) 100vw, 800px\" \/>\t\t\t\t\t\t\t\t\t\t\t\t\t\t\t<\/div>\n\t\t\t\t<\/div>\n\t\t\t\t<div class=\"elementor-element elementor-element-6a83004 elementor-widget elementor-widget-heading\" data-id=\"6a83004\" data-element_type=\"widget\" data-e-type=\"widget\" data-widget_type=\"heading.default\">\n\t\t\t\t<div class=\"elementor-widget-container\">\n\t\t\t\t\t<h2 class=\"elementor-heading-title elementor-size-default\">PROGRAMME D'AFFILIATION<\/h2>\t\t\t\t<\/div>\n\t\t\t\t<\/div>\n\t\t\t\t<\/div>\n\t\t\t\t\t<\/div>\n\t\t\t\t<\/div>\n\t\t<div class=\"elementor-element elementor-element-8e842a4 e-flex e-con-boxed e-con e-parent\" data-id=\"8e842a4\" data-element_type=\"container\" data-e-type=\"container\">\n\t\t\t\t\t<div class=\"e-con-inner\">\n\t\t\t\t<div class=\"elementor-element elementor-element-39eb72f elementor-widget elementor-widget-text-editor\" data-id=\"39eb72f\" data-element_type=\"widget\" data-e-type=\"widget\" data-widget_type=\"text-editor.default\">\n\t\t\t\t<div class=\"elementor-widget-container\">\n\t\t\t\t\t\t\t\t\t<p>Gagner <strong>20% commission<\/strong> sur chaque vente que vous g\u00e9n\u00e9rez + Offrez \u00e0 vos followers <strong>10% OFF<\/strong> avec votre lien personnel.<\/p><p><strong>Augmentez vos revenus. Partagez ce que vous aimez.<\/strong><\/p>\t\t\t\t\t\t\t\t<\/div>\n\t\t\t\t<\/div>\n\t\t\t\t\t<\/div>\n\t\t\t\t<\/div>\n\t\t<div class=\"elementor-element elementor-element-abd3398 e-flex e-con-boxed e-con e-parent\" data-id=\"abd3398\" data-element_type=\"container\" data-e-type=\"container\">\n\t\t\t\t\t<div class=\"e-con-inner\">\n\t\t\t\t<div class=\"elementor-element elementor-element-1593ac5 elementor-widget elementor-widget-image\" data-id=\"1593ac5\" data-element_type=\"widget\" data-e-type=\"widget\" data-widget_type=\"image.default\">\n\t\t\t\t<div class=\"elementor-widget-container\">\n\t\t\t\t\t\t\t\t\t\t\t\t\t\t\t<img decoding=\"async\" width=\"800\" height=\"411\" src=\"https:\/\/www.strawbaggy.com\/wp-content\/uploads\/2025\/10\/affiliate-1-1024x526.jpeg\" class=\"attachment-large size-large wp-image-6981\" alt=\"\" srcset=\"https:\/\/www.strawbaggy.com\/wp-content\/uploads\/2025\/10\/affiliate-1-1024x526.jpeg 1024w, https:\/\/www.strawbaggy.com\/wp-content\/uploads\/2025\/10\/affiliate-1-300x154.jpeg 300w, https:\/\/www.strawbaggy.com\/wp-content\/uploads\/2025\/10\/affiliate-1-768x394.jpeg 768w, https:\/\/www.strawbaggy.com\/wp-content\/uploads\/2025\/10\/affiliate-1-18x9.jpeg 18w, https:\/\/www.strawbaggy.com\/wp-content\/uploads\/2025\/10\/affiliate-1-600x308.jpeg 600w, https:\/\/www.strawbaggy.com\/wp-content\/uploads\/2025\/10\/affiliate-1.jpeg 1280w\" sizes=\"(max-width: 800px) 100vw, 800px\" \/>\t\t\t\t\t\t\t\t\t\t\t\t\t\t\t<\/div>\n\t\t\t\t<\/div>\n\t\t\t\t\t<\/div>\n\t\t\t\t<\/div>\n\t\t<div class=\"elementor-element elementor-element-2b34a81 e-flex e-con-boxed e-con e-parent\" data-id=\"2b34a81\" data-element_type=\"container\" data-e-type=\"container\">\n\t\t\t\t\t<div class=\"e-con-inner\">\n\t\t<div class=\"elementor-element elementor-element-5ea2a21 e-con-full e-flex e-con e-child\" data-id=\"5ea2a21\" data-element_type=\"container\" data-e-type=\"container\" data-settings=\"{&quot;background_background&quot;:&quot;classic&quot;}\">\n\t\t\t\t<div class=\"elementor-element elementor-element-fe822d0 elementor-widget elementor-widget-text-editor\" data-id=\"fe822d0\" data-element_type=\"widget\" data-e-type=\"widget\" data-widget_type=\"text-editor.default\">\n\t\t\t\t<div class=\"elementor-widget-container\">\n\t\t\t\t\t\t\t\t\t<p><b>AVANTAGES POUR L'AFFILI\u00c9<\/b><b><\/b><\/p><p>Lien personnalis\u00e9 et tra\u00e7able<\/p><p>\ud83d\udcb8 Commission automatique 20% sur chaque vente<\/p><p>\ud83c\udf81 10% code de r\u00e9duction pour votre communaut\u00e9<\/p><p>\ud83c\udf0d Programme ouvert aux sites web, aux blogs, aux influenceurs et aux communaut\u00e9s de discussion<\/p><p>\ud83d\udcc8 Tableau de bord personnel pour suivre vos ventes<\/p>\t\t\t\t\t\t\t\t<\/div>\n\t\t\t\t<\/div>\n\t\t\t\t<\/div>\n\t\t\t\t\t<\/div>\n\t\t\t\t<\/div>\n\t\t<div class=\"elementor-element elementor-element-ad454d2 e-flex e-con-boxed e-con e-parent\" data-id=\"ad454d2\" data-element_type=\"container\" data-e-type=\"container\">\n\t\t\t\t\t<div class=\"e-con-inner\">\n\t\t\t\t<div class=\"elementor-element elementor-element-8b6b10f elementor-widget elementor-widget-heading\" data-id=\"8b6b10f\" data-element_type=\"widget\" data-e-type=\"widget\" data-widget_type=\"heading.default\">\n\t\t\t\t<div class=\"elementor-widget-container\">\n\t\t\t\t\t<h2 class=\"elementor-heading-title elementor-size-default\">Comment rejoindre le programme d'affiliation de Strawbaggy :<\/h2>\t\t\t\t<\/div>\n\t\t\t\t<\/div>\n\t\t\t\t<div class=\"elementor-element elementor-element-461dfa0 elementor-widget elementor-widget-text-editor\" data-id=\"461dfa0\" data-element_type=\"widget\" data-e-type=\"widget\" data-widget_type=\"text-editor.default\">\n\t\t\t\t<div class=\"elementor-widget-container\">\n\t\t\t\t\t\t\t\t\t<p><strong>1.<\/strong>Visitez notre site officiel <a href=\"https:\/\/www.strawbaggy.com\/fr\/\"><b>strawbaggy.com<\/b><\/a>.<\/p><p><strong>2.<\/strong>Choisissez le produit qui correspond le mieux \u00e0 votre public et qui pourrait constituer une bonne promotion pour vos followers.<\/p><p><strong>3.<\/strong>Acheter le produit avec un <b>10% r\u00e9duction pour les affili\u00e9s*<\/b> de l'essayer vous-m\u00eame et de cr\u00e9er un contenu authentique.<\/p><p><strong>4.<\/strong>Une fois que vous avez fait votre <b>premi\u00e8re vente en utilisant votre lien d'affiliation<\/b>Vous serez <b>le remboursement int\u00e9gral du produit achet\u00e9<\/b> dans le cadre de l'activation du programme.<\/p>\t\t\t\t\t\t\t\t<\/div>\n\t\t\t\t<\/div>\n\t\t\t\t<div class=\"elementor-element elementor-element-fc3c9a8 elementor-widget elementor-widget-text-editor\" data-id=\"fc3c9a8\" data-element_type=\"widget\" data-e-type=\"widget\" data-widget_type=\"text-editor.default\">\n\t\t\t\t<div class=\"elementor-widget-container\">\n\t\t\t\t\t\t\t\t\t<p><b>*Comment attraper le code de r\u00e9duction ?<span class=\"Apple-converted-space\">\u00a0<\/span><\/b><\/p><p><b>Veuillez \u00e9crire un courriel \u00e0 <\/b><a href=\"mailto:shop@strawbaggy.com\"><b>shop@strawbaggy.com<\/b><\/a><b> avec la demande de programme d'affiliation.<span class=\"Apple-converted-space\">\u00a0<\/span><\/b><\/p>\t\t\t\t\t\t\t\t<\/div>\n\t\t\t\t<\/div>\n\t\t\t\t\t<\/div>\n\t\t\t\t<\/div>\n\t\t<div class=\"elementor-element elementor-element-b7489b5 e-flex e-con-boxed e-con e-parent\" data-id=\"b7489b5\" data-element_type=\"container\" data-e-type=\"container\">\n\t\t\t\t\t<div class=\"e-con-inner\">\n\t\t\t\t<div class=\"elementor-element elementor-element-a38e2db elementor-view-default elementor-widget elementor-widget-icon\" data-id=\"a38e2db\" data-element_type=\"widget\" data-e-type=\"widget\" data-widget_type=\"icon.default\">\n\t\t\t\t<div class=\"elementor-widget-container\">\n\t\t\t\t\t\t\t<div class=\"elementor-icon-wrapper\">\n\t\t\t<div class=\"elementor-icon\">\n\t\t\t<svg aria-hidden=\"true\" class=\"e-font-icon-svg e-far-arrow-alt-circle-down\" viewbox=\"0 0 512 512\" xmlns=\"http:\/\/www.w3.org\/2000\/svg\"><path d=\"M256 8C119 8 8 119 8 256s111 248 248 248 248-111 248-248S393 8 256 8zm0 448c-110.5 0-200-89.5-200-200S145.5 56 256 56s200 89.5 200 200-89.5 200-200 200zm-32-316v116h-67c-10.7 0-16 12.9-8.5 20.5l99 99c4.7 4.7 12.3 4.7 17 0l99-99c7.6-7.6 2.2-20.5-8.5-20.5h-67V140c0-6.6-5.4-12-12-12h-40c-6.6 0-12 5.4-12 12z\"><\/path><\/svg>\t\t\t<\/div>\n\t\t<\/div>\n\t\t\t\t\t\t<\/div>\n\t\t\t\t<\/div>\n\t\t\t\t\t<\/div>\n\t\t\t\t<\/div>\n\t\t<div class=\"elementor-element elementor-element-0fb076a e-flex e-con-boxed e-con e-parent\" data-id=\"0fb076a\" data-element_type=\"container\" data-e-type=\"container\">\n\t\t\t\t\t<div class=\"e-con-inner\">\n\t\t\t\t<div class=\"elementor-element elementor-element-c426372 elementor-widget elementor-widget-heading\" data-id=\"c426372\" data-element_type=\"widget\" data-e-type=\"widget\" data-widget_type=\"heading.default\">\n\t\t\t\t<div class=\"elementor-widget-container\">\n\t\t\t\t\t<h2 class=\"elementor-heading-title elementor-size-default\">Programme d'affiliation Strawbaggy :<\/h2>\t\t\t\t<\/div>\n\t\t\t\t<\/div>\n\t\t\t\t<div class=\"elementor-element elementor-element-db85896 elementor-widget elementor-widget-text-editor\" data-id=\"db85896\" data-element_type=\"widget\" data-e-type=\"widget\" data-widget_type=\"text-editor.default\">\n\t\t\t\t<div class=\"elementor-widget-container\">\n\t\t\t\t\t\t\t\t\t<p>Bienvenue dans le programme d'affiliation de Strawbaggy !\u00a0<\/p><p>Participez \u00e0 notre mission de diffusion du style de vie Strawbaggy et gagnez des r\u00e9compenses en partageant ce que vous aimez.<span class=\"Apple-converted-space\">\u00a0<\/span><\/p><p>\ud83d\udc68\u200d\ud83d\udcbb <b>Comment \u00e7a marche<\/b><\/p><p>- Chaque affili\u00e9 re\u00e7oit un lien de r\u00e9f\u00e9rence unique qu'il peut partager sur son site web, ses m\u00e9dias sociaux ou son chat communautaire.<\/p><p>- Lorsqu'un client ach\u00e8te via votre lien, il b\u00e9n\u00e9ficie d'une remise **10%** s'il utilise votre code de remise sp\u00e9cial.<span class=\"Apple-converted-space\">\u00a0<\/span><\/p><p>- Vous gagnez une **20% commission** sur chaque vente confirm\u00e9e li\u00e9e \u00e0 votre code de r\u00e9f\u00e9rence.<\/p><p>- Les commissions sont automatiquement suivies et visibles dans votre <strong><span style=\"text-decoration: underline;\"><a href=\"https:\/\/www.strawbaggy.com\/fr\/affiliate-dashboard\/\">tableau de bord des affili\u00e9s<\/a><\/span><\/strong>\u00a0<\/p><p>\ud83d\udcb0<b>Conditions de paiement<\/b><\/p><p>- Les paiements sont effectu\u00e9s mensuellement via PayPal ou par virement bancaire.<\/p><p>- Le seuil minimum de paiement est de **50\u20ac**.<\/p><p>- Si le montant est inf\u00e9rieur \u00e0 ce seuil, il est report\u00e9 au mois suivant.<\/p><p>- Les commissions sont calcul\u00e9es sur la valeur nette de la commande (apr\u00e8s remises et hors frais de port).<\/p><p><span style=\"text-decoration: underline;\"><i>- Les paiements d'affiliation ne peuvent \u00eatre trait\u00e9s qu'apr\u00e8s r\u00e9ception d'un document fiscal valide, tel qu'un re\u00e7u fiscal personnel ou une facture \u00e9mise par une soci\u00e9t\u00e9 ou une association enregistr\u00e9e.<\/i><\/span><\/p><p>\ud83d\udee0\ufe0f<b>Responsabilit\u00e9s de l'affili\u00e9<\/b><\/p><p>- Vous pouvez promouvoir votre lien par le biais de sites web, de bulletins d'information, de m\u00e9dias sociaux, de chats ou de communaut\u00e9s en ligne.<\/p><p>- Vous ne devez pas utiliser de publicit\u00e9s payantes sur les moteurs de recherche (Google Ads, Meta Ads, etc.) en utilisant la marque Strawbaggy.<\/p><p>- Toute utilisation abusive des codes de r\u00e9duction ou tout comportement frauduleux entra\u00eenera l'exclusion du programme.<\/p><p>\ud83c\udf0e<b> Lignes directrices en mati\u00e8re d'image de marque<\/b><\/p><p>- Les affili\u00e9s peuvent utiliser les images, logos et contenus officiels de Strawbaggy fournis par notre \u00e9quipe.<\/p><p>- Ne modifiez pas les logos et ne cr\u00e9ez pas de contenu trompeur.<\/p><p>- Repr\u00e9sentez toujours Strawbaggy de mani\u00e8re authentique et positive.<\/p><p>\u260e\ufe0f<b>Contact et assistance<\/b><\/p><p>Pour toute question ou assistance, contactez notre \u00e9quipe d'affili\u00e9s \u00e0 l'adresse suivante <a href=\"mailto:shop@strawbaggy.com\"><b>shop@strawbaggy.com<\/b><\/a>.<\/p><p>Nous sommes l\u00e0 pour vous aider \u00e0 grandir avec nous et \u00e0 faire partie de la #StrawbaggyFamily.<\/p><p><b>Grandissons ensemble - Partagez ce que vous aimez.<span class=\"Apple-converted-space\">\u00a0<\/span><\/b><\/p><p><b>Gagnez ce que vous m\u00e9ritez.<\/b><\/p>\t\t\t\t\t\t\t\t<\/div>\n\t\t\t\t<\/div>\n\t\t\t\t\t<\/div>\n\t\t\t\t<\/div>\n\t\t\t\t<\/div>","protected":false},"excerpt":{"rendered":"<p>AFFILIATION PROGRAM Earn 20% commission on every sale you generate + Give your followers 10% OFF with your personal link. Grow your income. Share what you love. ADVANTAGES FOR THE AFFILIATE \ud83d\udd17 Personalized and trackable link \ud83d\udcb8 Automatic 20% commission on every sale \ud83c\udf81 10% discount code for your community \ud83c\udf0d Program open to websites, [&hellip;]<\/p>\n","protected":false},"author":2,"featured_media":0,"parent":0,"menu_order":0,"comment_status":"closed","ping_status":"closed","template":"","meta":{"footnotes":""},"class_list":["post-6973","page","type-page","status-publish","hentry"],"yoast_head":"<!-- This site is optimized with the Yoast SEO Premium plugin v27.4 (Yoast SEO v27.4) - https:\/\/yoast.com\/product\/yoast-seo-premium-wordpress\/ -->\n<title>Affiliation Program - StrawBaggy<\/title>\n<meta name=\"robots\" content=\"index, follow, max-snippet:-1, max-image-preview:large, max-video-preview:-1\" \/>\n<link rel=\"canonical\" href=\"https:\/\/www.strawbaggy.com\/fr\/affiliation-program\/\" \/>\n<meta property=\"og:locale\" content=\"fr_FR\" \/>\n<meta property=\"og:type\" content=\"article\" \/>\n<meta property=\"og:title\" content=\"Affiliation Program\" \/>\n<meta property=\"og:description\" content=\"AFFILIATION PROGRAM Earn 20% commission on every sale you generate + Give your followers 10% OFF with your personal link. Grow your income. Share what you love. ADVANTAGES FOR THE AFFILIATE \ud83d\udd17 Personalized and trackable link \ud83d\udcb8 Automatic 20% commission on every sale \ud83c\udf81 10% discount code for your community \ud83c\udf0d Program open to websites, [&hellip;]\" \/>\n<meta property=\"og:url\" content=\"https:\/\/www.strawbaggy.com\/fr\/affiliation-program\/\" \/>\n<meta property=\"og:site_name\" content=\"StrawBaggy\" \/>\n<meta property=\"article:modified_time\" content=\"2025-11-05T15:07:07+00:00\" \/>\n<meta property=\"og:image\" content=\"https:\/\/www.strawbaggy.com\/wp-content\/uploads\/2025\/02\/logo2.png\" \/>\n\t<meta property=\"og:image:width\" content=\"1262\" \/>\n\t<meta property=\"og:image:height\" content=\"359\" \/>\n\t<meta property=\"og:image:type\" content=\"image\/png\" \/>\n<meta name=\"twitter:card\" content=\"summary_large_image\" \/>\n<meta name=\"twitter:label1\" content=\"Dur\u00e9e de lecture estim\u00e9e\" \/>\n\t<meta name=\"twitter:data1\" content=\"3 minutes\" \/>\n<script type=\"application\/ld+json\" class=\"yoast-schema-graph\">{\"@context\":\"https:\\\/\\\/schema.org\",\"@graph\":[{\"@type\":\"WebPage\",\"@id\":\"https:\\\/\\\/www.strawbaggy.com\\\/affiliation-program\\\/\",\"url\":\"https:\\\/\\\/www.strawbaggy.com\\\/affiliation-program\\\/\",\"name\":\"Affiliation Program - StrawBaggy\",\"isPartOf\":{\"@id\":\"https:\\\/\\\/www.strawbaggy.com\\\/#website\"},\"primaryImageOfPage\":{\"@id\":\"https:\\\/\\\/www.strawbaggy.com\\\/affiliation-program\\\/#primaryimage\"},\"image\":{\"@id\":\"https:\\\/\\\/www.strawbaggy.com\\\/affiliation-program\\\/#primaryimage\"},\"thumbnailUrl\":\"https:\\\/\\\/www.strawbaggy.com\\\/wp-content\\\/uploads\\\/2025\\\/02\\\/logo2-1024x291.png\",\"datePublished\":\"2025-10-16T15:52:29+00:00\",\"dateModified\":\"2025-11-05T15:07:07+00:00\",\"breadcrumb\":{\"@id\":\"https:\\\/\\\/www.strawbaggy.com\\\/affiliation-program\\\/#breadcrumb\"},\"inLanguage\":\"fr-FR\",\"potentialAction\":[{\"@type\":\"ReadAction\",\"target\":[\"https:\\\/\\\/www.strawbaggy.com\\\/affiliation-program\\\/\"]}]},{\"@type\":\"ImageObject\",\"inLanguage\":\"fr-FR\",\"@id\":\"https:\\\/\\\/www.strawbaggy.com\\\/affiliation-program\\\/#primaryimage\",\"url\":\"https:\\\/\\\/www.strawbaggy.com\\\/wp-content\\\/uploads\\\/2025\\\/02\\\/logo2-1024x291.png\",\"contentUrl\":\"https:\\\/\\\/www.strawbaggy.com\\\/wp-content\\\/uploads\\\/2025\\\/02\\\/logo2-1024x291.png\"},{\"@type\":\"BreadcrumbList\",\"@id\":\"https:\\\/\\\/www.strawbaggy.com\\\/affiliation-program\\\/#breadcrumb\",\"itemListElement\":[{\"@type\":\"ListItem\",\"position\":1,\"name\":\"Home\",\"item\":\"https:\\\/\\\/www.strawbaggy.com\\\/\"},{\"@type\":\"ListItem\",\"position\":2,\"name\":\"Affiliation Program\"}]},{\"@type\":\"WebSite\",\"@id\":\"https:\\\/\\\/www.strawbaggy.com\\\/#website\",\"url\":\"https:\\\/\\\/www.strawbaggy.com\\\/\",\"name\":\"StrawBaggy\",\"description\":\"by Hardcase Technologies\",\"publisher\":{\"@id\":\"https:\\\/\\\/www.strawbaggy.com\\\/#organization\"},\"potentialAction\":[{\"@type\":\"SearchAction\",\"target\":{\"@type\":\"EntryPoint\",\"urlTemplate\":\"https:\\\/\\\/www.strawbaggy.com\\\/?s={search_term_string}\"},\"query-input\":{\"@type\":\"PropertyValueSpecification\",\"valueRequired\":true,\"valueName\":\"search_term_string\"}}],\"inLanguage\":\"fr-FR\"},{\"@type\":\"Organization\",\"@id\":\"https:\\\/\\\/www.strawbaggy.com\\\/#organization\",\"name\":\"StrawBaggy by Hardcase Technologies\",\"url\":\"https:\\\/\\\/www.strawbaggy.com\\\/\",\"logo\":{\"@type\":\"ImageObject\",\"inLanguage\":\"fr-FR\",\"@id\":\"https:\\\/\\\/www.strawbaggy.com\\\/#\\\/schema\\\/logo\\\/image\\\/\",\"url\":\"https:\\\/\\\/www.strawbaggy.com\\\/wp-content\\\/uploads\\\/2025\\\/02\\\/BET04665-copia.png\",\"contentUrl\":\"https:\\\/\\\/www.strawbaggy.com\\\/wp-content\\\/uploads\\\/2025\\\/02\\\/BET04665-copia.png\",\"width\":1500,\"height\":1500,\"caption\":\"StrawBaggy by Hardcase Technologies\"},\"image\":{\"@id\":\"https:\\\/\\\/www.strawbaggy.com\\\/#\\\/schema\\\/logo\\\/image\\\/\"},\"sameAs\":[\"https:\\\/\\\/www.instagram.com\\\/straw_baggy\\\/\"]}]}<\/script>\n<!-- \/ Yoast SEO Premium plugin. -->","yoast_head_json":{"title":"Affiliation Program - StrawBaggy","robots":{"index":"index","follow":"follow","max-snippet":"max-snippet:-1","max-image-preview":"max-image-preview:large","max-video-preview":"max-video-preview:-1"},"canonical":"https:\/\/www.strawbaggy.com\/fr\/affiliation-program\/","og_locale":"fr_FR","og_type":"article","og_title":"Affiliation Program","og_description":"AFFILIATION PROGRAM Earn 20% commission on every sale you generate + Give your followers 10% OFF with your personal link. Grow your income. Share what you love. ADVANTAGES FOR THE AFFILIATE \ud83d\udd17 Personalized and trackable link \ud83d\udcb8 Automatic 20% commission on every sale \ud83c\udf81 10% discount code for your community \ud83c\udf0d Program open to websites, [&hellip;]","og_url":"https:\/\/www.strawbaggy.com\/fr\/affiliation-program\/","og_site_name":"StrawBaggy","article_modified_time":"2025-11-05T15:07:07+00:00","og_image":[{"width":1262,"height":359,"url":"https:\/\/www.strawbaggy.com\/wp-content\/uploads\/2025\/02\/logo2.png","type":"image\/png"}],"twitter_card":"summary_large_image","twitter_misc":{"Dur\u00e9e de lecture estim\u00e9e":"3 minutes"},"schema":{"@context":"https:\/\/schema.org","@graph":[{"@type":"WebPage","@id":"https:\/\/www.strawbaggy.com\/affiliation-program\/","url":"https:\/\/www.strawbaggy.com\/affiliation-program\/","name":"Affiliation Program - StrawBaggy","isPartOf":{"@id":"https:\/\/www.strawbaggy.com\/#website"},"primaryImageOfPage":{"@id":"https:\/\/www.strawbaggy.com\/affiliation-program\/#primaryimage"},"image":{"@id":"https:\/\/www.strawbaggy.com\/affiliation-program\/#primaryimage"},"thumbnailUrl":"https:\/\/www.strawbaggy.com\/wp-content\/uploads\/2025\/02\/logo2-1024x291.png","datePublished":"2025-10-16T15:52:29+00:00","dateModified":"2025-11-05T15:07:07+00:00","breadcrumb":{"@id":"https:\/\/www.strawbaggy.com\/affiliation-program\/#breadcrumb"},"inLanguage":"fr-FR","potentialAction":[{"@type":"ReadAction","target":["https:\/\/www.strawbaggy.com\/affiliation-program\/"]}]},{"@type":"ImageObject","inLanguage":"fr-FR","@id":"https:\/\/www.strawbaggy.com\/affiliation-program\/#primaryimage","url":"https:\/\/www.strawbaggy.com\/wp-content\/uploads\/2025\/02\/logo2-1024x291.png","contentUrl":"https:\/\/www.strawbaggy.com\/wp-content\/uploads\/2025\/02\/logo2-1024x291.png"},{"@type":"BreadcrumbList","@id":"https:\/\/www.strawbaggy.com\/affiliation-program\/#breadcrumb","itemListElement":[{"@type":"ListItem","position":1,"name":"Home","item":"https:\/\/www.strawbaggy.com\/"},{"@type":"ListItem","position":2,"name":"Affiliation Program"}]},{"@type":"WebSite","@id":"https:\/\/www.strawbaggy.com\/#website","url":"https:\/\/www.strawbaggy.com\/","name":"Sac \u00e0 paille","description":"par Hardcase Technologies","publisher":{"@id":"https:\/\/www.strawbaggy.com\/#organization"},"potentialAction":[{"@type":"SearchAction","target":{"@type":"EntryPoint","urlTemplate":"https:\/\/www.strawbaggy.com\/?s={search_term_string}"},"query-input":{"@type":"PropertyValueSpecification","valueRequired":true,"valueName":"search_term_string"}}],"inLanguage":"fr-FR"},{"@type":"Organization","@id":"https:\/\/www.strawbaggy.com\/#organization","name":"StrawBaggy par Hardcase Technologies","url":"https:\/\/www.strawbaggy.com\/","logo":{"@type":"ImageObject","inLanguage":"fr-FR","@id":"https:\/\/www.strawbaggy.com\/#\/schema\/logo\/image\/","url":"https:\/\/www.strawbaggy.com\/wp-content\/uploads\/2025\/02\/BET04665-copia.png","contentUrl":"https:\/\/www.strawbaggy.com\/wp-content\/uploads\/2025\/02\/BET04665-copia.png","width":1500,"height":1500,"caption":"StrawBaggy by Hardcase Technologies"},"image":{"@id":"https:\/\/www.strawbaggy.com\/#\/schema\/logo\/image\/"},"sameAs":["https:\/\/www.instagram.com\/straw_baggy\/"]}]}},"jetpack_sharing_enabled":true,"_links":{"self":[{"href":"https:\/\/www.strawbaggy.com\/fr\/wp-json\/wp\/v2\/pages\/6973","targetHints":{"allow":["GET"]}}],"collection":[{"href":"https:\/\/www.strawbaggy.com\/fr\/wp-json\/wp\/v2\/pages"}],"about":[{"href":"https:\/\/www.strawbaggy.com\/fr\/wp-json\/wp\/v2\/types\/page"}],"author":[{"embeddable":true,"href":"https:\/\/www.strawbaggy.com\/fr\/wp-json\/wp\/v2\/users\/2"}],"replies":[{"embeddable":true,"href":"https:\/\/www.strawbaggy.com\/fr\/wp-json\/wp\/v2\/comments?post=6973"}],"version-history":[{"count":25,"href":"https:\/\/www.strawbaggy.com\/fr\/wp-json\/wp\/v2\/pages\/6973\/revisions"}],"predecessor-version":[{"id":7089,"href":"https:\/\/www.strawbaggy.com\/fr\/wp-json\/wp\/v2\/pages\/6973\/revisions\/7089"}],"wp:attachment":[{"href":"https:\/\/www.strawbaggy.com\/fr\/wp-json\/wp\/v2\/media?parent=6973"}],"curies":[{"name":"wp","href":"https:\/\/api.w.org\/{rel}","templated":true}]}}