{"id":5019,"date":"2025-02-11T16:31:34","date_gmt":"2025-02-11T15:31:34","guid":{"rendered":"https:\/\/www.strawbaggy.com\/?post_type=product&#038;p=5019"},"modified":"2026-03-24T00:06:39","modified_gmt":"2026-03-23T23:06:39","slug":"walker","status":"publish","type":"product","link":"https:\/\/www.strawbaggy.com\/fr\/produit\/walker\/","title":{"rendered":"Walker (Original)"},"content":{"rendered":"<p style=\"text-align: center;\"><strong>\ud83e\udd17\"Wherever you go, stay free, stay chill !\"<\/strong><\/p>\n<p style=\"text-align: center;\">\ud83e\udd65 \u00c9l\u00e9gant, intelligent et discret - Walker by Strawbaggy est la solution id\u00e9ale pour les enfants. <strong>le support en silicone ultime pour les fumeurs PRO.<\/strong><\/p>\n<p style=\"text-align: center;\">\ud83d\udd2eUne mallette portable tout-en-un con\u00e7ue pour garder vos essentiels compacts, s\u00e9curis\u00e9s et faciles d'acc\u00e8s. Parfait pour transporter des concentr\u00e9s en toute s\u00e9curit\u00e9 et en toute discr\u00e9tion, que ce soit lors d'une aventure en plein air ou d'un festival dans le monde entier.<\/p>\n<p style=\"text-align: center;\">Fabriqu\u00e9 avec <strong>EVA durable et cuir v\u00e9g\u00e9tal<\/strong>Il est con\u00e7u pour r\u00e9sister \u00e0 l'usure et au temps.<\/p>\n<p style=\"text-align: center;\">\ud83c\udf92Finies par des fermetures \u00e0 glissi\u00e8re YKK et fabriqu\u00e9es avec une attention particuli\u00e8re \u00e0 chaque d\u00e9tail - notre promesse d'une qualit\u00e9 irr\u00e9prochable. <strong>la qualit\u00e9 et le style.<\/strong><\/p>","protected":false},"excerpt":{"rendered":"<div>Mat\u00e9riau : EVA (coque imperm\u00e9able, r\u00e9sistante aux chocs, semi-rigide)<\/div>\n<div>Tissu : Tissu technique imperm\u00e9able PU<\/div>\n<div>Taille : 8,5cm de diam\u00e8tre x 6cm de hauteur<\/div>\n<div>Poids : 34 g<\/div>","protected":false},"featured_media":5291,"template":"","meta":[],"product_brand":[],"product_cat":[15],"product_tag":[56,136,64,36,35,34],"class_list":{"0":"post-5019","1":"product","2":"type-product","3":"status-publish","4":"has-post-thumbnail","6":"product_cat-walker-bag","7":"product_tag-mistiera-silicone","8":"product_tag-mixer-holder","9":"product_tag-silicone-mixer","10":"product_tag-smoker-bag","11":"product_tag-strawbaggy","12":"product_tag-walker","14":"first","15":"instock","16":"taxable","17":"shipping-taxable","18":"purchasable","19":"product-type-simple"},"yoast_head":"<!-- This site is optimized with the Yoast SEO Premium plugin v27.4 (Yoast SEO v27.4) - https:\/\/yoast.com\/product\/yoast-seo-premium-wordpress\/ -->\n<title>Walker (Original) - Silicone Mixer Holder<\/title>\n<meta name=\"description\" content=\"Walker by Strawbaggy is the ultimate silicone holder for PRO smokers.Perfect for carrying concentrates safely and discreetly whether on an outdoor adventure\" \/>\n<meta name=\"robots\" content=\"index, follow, max-snippet:-1, max-image-preview:large, max-video-preview:-1\" \/>\n<link rel=\"canonical\" href=\"https:\/\/www.strawbaggy.com\/fr\/produit\/walker\/\" \/>\n<meta property=\"og:locale\" content=\"fr_FR\" \/>\n<meta property=\"og:type\" content=\"article\" \/>\n<meta property=\"og:title\" content=\"Walker (Original)\" \/>\n<meta property=\"og:description\" content=\"Walker by Strawbaggy is the ultimate silicone holder for PRO smokers.Perfect for carrying concentrates safely and discreetly whether on an outdoor adventure\" \/>\n<meta property=\"og:url\" content=\"https:\/\/www.strawbaggy.com\/fr\/produit\/walker\/\" \/>\n<meta property=\"og:site_name\" content=\"StrawBaggy\" \/>\n<meta property=\"article:modified_time\" content=\"2026-03-23T23:06:39+00:00\" \/>\n<meta property=\"og:image\" content=\"https:\/\/www.strawbaggy.com\/wp-content\/uploads\/2025\/02\/Walker-P-Col-1-Darkness-1.png\" \/>\n\t<meta property=\"og:image:width\" content=\"586\" \/>\n\t<meta property=\"og:image:height\" content=\"586\" \/>\n\t<meta property=\"og:image:type\" content=\"image\/png\" \/>\n<meta name=\"twitter:card\" content=\"summary_large_image\" \/>\n<meta name=\"twitter:label1\" content=\"Prix\" \/>\n\t<meta name=\"twitter:data1\" content=\"11,00&nbsp;&euro;\" \/>\n\t<meta name=\"twitter:label2\" content=\"Disponibilit\u00e9\" \/>\n\t<meta name=\"twitter:data2\" content=\"En stock\" \/>\n<script type=\"application\/ld+json\" class=\"yoast-schema-graph\">{\"@context\":\"https:\\\/\\\/schema.org\",\"@graph\":[{\"@type\":\"WebPage\",\"@id\":\"https:\\\/\\\/www.strawbaggy.com\\\/product\\\/walker\\\/\",\"url\":\"https:\\\/\\\/www.strawbaggy.com\\\/product\\\/walker\\\/\",\"name\":\"Walker (Original) - Silicone Mixer Holder\",\"isPartOf\":{\"@id\":\"https:\\\/\\\/www.strawbaggy.com\\\/#website\"},\"primaryImageOfPage\":{\"@id\":\"https:\\\/\\\/www.strawbaggy.com\\\/product\\\/walker\\\/#primaryimage\"},\"image\":{\"@id\":\"https:\\\/\\\/www.strawbaggy.com\\\/product\\\/walker\\\/#primaryimage\"},\"thumbnailUrl\":\"https:\\\/\\\/www.strawbaggy.com\\\/wp-content\\\/uploads\\\/2025\\\/02\\\/Walker-P-Col-1-Darkness-1.png\",\"datePublished\":\"2025-02-11T15:31:34+00:00\",\"dateModified\":\"2026-03-23T23:06:39+00:00\",\"description\":\"Walker by Strawbaggy is the ultimate silicone holder for PRO smokers.Perfect for carrying concentrates safely and discreetly whether on an outdoor adventure\",\"breadcrumb\":{\"@id\":\"https:\\\/\\\/www.strawbaggy.com\\\/product\\\/walker\\\/#breadcrumb\"},\"inLanguage\":\"fr-FR\",\"potentialAction\":[{\"@type\":\"ReadAction\",\"target\":[\"https:\\\/\\\/www.strawbaggy.com\\\/product\\\/walker\\\/\"]}]},{\"@type\":\"ImageObject\",\"inLanguage\":\"fr-FR\",\"@id\":\"https:\\\/\\\/www.strawbaggy.com\\\/product\\\/walker\\\/#primaryimage\",\"url\":\"https:\\\/\\\/www.strawbaggy.com\\\/wp-content\\\/uploads\\\/2025\\\/02\\\/Walker-P-Col-1-Darkness-1.png\",\"contentUrl\":\"https:\\\/\\\/www.strawbaggy.com\\\/wp-content\\\/uploads\\\/2025\\\/02\\\/Walker-P-Col-1-Darkness-1.png\",\"width\":586,\"height\":586},{\"@type\":\"BreadcrumbList\",\"@id\":\"https:\\\/\\\/www.strawbaggy.com\\\/product\\\/walker\\\/#breadcrumb\",\"itemListElement\":[{\"@type\":\"ListItem\",\"position\":1,\"name\":\"Home\",\"item\":\"https:\\\/\\\/www.strawbaggy.com\\\/\"},{\"@type\":\"ListItem\",\"position\":2,\"name\":\"Products\",\"item\":\"https:\\\/\\\/www.strawbaggy.com\\\/shop\\\/\"},{\"@type\":\"ListItem\",\"position\":3,\"name\":\"Walker (Original)\"}]},{\"@type\":\"WebSite\",\"@id\":\"https:\\\/\\\/www.strawbaggy.com\\\/#website\",\"url\":\"https:\\\/\\\/www.strawbaggy.com\\\/\",\"name\":\"StrawBaggy\",\"description\":\"by Hardcase Technologies\",\"publisher\":{\"@id\":\"https:\\\/\\\/www.strawbaggy.com\\\/#organization\"},\"potentialAction\":[{\"@type\":\"SearchAction\",\"target\":{\"@type\":\"EntryPoint\",\"urlTemplate\":\"https:\\\/\\\/www.strawbaggy.com\\\/?s={search_term_string}\"},\"query-input\":{\"@type\":\"PropertyValueSpecification\",\"valueRequired\":true,\"valueName\":\"search_term_string\"}}],\"inLanguage\":\"fr-FR\"},{\"@type\":\"Organization\",\"@id\":\"https:\\\/\\\/www.strawbaggy.com\\\/#organization\",\"name\":\"StrawBaggy by Hardcase Technologies\",\"url\":\"https:\\\/\\\/www.strawbaggy.com\\\/\",\"logo\":{\"@type\":\"ImageObject\",\"inLanguage\":\"fr-FR\",\"@id\":\"https:\\\/\\\/www.strawbaggy.com\\\/#\\\/schema\\\/logo\\\/image\\\/\",\"url\":\"https:\\\/\\\/www.strawbaggy.com\\\/wp-content\\\/uploads\\\/2025\\\/02\\\/BET04665-copia.png\",\"contentUrl\":\"https:\\\/\\\/www.strawbaggy.com\\\/wp-content\\\/uploads\\\/2025\\\/02\\\/BET04665-copia.png\",\"width\":1500,\"height\":1500,\"caption\":\"StrawBaggy by Hardcase Technologies\"},\"image\":{\"@id\":\"https:\\\/\\\/www.strawbaggy.com\\\/#\\\/schema\\\/logo\\\/image\\\/\"},\"sameAs\":[\"https:\\\/\\\/www.instagram.com\\\/straw_baggy\\\/\"]}]}<\/script>\n<meta property=\"product:price:amount\" content=\"11.00\" \/>\n<meta property=\"product:price:currency\" content=\"EUR\" \/>\n<meta property=\"og:availability\" content=\"instock\" \/>\n<meta property=\"product:availability\" content=\"instock\" \/>\n<meta property=\"product:retailer_item_id\" content=\"Wk\" \/>\n<meta property=\"product:condition\" content=\"new\" \/>\n<!-- \/ Yoast SEO Premium plugin. -->","yoast_head_json":{"title":"Walker (Original) - Silicone Mixer Holder","description":"Walker by Strawbaggy is the ultimate silicone holder for PRO smokers.Perfect for carrying concentrates safely and discreetly whether on an outdoor adventure","robots":{"index":"index","follow":"follow","max-snippet":"max-snippet:-1","max-image-preview":"max-image-preview:large","max-video-preview":"max-video-preview:-1"},"canonical":"https:\/\/www.strawbaggy.com\/fr\/produit\/walker\/","og_locale":"fr_FR","og_type":"article","og_title":"Walker (Original)","og_description":"Walker by Strawbaggy is the ultimate silicone holder for PRO smokers.Perfect for carrying concentrates safely and discreetly whether on an outdoor adventure","og_url":"https:\/\/www.strawbaggy.com\/fr\/produit\/walker\/","og_site_name":"StrawBaggy","article_modified_time":"2026-03-23T23:06:39+00:00","og_image":[{"width":586,"height":586,"url":"https:\/\/www.strawbaggy.com\/wp-content\/uploads\/2025\/02\/Walker-P-Col-1-Darkness-1.png","type":"image\/png"}],"twitter_card":"summary_large_image","twitter_misc":{"Prix":"11,00&nbsp;&euro;","Disponibilit\u00e9":"En stock"},"schema":{"@context":"https:\/\/schema.org","@graph":[{"@type":"WebPage","@id":"https:\/\/www.strawbaggy.com\/product\/walker\/","url":"https:\/\/www.strawbaggy.com\/product\/walker\/","name":"Walker (Original) - Silicone Mixer Holder","isPartOf":{"@id":"https:\/\/www.strawbaggy.com\/#website"},"primaryImageOfPage":{"@id":"https:\/\/www.strawbaggy.com\/product\/walker\/#primaryimage"},"image":{"@id":"https:\/\/www.strawbaggy.com\/product\/walker\/#primaryimage"},"thumbnailUrl":"https:\/\/www.strawbaggy.com\/wp-content\/uploads\/2025\/02\/Walker-P-Col-1-Darkness-1.png","datePublished":"2025-02-11T15:31:34+00:00","dateModified":"2026-03-23T23:06:39+00:00","description":"Walker by Strawbaggy is the ultimate silicone holder for PRO smokers.Perfect for carrying concentrates safely and discreetly whether on an outdoor adventure","breadcrumb":{"@id":"https:\/\/www.strawbaggy.com\/product\/walker\/#breadcrumb"},"inLanguage":"fr-FR","potentialAction":[{"@type":"ReadAction","target":["https:\/\/www.strawbaggy.com\/product\/walker\/"]}]},{"@type":"ImageObject","inLanguage":"fr-FR","@id":"https:\/\/www.strawbaggy.com\/product\/walker\/#primaryimage","url":"https:\/\/www.strawbaggy.com\/wp-content\/uploads\/2025\/02\/Walker-P-Col-1-Darkness-1.png","contentUrl":"https:\/\/www.strawbaggy.com\/wp-content\/uploads\/2025\/02\/Walker-P-Col-1-Darkness-1.png","width":586,"height":586},{"@type":"BreadcrumbList","@id":"https:\/\/www.strawbaggy.com\/product\/walker\/#breadcrumb","itemListElement":[{"@type":"ListItem","position":1,"name":"Home","item":"https:\/\/www.strawbaggy.com\/"},{"@type":"ListItem","position":2,"name":"Products","item":"https:\/\/www.strawbaggy.com\/shop\/"},{"@type":"ListItem","position":3,"name":"Walker (Original)"}]},{"@type":"WebSite","@id":"https:\/\/www.strawbaggy.com\/#website","url":"https:\/\/www.strawbaggy.com\/","name":"Sac \u00e0 paille","description":"par Hardcase Technologies","publisher":{"@id":"https:\/\/www.strawbaggy.com\/#organization"},"potentialAction":[{"@type":"SearchAction","target":{"@type":"EntryPoint","urlTemplate":"https:\/\/www.strawbaggy.com\/?s={search_term_string}"},"query-input":{"@type":"PropertyValueSpecification","valueRequired":true,"valueName":"search_term_string"}}],"inLanguage":"fr-FR"},{"@type":"Organization","@id":"https:\/\/www.strawbaggy.com\/#organization","name":"StrawBaggy par Hardcase Technologies","url":"https:\/\/www.strawbaggy.com\/","logo":{"@type":"ImageObject","inLanguage":"fr-FR","@id":"https:\/\/www.strawbaggy.com\/#\/schema\/logo\/image\/","url":"https:\/\/www.strawbaggy.com\/wp-content\/uploads\/2025\/02\/BET04665-copia.png","contentUrl":"https:\/\/www.strawbaggy.com\/wp-content\/uploads\/2025\/02\/BET04665-copia.png","width":1500,"height":1500,"caption":"StrawBaggy by Hardcase Technologies"},"image":{"@id":"https:\/\/www.strawbaggy.com\/#\/schema\/logo\/image\/"},"sameAs":["https:\/\/www.instagram.com\/straw_baggy\/"]}]},"product_price_amount":"11.00","product_price_currency":"EUR","og_availability":"instock","product_availability":"instock","product_retailer_item_id":"Wk","product_condition":"new"},"jetpack_sharing_enabled":true,"_links":{"self":[{"href":"https:\/\/www.strawbaggy.com\/fr\/wp-json\/wp\/v2\/product\/5019","targetHints":{"allow":["GET"]}}],"collection":[{"href":"https:\/\/www.strawbaggy.com\/fr\/wp-json\/wp\/v2\/product"}],"about":[{"href":"https:\/\/www.strawbaggy.com\/fr\/wp-json\/wp\/v2\/types\/product"}],"wp:featuredmedia":[{"embeddable":true,"href":"https:\/\/www.strawbaggy.com\/fr\/wp-json\/wp\/v2\/media\/5291"}],"wp:attachment":[{"href":"https:\/\/www.strawbaggy.com\/fr\/wp-json\/wp\/v2\/media?parent=5019"}],"wp:term":[{"taxonomy":"product_brand","embeddable":true,"href":"https:\/\/www.strawbaggy.com\/fr\/wp-json\/wp\/v2\/product_brand?post=5019"},{"taxonomy":"product_cat","embeddable":true,"href":"https:\/\/www.strawbaggy.com\/fr\/wp-json\/wp\/v2\/product_cat?post=5019"},{"taxonomy":"product_tag","embeddable":true,"href":"https:\/\/www.strawbaggy.com\/fr\/wp-json\/wp\/v2\/product_tag?post=5019"}],"curies":[{"name":"wp","href":"https:\/\/api.w.org\/{rel}","templated":true}]}}