{"id":5114,"date":"2025-02-11T18:23:10","date_gmt":"2025-02-11T17:23:10","guid":{"rendered":"https:\/\/www.strawbaggy.com\/?post_type=product&#038;p=5114"},"modified":"2025-12-08T16:13:55","modified_gmt":"2025-12-08T15:13:55","slug":"flex","status":"publish","type":"product","link":"https:\/\/www.strawbaggy.com\/fr\/produit\/flex\/","title":{"rendered":"Flex"},"content":{"rendered":"<p class=\"p1\" style=\"text-align: center;\"><b>D\u00e9couvrez FLEX : l'avenir de la durabilit\u00e9 !<\/b><\/p>\n<p class=\"p1\" style=\"text-align: center;\"><span class=\"s1\">\ud83c\udf0d<\/span><b> Un pas en avant vers une plan\u00e8te plus verte !<\/b><\/p>\n<p class=\"p1\" style=\"text-align: center;\">Voici Flex by Strawbaggy et Propaflex, le mat\u00e9riau innovant 100%<\/p>\n<p class=\"p1\" style=\"text-align: center;\">produit en ITALIE \u00e0 partir de 90% de poly\u00e9thyl\u00e8ne (PE) recycl\u00e9 et de 100% de poly\u00e9thyl\u00e8ne (PE) recyclable.<\/p>\n<p class=\"p1\" style=\"text-align: center;\">produit ! Appel\u00e9 <b>Plastica seconda vita.<\/b> Seconde vie du plastique.<\/p>\n<p class=\"p1\" style=\"text-align: center;\">Choisir FLEX &amp; PropaFlex, c'est contribuer activement \u00e0 la r\u00e9duction des d\u00e9chets et \u00e0 l'am\u00e9lioration de la qualit\u00e9 de vie.<\/p>\n<p class=\"p1\" style=\"text-align: center;\">la pr\u00e9servation de l'environnement.<\/p>\n<p class=\"p1\" style=\"text-align: center;\"><b>Pourquoi choisir Flex et PropaFlex ?<\/b><\/p>\n<p class=\"p1\" style=\"text-align: center;\"><b>Durabilit\u00e9 :<\/b> En utilisant du PE recycl\u00e9, nous r\u00e9duisons la demande de nouvelles ressources,<\/p>\n<p class=\"p1\" style=\"text-align: center;\">minimiser l'impact sur l'environnement.<\/p>\n<p class=\"p1\" style=\"text-align: center;\"><b>Recyclage complet :<\/b> La flexibilit\u00e9 peut \u00eatre r\u00e9introduite dans le cycle de production,<\/p>\n<p class=\"p1\" style=\"text-align: center;\">garantir un environnement plus propre et un avenir meilleur.<\/p>\n<p class=\"p1\" style=\"text-align: center;\"><b>Polyvalence :<\/b> Id\u00e9al pour une large gamme d'applications, de l'emballage \u00e0 l'emballage durable.<\/p>\n<p class=\"p1\" style=\"text-align: center;\">produits.<\/p>\n<p class=\"p1\" style=\"text-align: center;\"><b>Caract\u00e9ristiques du poly\u00e9thyl\u00e8ne basse densit\u00e9 (PEBD)<\/b><\/p>\n<p class=\"p1\" style=\"text-align: center;\"><b>Flexibilit\u00e9 et r\u00e9silience : <\/b>Le PEBD est connu pour sa remarquable flexibilit\u00e9, ce qui le rend<\/p>\n<p class=\"p1\" style=\"text-align: center;\">parfait pour de nombreuses applications.<\/p>\n<p class=\"p1\" style=\"text-align: center;\"><b>R\u00e9sistance \u00e0 l'impact : <\/b>Ce mat\u00e9riau offre une r\u00e9sistance consid\u00e9rable aux chocs,<\/p>\n<p class=\"p1\" style=\"text-align: center;\">prot\u00e9ger votre produit pendant le transport.<\/p>\n<p class=\"p1\" style=\"text-align: center;\"><b>R\u00e9sistance \u00e0 l'eau :<\/b> Parfait pour les applications n\u00e9cessitant une r\u00e9sistance \u00e0 l'humidit\u00e9, le LDPE<\/p>\n<p class=\"p1\" style=\"text-align: center;\">maintient la qualit\u00e9 et la fra\u00eecheur.<\/p>\n<p class=\"p1\" style=\"text-align: center;\"><b>L\u00e9ger : <\/b>La l\u00e9g\u00e8ret\u00e9 du PEBD permet de r\u00e9duire les co\u00fbts de transport et d'am\u00e9liorer la qualit\u00e9 de l'air.<\/p>\n<p class=\"p1\" style=\"text-align: center;\">les \u00e9missions de carbone.<\/p>\n<p class=\"p1\" style=\"text-align: center;\"><b>Sans odeur : <\/b>Poly\u00e9thyl\u00e8ne basse densit\u00e9<b> <\/b>est \u00e9galement e\ufb00ective pour contenir les odeurs,<\/p>\n<p class=\"p1\" style=\"text-align: center;\">garantissant la fra\u00eecheur et la discr\u00e9tion de vos produits.<\/p>\n<p class=\"p1\" style=\"text-align: center;\"><b>Couche de carbone :<\/b> Une puissance doubl\u00e9e, une puret\u00e9 ultime.<\/p>\n<p class=\"p1\" style=\"text-align: center;\">Avec une double couche de charbon actif, il offre une filtration sup\u00e9rieure pour un nettoyage plus propre,<\/p>\n<p class=\"p1\" style=\"text-align: center;\">une exp\u00e9rience plus harmonieuse. <span class=\"s1\">\ud83d\udca8 \u2728<\/span>Choisissez Flex BY Strawbaggy et rejoignez-nous dans la lutte pour un avenir durable ! <span class=\"s1\">\ud83c\udf31<\/span><\/p>\n<p class=\"p1\" style=\"text-align: center;\">Faites la di\ufb00\u00e9rence avec chaque choix, en soutenant un programme innovant et respectueux de l'environnement.<\/p>\n<p class=\"p1\" style=\"text-align: center;\">mat\u00e9riaux respectueux de l'environnement. Ensemble, nous pouvons construire un monde plus propre et plus responsable.<\/p>\n<p class=\"p1\" style=\"text-align: center;\"><i>AVIS : L'\u00e9tui Flex n'est pas un sac de rangement ; il est con\u00e7u exclusivement pour le transport.<\/i><\/p>\n<p class=\"p1\" style=\"text-align: center;\"><i>Retirez vos produits lorsqu'ils ne sont pas utilis\u00e9s pour les transporter en toute discr\u00e9tion.<\/i><\/p>","protected":false},"excerpt":{"rendered":"<p>Petite taille : 19 x 10 x 4 cm<\/p>\n<p>Taille moyenne : 22 x 18 x 8 cm<\/p>","protected":false},"featured_media":5708,"template":"","meta":[],"product_brand":[],"product_cat":[115],"product_tag":[124,126,127,125,35],"class_list":{"0":"post-5114","1":"product","2":"type-product","3":"status-publish","4":"has-post-thumbnail","6":"product_cat-flex","7":"product_tag-flex","8":"product_tag-odor-proof","9":"product_tag-odorprotection","10":"product_tag-smellproof","11":"product_tag-strawbaggy","13":"first","14":"instock","15":"taxable","16":"shipping-taxable","17":"purchasable","18":"product-type-simple"},"yoast_head":"<!-- This site is optimized with the Yoast SEO Premium plugin v27.4 (Yoast SEO v27.4) - https:\/\/yoast.com\/product\/yoast-seo-premium-wordpress\/ -->\n<title>Flex - StrawBaggy<\/title>\n<meta name=\"description\" content=\"\ud83c\udf0d Flex by Strawbaggy and Propaflex- Smell proof bag 100%produced in ITALY from 90% recycled polyethylene (PE) Flex 100% recyclable product !\" \/>\n<meta name=\"robots\" content=\"index, follow, max-snippet:-1, max-image-preview:large, max-video-preview:-1\" \/>\n<link rel=\"canonical\" href=\"https:\/\/www.strawbaggy.com\/fr\/produit\/flex\/\" \/>\n<meta property=\"og:locale\" content=\"fr_FR\" \/>\n<meta property=\"og:type\" content=\"article\" \/>\n<meta property=\"og:title\" content=\"Flex\" \/>\n<meta property=\"og:description\" content=\"\ud83c\udf0d Flex by Strawbaggy and Propaflex- Smell proof bag 100%produced in ITALY from 90% recycled polyethylene (PE) Flex 100% recyclable product !\" \/>\n<meta property=\"og:url\" content=\"https:\/\/www.strawbaggy.com\/fr\/produit\/flex\/\" \/>\n<meta property=\"og:site_name\" content=\"StrawBaggy\" \/>\n<meta property=\"article:modified_time\" content=\"2025-12-08T15:13:55+00:00\" \/>\n<meta property=\"og:image\" content=\"https:\/\/www.strawbaggy.com\/wp-content\/uploads\/2025\/03\/FLEX_SMALL_BLACK.png\" \/>\n\t<meta property=\"og:image:width\" content=\"2000\" \/>\n\t<meta property=\"og:image:height\" content=\"2000\" \/>\n\t<meta property=\"og:image:type\" content=\"image\/png\" \/>\n<meta name=\"twitter:card\" content=\"summary_large_image\" \/>\n<meta name=\"twitter:label1\" content=\"Prix\" \/>\n\t<meta name=\"twitter:data1\" content=\"28,00&nbsp;&euro;\" \/>\n\t<meta name=\"twitter:label2\" content=\"Disponibilit\u00e9\" \/>\n\t<meta name=\"twitter:data2\" content=\"En stock\" \/>\n<script type=\"application\/ld+json\" class=\"yoast-schema-graph\">{\"@context\":\"https:\\\/\\\/schema.org\",\"@graph\":[{\"@type\":\"WebPage\",\"@id\":\"https:\\\/\\\/www.strawbaggy.com\\\/product\\\/flex\\\/\",\"url\":\"https:\\\/\\\/www.strawbaggy.com\\\/product\\\/flex\\\/\",\"name\":\"Flex - StrawBaggy\",\"isPartOf\":{\"@id\":\"https:\\\/\\\/www.strawbaggy.com\\\/#website\"},\"primaryImageOfPage\":{\"@id\":\"https:\\\/\\\/www.strawbaggy.com\\\/product\\\/flex\\\/#primaryimage\"},\"image\":{\"@id\":\"https:\\\/\\\/www.strawbaggy.com\\\/product\\\/flex\\\/#primaryimage\"},\"thumbnailUrl\":\"https:\\\/\\\/www.strawbaggy.com\\\/wp-content\\\/uploads\\\/2025\\\/03\\\/FLEX_SMALL_BLACK.png\",\"datePublished\":\"2025-02-11T17:23:10+00:00\",\"dateModified\":\"2025-12-08T15:13:55+00:00\",\"description\":\"\ud83c\udf0d Flex by Strawbaggy and Propaflex- Smell proof bag 100%produced in ITALY from 90% recycled polyethylene (PE) Flex 100% recyclable product !\",\"breadcrumb\":{\"@id\":\"https:\\\/\\\/www.strawbaggy.com\\\/product\\\/flex\\\/#breadcrumb\"},\"inLanguage\":\"fr-FR\",\"potentialAction\":[{\"@type\":\"ReadAction\",\"target\":[\"https:\\\/\\\/www.strawbaggy.com\\\/product\\\/flex\\\/\"]}]},{\"@type\":\"ImageObject\",\"inLanguage\":\"fr-FR\",\"@id\":\"https:\\\/\\\/www.strawbaggy.com\\\/product\\\/flex\\\/#primaryimage\",\"url\":\"https:\\\/\\\/www.strawbaggy.com\\\/wp-content\\\/uploads\\\/2025\\\/03\\\/FLEX_SMALL_BLACK.png\",\"contentUrl\":\"https:\\\/\\\/www.strawbaggy.com\\\/wp-content\\\/uploads\\\/2025\\\/03\\\/FLEX_SMALL_BLACK.png\",\"width\":2000,\"height\":2000},{\"@type\":\"BreadcrumbList\",\"@id\":\"https:\\\/\\\/www.strawbaggy.com\\\/product\\\/flex\\\/#breadcrumb\",\"itemListElement\":[{\"@type\":\"ListItem\",\"position\":1,\"name\":\"Home\",\"item\":\"https:\\\/\\\/www.strawbaggy.com\\\/\"},{\"@type\":\"ListItem\",\"position\":2,\"name\":\"Products\",\"item\":\"https:\\\/\\\/www.strawbaggy.com\\\/shop\\\/\"},{\"@type\":\"ListItem\",\"position\":3,\"name\":\"Flex\"}]},{\"@type\":\"WebSite\",\"@id\":\"https:\\\/\\\/www.strawbaggy.com\\\/#website\",\"url\":\"https:\\\/\\\/www.strawbaggy.com\\\/\",\"name\":\"StrawBaggy\",\"description\":\"by Hardcase Technologies\",\"publisher\":{\"@id\":\"https:\\\/\\\/www.strawbaggy.com\\\/#organization\"},\"potentialAction\":[{\"@type\":\"SearchAction\",\"target\":{\"@type\":\"EntryPoint\",\"urlTemplate\":\"https:\\\/\\\/www.strawbaggy.com\\\/?s={search_term_string}\"},\"query-input\":{\"@type\":\"PropertyValueSpecification\",\"valueRequired\":true,\"valueName\":\"search_term_string\"}}],\"inLanguage\":\"fr-FR\"},{\"@type\":\"Organization\",\"@id\":\"https:\\\/\\\/www.strawbaggy.com\\\/#organization\",\"name\":\"StrawBaggy by Hardcase Technologies\",\"url\":\"https:\\\/\\\/www.strawbaggy.com\\\/\",\"logo\":{\"@type\":\"ImageObject\",\"inLanguage\":\"fr-FR\",\"@id\":\"https:\\\/\\\/www.strawbaggy.com\\\/#\\\/schema\\\/logo\\\/image\\\/\",\"url\":\"https:\\\/\\\/www.strawbaggy.com\\\/wp-content\\\/uploads\\\/2025\\\/02\\\/BET04665-copia.png\",\"contentUrl\":\"https:\\\/\\\/www.strawbaggy.com\\\/wp-content\\\/uploads\\\/2025\\\/02\\\/BET04665-copia.png\",\"width\":1500,\"height\":1500,\"caption\":\"StrawBaggy by Hardcase Technologies\"},\"image\":{\"@id\":\"https:\\\/\\\/www.strawbaggy.com\\\/#\\\/schema\\\/logo\\\/image\\\/\"},\"sameAs\":[\"https:\\\/\\\/www.instagram.com\\\/straw_baggy\\\/\"]}]}<\/script>\n<meta property=\"product:price:amount\" content=\"28.00\" \/>\n<meta property=\"product:price:currency\" content=\"EUR\" \/>\n<meta property=\"og:availability\" content=\"instock\" \/>\n<meta property=\"product:availability\" content=\"instock\" \/>\n<meta property=\"product:retailer_item_id\" content=\"Flex\" \/>\n<meta property=\"product:condition\" content=\"new\" \/>\n<!-- \/ Yoast SEO Premium plugin. -->","yoast_head_json":{"title":"Flex - StrawBaggy","description":"\ud83c\udf0d Flex by Strawbaggy and Propaflex- Smell proof bag 100%produced in ITALY from 90% recycled polyethylene (PE) Flex 100% recyclable product !","robots":{"index":"index","follow":"follow","max-snippet":"max-snippet:-1","max-image-preview":"max-image-preview:large","max-video-preview":"max-video-preview:-1"},"canonical":"https:\/\/www.strawbaggy.com\/fr\/produit\/flex\/","og_locale":"fr_FR","og_type":"article","og_title":"Flex","og_description":"\ud83c\udf0d Flex by Strawbaggy and Propaflex- Smell proof bag 100%produced in ITALY from 90% recycled polyethylene (PE) Flex 100% recyclable product !","og_url":"https:\/\/www.strawbaggy.com\/fr\/produit\/flex\/","og_site_name":"StrawBaggy","article_modified_time":"2025-12-08T15:13:55+00:00","og_image":[{"width":2000,"height":2000,"url":"https:\/\/www.strawbaggy.com\/wp-content\/uploads\/2025\/03\/FLEX_SMALL_BLACK.png","type":"image\/png"}],"twitter_card":"summary_large_image","twitter_misc":{"Prix":"28,00&nbsp;&euro;","Disponibilit\u00e9":"En stock"},"schema":{"@context":"https:\/\/schema.org","@graph":[{"@type":"WebPage","@id":"https:\/\/www.strawbaggy.com\/product\/flex\/","url":"https:\/\/www.strawbaggy.com\/product\/flex\/","name":"Flex - StrawBaggy","isPartOf":{"@id":"https:\/\/www.strawbaggy.com\/#website"},"primaryImageOfPage":{"@id":"https:\/\/www.strawbaggy.com\/product\/flex\/#primaryimage"},"image":{"@id":"https:\/\/www.strawbaggy.com\/product\/flex\/#primaryimage"},"thumbnailUrl":"https:\/\/www.strawbaggy.com\/wp-content\/uploads\/2025\/03\/FLEX_SMALL_BLACK.png","datePublished":"2025-02-11T17:23:10+00:00","dateModified":"2025-12-08T15:13:55+00:00","description":"\ud83c\udf0d Flex by Strawbaggy and Propaflex- Smell proof bag 100%produced in ITALY from 90% recycled polyethylene (PE) Flex 100% recyclable product !","breadcrumb":{"@id":"https:\/\/www.strawbaggy.com\/product\/flex\/#breadcrumb"},"inLanguage":"fr-FR","potentialAction":[{"@type":"ReadAction","target":["https:\/\/www.strawbaggy.com\/product\/flex\/"]}]},{"@type":"ImageObject","inLanguage":"fr-FR","@id":"https:\/\/www.strawbaggy.com\/product\/flex\/#primaryimage","url":"https:\/\/www.strawbaggy.com\/wp-content\/uploads\/2025\/03\/FLEX_SMALL_BLACK.png","contentUrl":"https:\/\/www.strawbaggy.com\/wp-content\/uploads\/2025\/03\/FLEX_SMALL_BLACK.png","width":2000,"height":2000},{"@type":"BreadcrumbList","@id":"https:\/\/www.strawbaggy.com\/product\/flex\/#breadcrumb","itemListElement":[{"@type":"ListItem","position":1,"name":"Home","item":"https:\/\/www.strawbaggy.com\/"},{"@type":"ListItem","position":2,"name":"Products","item":"https:\/\/www.strawbaggy.com\/shop\/"},{"@type":"ListItem","position":3,"name":"Flex"}]},{"@type":"WebSite","@id":"https:\/\/www.strawbaggy.com\/#website","url":"https:\/\/www.strawbaggy.com\/","name":"Sac \u00e0 paille","description":"par Hardcase Technologies","publisher":{"@id":"https:\/\/www.strawbaggy.com\/#organization"},"potentialAction":[{"@type":"SearchAction","target":{"@type":"EntryPoint","urlTemplate":"https:\/\/www.strawbaggy.com\/?s={search_term_string}"},"query-input":{"@type":"PropertyValueSpecification","valueRequired":true,"valueName":"search_term_string"}}],"inLanguage":"fr-FR"},{"@type":"Organization","@id":"https:\/\/www.strawbaggy.com\/#organization","name":"StrawBaggy par Hardcase Technologies","url":"https:\/\/www.strawbaggy.com\/","logo":{"@type":"ImageObject","inLanguage":"fr-FR","@id":"https:\/\/www.strawbaggy.com\/#\/schema\/logo\/image\/","url":"https:\/\/www.strawbaggy.com\/wp-content\/uploads\/2025\/02\/BET04665-copia.png","contentUrl":"https:\/\/www.strawbaggy.com\/wp-content\/uploads\/2025\/02\/BET04665-copia.png","width":1500,"height":1500,"caption":"StrawBaggy by Hardcase Technologies"},"image":{"@id":"https:\/\/www.strawbaggy.com\/#\/schema\/logo\/image\/"},"sameAs":["https:\/\/www.instagram.com\/straw_baggy\/"]}]},"product_price_amount":"28.00","product_price_currency":"EUR","og_availability":"instock","product_availability":"instock","product_retailer_item_id":"Flex","product_condition":"new"},"jetpack_sharing_enabled":true,"_links":{"self":[{"href":"https:\/\/www.strawbaggy.com\/fr\/wp-json\/wp\/v2\/product\/5114","targetHints":{"allow":["GET"]}}],"collection":[{"href":"https:\/\/www.strawbaggy.com\/fr\/wp-json\/wp\/v2\/product"}],"about":[{"href":"https:\/\/www.strawbaggy.com\/fr\/wp-json\/wp\/v2\/types\/product"}],"wp:featuredmedia":[{"embeddable":true,"href":"https:\/\/www.strawbaggy.com\/fr\/wp-json\/wp\/v2\/media\/5708"}],"wp:attachment":[{"href":"https:\/\/www.strawbaggy.com\/fr\/wp-json\/wp\/v2\/media?parent=5114"}],"wp:term":[{"taxonomy":"product_brand","embeddable":true,"href":"https:\/\/www.strawbaggy.com\/fr\/wp-json\/wp\/v2\/product_brand?post=5114"},{"taxonomy":"product_cat","embeddable":true,"href":"https:\/\/www.strawbaggy.com\/fr\/wp-json\/wp\/v2\/product_cat?post=5114"},{"taxonomy":"product_tag","embeddable":true,"href":"https:\/\/www.strawbaggy.com\/fr\/wp-json\/wp\/v2\/product_tag?post=5114"}],"curies":[{"name":"wp","href":"https:\/\/api.w.org\/{rel}","templated":true}]}}