{"id":5115,"date":"2025-02-11T18:26:06","date_gmt":"2025-02-11T17:26:06","guid":{"rendered":"https:\/\/www.strawbaggy.com\/?post_type=product&#038;p=5115"},"modified":"2026-03-24T00:06:39","modified_gmt":"2026-03-23T23:06:39","slug":"zip-zero","status":"publish","type":"product","link":"https:\/\/www.strawbaggy.com\/fr\/produit\/zip-zero\/","title":{"rendered":"Zip-Zero"},"content":{"rendered":"<p class=\"p1\" style=\"text-align: center;\"><b>Le sac de rangement pour toutes les situations. <\/b><span class=\"s1\">\ud83d\udd25 \ud83d\udda4<\/span><\/p>\n<p class=\"p1\" style=\"text-align: center;\">Protection maximale, z\u00e9ro compromis. Fabriqu\u00e9 en polyester balistique imperm\u00e9able ou en toile et gribouillis, il est dot\u00e9 d'une pochette de rangement et d'une pochette de rangement.<\/p>\n<p class=\"p1\" style=\"text-align: center;\">Gr\u00e2ce \u00e0 sa double couche de charbon actif, il garantit une totale \u00e9tanch\u00e9it\u00e9 aux odeurs. <span class=\"s1\">\ud83c\udf2c \u274c \ud83d\udc43 <\/span>Zip &amp; GO<\/p>\n<p class=\"p1\" style=\"text-align: center;\"><span class=\"s2\">\u2714<\/span>100% Imperm\u00e9able \u00e0 la pluie et \u00e0 l'humidit\u00e9 - Prot\u00e8ge votre produit de la pluie et de l'humidit\u00e9. situation <span class=\"s1\">\u2614<\/span><\/p>\n<p class=\"p1\" style=\"text-align: center;\"><span class=\"s2\">\u2714<\/span>Fermeture de s\u00e9curit\u00e9 avanc\u00e9e - Double velcro <span class=\"s1\">\ud83d\udd12<\/span><\/p>\n<p class=\"p1\" style=\"text-align: center;\"><span class=\"s2\">\u2714<\/span>Syst\u00e8me de protection contre les odeurs gr\u00e2ce \u00e0 une double couche de carbone activ\u00e9.<\/p>\n<p class=\"p1\" style=\"text-align: center;\">Disponibles en diff\u00e9rentes tailles, ils sont con\u00e7us pour r\u00e9pondre \u00e0 diff\u00e9rents besoins et utilisations.<\/p>\n<p class=\"p1\" style=\"text-align: center;\">Comment cela fonctionne-t-il ? Fermez le velcro, glissez ... et vous \u00eates pr\u00eat \u00e0 partir en toute tranquillit\u00e9.<\/p>\n<p class=\"p1\" style=\"text-align: center;\">esprit. SLIDE &amp; GO.<\/p>\n<p class=\"p1\" style=\"text-align: center;\">AVIS : Le sac Zip-Zero n'est pas un sac de rangement - il est con\u00e7u exclusivement pour le transport.<\/p>\n<p class=\"p1\" style=\"text-align: center;\">Retirez vos produits lorsqu'ils ne sont pas utilis\u00e9s pour un transport discret et pr\u00e9servez la saveur de vos produits.<\/p>\n<p class=\"p1\" style=\"text-align: center;\">produits.<\/p>","protected":false},"excerpt":{"rendered":"<p>Petit : 20 x 15 cm<\/p>\n<p>Moyen : 29,5 x 18 cm<\/p>","protected":false},"featured_media":6688,"template":"","meta":[],"product_brand":[],"product_cat":[119],"product_tag":[132,131,129,126,130,128],"class_list":{"0":"post-5115","1":"product","2":"type-product","3":"status-publish","4":"has-post-thumbnail","6":"product_cat-zip-zero","7":"product_tag-absence","8":"product_tag-bag-smellproof","9":"product_tag-carbon-layer","10":"product_tag-odor-proof","11":"product_tag-smell-proof","12":"product_tag-zip-zero","14":"first","15":"instock","16":"taxable","17":"shipping-taxable","18":"purchasable","19":"product-type-simple"},"yoast_head":"<!-- This site is optimized with the Yoast SEO Premium plugin v27.4 (Yoast SEO v27.4) - https:\/\/yoast.com\/product\/yoast-seo-premium-wordpress\/ -->\n<title>Zip-Zero - StrawBaggy<\/title>\n<meta name=\"description\" content=\"Zip &amp; GO - The Stash bag for every situation. \ud83d\udd25 Maximum protection. Dual layer of activated carbon charcoal. Smell-proof functionality.\" \/>\n<meta name=\"robots\" content=\"index, follow, max-snippet:-1, max-image-preview:large, max-video-preview:-1\" \/>\n<link rel=\"canonical\" href=\"https:\/\/www.strawbaggy.com\/fr\/produit\/zip-zero\/\" \/>\n<meta property=\"og:locale\" content=\"fr_FR\" \/>\n<meta property=\"og:type\" content=\"article\" \/>\n<meta property=\"og:title\" content=\"Zip-Zero\" \/>\n<meta property=\"og:description\" content=\"Zip &amp; GO - The Stash bag for every situation. \ud83d\udd25 Maximum protection. Dual layer of activated carbon charcoal. Smell-proof functionality.\" \/>\n<meta property=\"og:url\" content=\"https:\/\/www.strawbaggy.com\/fr\/produit\/zip-zero\/\" \/>\n<meta property=\"og:site_name\" content=\"StrawBaggy\" \/>\n<meta property=\"article:modified_time\" content=\"2026-03-23T23:06:39+00:00\" \/>\n<meta property=\"og:image\" content=\"https:\/\/www.strawbaggy.com\/wp-content\/uploads\/2025\/02\/Photoroom_20250902_162238.png\" \/>\n\t<meta property=\"og:image:width\" content=\"1000\" \/>\n\t<meta property=\"og:image:height\" content=\"707\" \/>\n\t<meta property=\"og:image:type\" content=\"image\/png\" \/>\n<meta name=\"twitter:card\" content=\"summary_large_image\" \/>\n<meta name=\"twitter:label1\" content=\"Prix\" \/>\n\t<meta name=\"twitter:data1\" content=\"14,00&nbsp;&euro;\" \/>\n\t<meta name=\"twitter:label2\" content=\"Disponibilit\u00e9\" \/>\n\t<meta name=\"twitter:data2\" content=\"En stock\" \/>\n<script type=\"application\/ld+json\" class=\"yoast-schema-graph\">{\"@context\":\"https:\\\/\\\/schema.org\",\"@graph\":[{\"@type\":\"WebPage\",\"@id\":\"https:\\\/\\\/www.strawbaggy.com\\\/product\\\/zip-zero\\\/\",\"url\":\"https:\\\/\\\/www.strawbaggy.com\\\/product\\\/zip-zero\\\/\",\"name\":\"Zip-Zero - StrawBaggy\",\"isPartOf\":{\"@id\":\"https:\\\/\\\/www.strawbaggy.com\\\/#website\"},\"primaryImageOfPage\":{\"@id\":\"https:\\\/\\\/www.strawbaggy.com\\\/product\\\/zip-zero\\\/#primaryimage\"},\"image\":{\"@id\":\"https:\\\/\\\/www.strawbaggy.com\\\/product\\\/zip-zero\\\/#primaryimage\"},\"thumbnailUrl\":\"https:\\\/\\\/www.strawbaggy.com\\\/wp-content\\\/uploads\\\/2025\\\/02\\\/Photoroom_20250902_162238.png\",\"datePublished\":\"2025-02-11T17:26:06+00:00\",\"dateModified\":\"2026-03-23T23:06:39+00:00\",\"description\":\"Zip & GO - The Stash bag for every situation. \ud83d\udd25 Maximum protection. Dual layer of activated carbon charcoal. Smell-proof functionality.\",\"breadcrumb\":{\"@id\":\"https:\\\/\\\/www.strawbaggy.com\\\/product\\\/zip-zero\\\/#breadcrumb\"},\"inLanguage\":\"fr-FR\",\"potentialAction\":[{\"@type\":\"ReadAction\",\"target\":[\"https:\\\/\\\/www.strawbaggy.com\\\/product\\\/zip-zero\\\/\"]}]},{\"@type\":\"ImageObject\",\"inLanguage\":\"fr-FR\",\"@id\":\"https:\\\/\\\/www.strawbaggy.com\\\/product\\\/zip-zero\\\/#primaryimage\",\"url\":\"https:\\\/\\\/www.strawbaggy.com\\\/wp-content\\\/uploads\\\/2025\\\/02\\\/Photoroom_20250902_162238.png\",\"contentUrl\":\"https:\\\/\\\/www.strawbaggy.com\\\/wp-content\\\/uploads\\\/2025\\\/02\\\/Photoroom_20250902_162238.png\",\"width\":1000,\"height\":707},{\"@type\":\"BreadcrumbList\",\"@id\":\"https:\\\/\\\/www.strawbaggy.com\\\/product\\\/zip-zero\\\/#breadcrumb\",\"itemListElement\":[{\"@type\":\"ListItem\",\"position\":1,\"name\":\"Home\",\"item\":\"https:\\\/\\\/www.strawbaggy.com\\\/\"},{\"@type\":\"ListItem\",\"position\":2,\"name\":\"Products\",\"item\":\"https:\\\/\\\/www.strawbaggy.com\\\/shop\\\/\"},{\"@type\":\"ListItem\",\"position\":3,\"name\":\"Zip-Zero\"}]},{\"@type\":\"WebSite\",\"@id\":\"https:\\\/\\\/www.strawbaggy.com\\\/#website\",\"url\":\"https:\\\/\\\/www.strawbaggy.com\\\/\",\"name\":\"StrawBaggy\",\"description\":\"by Hardcase Technologies\",\"publisher\":{\"@id\":\"https:\\\/\\\/www.strawbaggy.com\\\/#organization\"},\"potentialAction\":[{\"@type\":\"SearchAction\",\"target\":{\"@type\":\"EntryPoint\",\"urlTemplate\":\"https:\\\/\\\/www.strawbaggy.com\\\/?s={search_term_string}\"},\"query-input\":{\"@type\":\"PropertyValueSpecification\",\"valueRequired\":true,\"valueName\":\"search_term_string\"}}],\"inLanguage\":\"fr-FR\"},{\"@type\":\"Organization\",\"@id\":\"https:\\\/\\\/www.strawbaggy.com\\\/#organization\",\"name\":\"StrawBaggy by Hardcase Technologies\",\"url\":\"https:\\\/\\\/www.strawbaggy.com\\\/\",\"logo\":{\"@type\":\"ImageObject\",\"inLanguage\":\"fr-FR\",\"@id\":\"https:\\\/\\\/www.strawbaggy.com\\\/#\\\/schema\\\/logo\\\/image\\\/\",\"url\":\"https:\\\/\\\/www.strawbaggy.com\\\/wp-content\\\/uploads\\\/2025\\\/02\\\/BET04665-copia.png\",\"contentUrl\":\"https:\\\/\\\/www.strawbaggy.com\\\/wp-content\\\/uploads\\\/2025\\\/02\\\/BET04665-copia.png\",\"width\":1500,\"height\":1500,\"caption\":\"StrawBaggy by Hardcase Technologies\"},\"image\":{\"@id\":\"https:\\\/\\\/www.strawbaggy.com\\\/#\\\/schema\\\/logo\\\/image\\\/\"},\"sameAs\":[\"https:\\\/\\\/www.instagram.com\\\/straw_baggy\\\/\"]}]}<\/script>\n<meta property=\"product:price:amount\" content=\"14.00\" \/>\n<meta property=\"product:price:currency\" content=\"EUR\" \/>\n<meta property=\"og:availability\" content=\"instock\" \/>\n<meta property=\"product:availability\" content=\"instock\" \/>\n<meta property=\"product:retailer_item_id\" content=\"ZZ\" \/>\n<meta property=\"product:condition\" content=\"new\" \/>\n<!-- \/ Yoast SEO Premium plugin. -->","yoast_head_json":{"title":"Zip-Zero - StrawBaggy","description":"Zip & GO - The Stash bag for every situation. \ud83d\udd25 Maximum protection. Dual layer of activated carbon charcoal. Smell-proof functionality.","robots":{"index":"index","follow":"follow","max-snippet":"max-snippet:-1","max-image-preview":"max-image-preview:large","max-video-preview":"max-video-preview:-1"},"canonical":"https:\/\/www.strawbaggy.com\/fr\/produit\/zip-zero\/","og_locale":"fr_FR","og_type":"article","og_title":"Zip-Zero","og_description":"Zip & GO - The Stash bag for every situation. \ud83d\udd25 Maximum protection. Dual layer of activated carbon charcoal. Smell-proof functionality.","og_url":"https:\/\/www.strawbaggy.com\/fr\/produit\/zip-zero\/","og_site_name":"StrawBaggy","article_modified_time":"2026-03-23T23:06:39+00:00","og_image":[{"width":1000,"height":707,"url":"https:\/\/www.strawbaggy.com\/wp-content\/uploads\/2025\/02\/Photoroom_20250902_162238.png","type":"image\/png"}],"twitter_card":"summary_large_image","twitter_misc":{"Prix":"14,00&nbsp;&euro;","Disponibilit\u00e9":"En stock"},"schema":{"@context":"https:\/\/schema.org","@graph":[{"@type":"WebPage","@id":"https:\/\/www.strawbaggy.com\/product\/zip-zero\/","url":"https:\/\/www.strawbaggy.com\/product\/zip-zero\/","name":"Zip-Zero - StrawBaggy","isPartOf":{"@id":"https:\/\/www.strawbaggy.com\/#website"},"primaryImageOfPage":{"@id":"https:\/\/www.strawbaggy.com\/product\/zip-zero\/#primaryimage"},"image":{"@id":"https:\/\/www.strawbaggy.com\/product\/zip-zero\/#primaryimage"},"thumbnailUrl":"https:\/\/www.strawbaggy.com\/wp-content\/uploads\/2025\/02\/Photoroom_20250902_162238.png","datePublished":"2025-02-11T17:26:06+00:00","dateModified":"2026-03-23T23:06:39+00:00","description":"Zip & GO - The Stash bag for every situation. \ud83d\udd25 Maximum protection. Dual layer of activated carbon charcoal. Smell-proof functionality.","breadcrumb":{"@id":"https:\/\/www.strawbaggy.com\/product\/zip-zero\/#breadcrumb"},"inLanguage":"fr-FR","potentialAction":[{"@type":"ReadAction","target":["https:\/\/www.strawbaggy.com\/product\/zip-zero\/"]}]},{"@type":"ImageObject","inLanguage":"fr-FR","@id":"https:\/\/www.strawbaggy.com\/product\/zip-zero\/#primaryimage","url":"https:\/\/www.strawbaggy.com\/wp-content\/uploads\/2025\/02\/Photoroom_20250902_162238.png","contentUrl":"https:\/\/www.strawbaggy.com\/wp-content\/uploads\/2025\/02\/Photoroom_20250902_162238.png","width":1000,"height":707},{"@type":"BreadcrumbList","@id":"https:\/\/www.strawbaggy.com\/product\/zip-zero\/#breadcrumb","itemListElement":[{"@type":"ListItem","position":1,"name":"Home","item":"https:\/\/www.strawbaggy.com\/"},{"@type":"ListItem","position":2,"name":"Products","item":"https:\/\/www.strawbaggy.com\/shop\/"},{"@type":"ListItem","position":3,"name":"Zip-Zero"}]},{"@type":"WebSite","@id":"https:\/\/www.strawbaggy.com\/#website","url":"https:\/\/www.strawbaggy.com\/","name":"Sac \u00e0 paille","description":"par Hardcase Technologies","publisher":{"@id":"https:\/\/www.strawbaggy.com\/#organization"},"potentialAction":[{"@type":"SearchAction","target":{"@type":"EntryPoint","urlTemplate":"https:\/\/www.strawbaggy.com\/?s={search_term_string}"},"query-input":{"@type":"PropertyValueSpecification","valueRequired":true,"valueName":"search_term_string"}}],"inLanguage":"fr-FR"},{"@type":"Organization","@id":"https:\/\/www.strawbaggy.com\/#organization","name":"StrawBaggy par Hardcase Technologies","url":"https:\/\/www.strawbaggy.com\/","logo":{"@type":"ImageObject","inLanguage":"fr-FR","@id":"https:\/\/www.strawbaggy.com\/#\/schema\/logo\/image\/","url":"https:\/\/www.strawbaggy.com\/wp-content\/uploads\/2025\/02\/BET04665-copia.png","contentUrl":"https:\/\/www.strawbaggy.com\/wp-content\/uploads\/2025\/02\/BET04665-copia.png","width":1500,"height":1500,"caption":"StrawBaggy by Hardcase Technologies"},"image":{"@id":"https:\/\/www.strawbaggy.com\/#\/schema\/logo\/image\/"},"sameAs":["https:\/\/www.instagram.com\/straw_baggy\/"]}]},"product_price_amount":"14.00","product_price_currency":"EUR","og_availability":"instock","product_availability":"instock","product_retailer_item_id":"ZZ","product_condition":"new"},"jetpack_sharing_enabled":true,"_links":{"self":[{"href":"https:\/\/www.strawbaggy.com\/fr\/wp-json\/wp\/v2\/product\/5115","targetHints":{"allow":["GET"]}}],"collection":[{"href":"https:\/\/www.strawbaggy.com\/fr\/wp-json\/wp\/v2\/product"}],"about":[{"href":"https:\/\/www.strawbaggy.com\/fr\/wp-json\/wp\/v2\/types\/product"}],"wp:featuredmedia":[{"embeddable":true,"href":"https:\/\/www.strawbaggy.com\/fr\/wp-json\/wp\/v2\/media\/6688"}],"wp:attachment":[{"href":"https:\/\/www.strawbaggy.com\/fr\/wp-json\/wp\/v2\/media?parent=5115"}],"wp:term":[{"taxonomy":"product_brand","embeddable":true,"href":"https:\/\/www.strawbaggy.com\/fr\/wp-json\/wp\/v2\/product_brand?post=5115"},{"taxonomy":"product_cat","embeddable":true,"href":"https:\/\/www.strawbaggy.com\/fr\/wp-json\/wp\/v2\/product_cat?post=5115"},{"taxonomy":"product_tag","embeddable":true,"href":"https:\/\/www.strawbaggy.com\/fr\/wp-json\/wp\/v2\/product_tag?post=5115"}],"curies":[{"name":"wp","href":"https:\/\/api.w.org\/{rel}","templated":true}]}}