{"id":5220,"date":"2025-02-21T10:57:18","date_gmt":"2025-02-21T09:57:18","guid":{"rendered":"https:\/\/www.strawbaggy.com\/?post_type=product&#038;p=5220"},"modified":"2025-12-08T16:12:34","modified_gmt":"2025-12-08T15:12:34","slug":"walker-design-limited-edition","status":"publish","type":"product","link":"https:\/\/www.strawbaggy.com\/fr\/produit\/walker-design-limited-edition\/","title":{"rendered":"Walker Design Edition limit\u00e9e"},"content":{"rendered":"<p style=\"text-align: center;\"><strong>Voici la ligne EDITION LIMIT\u00c9E de Walker design.<\/strong><br \/>\nSuivez-nous pour d\u00e9couvrir les nouveaux mod\u00e8les !<\/p>\n<p style=\"text-align: center;\"><strong>\"O\u00f9 que vous alliez, restez libre, restez cool !<\/strong><\/p>\n<p style=\"text-align: center;\">\u00c9l\u00e9gant, intelligent et discret - Walker by Strawbaggy est la solution id\u00e9ale pour les personnes \u00e2g\u00e9es. <strong>le support en silicone ultime pour les fumeurs PRO.<\/strong><\/p>\n<p style=\"text-align: center;\">Un \u00e9tui portable tout-en-un, con\u00e7u pour garder vos objets essentiels compacts, s\u00e9curis\u00e9s et faciles d'acc\u00e8s. Parfait pour transporter des concentr\u00e9s en toute s\u00e9curit\u00e9 et en toute discr\u00e9tion, que ce soit lors d'une aventure en plein air ou d'un festival \u00e0 travers le monde.<\/p>\n<p style=\"text-align: center;\">Fabriqu\u00e9 avec <strong>EVA durable et cuir v\u00e9g\u00e9tal<\/strong>Les produits de la gamme sont con\u00e7us pour r\u00e9sister \u00e0 l'usure et au temps.<\/p>\n<p style=\"text-align: center;\">Fini avec des fermetures \u00e0 glissi\u00e8re YKK et fabriqu\u00e9 avec une attention particuli\u00e8re \u00e0 chaque d\u00e9tail - notre promesse de <strong>la qualit\u00e9 et le style.<\/strong><\/p>","protected":false},"excerpt":{"rendered":"<div>Mat\u00e9riau : EVA (coque imperm\u00e9able, r\u00e9sistante aux chocs, semi-rigide)<\/div>\n<div>Tissu : Tissu technique imperm\u00e9able PU<\/div>\n<div>Taille : 8,5cm de diam\u00e8tre x 6cm de hauteur<\/div>\n<div>Poids : 34 g<\/div>","protected":false},"featured_media":5282,"template":"","meta":[],"product_brand":[],"product_cat":[15],"product_tag":[36,35,34],"class_list":{"0":"post-5220","1":"product","2":"type-product","3":"status-publish","4":"has-post-thumbnail","6":"product_cat-walker-bag","7":"product_tag-smoker-bag","8":"product_tag-strawbaggy","9":"product_tag-walker","11":"first","12":"instock","13":"taxable","14":"shipping-taxable","15":"purchasable","16":"product-type-simple"},"yoast_head":"<!-- This site is optimized with the Yoast SEO Premium plugin v27.4 (Yoast SEO v27.4) - https:\/\/yoast.com\/product\/yoast-seo-premium-wordpress\/ -->\n<title>Walker Design Limited Edition - StrawBaggy<\/title>\n<meta name=\"robots\" content=\"index, follow, max-snippet:-1, max-image-preview:large, max-video-preview:-1\" \/>\n<link rel=\"canonical\" href=\"https:\/\/www.strawbaggy.com\/fr\/produit\/walker-design-limited-edition\/\" \/>\n<meta property=\"og:locale\" content=\"fr_FR\" \/>\n<meta property=\"og:type\" content=\"article\" \/>\n<meta property=\"og:title\" content=\"Walker Design Limited Edition\" \/>\n<meta property=\"og:description\" content=\"Material: EVA (waterproof, shock-resistant, semi-rigid shell) Fabric: PU technical waterproof fabric Size: 8,5cm diameter x 6cm height Weight: 34 g\" \/>\n<meta property=\"og:url\" content=\"https:\/\/www.strawbaggy.com\/fr\/produit\/walker-design-limited-edition\/\" \/>\n<meta property=\"og:site_name\" content=\"StrawBaggy\" \/>\n<meta property=\"article:modified_time\" content=\"2025-12-08T15:12:34+00:00\" \/>\n<meta property=\"og:image\" content=\"https:\/\/www.strawbaggy.com\/wp-content\/uploads\/2025\/02\/Fungus-1-copia.png\" \/>\n\t<meta property=\"og:image:width\" content=\"514\" \/>\n\t<meta property=\"og:image:height\" content=\"514\" \/>\n\t<meta property=\"og:image:type\" content=\"image\/png\" \/>\n<meta name=\"twitter:card\" content=\"summary_large_image\" \/>\n<meta name=\"twitter:label1\" content=\"Prix\" \/>\n\t<meta name=\"twitter:data1\" content=\"15,50&nbsp;&euro;\" \/>\n\t<meta name=\"twitter:label2\" content=\"Disponibilit\u00e9\" \/>\n\t<meta name=\"twitter:data2\" content=\"En stock\" \/>\n<script type=\"application\/ld+json\" class=\"yoast-schema-graph\">{\"@context\":\"https:\\\/\\\/schema.org\",\"@graph\":[{\"@type\":\"WebPage\",\"@id\":\"https:\\\/\\\/www.strawbaggy.com\\\/product\\\/walker-design-limited-edition\\\/\",\"url\":\"https:\\\/\\\/www.strawbaggy.com\\\/product\\\/walker-design-limited-edition\\\/\",\"name\":\"Walker Design Limited Edition - StrawBaggy\",\"isPartOf\":{\"@id\":\"https:\\\/\\\/www.strawbaggy.com\\\/#website\"},\"primaryImageOfPage\":{\"@id\":\"https:\\\/\\\/www.strawbaggy.com\\\/product\\\/walker-design-limited-edition\\\/#primaryimage\"},\"image\":{\"@id\":\"https:\\\/\\\/www.strawbaggy.com\\\/product\\\/walker-design-limited-edition\\\/#primaryimage\"},\"thumbnailUrl\":\"https:\\\/\\\/www.strawbaggy.com\\\/wp-content\\\/uploads\\\/2025\\\/02\\\/Fungus-1-copia.png\",\"datePublished\":\"2025-02-21T09:57:18+00:00\",\"dateModified\":\"2025-12-08T15:12:34+00:00\",\"breadcrumb\":{\"@id\":\"https:\\\/\\\/www.strawbaggy.com\\\/product\\\/walker-design-limited-edition\\\/#breadcrumb\"},\"inLanguage\":\"fr-FR\",\"potentialAction\":[{\"@type\":\"ReadAction\",\"target\":[\"https:\\\/\\\/www.strawbaggy.com\\\/product\\\/walker-design-limited-edition\\\/\"]}]},{\"@type\":\"ImageObject\",\"inLanguage\":\"fr-FR\",\"@id\":\"https:\\\/\\\/www.strawbaggy.com\\\/product\\\/walker-design-limited-edition\\\/#primaryimage\",\"url\":\"https:\\\/\\\/www.strawbaggy.com\\\/wp-content\\\/uploads\\\/2025\\\/02\\\/Fungus-1-copia.png\",\"contentUrl\":\"https:\\\/\\\/www.strawbaggy.com\\\/wp-content\\\/uploads\\\/2025\\\/02\\\/Fungus-1-copia.png\",\"width\":514,\"height\":514},{\"@type\":\"BreadcrumbList\",\"@id\":\"https:\\\/\\\/www.strawbaggy.com\\\/product\\\/walker-design-limited-edition\\\/#breadcrumb\",\"itemListElement\":[{\"@type\":\"ListItem\",\"position\":1,\"name\":\"Home\",\"item\":\"https:\\\/\\\/www.strawbaggy.com\\\/\"},{\"@type\":\"ListItem\",\"position\":2,\"name\":\"Products\",\"item\":\"https:\\\/\\\/www.strawbaggy.com\\\/shop\\\/\"},{\"@type\":\"ListItem\",\"position\":3,\"name\":\"Walker Design Limited Edition\"}]},{\"@type\":\"WebSite\",\"@id\":\"https:\\\/\\\/www.strawbaggy.com\\\/#website\",\"url\":\"https:\\\/\\\/www.strawbaggy.com\\\/\",\"name\":\"StrawBaggy\",\"description\":\"by Hardcase Technologies\",\"publisher\":{\"@id\":\"https:\\\/\\\/www.strawbaggy.com\\\/#organization\"},\"potentialAction\":[{\"@type\":\"SearchAction\",\"target\":{\"@type\":\"EntryPoint\",\"urlTemplate\":\"https:\\\/\\\/www.strawbaggy.com\\\/?s={search_term_string}\"},\"query-input\":{\"@type\":\"PropertyValueSpecification\",\"valueRequired\":true,\"valueName\":\"search_term_string\"}}],\"inLanguage\":\"fr-FR\"},{\"@type\":\"Organization\",\"@id\":\"https:\\\/\\\/www.strawbaggy.com\\\/#organization\",\"name\":\"StrawBaggy by Hardcase Technologies\",\"url\":\"https:\\\/\\\/www.strawbaggy.com\\\/\",\"logo\":{\"@type\":\"ImageObject\",\"inLanguage\":\"fr-FR\",\"@id\":\"https:\\\/\\\/www.strawbaggy.com\\\/#\\\/schema\\\/logo\\\/image\\\/\",\"url\":\"https:\\\/\\\/www.strawbaggy.com\\\/wp-content\\\/uploads\\\/2025\\\/02\\\/BET04665-copia.png\",\"contentUrl\":\"https:\\\/\\\/www.strawbaggy.com\\\/wp-content\\\/uploads\\\/2025\\\/02\\\/BET04665-copia.png\",\"width\":1500,\"height\":1500,\"caption\":\"StrawBaggy by Hardcase Technologies\"},\"image\":{\"@id\":\"https:\\\/\\\/www.strawbaggy.com\\\/#\\\/schema\\\/logo\\\/image\\\/\"},\"sameAs\":[\"https:\\\/\\\/www.instagram.com\\\/straw_baggy\\\/\"]}]}<\/script>\n<meta property=\"product:price:amount\" content=\"15.50\" \/>\n<meta property=\"product:price:currency\" content=\"EUR\" \/>\n<meta property=\"og:availability\" content=\"instock\" \/>\n<meta property=\"product:availability\" content=\"instock\" \/>\n<meta property=\"product:retailer_item_id\" content=\"W-B-1-1-1\" \/>\n<meta property=\"product:condition\" content=\"new\" \/>\n<!-- \/ Yoast SEO Premium plugin. -->","yoast_head_json":{"title":"Walker Design Limited Edition - StrawBaggy","robots":{"index":"index","follow":"follow","max-snippet":"max-snippet:-1","max-image-preview":"max-image-preview:large","max-video-preview":"max-video-preview:-1"},"canonical":"https:\/\/www.strawbaggy.com\/fr\/produit\/walker-design-limited-edition\/","og_locale":"fr_FR","og_type":"article","og_title":"Walker Design Limited Edition","og_description":"Material: EVA (waterproof, shock-resistant, semi-rigid shell) Fabric: PU technical waterproof fabric Size: 8,5cm diameter x 6cm height Weight: 34 g","og_url":"https:\/\/www.strawbaggy.com\/fr\/produit\/walker-design-limited-edition\/","og_site_name":"StrawBaggy","article_modified_time":"2025-12-08T15:12:34+00:00","og_image":[{"width":514,"height":514,"url":"https:\/\/www.strawbaggy.com\/wp-content\/uploads\/2025\/02\/Fungus-1-copia.png","type":"image\/png"}],"twitter_card":"summary_large_image","twitter_misc":{"Prix":"15,50&nbsp;&euro;","Disponibilit\u00e9":"En stock"},"schema":{"@context":"https:\/\/schema.org","@graph":[{"@type":"WebPage","@id":"https:\/\/www.strawbaggy.com\/product\/walker-design-limited-edition\/","url":"https:\/\/www.strawbaggy.com\/product\/walker-design-limited-edition\/","name":"Walker Design Limited Edition - StrawBaggy","isPartOf":{"@id":"https:\/\/www.strawbaggy.com\/#website"},"primaryImageOfPage":{"@id":"https:\/\/www.strawbaggy.com\/product\/walker-design-limited-edition\/#primaryimage"},"image":{"@id":"https:\/\/www.strawbaggy.com\/product\/walker-design-limited-edition\/#primaryimage"},"thumbnailUrl":"https:\/\/www.strawbaggy.com\/wp-content\/uploads\/2025\/02\/Fungus-1-copia.png","datePublished":"2025-02-21T09:57:18+00:00","dateModified":"2025-12-08T15:12:34+00:00","breadcrumb":{"@id":"https:\/\/www.strawbaggy.com\/product\/walker-design-limited-edition\/#breadcrumb"},"inLanguage":"fr-FR","potentialAction":[{"@type":"ReadAction","target":["https:\/\/www.strawbaggy.com\/product\/walker-design-limited-edition\/"]}]},{"@type":"ImageObject","inLanguage":"fr-FR","@id":"https:\/\/www.strawbaggy.com\/product\/walker-design-limited-edition\/#primaryimage","url":"https:\/\/www.strawbaggy.com\/wp-content\/uploads\/2025\/02\/Fungus-1-copia.png","contentUrl":"https:\/\/www.strawbaggy.com\/wp-content\/uploads\/2025\/02\/Fungus-1-copia.png","width":514,"height":514},{"@type":"BreadcrumbList","@id":"https:\/\/www.strawbaggy.com\/product\/walker-design-limited-edition\/#breadcrumb","itemListElement":[{"@type":"ListItem","position":1,"name":"Home","item":"https:\/\/www.strawbaggy.com\/"},{"@type":"ListItem","position":2,"name":"Products","item":"https:\/\/www.strawbaggy.com\/shop\/"},{"@type":"ListItem","position":3,"name":"Walker Design Limited Edition"}]},{"@type":"WebSite","@id":"https:\/\/www.strawbaggy.com\/#website","url":"https:\/\/www.strawbaggy.com\/","name":"Sac \u00e0 paille","description":"par Hardcase Technologies","publisher":{"@id":"https:\/\/www.strawbaggy.com\/#organization"},"potentialAction":[{"@type":"SearchAction","target":{"@type":"EntryPoint","urlTemplate":"https:\/\/www.strawbaggy.com\/?s={search_term_string}"},"query-input":{"@type":"PropertyValueSpecification","valueRequired":true,"valueName":"search_term_string"}}],"inLanguage":"fr-FR"},{"@type":"Organization","@id":"https:\/\/www.strawbaggy.com\/#organization","name":"StrawBaggy par Hardcase Technologies","url":"https:\/\/www.strawbaggy.com\/","logo":{"@type":"ImageObject","inLanguage":"fr-FR","@id":"https:\/\/www.strawbaggy.com\/#\/schema\/logo\/image\/","url":"https:\/\/www.strawbaggy.com\/wp-content\/uploads\/2025\/02\/BET04665-copia.png","contentUrl":"https:\/\/www.strawbaggy.com\/wp-content\/uploads\/2025\/02\/BET04665-copia.png","width":1500,"height":1500,"caption":"StrawBaggy by Hardcase Technologies"},"image":{"@id":"https:\/\/www.strawbaggy.com\/#\/schema\/logo\/image\/"},"sameAs":["https:\/\/www.instagram.com\/straw_baggy\/"]}]},"product_price_amount":"15.50","product_price_currency":"EUR","og_availability":"instock","product_availability":"instock","product_retailer_item_id":"W-B-1-1-1","product_condition":"new"},"jetpack_sharing_enabled":true,"_links":{"self":[{"href":"https:\/\/www.strawbaggy.com\/fr\/wp-json\/wp\/v2\/product\/5220","targetHints":{"allow":["GET"]}}],"collection":[{"href":"https:\/\/www.strawbaggy.com\/fr\/wp-json\/wp\/v2\/product"}],"about":[{"href":"https:\/\/www.strawbaggy.com\/fr\/wp-json\/wp\/v2\/types\/product"}],"wp:featuredmedia":[{"embeddable":true,"href":"https:\/\/www.strawbaggy.com\/fr\/wp-json\/wp\/v2\/media\/5282"}],"wp:attachment":[{"href":"https:\/\/www.strawbaggy.com\/fr\/wp-json\/wp\/v2\/media?parent=5220"}],"wp:term":[{"taxonomy":"product_brand","embeddable":true,"href":"https:\/\/www.strawbaggy.com\/fr\/wp-json\/wp\/v2\/product_brand?post=5220"},{"taxonomy":"product_cat","embeddable":true,"href":"https:\/\/www.strawbaggy.com\/fr\/wp-json\/wp\/v2\/product_cat?post=5220"},{"taxonomy":"product_tag","embeddable":true,"href":"https:\/\/www.strawbaggy.com\/fr\/wp-json\/wp\/v2\/product_tag?post=5220"}],"curies":[{"name":"wp","href":"https:\/\/api.w.org\/{rel}","templated":true}]}}