{"id":5246,"date":"2025-02-21T13:07:54","date_gmt":"2025-02-21T12:07:54","guid":{"rendered":"https:\/\/www.strawbaggy.com\/?post_type=product&#038;p=5246"},"modified":"2025-09-02T12:08:30","modified_gmt":"2025-09-02T10:08:30","slug":"sticker-pack","status":"publish","type":"product","link":"https:\/\/www.strawbaggy.com\/fr\/produit\/sticker-pack\/","title":{"rendered":"Pack d'autocollants Mr Baggy"},"content":{"rendered":"<p class=\"p1\"><b>Emm\u00e8ne-nous dans ta prochaine aventure : Autocollants Mr. Baggy &amp; Strawbaggy !<\/b><b><\/b><\/p>\n<p class=\"p3\">Pourquoi ne pas prendre votre <i>Walker<\/i> \u00e0 un niveau sup\u00e9rieur ? Nous vous pr\u00e9sentons notre <span class=\"s1\"><b>Autocollants Mr. Baggy &amp; Strawbaggy<\/b><\/span> - le meilleur moyen d'afficher votre style et de rejoindre la communaut\u00e9 des <i>Sac \u00e0 paille<\/i> communaut\u00e9 o\u00f9 que vous alliez.<\/p>\n<p class=\"p3\">Collez-les sur les endroits qui vous inspirent le plus : votre mat\u00e9riel de voyage, vos accessoires de festival, votre ordinateur portable ou tout autre endroit qui vous fait vibrer. Chaque autocollant vous rappelle que l'aventure est \u00e0 port\u00e9e de main, et nous sommes ravis de faire partie de votre voyage.<\/p>\n<p class=\"p1\"><b>Voici pourquoi vous les aimerez :<\/b><b><\/b><\/p>\n<p class=\"p4\">-<span class=\"s1\"><b>Mod\u00e8les exclusifs :<\/b><\/span> Avec l'embl\u00e9matique <i>M. Baggy<\/i> &amp; <i>Sac \u00e0 paille<\/i> personnages<\/p>\n<p class=\"p4\">-<span class=\"s1\"><b>Pr\u00eat pour l'aventure :<\/b><\/span> Durable et r\u00e9sistant aux intemp\u00e9ries pour tous vos voyages<\/p>\n<p class=\"p4\">-<span class=\"s1\"><b>Partager le voyage :<\/b><\/span> Collez-les n'importe o\u00f9 et marquez-les - nous adorons voir o\u00f9 vous nous emmenez !<\/p>\n<p class=\"p1\"><b>Voyageons ensemble dans le monde entier<\/b><b><\/b><\/p>\n<p class=\"p3\">Saisissez votre <i>M. Baggy &amp; Strawbaggy<\/i> d\u00e8s aujourd'hui et commencez \u00e0 partager votre voyage. Que vous escaladiez des montagnes, que vous vous rendiez \u00e0 votre festival pr\u00e9f\u00e9r\u00e9 ou que vous vous d\u00e9tendiez dans votre coin favori, rendons chaque moment inoubliable, un autocollant \u00e0 la fois.<\/p>","protected":false},"excerpt":{"rendered":"<div>Paquet de 10 autocollants mixtes<\/div>\n<div>Taille : 8,5cm de diam\u00e8tre x 3cm<\/div>\n<div><\/div>","protected":false},"featured_media":5368,"template":"","meta":[],"product_brand":[],"product_cat":[79],"product_tag":[122,121],"class_list":{"0":"post-5246","1":"product","2":"type-product","3":"status-publish","4":"has-post-thumbnail","6":"product_cat-mr-baggy","7":"product_tag-mr-baggy","8":"product_tag-strawbaggy-stickers","10":"first","11":"instock","12":"taxable","13":"shipping-taxable","14":"purchasable","15":"product-type-simple"},"yoast_head":"<!-- This site is optimized with the Yoast SEO Premium plugin v27.4 (Yoast SEO v27.4) - https:\/\/yoast.com\/product\/yoast-seo-premium-wordpress\/ -->\n<title>Mr Baggy Sticker Pack - StrawBaggy<\/title>\n<meta name=\"robots\" content=\"index, follow, max-snippet:-1, max-image-preview:large, max-video-preview:-1\" \/>\n<link rel=\"canonical\" href=\"https:\/\/www.strawbaggy.com\/fr\/produit\/sticker-pack\/\" \/>\n<meta property=\"og:locale\" content=\"fr_FR\" \/>\n<meta property=\"og:type\" content=\"article\" \/>\n<meta property=\"og:title\" content=\"Mr Baggy Sticker Pack\" \/>\n<meta property=\"og:description\" content=\"Pack 10 mix Stickers Size: 8,5cm diameter x 3cm\" \/>\n<meta property=\"og:url\" content=\"https:\/\/www.strawbaggy.com\/fr\/produit\/sticker-pack\/\" \/>\n<meta property=\"og:site_name\" content=\"StrawBaggy\" \/>\n<meta property=\"article:modified_time\" content=\"2025-09-02T10:08:30+00:00\" \/>\n<meta property=\"og:image\" content=\"https:\/\/www.strawbaggy.com\/wp-content\/uploads\/2025\/02\/Photoroom_20250221_163631.png\" \/>\n\t<meta property=\"og:image:width\" content=\"800\" \/>\n\t<meta property=\"og:image:height\" content=\"1067\" \/>\n\t<meta property=\"og:image:type\" content=\"image\/png\" \/>\n<meta name=\"twitter:card\" content=\"summary_large_image\" \/>\n<meta name=\"twitter:label1\" content=\"Prix\" \/>\n\t<meta name=\"twitter:data1\" content=\"5,00&nbsp;&euro;\" \/>\n\t<meta name=\"twitter:label2\" content=\"Disponibilit\u00e9\" \/>\n\t<meta name=\"twitter:data2\" content=\"En stock\" \/>\n<script type=\"application\/ld+json\" class=\"yoast-schema-graph\">{\"@context\":\"https:\\\/\\\/schema.org\",\"@graph\":[{\"@type\":\"WebPage\",\"@id\":\"https:\\\/\\\/www.strawbaggy.com\\\/product\\\/sticker-pack\\\/\",\"url\":\"https:\\\/\\\/www.strawbaggy.com\\\/product\\\/sticker-pack\\\/\",\"name\":\"Mr Baggy Sticker Pack - StrawBaggy\",\"isPartOf\":{\"@id\":\"https:\\\/\\\/www.strawbaggy.com\\\/#website\"},\"primaryImageOfPage\":{\"@id\":\"https:\\\/\\\/www.strawbaggy.com\\\/product\\\/sticker-pack\\\/#primaryimage\"},\"image\":{\"@id\":\"https:\\\/\\\/www.strawbaggy.com\\\/product\\\/sticker-pack\\\/#primaryimage\"},\"thumbnailUrl\":\"https:\\\/\\\/www.strawbaggy.com\\\/wp-content\\\/uploads\\\/2025\\\/02\\\/Photoroom_20250221_163631.png\",\"datePublished\":\"2025-02-21T12:07:54+00:00\",\"dateModified\":\"2025-09-02T10:08:30+00:00\",\"breadcrumb\":{\"@id\":\"https:\\\/\\\/www.strawbaggy.com\\\/product\\\/sticker-pack\\\/#breadcrumb\"},\"inLanguage\":\"fr-FR\",\"potentialAction\":[{\"@type\":\"ReadAction\",\"target\":[\"https:\\\/\\\/www.strawbaggy.com\\\/product\\\/sticker-pack\\\/\"]}]},{\"@type\":\"ImageObject\",\"inLanguage\":\"fr-FR\",\"@id\":\"https:\\\/\\\/www.strawbaggy.com\\\/product\\\/sticker-pack\\\/#primaryimage\",\"url\":\"https:\\\/\\\/www.strawbaggy.com\\\/wp-content\\\/uploads\\\/2025\\\/02\\\/Photoroom_20250221_163631.png\",\"contentUrl\":\"https:\\\/\\\/www.strawbaggy.com\\\/wp-content\\\/uploads\\\/2025\\\/02\\\/Photoroom_20250221_163631.png\",\"width\":800,\"height\":1067},{\"@type\":\"BreadcrumbList\",\"@id\":\"https:\\\/\\\/www.strawbaggy.com\\\/product\\\/sticker-pack\\\/#breadcrumb\",\"itemListElement\":[{\"@type\":\"ListItem\",\"position\":1,\"name\":\"Home\",\"item\":\"https:\\\/\\\/www.strawbaggy.com\\\/\"},{\"@type\":\"ListItem\",\"position\":2,\"name\":\"Products\",\"item\":\"https:\\\/\\\/www.strawbaggy.com\\\/shop\\\/\"},{\"@type\":\"ListItem\",\"position\":3,\"name\":\"Mr Baggy Sticker Pack\"}]},{\"@type\":\"WebSite\",\"@id\":\"https:\\\/\\\/www.strawbaggy.com\\\/#website\",\"url\":\"https:\\\/\\\/www.strawbaggy.com\\\/\",\"name\":\"StrawBaggy\",\"description\":\"by Hardcase Technologies\",\"publisher\":{\"@id\":\"https:\\\/\\\/www.strawbaggy.com\\\/#organization\"},\"potentialAction\":[{\"@type\":\"SearchAction\",\"target\":{\"@type\":\"EntryPoint\",\"urlTemplate\":\"https:\\\/\\\/www.strawbaggy.com\\\/?s={search_term_string}\"},\"query-input\":{\"@type\":\"PropertyValueSpecification\",\"valueRequired\":true,\"valueName\":\"search_term_string\"}}],\"inLanguage\":\"fr-FR\"},{\"@type\":\"Organization\",\"@id\":\"https:\\\/\\\/www.strawbaggy.com\\\/#organization\",\"name\":\"StrawBaggy by Hardcase Technologies\",\"url\":\"https:\\\/\\\/www.strawbaggy.com\\\/\",\"logo\":{\"@type\":\"ImageObject\",\"inLanguage\":\"fr-FR\",\"@id\":\"https:\\\/\\\/www.strawbaggy.com\\\/#\\\/schema\\\/logo\\\/image\\\/\",\"url\":\"https:\\\/\\\/www.strawbaggy.com\\\/wp-content\\\/uploads\\\/2025\\\/02\\\/BET04665-copia.png\",\"contentUrl\":\"https:\\\/\\\/www.strawbaggy.com\\\/wp-content\\\/uploads\\\/2025\\\/02\\\/BET04665-copia.png\",\"width\":1500,\"height\":1500,\"caption\":\"StrawBaggy by Hardcase Technologies\"},\"image\":{\"@id\":\"https:\\\/\\\/www.strawbaggy.com\\\/#\\\/schema\\\/logo\\\/image\\\/\"},\"sameAs\":[\"https:\\\/\\\/www.instagram.com\\\/straw_baggy\\\/\"]}]}<\/script>\n<meta property=\"product:price:amount\" content=\"5.00\" \/>\n<meta property=\"product:price:currency\" content=\"EUR\" \/>\n<meta property=\"og:availability\" content=\"instock\" \/>\n<meta property=\"product:availability\" content=\"instock\" \/>\n<meta property=\"product:retailer_item_id\" content=\"Sil-mix-1\" \/>\n<meta property=\"product:condition\" content=\"new\" \/>\n<!-- \/ Yoast SEO Premium plugin. -->","yoast_head_json":{"title":"Mr Baggy Sticker Pack - StrawBaggy","robots":{"index":"index","follow":"follow","max-snippet":"max-snippet:-1","max-image-preview":"max-image-preview:large","max-video-preview":"max-video-preview:-1"},"canonical":"https:\/\/www.strawbaggy.com\/fr\/produit\/sticker-pack\/","og_locale":"fr_FR","og_type":"article","og_title":"Mr Baggy Sticker Pack","og_description":"Pack 10 mix Stickers Size: 8,5cm diameter x 3cm","og_url":"https:\/\/www.strawbaggy.com\/fr\/produit\/sticker-pack\/","og_site_name":"StrawBaggy","article_modified_time":"2025-09-02T10:08:30+00:00","og_image":[{"width":800,"height":1067,"url":"https:\/\/www.strawbaggy.com\/wp-content\/uploads\/2025\/02\/Photoroom_20250221_163631.png","type":"image\/png"}],"twitter_card":"summary_large_image","twitter_misc":{"Prix":"5,00&nbsp;&euro;","Disponibilit\u00e9":"En stock"},"schema":{"@context":"https:\/\/schema.org","@graph":[{"@type":"WebPage","@id":"https:\/\/www.strawbaggy.com\/product\/sticker-pack\/","url":"https:\/\/www.strawbaggy.com\/product\/sticker-pack\/","name":"Mr Baggy Sticker Pack - StrawBaggy","isPartOf":{"@id":"https:\/\/www.strawbaggy.com\/#website"},"primaryImageOfPage":{"@id":"https:\/\/www.strawbaggy.com\/product\/sticker-pack\/#primaryimage"},"image":{"@id":"https:\/\/www.strawbaggy.com\/product\/sticker-pack\/#primaryimage"},"thumbnailUrl":"https:\/\/www.strawbaggy.com\/wp-content\/uploads\/2025\/02\/Photoroom_20250221_163631.png","datePublished":"2025-02-21T12:07:54+00:00","dateModified":"2025-09-02T10:08:30+00:00","breadcrumb":{"@id":"https:\/\/www.strawbaggy.com\/product\/sticker-pack\/#breadcrumb"},"inLanguage":"fr-FR","potentialAction":[{"@type":"ReadAction","target":["https:\/\/www.strawbaggy.com\/product\/sticker-pack\/"]}]},{"@type":"ImageObject","inLanguage":"fr-FR","@id":"https:\/\/www.strawbaggy.com\/product\/sticker-pack\/#primaryimage","url":"https:\/\/www.strawbaggy.com\/wp-content\/uploads\/2025\/02\/Photoroom_20250221_163631.png","contentUrl":"https:\/\/www.strawbaggy.com\/wp-content\/uploads\/2025\/02\/Photoroom_20250221_163631.png","width":800,"height":1067},{"@type":"BreadcrumbList","@id":"https:\/\/www.strawbaggy.com\/product\/sticker-pack\/#breadcrumb","itemListElement":[{"@type":"ListItem","position":1,"name":"Home","item":"https:\/\/www.strawbaggy.com\/"},{"@type":"ListItem","position":2,"name":"Products","item":"https:\/\/www.strawbaggy.com\/shop\/"},{"@type":"ListItem","position":3,"name":"Mr Baggy Sticker Pack"}]},{"@type":"WebSite","@id":"https:\/\/www.strawbaggy.com\/#website","url":"https:\/\/www.strawbaggy.com\/","name":"Sac \u00e0 paille","description":"par Hardcase Technologies","publisher":{"@id":"https:\/\/www.strawbaggy.com\/#organization"},"potentialAction":[{"@type":"SearchAction","target":{"@type":"EntryPoint","urlTemplate":"https:\/\/www.strawbaggy.com\/?s={search_term_string}"},"query-input":{"@type":"PropertyValueSpecification","valueRequired":true,"valueName":"search_term_string"}}],"inLanguage":"fr-FR"},{"@type":"Organization","@id":"https:\/\/www.strawbaggy.com\/#organization","name":"StrawBaggy par Hardcase Technologies","url":"https:\/\/www.strawbaggy.com\/","logo":{"@type":"ImageObject","inLanguage":"fr-FR","@id":"https:\/\/www.strawbaggy.com\/#\/schema\/logo\/image\/","url":"https:\/\/www.strawbaggy.com\/wp-content\/uploads\/2025\/02\/BET04665-copia.png","contentUrl":"https:\/\/www.strawbaggy.com\/wp-content\/uploads\/2025\/02\/BET04665-copia.png","width":1500,"height":1500,"caption":"StrawBaggy by Hardcase Technologies"},"image":{"@id":"https:\/\/www.strawbaggy.com\/#\/schema\/logo\/image\/"},"sameAs":["https:\/\/www.instagram.com\/straw_baggy\/"]}]},"product_price_amount":"5.00","product_price_currency":"EUR","og_availability":"instock","product_availability":"instock","product_retailer_item_id":"Sil-mix-1","product_condition":"new"},"jetpack_sharing_enabled":true,"_links":{"self":[{"href":"https:\/\/www.strawbaggy.com\/fr\/wp-json\/wp\/v2\/product\/5246","targetHints":{"allow":["GET"]}}],"collection":[{"href":"https:\/\/www.strawbaggy.com\/fr\/wp-json\/wp\/v2\/product"}],"about":[{"href":"https:\/\/www.strawbaggy.com\/fr\/wp-json\/wp\/v2\/types\/product"}],"wp:featuredmedia":[{"embeddable":true,"href":"https:\/\/www.strawbaggy.com\/fr\/wp-json\/wp\/v2\/media\/5368"}],"wp:attachment":[{"href":"https:\/\/www.strawbaggy.com\/fr\/wp-json\/wp\/v2\/media?parent=5246"}],"wp:term":[{"taxonomy":"product_brand","embeddable":true,"href":"https:\/\/www.strawbaggy.com\/fr\/wp-json\/wp\/v2\/product_brand?post=5246"},{"taxonomy":"product_cat","embeddable":true,"href":"https:\/\/www.strawbaggy.com\/fr\/wp-json\/wp\/v2\/product_cat?post=5246"},{"taxonomy":"product_tag","embeddable":true,"href":"https:\/\/www.strawbaggy.com\/fr\/wp-json\/wp\/v2\/product_tag?post=5246"}],"curies":[{"name":"wp","href":"https:\/\/api.w.org\/{rel}","templated":true}]}}