{"id":5247,"date":"2025-02-21T13:14:35","date_gmt":"2025-02-21T12:14:35","guid":{"rendered":"https:\/\/www.strawbaggy.com\/?post_type=product&#038;p=5247"},"modified":"2025-05-22T13:45:52","modified_gmt":"2025-05-22T11:45:52","slug":"mr-baggy-t-shirt","status":"publish","type":"product","link":"https:\/\/www.strawbaggy.com\/fr\/produit\/mr-baggy-t-shirt\/","title":{"rendered":"T-Shirt graphique"},"content":{"rendered":"<p class=\"p1\"><b>Collection de t-shirts Mr. Baggy - Edition limit\u00e9e, style illimit\u00e9<\/b><b><\/b><\/p>\n<p class=\"p3\">Nous nous ennuyons facilement - c'est pourquoi nous cr\u00e9ons toujours quelque chose de nouveau. Bienvenue sur le site de la <span class=\"s1\"><b>Collection de t-shirts Mr. Baggy<\/b><\/span>Le syst\u00e8me de gestion de l'information de l'UE : une expression audacieuse de l'individualit\u00e9, avec <span class=\"s1\"><b>des mod\u00e8les uniques, en \u00e9dition limit\u00e9e<\/b><\/span> qui ne restera pas longtemps en place.<\/p>\n<p class=\"p3\">Chaque goutte apporte quelque chose de frais, d'audacieux et d'incontournable. Ce n'est pas seulement un t-shirt - c'est une d\u00e9claration pour ceux qui vivent selon leurs propres termes.<\/p>\n<p class=\"p1\"><b>Ce qui le rend sp\u00e9cial :<\/b><b><\/b><\/p>\n<p class=\"p4\">-<span class=\"s1\"><b>Tissu de qualit\u00e9 sup\u00e9rieure :<\/b><\/span> Fabriqu\u00e9 \u00e0 partir de <span class=\"s1\"><b>100% coton peign\u00e9 ringspun<\/b><\/span> pour un toucher super doux et lisse<\/p>\n<p class=\"p4\">-<span class=\"s1\"><b>Coupe Slim Fit :<\/b><\/span> Coupe moderne et flatteuse, \u00e0 la fois confortable et \u00e9l\u00e9gante<\/p>\n<p class=\"p4\">-<span class=\"s1\"><b>Conception durable :<\/b><\/span> Structure tubulaire avec col ras du cou en c\u00f4tes 1\u00d71 pour une forme durable<\/p>\n<p class=\"p4\">-<span class=\"s1\"><b>\u00c9tiquette d\u00e9tachable :<\/b><\/span> Pas de d\u00e9mangeaisons, pas d'ennuis - juste un pur confort<\/p>\n<p class=\"p4\">-<span class=\"s1\"><b>Drop exclusif :<\/b><\/span> <i>Couleur grise<\/i> avec l'avant-gardiste <span class=\"s1\"><b>M. Baggy Punk V1<\/b><\/span> design (97% coton, 3% m\u00e9lange polyester)<\/p>\n<p class=\"p1\"><b>\u00c9dition limit\u00e9e. Une fois que c'est parti, c'est parti.<\/b><b><\/b><\/p>\n<p class=\"p3\">Il ne s'agit pas d'une production de masse : chaque mod\u00e8le est mis sur le march\u00e9 en une seule fois. <span class=\"s1\"><b>quantit\u00e9s limit\u00e9es<\/b><\/span> parce que nous pensons que le style ne doit jamais \u00eatre fig\u00e9. Si vous souhaitez vous d\u00e9marquer et laisser votre empreinte, cette collection est faite pour vous.<\/p>\n<p class=\"p3\">Procurez-vous le v\u00f4tre avant qu'il ne disparaisse, car les vrais originaux ne restent jamais trop longtemps au m\u00eame endroit.<\/p>\n<p class=\"p1\">","protected":false},"excerpt":{"rendered":"<p>-<span class=\"s1\"><b>Tissu de qualit\u00e9 sup\u00e9rieure :<\/b><\/span> Fabriqu\u00e9 \u00e0 partir de <span class=\"s1\"><b>100% coton peign\u00e9 ringspun<\/b><\/span> pour un toucher super doux et lisse<\/p>\n<p><span class=\"s1\"><b>M. Baggy Punk V1<\/b><\/span><\/p>\n<p>(97% coton, 3% m\u00e9lange polyester)<\/p>","protected":false},"featured_media":5248,"template":"","meta":[],"product_brand":[],"product_cat":[79],"product_tag":[35,123,34],"class_list":{"0":"post-5247","1":"product","2":"type-product","3":"status-publish","4":"has-post-thumbnail","6":"product_cat-mr-baggy","7":"product_tag-strawbaggy","8":"product_tag-t-shirt-mr-baggy","9":"product_tag-walker","11":"first","12":"instock","13":"taxable","14":"shipping-taxable","15":"purchasable","16":"product-type-simple"},"yoast_head":"<!-- This site is optimized with the Yoast SEO Premium plugin v27.4 (Yoast SEO v27.4) - https:\/\/yoast.com\/product\/yoast-seo-premium-wordpress\/ -->\n<title>Graphic T-Shirt - StrawBaggy<\/title>\n<meta name=\"robots\" content=\"index, follow, max-snippet:-1, max-image-preview:large, max-video-preview:-1\" \/>\n<link rel=\"canonical\" href=\"https:\/\/www.strawbaggy.com\/fr\/produit\/mr-baggy-t-shirt\/\" \/>\n<meta property=\"og:locale\" content=\"fr_FR\" \/>\n<meta property=\"og:type\" content=\"article\" \/>\n<meta property=\"og:title\" content=\"Graphic T-Shirt\" \/>\n<meta property=\"og:description\" content=\"\u2022Premium Fabric: Made from 100% combed ringspun cotton for a super-soft, smooth feel  Mr. Baggy Punk V1  (97% cotton, 3% polyester blend)\" \/>\n<meta property=\"og:url\" content=\"https:\/\/www.strawbaggy.com\/fr\/produit\/mr-baggy-t-shirt\/\" \/>\n<meta property=\"og:site_name\" content=\"StrawBaggy\" \/>\n<meta property=\"article:modified_time\" content=\"2025-05-22T11:45:52+00:00\" \/>\n<meta property=\"og:image\" content=\"https:\/\/www.strawbaggy.com\/wp-content\/uploads\/2025\/02\/strawbaggy-tshirt.png\" \/>\n\t<meta property=\"og:image:width\" content=\"1190\" \/>\n\t<meta property=\"og:image:height\" content=\"1272\" \/>\n\t<meta property=\"og:image:type\" content=\"image\/png\" \/>\n<meta name=\"twitter:card\" content=\"summary_large_image\" \/>\n<meta name=\"twitter:label1\" content=\"Prix\" \/>\n\t<meta name=\"twitter:data1\" content=\"19,00&nbsp;&euro;\" \/>\n\t<meta name=\"twitter:label2\" content=\"Disponibilit\u00e9\" \/>\n\t<meta name=\"twitter:data2\" content=\"En stock\" \/>\n<script type=\"application\/ld+json\" class=\"yoast-schema-graph\">{\"@context\":\"https:\\\/\\\/schema.org\",\"@graph\":[{\"@type\":\"WebPage\",\"@id\":\"https:\\\/\\\/www.strawbaggy.com\\\/product\\\/mr-baggy-t-shirt\\\/\",\"url\":\"https:\\\/\\\/www.strawbaggy.com\\\/product\\\/mr-baggy-t-shirt\\\/\",\"name\":\"Graphic T-Shirt - StrawBaggy\",\"isPartOf\":{\"@id\":\"https:\\\/\\\/www.strawbaggy.com\\\/#website\"},\"primaryImageOfPage\":{\"@id\":\"https:\\\/\\\/www.strawbaggy.com\\\/product\\\/mr-baggy-t-shirt\\\/#primaryimage\"},\"image\":{\"@id\":\"https:\\\/\\\/www.strawbaggy.com\\\/product\\\/mr-baggy-t-shirt\\\/#primaryimage\"},\"thumbnailUrl\":\"https:\\\/\\\/www.strawbaggy.com\\\/wp-content\\\/uploads\\\/2025\\\/02\\\/strawbaggy-tshirt.png\",\"datePublished\":\"2025-02-21T12:14:35+00:00\",\"dateModified\":\"2025-05-22T11:45:52+00:00\",\"breadcrumb\":{\"@id\":\"https:\\\/\\\/www.strawbaggy.com\\\/product\\\/mr-baggy-t-shirt\\\/#breadcrumb\"},\"inLanguage\":\"fr-FR\",\"potentialAction\":[{\"@type\":\"ReadAction\",\"target\":[\"https:\\\/\\\/www.strawbaggy.com\\\/product\\\/mr-baggy-t-shirt\\\/\"]}]},{\"@type\":\"ImageObject\",\"inLanguage\":\"fr-FR\",\"@id\":\"https:\\\/\\\/www.strawbaggy.com\\\/product\\\/mr-baggy-t-shirt\\\/#primaryimage\",\"url\":\"https:\\\/\\\/www.strawbaggy.com\\\/wp-content\\\/uploads\\\/2025\\\/02\\\/strawbaggy-tshirt.png\",\"contentUrl\":\"https:\\\/\\\/www.strawbaggy.com\\\/wp-content\\\/uploads\\\/2025\\\/02\\\/strawbaggy-tshirt.png\",\"width\":1190,\"height\":1272},{\"@type\":\"BreadcrumbList\",\"@id\":\"https:\\\/\\\/www.strawbaggy.com\\\/product\\\/mr-baggy-t-shirt\\\/#breadcrumb\",\"itemListElement\":[{\"@type\":\"ListItem\",\"position\":1,\"name\":\"Home\",\"item\":\"https:\\\/\\\/www.strawbaggy.com\\\/\"},{\"@type\":\"ListItem\",\"position\":2,\"name\":\"Products\",\"item\":\"https:\\\/\\\/www.strawbaggy.com\\\/shop\\\/\"},{\"@type\":\"ListItem\",\"position\":3,\"name\":\"Graphic T-Shirt\"}]},{\"@type\":\"WebSite\",\"@id\":\"https:\\\/\\\/www.strawbaggy.com\\\/#website\",\"url\":\"https:\\\/\\\/www.strawbaggy.com\\\/\",\"name\":\"StrawBaggy\",\"description\":\"by Hardcase Technologies\",\"publisher\":{\"@id\":\"https:\\\/\\\/www.strawbaggy.com\\\/#organization\"},\"potentialAction\":[{\"@type\":\"SearchAction\",\"target\":{\"@type\":\"EntryPoint\",\"urlTemplate\":\"https:\\\/\\\/www.strawbaggy.com\\\/?s={search_term_string}\"},\"query-input\":{\"@type\":\"PropertyValueSpecification\",\"valueRequired\":true,\"valueName\":\"search_term_string\"}}],\"inLanguage\":\"fr-FR\"},{\"@type\":\"Organization\",\"@id\":\"https:\\\/\\\/www.strawbaggy.com\\\/#organization\",\"name\":\"StrawBaggy by Hardcase Technologies\",\"url\":\"https:\\\/\\\/www.strawbaggy.com\\\/\",\"logo\":{\"@type\":\"ImageObject\",\"inLanguage\":\"fr-FR\",\"@id\":\"https:\\\/\\\/www.strawbaggy.com\\\/#\\\/schema\\\/logo\\\/image\\\/\",\"url\":\"https:\\\/\\\/www.strawbaggy.com\\\/wp-content\\\/uploads\\\/2025\\\/02\\\/BET04665-copia.png\",\"contentUrl\":\"https:\\\/\\\/www.strawbaggy.com\\\/wp-content\\\/uploads\\\/2025\\\/02\\\/BET04665-copia.png\",\"width\":1500,\"height\":1500,\"caption\":\"StrawBaggy by Hardcase Technologies\"},\"image\":{\"@id\":\"https:\\\/\\\/www.strawbaggy.com\\\/#\\\/schema\\\/logo\\\/image\\\/\"},\"sameAs\":[\"https:\\\/\\\/www.instagram.com\\\/straw_baggy\\\/\"]}]}<\/script>\n<meta property=\"product:price:amount\" content=\"19.00\" \/>\n<meta property=\"product:price:currency\" content=\"EUR\" \/>\n<meta property=\"og:availability\" content=\"instock\" \/>\n<meta property=\"product:availability\" content=\"instock\" \/>\n<meta property=\"product:retailer_item_id\" content=\"T-shirt\" \/>\n<meta property=\"product:condition\" content=\"new\" \/>\n<!-- \/ Yoast SEO Premium plugin. -->","yoast_head_json":{"title":"Graphic T-Shirt - StrawBaggy","robots":{"index":"index","follow":"follow","max-snippet":"max-snippet:-1","max-image-preview":"max-image-preview:large","max-video-preview":"max-video-preview:-1"},"canonical":"https:\/\/www.strawbaggy.com\/fr\/produit\/mr-baggy-t-shirt\/","og_locale":"fr_FR","og_type":"article","og_title":"Graphic T-Shirt","og_description":"\u2022Premium Fabric: Made from 100% combed ringspun cotton for a super-soft, smooth feel  Mr. Baggy Punk V1  (97% cotton, 3% polyester blend)","og_url":"https:\/\/www.strawbaggy.com\/fr\/produit\/mr-baggy-t-shirt\/","og_site_name":"StrawBaggy","article_modified_time":"2025-05-22T11:45:52+00:00","og_image":[{"width":1190,"height":1272,"url":"https:\/\/www.strawbaggy.com\/wp-content\/uploads\/2025\/02\/strawbaggy-tshirt.png","type":"image\/png"}],"twitter_card":"summary_large_image","twitter_misc":{"Prix":"19,00&nbsp;&euro;","Disponibilit\u00e9":"En stock"},"schema":{"@context":"https:\/\/schema.org","@graph":[{"@type":"WebPage","@id":"https:\/\/www.strawbaggy.com\/product\/mr-baggy-t-shirt\/","url":"https:\/\/www.strawbaggy.com\/product\/mr-baggy-t-shirt\/","name":"Graphic T-Shirt - StrawBaggy","isPartOf":{"@id":"https:\/\/www.strawbaggy.com\/#website"},"primaryImageOfPage":{"@id":"https:\/\/www.strawbaggy.com\/product\/mr-baggy-t-shirt\/#primaryimage"},"image":{"@id":"https:\/\/www.strawbaggy.com\/product\/mr-baggy-t-shirt\/#primaryimage"},"thumbnailUrl":"https:\/\/www.strawbaggy.com\/wp-content\/uploads\/2025\/02\/strawbaggy-tshirt.png","datePublished":"2025-02-21T12:14:35+00:00","dateModified":"2025-05-22T11:45:52+00:00","breadcrumb":{"@id":"https:\/\/www.strawbaggy.com\/product\/mr-baggy-t-shirt\/#breadcrumb"},"inLanguage":"fr-FR","potentialAction":[{"@type":"ReadAction","target":["https:\/\/www.strawbaggy.com\/product\/mr-baggy-t-shirt\/"]}]},{"@type":"ImageObject","inLanguage":"fr-FR","@id":"https:\/\/www.strawbaggy.com\/product\/mr-baggy-t-shirt\/#primaryimage","url":"https:\/\/www.strawbaggy.com\/wp-content\/uploads\/2025\/02\/strawbaggy-tshirt.png","contentUrl":"https:\/\/www.strawbaggy.com\/wp-content\/uploads\/2025\/02\/strawbaggy-tshirt.png","width":1190,"height":1272},{"@type":"BreadcrumbList","@id":"https:\/\/www.strawbaggy.com\/product\/mr-baggy-t-shirt\/#breadcrumb","itemListElement":[{"@type":"ListItem","position":1,"name":"Home","item":"https:\/\/www.strawbaggy.com\/"},{"@type":"ListItem","position":2,"name":"Products","item":"https:\/\/www.strawbaggy.com\/shop\/"},{"@type":"ListItem","position":3,"name":"Graphic T-Shirt"}]},{"@type":"WebSite","@id":"https:\/\/www.strawbaggy.com\/#website","url":"https:\/\/www.strawbaggy.com\/","name":"Sac \u00e0 paille","description":"par Hardcase Technologies","publisher":{"@id":"https:\/\/www.strawbaggy.com\/#organization"},"potentialAction":[{"@type":"SearchAction","target":{"@type":"EntryPoint","urlTemplate":"https:\/\/www.strawbaggy.com\/?s={search_term_string}"},"query-input":{"@type":"PropertyValueSpecification","valueRequired":true,"valueName":"search_term_string"}}],"inLanguage":"fr-FR"},{"@type":"Organization","@id":"https:\/\/www.strawbaggy.com\/#organization","name":"StrawBaggy par Hardcase Technologies","url":"https:\/\/www.strawbaggy.com\/","logo":{"@type":"ImageObject","inLanguage":"fr-FR","@id":"https:\/\/www.strawbaggy.com\/#\/schema\/logo\/image\/","url":"https:\/\/www.strawbaggy.com\/wp-content\/uploads\/2025\/02\/BET04665-copia.png","contentUrl":"https:\/\/www.strawbaggy.com\/wp-content\/uploads\/2025\/02\/BET04665-copia.png","width":1500,"height":1500,"caption":"StrawBaggy by Hardcase Technologies"},"image":{"@id":"https:\/\/www.strawbaggy.com\/#\/schema\/logo\/image\/"},"sameAs":["https:\/\/www.instagram.com\/straw_baggy\/"]}]},"product_price_amount":"19.00","product_price_currency":"EUR","og_availability":"instock","product_availability":"instock","product_retailer_item_id":"T-shirt","product_condition":"new"},"jetpack_sharing_enabled":true,"_links":{"self":[{"href":"https:\/\/www.strawbaggy.com\/fr\/wp-json\/wp\/v2\/product\/5247","targetHints":{"allow":["GET"]}}],"collection":[{"href":"https:\/\/www.strawbaggy.com\/fr\/wp-json\/wp\/v2\/product"}],"about":[{"href":"https:\/\/www.strawbaggy.com\/fr\/wp-json\/wp\/v2\/types\/product"}],"wp:featuredmedia":[{"embeddable":true,"href":"https:\/\/www.strawbaggy.com\/fr\/wp-json\/wp\/v2\/media\/5248"}],"wp:attachment":[{"href":"https:\/\/www.strawbaggy.com\/fr\/wp-json\/wp\/v2\/media?parent=5247"}],"wp:term":[{"taxonomy":"product_brand","embeddable":true,"href":"https:\/\/www.strawbaggy.com\/fr\/wp-json\/wp\/v2\/product_brand?post=5247"},{"taxonomy":"product_cat","embeddable":true,"href":"https:\/\/www.strawbaggy.com\/fr\/wp-json\/wp\/v2\/product_cat?post=5247"},{"taxonomy":"product_tag","embeddable":true,"href":"https:\/\/www.strawbaggy.com\/fr\/wp-json\/wp\/v2\/product_tag?post=5247"}],"curies":[{"name":"wp","href":"https:\/\/api.w.org\/{rel}","templated":true}]}}