{"id":5623,"date":"2025-03-03T13:05:18","date_gmt":"2025-03-03T12:05:18","guid":{"rendered":"https:\/\/www.strawbaggy.com\/?post_type=product&#038;p=5623"},"modified":"2025-03-06T11:26:22","modified_gmt":"2025-03-06T10:26:22","slug":"moodmats-mr-baggy","status":"publish","type":"product","link":"https:\/\/www.strawbaggy.com\/fr\/produit\/moodmats-mr-baggy\/","title":{"rendered":"Moodmats Mr. Baggy"},"content":{"rendered":"<p class=\"p1\"><b>Moodmats Collection MR BAGGY - Rare Edition 50 Pcs Edition Limit\u00e9e<\/b><b><\/b><\/p>\n<p class=\"p3\">Prot\u00e9gez vos bongs avec <span class=\"s1\"><b>Moodmats Collection MR BAGGY<\/b><\/span> Les tapis antid\u00e9rapants sont fabriqu\u00e9s \u00e0 partir de mat\u00e9riaux recycl\u00e9s tels que des combinaisons de plong\u00e9e, des joints et des pneus, r\u00e9duisant ainsi les d\u00e9chets et l'impact sur l'environnement. Parfait pour placer les outils en verre en toute s\u00e9curit\u00e9.<\/p>\n<p class=\"p3\">Cette collection exclusive n'\u00e9tait disponible qu'\u00e0 Spannabis 2025.<\/p>\n<p class=\"p1\"><b>Ne manquez pas cette occasion !<\/b><\/p>","protected":false},"excerpt":{"rendered":"<div>Mat\u00e9riau recycl\u00e9 Moodmats\u00ae.<\/div>\n<div>Taille : 20 diam\u00e8tre x 10cm<\/div>\n<div><\/div>","protected":false},"featured_media":5624,"template":"","meta":[],"product_brand":[],"product_cat":[79],"product_tag":[141,140,122],"class_list":{"0":"post-5623","1":"product","2":"type-product","3":"status-publish","4":"has-post-thumbnail","6":"product_cat-mr-baggy","7":"product_tag-bong","8":"product_tag-moodmats","9":"product_tag-mr-baggy","11":"first","12":"outofstock","13":"taxable","14":"shipping-taxable","15":"purchasable","16":"product-type-simple"},"yoast_head":"<!-- This site is optimized with the Yoast SEO Premium plugin v27.4 (Yoast SEO v27.4) - https:\/\/yoast.com\/product\/yoast-seo-premium-wordpress\/ -->\n<title>Moodmats Mr. Baggy - Spannanibis 2025<\/title>\n<meta name=\"description\" content=\"Moodmats MR BAGGY- Protect your bongs with Moodmats MR BAGGY Collection anti-slip mats, made from recycled materials such as wetsuits, gaskets, and tires...\" \/>\n<meta name=\"robots\" content=\"index, follow, max-snippet:-1, max-image-preview:large, max-video-preview:-1\" \/>\n<link rel=\"canonical\" href=\"https:\/\/www.strawbaggy.com\/fr\/produit\/moodmats-mr-baggy\/\" \/>\n<meta property=\"og:locale\" content=\"fr_FR\" \/>\n<meta property=\"og:type\" content=\"article\" \/>\n<meta property=\"og:title\" content=\"Moodmats Mr. Baggy\" \/>\n<meta property=\"og:description\" content=\"Moodmats MR BAGGY- Protect your bongs with Moodmats MR BAGGY Collection anti-slip mats, made from recycled materials such as wetsuits, gaskets, and tires...\" \/>\n<meta property=\"og:url\" content=\"https:\/\/www.strawbaggy.com\/fr\/produit\/moodmats-mr-baggy\/\" \/>\n<meta property=\"og:site_name\" content=\"StrawBaggy\" \/>\n<meta property=\"article:modified_time\" content=\"2025-03-06T10:26:22+00:00\" \/>\n<meta property=\"og:image\" content=\"https:\/\/www.strawbaggy.com\/wp-content\/uploads\/2025\/03\/Moodmats-Mr-baggy.png\" \/>\n\t<meta property=\"og:image:width\" content=\"1178\" \/>\n\t<meta property=\"og:image:height\" content=\"754\" \/>\n\t<meta property=\"og:image:type\" content=\"image\/png\" \/>\n<meta name=\"twitter:card\" content=\"summary_large_image\" \/>\n<meta name=\"twitter:label1\" content=\"Prix\" \/>\n\t<meta name=\"twitter:data1\" content=\"15,00&nbsp;&euro;\" \/>\n\t<meta name=\"twitter:label2\" content=\"Disponibilit\u00e9\" \/>\n\t<meta name=\"twitter:data2\" content=\"Rupture de stock\" \/>\n<script type=\"application\/ld+json\" class=\"yoast-schema-graph\">{\"@context\":\"https:\\\/\\\/schema.org\",\"@graph\":[{\"@type\":\"WebPage\",\"@id\":\"https:\\\/\\\/www.strawbaggy.com\\\/product\\\/moodmats-mr-baggy\\\/\",\"url\":\"https:\\\/\\\/www.strawbaggy.com\\\/product\\\/moodmats-mr-baggy\\\/\",\"name\":\"Moodmats Mr. Baggy - Spannanibis 2025\",\"isPartOf\":{\"@id\":\"https:\\\/\\\/www.strawbaggy.com\\\/#website\"},\"primaryImageOfPage\":{\"@id\":\"https:\\\/\\\/www.strawbaggy.com\\\/product\\\/moodmats-mr-baggy\\\/#primaryimage\"},\"image\":{\"@id\":\"https:\\\/\\\/www.strawbaggy.com\\\/product\\\/moodmats-mr-baggy\\\/#primaryimage\"},\"thumbnailUrl\":\"https:\\\/\\\/www.strawbaggy.com\\\/wp-content\\\/uploads\\\/2025\\\/03\\\/Moodmats-Mr-baggy.png\",\"datePublished\":\"2025-03-03T12:05:18+00:00\",\"dateModified\":\"2025-03-06T10:26:22+00:00\",\"description\":\"Moodmats MR BAGGY- Protect your bongs with Moodmats MR BAGGY Collection anti-slip mats, made from recycled materials such as wetsuits, gaskets, and tires...\",\"breadcrumb\":{\"@id\":\"https:\\\/\\\/www.strawbaggy.com\\\/product\\\/moodmats-mr-baggy\\\/#breadcrumb\"},\"inLanguage\":\"fr-FR\",\"potentialAction\":[{\"@type\":\"ReadAction\",\"target\":[\"https:\\\/\\\/www.strawbaggy.com\\\/product\\\/moodmats-mr-baggy\\\/\"]}]},{\"@type\":\"ImageObject\",\"inLanguage\":\"fr-FR\",\"@id\":\"https:\\\/\\\/www.strawbaggy.com\\\/product\\\/moodmats-mr-baggy\\\/#primaryimage\",\"url\":\"https:\\\/\\\/www.strawbaggy.com\\\/wp-content\\\/uploads\\\/2025\\\/03\\\/Moodmats-Mr-baggy.png\",\"contentUrl\":\"https:\\\/\\\/www.strawbaggy.com\\\/wp-content\\\/uploads\\\/2025\\\/03\\\/Moodmats-Mr-baggy.png\",\"width\":1178,\"height\":754},{\"@type\":\"BreadcrumbList\",\"@id\":\"https:\\\/\\\/www.strawbaggy.com\\\/product\\\/moodmats-mr-baggy\\\/#breadcrumb\",\"itemListElement\":[{\"@type\":\"ListItem\",\"position\":1,\"name\":\"Home\",\"item\":\"https:\\\/\\\/www.strawbaggy.com\\\/\"},{\"@type\":\"ListItem\",\"position\":2,\"name\":\"Products\",\"item\":\"https:\\\/\\\/www.strawbaggy.com\\\/shop\\\/\"},{\"@type\":\"ListItem\",\"position\":3,\"name\":\"Moodmats Mr. Baggy\"}]},{\"@type\":\"WebSite\",\"@id\":\"https:\\\/\\\/www.strawbaggy.com\\\/#website\",\"url\":\"https:\\\/\\\/www.strawbaggy.com\\\/\",\"name\":\"StrawBaggy\",\"description\":\"by Hardcase Technologies\",\"publisher\":{\"@id\":\"https:\\\/\\\/www.strawbaggy.com\\\/#organization\"},\"potentialAction\":[{\"@type\":\"SearchAction\",\"target\":{\"@type\":\"EntryPoint\",\"urlTemplate\":\"https:\\\/\\\/www.strawbaggy.com\\\/?s={search_term_string}\"},\"query-input\":{\"@type\":\"PropertyValueSpecification\",\"valueRequired\":true,\"valueName\":\"search_term_string\"}}],\"inLanguage\":\"fr-FR\"},{\"@type\":\"Organization\",\"@id\":\"https:\\\/\\\/www.strawbaggy.com\\\/#organization\",\"name\":\"StrawBaggy by Hardcase Technologies\",\"url\":\"https:\\\/\\\/www.strawbaggy.com\\\/\",\"logo\":{\"@type\":\"ImageObject\",\"inLanguage\":\"fr-FR\",\"@id\":\"https:\\\/\\\/www.strawbaggy.com\\\/#\\\/schema\\\/logo\\\/image\\\/\",\"url\":\"https:\\\/\\\/www.strawbaggy.com\\\/wp-content\\\/uploads\\\/2025\\\/02\\\/BET04665-copia.png\",\"contentUrl\":\"https:\\\/\\\/www.strawbaggy.com\\\/wp-content\\\/uploads\\\/2025\\\/02\\\/BET04665-copia.png\",\"width\":1500,\"height\":1500,\"caption\":\"StrawBaggy by Hardcase Technologies\"},\"image\":{\"@id\":\"https:\\\/\\\/www.strawbaggy.com\\\/#\\\/schema\\\/logo\\\/image\\\/\"},\"sameAs\":[\"https:\\\/\\\/www.instagram.com\\\/straw_baggy\\\/\"]}]}<\/script>\n<meta property=\"product:price:amount\" content=\"15.00\" \/>\n<meta property=\"product:price:currency\" content=\"EUR\" \/>\n<meta property=\"og:availability\" content=\"out of stock\" \/>\n<meta property=\"product:availability\" content=\"out of stock\" \/>\n<meta property=\"product:retailer_item_id\" content=\"Sil-mix-1-1\" \/>\n<meta property=\"product:condition\" content=\"new\" \/>\n<!-- \/ Yoast SEO Premium plugin. -->","yoast_head_json":{"title":"Moodmats Mr. Baggy - Spannanibis 2025","description":"Moodmats MR BAGGY- Protect your bongs with Moodmats MR BAGGY Collection anti-slip mats, made from recycled materials such as wetsuits, gaskets, and tires...","robots":{"index":"index","follow":"follow","max-snippet":"max-snippet:-1","max-image-preview":"max-image-preview:large","max-video-preview":"max-video-preview:-1"},"canonical":"https:\/\/www.strawbaggy.com\/fr\/produit\/moodmats-mr-baggy\/","og_locale":"fr_FR","og_type":"article","og_title":"Moodmats Mr. Baggy","og_description":"Moodmats MR BAGGY- Protect your bongs with Moodmats MR BAGGY Collection anti-slip mats, made from recycled materials such as wetsuits, gaskets, and tires...","og_url":"https:\/\/www.strawbaggy.com\/fr\/produit\/moodmats-mr-baggy\/","og_site_name":"StrawBaggy","article_modified_time":"2025-03-06T10:26:22+00:00","og_image":[{"width":1178,"height":754,"url":"https:\/\/www.strawbaggy.com\/wp-content\/uploads\/2025\/03\/Moodmats-Mr-baggy.png","type":"image\/png"}],"twitter_card":"summary_large_image","twitter_misc":{"Prix":"15,00&nbsp;&euro;","Disponibilit\u00e9":"Rupture de stock"},"schema":{"@context":"https:\/\/schema.org","@graph":[{"@type":"WebPage","@id":"https:\/\/www.strawbaggy.com\/product\/moodmats-mr-baggy\/","url":"https:\/\/www.strawbaggy.com\/product\/moodmats-mr-baggy\/","name":"Moodmats Mr. Baggy - Spannanibis 2025","isPartOf":{"@id":"https:\/\/www.strawbaggy.com\/#website"},"primaryImageOfPage":{"@id":"https:\/\/www.strawbaggy.com\/product\/moodmats-mr-baggy\/#primaryimage"},"image":{"@id":"https:\/\/www.strawbaggy.com\/product\/moodmats-mr-baggy\/#primaryimage"},"thumbnailUrl":"https:\/\/www.strawbaggy.com\/wp-content\/uploads\/2025\/03\/Moodmats-Mr-baggy.png","datePublished":"2025-03-03T12:05:18+00:00","dateModified":"2025-03-06T10:26:22+00:00","description":"Moodmats MR BAGGY- Protect your bongs with Moodmats MR BAGGY Collection anti-slip mats, made from recycled materials such as wetsuits, gaskets, and tires...","breadcrumb":{"@id":"https:\/\/www.strawbaggy.com\/product\/moodmats-mr-baggy\/#breadcrumb"},"inLanguage":"fr-FR","potentialAction":[{"@type":"ReadAction","target":["https:\/\/www.strawbaggy.com\/product\/moodmats-mr-baggy\/"]}]},{"@type":"ImageObject","inLanguage":"fr-FR","@id":"https:\/\/www.strawbaggy.com\/product\/moodmats-mr-baggy\/#primaryimage","url":"https:\/\/www.strawbaggy.com\/wp-content\/uploads\/2025\/03\/Moodmats-Mr-baggy.png","contentUrl":"https:\/\/www.strawbaggy.com\/wp-content\/uploads\/2025\/03\/Moodmats-Mr-baggy.png","width":1178,"height":754},{"@type":"BreadcrumbList","@id":"https:\/\/www.strawbaggy.com\/product\/moodmats-mr-baggy\/#breadcrumb","itemListElement":[{"@type":"ListItem","position":1,"name":"Home","item":"https:\/\/www.strawbaggy.com\/"},{"@type":"ListItem","position":2,"name":"Products","item":"https:\/\/www.strawbaggy.com\/shop\/"},{"@type":"ListItem","position":3,"name":"Moodmats Mr. Baggy"}]},{"@type":"WebSite","@id":"https:\/\/www.strawbaggy.com\/#website","url":"https:\/\/www.strawbaggy.com\/","name":"Sac \u00e0 paille","description":"par Hardcase Technologies","publisher":{"@id":"https:\/\/www.strawbaggy.com\/#organization"},"potentialAction":[{"@type":"SearchAction","target":{"@type":"EntryPoint","urlTemplate":"https:\/\/www.strawbaggy.com\/?s={search_term_string}"},"query-input":{"@type":"PropertyValueSpecification","valueRequired":true,"valueName":"search_term_string"}}],"inLanguage":"fr-FR"},{"@type":"Organization","@id":"https:\/\/www.strawbaggy.com\/#organization","name":"StrawBaggy par Hardcase Technologies","url":"https:\/\/www.strawbaggy.com\/","logo":{"@type":"ImageObject","inLanguage":"fr-FR","@id":"https:\/\/www.strawbaggy.com\/#\/schema\/logo\/image\/","url":"https:\/\/www.strawbaggy.com\/wp-content\/uploads\/2025\/02\/BET04665-copia.png","contentUrl":"https:\/\/www.strawbaggy.com\/wp-content\/uploads\/2025\/02\/BET04665-copia.png","width":1500,"height":1500,"caption":"StrawBaggy by Hardcase Technologies"},"image":{"@id":"https:\/\/www.strawbaggy.com\/#\/schema\/logo\/image\/"},"sameAs":["https:\/\/www.instagram.com\/straw_baggy\/"]}]},"product_price_amount":"15.00","product_price_currency":"EUR","og_availability":"out of stock","product_availability":"out of stock","product_retailer_item_id":"Sil-mix-1-1","product_condition":"new"},"jetpack_sharing_enabled":true,"_links":{"self":[{"href":"https:\/\/www.strawbaggy.com\/fr\/wp-json\/wp\/v2\/product\/5623","targetHints":{"allow":["GET"]}}],"collection":[{"href":"https:\/\/www.strawbaggy.com\/fr\/wp-json\/wp\/v2\/product"}],"about":[{"href":"https:\/\/www.strawbaggy.com\/fr\/wp-json\/wp\/v2\/types\/product"}],"wp:featuredmedia":[{"embeddable":true,"href":"https:\/\/www.strawbaggy.com\/fr\/wp-json\/wp\/v2\/media\/5624"}],"wp:attachment":[{"href":"https:\/\/www.strawbaggy.com\/fr\/wp-json\/wp\/v2\/media?parent=5623"}],"wp:term":[{"taxonomy":"product_brand","embeddable":true,"href":"https:\/\/www.strawbaggy.com\/fr\/wp-json\/wp\/v2\/product_brand?post=5623"},{"taxonomy":"product_cat","embeddable":true,"href":"https:\/\/www.strawbaggy.com\/fr\/wp-json\/wp\/v2\/product_cat?post=5623"},{"taxonomy":"product_tag","embeddable":true,"href":"https:\/\/www.strawbaggy.com\/fr\/wp-json\/wp\/v2\/product_tag?post=5623"}],"curies":[{"name":"wp","href":"https:\/\/api.w.org\/{rel}","templated":true}]}}