{"id":6679,"date":"2025-09-02T11:08:13","date_gmt":"2025-09-02T09:08:13","guid":{"rendered":"https:\/\/www.strawbaggy.com\/?post_type=product&#038;p=6679"},"modified":"2026-04-13T21:51:13","modified_gmt":"2026-04-13T19:51:13","slug":"mr-baggy-sticker-2-0","status":"publish","type":"product","link":"https:\/\/www.strawbaggy.com\/fr\/produit\/mr-baggy-sticker-2-0\/","title":{"rendered":"Mr Baggy &amp; The Fellazz Autocollants 2.0"},"content":{"rendered":"<p class=\"p1\"><b>Emmenez-nous dans votre prochaine aventure : Mr. Baggy &amp; The Fellaz crew <\/b><b>Stickers brod\u00e9s 2.0<\/b><\/p>\n<p>&nbsp;<\/p>\n<p class=\"p3\">\u00a0Pr\u00e9sentation de notre programme exclusif <span class=\"s1\"><b>Autocollants Mr. Baggy &amp; Strawbaggy 2.0<\/b><\/span> - le meilleur moyen d'afficher votre style et de rejoindre la communaut\u00e9 des <i>Sac \u00e0 paille<\/i> communaut\u00e9 o\u00f9 que vous alliez.<\/p>\n<p class=\"p3\">Collez-les sur les endroits qui vous inspirent le plus : votre mat\u00e9riel de voyage, vos accessoires de festival, votre ordinateur portable ou tout autre endroit qui vous fait vibrer. Chaque autocollant vous rappelle que l'aventure est \u00e0 port\u00e9e de main, et nous sommes ravis de faire partie de votre voyage.<\/p>\n<p class=\"p1\"><b>Voici pourquoi vous les aimerez :<\/b><b><\/b><\/p>\n<p class=\"p4\">-<span class=\"s1\"><b>Mod\u00e8les exclusifs :<\/b><\/span> Avec l'embl\u00e9matique <i>M. Baggy<\/i> Et T<i>Les Fellaz <\/i>les amis des personnages.<\/p>\n<p class=\"p4\">-<span class=\"s1\"><b>Pr\u00eat pour l'aventure :<\/b><\/span> Durable et r\u00e9sistant aux v\u00eatements pour tous vos voyages gr\u00e2ce \u00e0 la colle 3M au dos.<\/p>\n<p class=\"p4\">-<span class=\"s1\"><b>Partager le voyage :<\/b><\/span> Collez-les n'importe o\u00f9 et marquez-les - nous adorons voir o\u00f9 vous nous emmenez !<\/p>\n<p class=\"p1\"><b>Voyageons ensemble dans le monde entier<\/b><b><\/b><\/p>\n<p class=\"p3\">Saisissez votre <i>M. Baggy &amp; Strawbaggy<\/i> d\u00e8s aujourd'hui et commencez \u00e0 partager votre voyage. Que vous escaladiez des montagnes, que vous vous rendiez \u00e0 votre festival pr\u00e9f\u00e9r\u00e9 ou que vous vous d\u00e9tendiez dans votre coin favori, rendons chaque moment inoubliable, un autocollant \u00e0 la fois.<\/p>","protected":false},"excerpt":{"rendered":"<div>Pack : 10 autocollants de l'\u00e9quipage Mr Baggy &amp; The Fellaz + logo Strawbaggy<\/div>\n<div>Sac \u00e0 dos Maylar\nTaille : 20 cm x 16 cm<\/div>\n<div><\/div>","protected":false},"featured_media":7673,"template":"","meta":[],"product_brand":[],"product_cat":[79],"product_tag":[142,143,122,121],"class_list":{"0":"post-6679","1":"product","2":"type-product","3":"status-publish","4":"has-post-thumbnail","6":"product_cat-mr-baggy","7":"product_tag-baggalon","8":"product_tag-embroidered-stickers","9":"product_tag-mr-baggy","10":"product_tag-strawbaggy-stickers","12":"first","13":"instock","14":"taxable","15":"shipping-taxable","16":"purchasable","17":"product-type-simple"},"yoast_head":"<!-- This site is optimized with the Yoast SEO Premium plugin v27.4 (Yoast SEO v27.4) - https:\/\/yoast.com\/product\/yoast-seo-premium-wordpress\/ -->\n<title>Mr Baggy &amp; The Fellazz Stickers 2.0 - StrawBaggy<\/title>\n<meta name=\"description\" content=\"Take Us on Your Next Adventure: Mr. Baggy &amp; Strawbaggy Embroidered stickers Stickers 2.0!\" \/>\n<meta name=\"robots\" content=\"index, follow, max-snippet:-1, max-image-preview:large, max-video-preview:-1\" \/>\n<link rel=\"canonical\" href=\"https:\/\/www.strawbaggy.com\/fr\/produit\/mr-baggy-sticker-2-0\/\" \/>\n<meta property=\"og:locale\" content=\"fr_FR\" \/>\n<meta property=\"og:type\" content=\"article\" \/>\n<meta property=\"og:title\" content=\"Mr Baggy &amp; The Fellazz Stickers 2.0\" \/>\n<meta property=\"og:description\" content=\"Take Us on Your Next Adventure: Mr. Baggy &amp; Strawbaggy Embroidered stickers Stickers 2.0!\" \/>\n<meta property=\"og:url\" content=\"https:\/\/www.strawbaggy.com\/fr\/produit\/mr-baggy-sticker-2-0\/\" \/>\n<meta property=\"og:site_name\" content=\"StrawBaggy\" \/>\n<meta property=\"article:modified_time\" content=\"2026-04-13T19:51:13+00:00\" \/>\n<meta property=\"og:image\" content=\"https:\/\/www.strawbaggy.com\/wp-content\/uploads\/2025\/09\/IMG_7372.HEIC.png\" \/>\n\t<meta property=\"og:image:width\" content=\"900\" \/>\n\t<meta property=\"og:image:height\" content=\"675\" \/>\n\t<meta property=\"og:image:type\" content=\"image\/png\" \/>\n<meta name=\"twitter:card\" content=\"summary_large_image\" \/>\n<meta name=\"twitter:label1\" content=\"Prix\" \/>\n\t<meta name=\"twitter:data1\" content=\"10,00&nbsp;&euro;\" \/>\n\t<meta name=\"twitter:label2\" content=\"Disponibilit\u00e9\" \/>\n\t<meta name=\"twitter:data2\" content=\"En stock\" \/>\n<script type=\"application\/ld+json\" class=\"yoast-schema-graph\">{\"@context\":\"https:\\\/\\\/schema.org\",\"@graph\":[{\"@type\":\"WebPage\",\"@id\":\"https:\\\/\\\/www.strawbaggy.com\\\/product\\\/mr-baggy-sticker-2-0\\\/\",\"url\":\"https:\\\/\\\/www.strawbaggy.com\\\/product\\\/mr-baggy-sticker-2-0\\\/\",\"name\":\"Mr Baggy & The Fellazz Stickers 2.0 - StrawBaggy\",\"isPartOf\":{\"@id\":\"https:\\\/\\\/www.strawbaggy.com\\\/#website\"},\"primaryImageOfPage\":{\"@id\":\"https:\\\/\\\/www.strawbaggy.com\\\/product\\\/mr-baggy-sticker-2-0\\\/#primaryimage\"},\"image\":{\"@id\":\"https:\\\/\\\/www.strawbaggy.com\\\/product\\\/mr-baggy-sticker-2-0\\\/#primaryimage\"},\"thumbnailUrl\":\"https:\\\/\\\/www.strawbaggy.com\\\/wp-content\\\/uploads\\\/2025\\\/09\\\/IMG_7372.HEIC.png\",\"datePublished\":\"2025-09-02T09:08:13+00:00\",\"dateModified\":\"2026-04-13T19:51:13+00:00\",\"description\":\"Take Us on Your Next Adventure: Mr. Baggy & Strawbaggy Embroidered stickers Stickers 2.0!\",\"breadcrumb\":{\"@id\":\"https:\\\/\\\/www.strawbaggy.com\\\/product\\\/mr-baggy-sticker-2-0\\\/#breadcrumb\"},\"inLanguage\":\"fr-FR\",\"potentialAction\":[{\"@type\":\"ReadAction\",\"target\":[\"https:\\\/\\\/www.strawbaggy.com\\\/product\\\/mr-baggy-sticker-2-0\\\/\"]}]},{\"@type\":\"ImageObject\",\"inLanguage\":\"fr-FR\",\"@id\":\"https:\\\/\\\/www.strawbaggy.com\\\/product\\\/mr-baggy-sticker-2-0\\\/#primaryimage\",\"url\":\"https:\\\/\\\/www.strawbaggy.com\\\/wp-content\\\/uploads\\\/2025\\\/09\\\/IMG_7372.HEIC.png\",\"contentUrl\":\"https:\\\/\\\/www.strawbaggy.com\\\/wp-content\\\/uploads\\\/2025\\\/09\\\/IMG_7372.HEIC.png\",\"width\":900,\"height\":675},{\"@type\":\"BreadcrumbList\",\"@id\":\"https:\\\/\\\/www.strawbaggy.com\\\/product\\\/mr-baggy-sticker-2-0\\\/#breadcrumb\",\"itemListElement\":[{\"@type\":\"ListItem\",\"position\":1,\"name\":\"Home\",\"item\":\"https:\\\/\\\/www.strawbaggy.com\\\/\"},{\"@type\":\"ListItem\",\"position\":2,\"name\":\"Products\",\"item\":\"https:\\\/\\\/www.strawbaggy.com\\\/shop\\\/\"},{\"@type\":\"ListItem\",\"position\":3,\"name\":\"Mr Baggy &#038; The Fellazz Stickers 2.0\"}]},{\"@type\":\"WebSite\",\"@id\":\"https:\\\/\\\/www.strawbaggy.com\\\/#website\",\"url\":\"https:\\\/\\\/www.strawbaggy.com\\\/\",\"name\":\"StrawBaggy\",\"description\":\"by Hardcase Technologies\",\"publisher\":{\"@id\":\"https:\\\/\\\/www.strawbaggy.com\\\/#organization\"},\"potentialAction\":[{\"@type\":\"SearchAction\",\"target\":{\"@type\":\"EntryPoint\",\"urlTemplate\":\"https:\\\/\\\/www.strawbaggy.com\\\/?s={search_term_string}\"},\"query-input\":{\"@type\":\"PropertyValueSpecification\",\"valueRequired\":true,\"valueName\":\"search_term_string\"}}],\"inLanguage\":\"fr-FR\"},{\"@type\":\"Organization\",\"@id\":\"https:\\\/\\\/www.strawbaggy.com\\\/#organization\",\"name\":\"StrawBaggy by Hardcase Technologies\",\"url\":\"https:\\\/\\\/www.strawbaggy.com\\\/\",\"logo\":{\"@type\":\"ImageObject\",\"inLanguage\":\"fr-FR\",\"@id\":\"https:\\\/\\\/www.strawbaggy.com\\\/#\\\/schema\\\/logo\\\/image\\\/\",\"url\":\"https:\\\/\\\/www.strawbaggy.com\\\/wp-content\\\/uploads\\\/2025\\\/02\\\/BET04665-copia.png\",\"contentUrl\":\"https:\\\/\\\/www.strawbaggy.com\\\/wp-content\\\/uploads\\\/2025\\\/02\\\/BET04665-copia.png\",\"width\":1500,\"height\":1500,\"caption\":\"StrawBaggy by Hardcase Technologies\"},\"image\":{\"@id\":\"https:\\\/\\\/www.strawbaggy.com\\\/#\\\/schema\\\/logo\\\/image\\\/\"},\"sameAs\":[\"https:\\\/\\\/www.instagram.com\\\/straw_baggy\\\/\"]}]}<\/script>\n<meta property=\"product:price:amount\" content=\"10.00\" \/>\n<meta property=\"product:price:currency\" content=\"EUR\" \/>\n<meta property=\"og:availability\" content=\"instock\" \/>\n<meta property=\"product:availability\" content=\"instock\" \/>\n<meta property=\"product:retailer_item_id\" content=\"Stik2.0\" \/>\n<meta property=\"product:condition\" content=\"new\" \/>\n<!-- \/ Yoast SEO Premium plugin. -->","yoast_head_json":{"title":"Mr Baggy & The Fellazz Stickers 2.0 - StrawBaggy","description":"Take Us on Your Next Adventure: Mr. Baggy & Strawbaggy Embroidered stickers Stickers 2.0!","robots":{"index":"index","follow":"follow","max-snippet":"max-snippet:-1","max-image-preview":"max-image-preview:large","max-video-preview":"max-video-preview:-1"},"canonical":"https:\/\/www.strawbaggy.com\/fr\/produit\/mr-baggy-sticker-2-0\/","og_locale":"fr_FR","og_type":"article","og_title":"Mr Baggy & The Fellazz Stickers 2.0","og_description":"Take Us on Your Next Adventure: Mr. Baggy & Strawbaggy Embroidered stickers Stickers 2.0!","og_url":"https:\/\/www.strawbaggy.com\/fr\/produit\/mr-baggy-sticker-2-0\/","og_site_name":"StrawBaggy","article_modified_time":"2026-04-13T19:51:13+00:00","og_image":[{"width":900,"height":675,"url":"https:\/\/www.strawbaggy.com\/wp-content\/uploads\/2025\/09\/IMG_7372.HEIC.png","type":"image\/png"}],"twitter_card":"summary_large_image","twitter_misc":{"Prix":"10,00&nbsp;&euro;","Disponibilit\u00e9":"En stock"},"schema":{"@context":"https:\/\/schema.org","@graph":[{"@type":"WebPage","@id":"https:\/\/www.strawbaggy.com\/product\/mr-baggy-sticker-2-0\/","url":"https:\/\/www.strawbaggy.com\/product\/mr-baggy-sticker-2-0\/","name":"Mr Baggy & The Fellazz Stickers 2.0 - StrawBaggy","isPartOf":{"@id":"https:\/\/www.strawbaggy.com\/#website"},"primaryImageOfPage":{"@id":"https:\/\/www.strawbaggy.com\/product\/mr-baggy-sticker-2-0\/#primaryimage"},"image":{"@id":"https:\/\/www.strawbaggy.com\/product\/mr-baggy-sticker-2-0\/#primaryimage"},"thumbnailUrl":"https:\/\/www.strawbaggy.com\/wp-content\/uploads\/2025\/09\/IMG_7372.HEIC.png","datePublished":"2025-09-02T09:08:13+00:00","dateModified":"2026-04-13T19:51:13+00:00","description":"Take Us on Your Next Adventure: Mr. Baggy & Strawbaggy Embroidered stickers Stickers 2.0!","breadcrumb":{"@id":"https:\/\/www.strawbaggy.com\/product\/mr-baggy-sticker-2-0\/#breadcrumb"},"inLanguage":"fr-FR","potentialAction":[{"@type":"ReadAction","target":["https:\/\/www.strawbaggy.com\/product\/mr-baggy-sticker-2-0\/"]}]},{"@type":"ImageObject","inLanguage":"fr-FR","@id":"https:\/\/www.strawbaggy.com\/product\/mr-baggy-sticker-2-0\/#primaryimage","url":"https:\/\/www.strawbaggy.com\/wp-content\/uploads\/2025\/09\/IMG_7372.HEIC.png","contentUrl":"https:\/\/www.strawbaggy.com\/wp-content\/uploads\/2025\/09\/IMG_7372.HEIC.png","width":900,"height":675},{"@type":"BreadcrumbList","@id":"https:\/\/www.strawbaggy.com\/product\/mr-baggy-sticker-2-0\/#breadcrumb","itemListElement":[{"@type":"ListItem","position":1,"name":"Home","item":"https:\/\/www.strawbaggy.com\/"},{"@type":"ListItem","position":2,"name":"Products","item":"https:\/\/www.strawbaggy.com\/shop\/"},{"@type":"ListItem","position":3,"name":"Mr Baggy &#038; The Fellazz Stickers 2.0"}]},{"@type":"WebSite","@id":"https:\/\/www.strawbaggy.com\/#website","url":"https:\/\/www.strawbaggy.com\/","name":"Sac \u00e0 paille","description":"par Hardcase Technologies","publisher":{"@id":"https:\/\/www.strawbaggy.com\/#organization"},"potentialAction":[{"@type":"SearchAction","target":{"@type":"EntryPoint","urlTemplate":"https:\/\/www.strawbaggy.com\/?s={search_term_string}"},"query-input":{"@type":"PropertyValueSpecification","valueRequired":true,"valueName":"search_term_string"}}],"inLanguage":"fr-FR"},{"@type":"Organization","@id":"https:\/\/www.strawbaggy.com\/#organization","name":"StrawBaggy par Hardcase Technologies","url":"https:\/\/www.strawbaggy.com\/","logo":{"@type":"ImageObject","inLanguage":"fr-FR","@id":"https:\/\/www.strawbaggy.com\/#\/schema\/logo\/image\/","url":"https:\/\/www.strawbaggy.com\/wp-content\/uploads\/2025\/02\/BET04665-copia.png","contentUrl":"https:\/\/www.strawbaggy.com\/wp-content\/uploads\/2025\/02\/BET04665-copia.png","width":1500,"height":1500,"caption":"StrawBaggy by Hardcase Technologies"},"image":{"@id":"https:\/\/www.strawbaggy.com\/#\/schema\/logo\/image\/"},"sameAs":["https:\/\/www.instagram.com\/straw_baggy\/"]}]},"product_price_amount":"10.00","product_price_currency":"EUR","og_availability":"instock","product_availability":"instock","product_retailer_item_id":"Stik2.0","product_condition":"new"},"jetpack_sharing_enabled":true,"_links":{"self":[{"href":"https:\/\/www.strawbaggy.com\/fr\/wp-json\/wp\/v2\/product\/6679","targetHints":{"allow":["GET"]}}],"collection":[{"href":"https:\/\/www.strawbaggy.com\/fr\/wp-json\/wp\/v2\/product"}],"about":[{"href":"https:\/\/www.strawbaggy.com\/fr\/wp-json\/wp\/v2\/types\/product"}],"wp:featuredmedia":[{"embeddable":true,"href":"https:\/\/www.strawbaggy.com\/fr\/wp-json\/wp\/v2\/media\/7673"}],"wp:attachment":[{"href":"https:\/\/www.strawbaggy.com\/fr\/wp-json\/wp\/v2\/media?parent=6679"}],"wp:term":[{"taxonomy":"product_brand","embeddable":true,"href":"https:\/\/www.strawbaggy.com\/fr\/wp-json\/wp\/v2\/product_brand?post=6679"},{"taxonomy":"product_cat","embeddable":true,"href":"https:\/\/www.strawbaggy.com\/fr\/wp-json\/wp\/v2\/product_cat?post=6679"},{"taxonomy":"product_tag","embeddable":true,"href":"https:\/\/www.strawbaggy.com\/fr\/wp-json\/wp\/v2\/product_tag?post=6679"}],"curies":[{"name":"wp","href":"https:\/\/api.w.org\/{rel}","templated":true}]}}