{"id":7191,"date":"2025-11-25T17:59:41","date_gmt":"2025-11-25T16:59:41","guid":{"rendered":"https:\/\/www.strawbaggy.com\/?post_type=product&#038;p=7191"},"modified":"2026-03-29T16:01:52","modified_gmt":"2026-03-29T14:01:52","slug":"mr-baggy-box-edition","status":"publish","type":"product","link":"https:\/\/www.strawbaggy.com\/fr\/produit\/mr-baggy-box-edition\/","title":{"rendered":"M. Baggy \ud83c\udf81 \u00c9dition en bo\u00eete"},"content":{"rendered":"<h2 style=\"text-align: center;\"><span style=\"color: #3366ff;\"><strong>\u00a0\ud83c\udf81Mr. Baggy SPECIAL EDITION Box collection \ud83c\udf81<\/strong><\/span><\/h2>\n<p class=\"p1\" style=\"text-align: center;\"><span class=\"s1\">\ud83d\udc41 <\/span><strong><a href=\"https:\/\/www.strawbaggy.com\/fr\/baggalon-mr-baggy-home-planet\/\">QUI SUIS-JE ? MR. BAGGY Cachette secr\u00e8te<\/a><\/strong> <span class=\"s1\">\ud83d\udc41<\/span><\/p>\n<p class=\"p1\" style=\"text-align: center;\">Regardez-moi droit dans les yeux... <span class=\"s1\">\ud83d\udc40 \ud83d\udd25 <\/span>Je ne suis pas seulement une peluche, je suis le fleuron de notre collection !<\/p>\n<p class=\"p1\" style=\"text-align: center;\">M. Baggy est plus qu'une mascotte ; c'est une ic\u00f4ne, un compagnon de voyage et une <strong>\u00c9DITION LIMIT\u00c9E<\/strong> 1K<\/p>\n<p class=\"p1\" style=\"text-align: center;\">de collection. <strong>Cependant, l'\u00e9dition de la bo\u00eete n'est disponible qu'\u00e0 200 exemplaires.\u00a0<\/strong><\/p>\n<p class=\"p1\" style=\"text-align: center;\"><span class=\"s1\">\ud83c\udf81 <\/span>Collection exclusive - Chaque Mr. Baggy est produit en quantit\u00e9 limit\u00e9e, ce qui en fait un must-have.<\/p>\n<p class=\"p1\" style=\"text-align: center;\">pour les amateurs de jouets et de peluches.<\/p>\n<p class=\"p1\" style=\"text-align: center;\"><span class=\"s1\">\ud83d\udd12 <\/span>Compartiments cach\u00e9s - C'est vrai ! Mr. Baggy garde vos objets les plus pr\u00e9cieux en s\u00e9curit\u00e9 dans ses compartiments cach\u00e9s.<\/p>\n<p class=\"p1\" style=\"text-align: center;\">Mais qu'est-ce qui se cache \u00e0 l'int\u00e9rieur de ses yeux ? Seuls les vrais collectionneurs le d\u00e9couvriront.<\/p>\n<p class=\"p1\" style=\"text-align: center;\"><span class=\"s1\">\ud83d\udd25 <\/span>Emportez votre singularit\u00e9 avec vous. Entrez dans le monde de Mr. Baggy.<\/p>\n<p style=\"text-align: center;\"><em><strong><a href=\"https:\/\/www.strawbaggy.com\/fr\/baggalon-mr-baggy-home-planet\/\">EN SAVOIR PLUS SUR MR BAGGY. Cliquez ici<\/a><\/strong><\/em><\/p>\n<p>&nbsp;<\/p>\n<p class=\"p1\" style=\"text-align: center;\"><em><strong>#LimitedEdition #MrBaggy #HiddenSecrets #baggalon<\/strong><\/em><\/p>","protected":false},"excerpt":{"rendered":"<h2 style=\"text-align: left;\"><span style=\"color: #3366ff;\"><strong>\u00c9DITION SP\u00c9CIALE Collection de bo\u00eetes<\/strong><\/span><\/h2>\n<p>Hauteur : 30 cm<\/p>\n<p>Poids : 300g<\/p>","protected":false},"featured_media":7192,"template":"","meta":[],"product_brand":[],"product_cat":[79],"product_tag":[142,148,147,135,134,133,35],"class_list":{"0":"post-7191","1":"product","2":"type-product","3":"status-publish","4":"has-post-thumbnail","6":"product_cat-mr-baggy","7":"product_tag-baggalon","8":"product_tag-box-collection","9":"product_tag-collection","10":"product_tag-mascot-strawbaggy","11":"product_tag-mrbaggy","12":"product_tag-secret-stash","13":"product_tag-strawbaggy","15":"first","16":"instock","17":"taxable","18":"shipping-taxable","19":"purchasable","20":"product-type-simple"},"yoast_head":"<!-- This site is optimized with the Yoast SEO Premium plugin v27.4 (Yoast SEO v27.4) - https:\/\/yoast.com\/product\/yoast-seo-premium-wordpress\/ -->\n<title>Mr. Baggy \ud83c\udf81 Box Edition Secret-Stash \ud83d\udc40<\/title>\n<meta name=\"description\" content=\"Mr. Baggy is a funny and cuddly character from a faraway planet called Baggalon. It&#039;s a secret stash \ud83d\udc40 so I\u2019m not just a plush toy. \ud83d\udc99 I need YOUR LOVE -\" \/>\n<meta name=\"robots\" content=\"index, follow, max-snippet:-1, max-image-preview:large, max-video-preview:-1\" \/>\n<link rel=\"canonical\" href=\"https:\/\/www.strawbaggy.com\/fr\/produit\/mr-baggy-box-edition\/\" \/>\n<meta property=\"og:locale\" content=\"fr_FR\" \/>\n<meta property=\"og:type\" content=\"article\" \/>\n<meta property=\"og:title\" content=\"Mr. Baggy \ud83c\udf81 Box Edition\" \/>\n<meta property=\"og:description\" content=\"Mr. Baggy is a funny and cuddly character from a faraway planet called Baggalon. It&#039;s a secret stash \ud83d\udc40 so I\u2019m not just a plush toy. \ud83d\udc99 I need YOUR LOVE -\" \/>\n<meta property=\"og:url\" content=\"https:\/\/www.strawbaggy.com\/fr\/produit\/mr-baggy-box-edition\/\" \/>\n<meta property=\"og:site_name\" content=\"StrawBaggy\" \/>\n<meta property=\"article:modified_time\" content=\"2026-03-29T14:01:52+00:00\" \/>\n<meta property=\"og:image\" content=\"https:\/\/www.strawbaggy.com\/wp-content\/uploads\/2025\/11\/Mrbaggy-box-editionIMG_6285.HEIC.jpg\" \/>\n\t<meta property=\"og:image:width\" content=\"1800\" \/>\n\t<meta property=\"og:image:height\" content=\"2280\" \/>\n\t<meta property=\"og:image:type\" content=\"image\/jpeg\" \/>\n<meta name=\"twitter:card\" content=\"summary_large_image\" \/>\n<meta name=\"twitter:label1\" content=\"Prix\" \/>\n\t<meta name=\"twitter:data1\" content=\"37,00&nbsp;&euro;\" \/>\n\t<meta name=\"twitter:label2\" content=\"Disponibilit\u00e9\" \/>\n\t<meta name=\"twitter:data2\" content=\"En stock\" \/>\n<script type=\"application\/ld+json\" class=\"yoast-schema-graph\">{\"@context\":\"https:\\\/\\\/schema.org\",\"@graph\":[{\"@type\":\"WebPage\",\"@id\":\"https:\\\/\\\/www.strawbaggy.com\\\/product\\\/mr-baggy-box-edition\\\/\",\"url\":\"https:\\\/\\\/www.strawbaggy.com\\\/product\\\/mr-baggy-box-edition\\\/\",\"name\":\"Mr. Baggy \ud83c\udf81 Box Edition Secret-Stash \ud83d\udc40\",\"isPartOf\":{\"@id\":\"https:\\\/\\\/www.strawbaggy.com\\\/#website\"},\"primaryImageOfPage\":{\"@id\":\"https:\\\/\\\/www.strawbaggy.com\\\/product\\\/mr-baggy-box-edition\\\/#primaryimage\"},\"image\":{\"@id\":\"https:\\\/\\\/www.strawbaggy.com\\\/product\\\/mr-baggy-box-edition\\\/#primaryimage\"},\"thumbnailUrl\":\"https:\\\/\\\/www.strawbaggy.com\\\/wp-content\\\/uploads\\\/2025\\\/11\\\/Mrbaggy-box-editionIMG_6285.HEIC.jpg\",\"datePublished\":\"2025-11-25T16:59:41+00:00\",\"dateModified\":\"2026-03-29T14:01:52+00:00\",\"description\":\"Mr. Baggy is a funny and cuddly character from a faraway planet called Baggalon. It's a secret stash \ud83d\udc40 so I\u2019m not just a plush toy. \ud83d\udc99 I need YOUR LOVE -\",\"breadcrumb\":{\"@id\":\"https:\\\/\\\/www.strawbaggy.com\\\/product\\\/mr-baggy-box-edition\\\/#breadcrumb\"},\"inLanguage\":\"fr-FR\",\"potentialAction\":[{\"@type\":\"ReadAction\",\"target\":[\"https:\\\/\\\/www.strawbaggy.com\\\/product\\\/mr-baggy-box-edition\\\/\"]}]},{\"@type\":\"ImageObject\",\"inLanguage\":\"fr-FR\",\"@id\":\"https:\\\/\\\/www.strawbaggy.com\\\/product\\\/mr-baggy-box-edition\\\/#primaryimage\",\"url\":\"https:\\\/\\\/www.strawbaggy.com\\\/wp-content\\\/uploads\\\/2025\\\/11\\\/Mrbaggy-box-editionIMG_6285.HEIC.jpg\",\"contentUrl\":\"https:\\\/\\\/www.strawbaggy.com\\\/wp-content\\\/uploads\\\/2025\\\/11\\\/Mrbaggy-box-editionIMG_6285.HEIC.jpg\",\"width\":1800,\"height\":2280},{\"@type\":\"BreadcrumbList\",\"@id\":\"https:\\\/\\\/www.strawbaggy.com\\\/product\\\/mr-baggy-box-edition\\\/#breadcrumb\",\"itemListElement\":[{\"@type\":\"ListItem\",\"position\":1,\"name\":\"Home\",\"item\":\"https:\\\/\\\/www.strawbaggy.com\\\/\"},{\"@type\":\"ListItem\",\"position\":2,\"name\":\"Products\",\"item\":\"https:\\\/\\\/www.strawbaggy.com\\\/shop\\\/\"},{\"@type\":\"ListItem\",\"position\":3,\"name\":\"Mr. Baggy \ud83c\udf81 Box Edition\"}]},{\"@type\":\"WebSite\",\"@id\":\"https:\\\/\\\/www.strawbaggy.com\\\/#website\",\"url\":\"https:\\\/\\\/www.strawbaggy.com\\\/\",\"name\":\"StrawBaggy\",\"description\":\"by Hardcase Technologies\",\"publisher\":{\"@id\":\"https:\\\/\\\/www.strawbaggy.com\\\/#organization\"},\"potentialAction\":[{\"@type\":\"SearchAction\",\"target\":{\"@type\":\"EntryPoint\",\"urlTemplate\":\"https:\\\/\\\/www.strawbaggy.com\\\/?s={search_term_string}\"},\"query-input\":{\"@type\":\"PropertyValueSpecification\",\"valueRequired\":true,\"valueName\":\"search_term_string\"}}],\"inLanguage\":\"fr-FR\"},{\"@type\":\"Organization\",\"@id\":\"https:\\\/\\\/www.strawbaggy.com\\\/#organization\",\"name\":\"StrawBaggy by Hardcase Technologies\",\"url\":\"https:\\\/\\\/www.strawbaggy.com\\\/\",\"logo\":{\"@type\":\"ImageObject\",\"inLanguage\":\"fr-FR\",\"@id\":\"https:\\\/\\\/www.strawbaggy.com\\\/#\\\/schema\\\/logo\\\/image\\\/\",\"url\":\"https:\\\/\\\/www.strawbaggy.com\\\/wp-content\\\/uploads\\\/2025\\\/02\\\/BET04665-copia.png\",\"contentUrl\":\"https:\\\/\\\/www.strawbaggy.com\\\/wp-content\\\/uploads\\\/2025\\\/02\\\/BET04665-copia.png\",\"width\":1500,\"height\":1500,\"caption\":\"StrawBaggy by Hardcase Technologies\"},\"image\":{\"@id\":\"https:\\\/\\\/www.strawbaggy.com\\\/#\\\/schema\\\/logo\\\/image\\\/\"},\"sameAs\":[\"https:\\\/\\\/www.instagram.com\\\/straw_baggy\\\/\"]}]}<\/script>\n<meta property=\"product:price:amount\" content=\"37.00\" \/>\n<meta property=\"product:price:currency\" content=\"EUR\" \/>\n<meta property=\"og:availability\" content=\"instock\" \/>\n<meta property=\"product:availability\" content=\"instock\" \/>\n<meta property=\"product:retailer_item_id\" content=\"MRB-01-1\" \/>\n<meta property=\"product:condition\" content=\"new\" \/>\n<!-- \/ Yoast SEO Premium plugin. -->","yoast_head_json":{"title":"Mr. Baggy \ud83c\udf81 Box Edition Secret-Stash \ud83d\udc40","description":"Mr. Baggy is a funny and cuddly character from a faraway planet called Baggalon. It's a secret stash \ud83d\udc40 so I\u2019m not just a plush toy. \ud83d\udc99 I need YOUR LOVE -","robots":{"index":"index","follow":"follow","max-snippet":"max-snippet:-1","max-image-preview":"max-image-preview:large","max-video-preview":"max-video-preview:-1"},"canonical":"https:\/\/www.strawbaggy.com\/fr\/produit\/mr-baggy-box-edition\/","og_locale":"fr_FR","og_type":"article","og_title":"Mr. Baggy \ud83c\udf81 Box Edition","og_description":"Mr. Baggy is a funny and cuddly character from a faraway planet called Baggalon. It's a secret stash \ud83d\udc40 so I\u2019m not just a plush toy. \ud83d\udc99 I need YOUR LOVE -","og_url":"https:\/\/www.strawbaggy.com\/fr\/produit\/mr-baggy-box-edition\/","og_site_name":"StrawBaggy","article_modified_time":"2026-03-29T14:01:52+00:00","og_image":[{"width":1800,"height":2280,"url":"https:\/\/www.strawbaggy.com\/wp-content\/uploads\/2025\/11\/Mrbaggy-box-editionIMG_6285.HEIC.jpg","type":"image\/jpeg"}],"twitter_card":"summary_large_image","twitter_misc":{"Prix":"37,00&nbsp;&euro;","Disponibilit\u00e9":"En stock"},"schema":{"@context":"https:\/\/schema.org","@graph":[{"@type":"WebPage","@id":"https:\/\/www.strawbaggy.com\/product\/mr-baggy-box-edition\/","url":"https:\/\/www.strawbaggy.com\/product\/mr-baggy-box-edition\/","name":"Mr. Baggy \ud83c\udf81 Box Edition Secret-Stash \ud83d\udc40","isPartOf":{"@id":"https:\/\/www.strawbaggy.com\/#website"},"primaryImageOfPage":{"@id":"https:\/\/www.strawbaggy.com\/product\/mr-baggy-box-edition\/#primaryimage"},"image":{"@id":"https:\/\/www.strawbaggy.com\/product\/mr-baggy-box-edition\/#primaryimage"},"thumbnailUrl":"https:\/\/www.strawbaggy.com\/wp-content\/uploads\/2025\/11\/Mrbaggy-box-editionIMG_6285.HEIC.jpg","datePublished":"2025-11-25T16:59:41+00:00","dateModified":"2026-03-29T14:01:52+00:00","description":"Mr. Baggy is a funny and cuddly character from a faraway planet called Baggalon. It's a secret stash \ud83d\udc40 so I\u2019m not just a plush toy. \ud83d\udc99 I need YOUR LOVE -","breadcrumb":{"@id":"https:\/\/www.strawbaggy.com\/product\/mr-baggy-box-edition\/#breadcrumb"},"inLanguage":"fr-FR","potentialAction":[{"@type":"ReadAction","target":["https:\/\/www.strawbaggy.com\/product\/mr-baggy-box-edition\/"]}]},{"@type":"ImageObject","inLanguage":"fr-FR","@id":"https:\/\/www.strawbaggy.com\/product\/mr-baggy-box-edition\/#primaryimage","url":"https:\/\/www.strawbaggy.com\/wp-content\/uploads\/2025\/11\/Mrbaggy-box-editionIMG_6285.HEIC.jpg","contentUrl":"https:\/\/www.strawbaggy.com\/wp-content\/uploads\/2025\/11\/Mrbaggy-box-editionIMG_6285.HEIC.jpg","width":1800,"height":2280},{"@type":"BreadcrumbList","@id":"https:\/\/www.strawbaggy.com\/product\/mr-baggy-box-edition\/#breadcrumb","itemListElement":[{"@type":"ListItem","position":1,"name":"Home","item":"https:\/\/www.strawbaggy.com\/"},{"@type":"ListItem","position":2,"name":"Products","item":"https:\/\/www.strawbaggy.com\/shop\/"},{"@type":"ListItem","position":3,"name":"Mr. Baggy \ud83c\udf81 Box Edition"}]},{"@type":"WebSite","@id":"https:\/\/www.strawbaggy.com\/#website","url":"https:\/\/www.strawbaggy.com\/","name":"Sac \u00e0 paille","description":"par Hardcase Technologies","publisher":{"@id":"https:\/\/www.strawbaggy.com\/#organization"},"potentialAction":[{"@type":"SearchAction","target":{"@type":"EntryPoint","urlTemplate":"https:\/\/www.strawbaggy.com\/?s={search_term_string}"},"query-input":{"@type":"PropertyValueSpecification","valueRequired":true,"valueName":"search_term_string"}}],"inLanguage":"fr-FR"},{"@type":"Organization","@id":"https:\/\/www.strawbaggy.com\/#organization","name":"StrawBaggy par Hardcase Technologies","url":"https:\/\/www.strawbaggy.com\/","logo":{"@type":"ImageObject","inLanguage":"fr-FR","@id":"https:\/\/www.strawbaggy.com\/#\/schema\/logo\/image\/","url":"https:\/\/www.strawbaggy.com\/wp-content\/uploads\/2025\/02\/BET04665-copia.png","contentUrl":"https:\/\/www.strawbaggy.com\/wp-content\/uploads\/2025\/02\/BET04665-copia.png","width":1500,"height":1500,"caption":"StrawBaggy by Hardcase Technologies"},"image":{"@id":"https:\/\/www.strawbaggy.com\/#\/schema\/logo\/image\/"},"sameAs":["https:\/\/www.instagram.com\/straw_baggy\/"]}]},"product_price_amount":"37.00","product_price_currency":"EUR","og_availability":"instock","product_availability":"instock","product_retailer_item_id":"MRB-01-1","product_condition":"new"},"jetpack_sharing_enabled":true,"_links":{"self":[{"href":"https:\/\/www.strawbaggy.com\/fr\/wp-json\/wp\/v2\/product\/7191","targetHints":{"allow":["GET"]}}],"collection":[{"href":"https:\/\/www.strawbaggy.com\/fr\/wp-json\/wp\/v2\/product"}],"about":[{"href":"https:\/\/www.strawbaggy.com\/fr\/wp-json\/wp\/v2\/types\/product"}],"wp:featuredmedia":[{"embeddable":true,"href":"https:\/\/www.strawbaggy.com\/fr\/wp-json\/wp\/v2\/media\/7192"}],"wp:attachment":[{"href":"https:\/\/www.strawbaggy.com\/fr\/wp-json\/wp\/v2\/media?parent=7191"}],"wp:term":[{"taxonomy":"product_brand","embeddable":true,"href":"https:\/\/www.strawbaggy.com\/fr\/wp-json\/wp\/v2\/product_brand?post=7191"},{"taxonomy":"product_cat","embeddable":true,"href":"https:\/\/www.strawbaggy.com\/fr\/wp-json\/wp\/v2\/product_cat?post=7191"},{"taxonomy":"product_tag","embeddable":true,"href":"https:\/\/www.strawbaggy.com\/fr\/wp-json\/wp\/v2\/product_tag?post=7191"}],"curies":[{"name":"wp","href":"https:\/\/api.w.org\/{rel}","templated":true}]}}