{"id":2875,"date":"2024-03-20T17:00:12","date_gmt":"2024-03-20T16:00:12","guid":{"rendered":"https:\/\/www.strawbaggy.com\/?post_type=product&#038;p=2875"},"modified":"2025-02-28T18:16:05","modified_gmt":"2025-02-28T17:16:05","slug":"silicone-mixer","status":"publish","type":"product","link":"https:\/\/www.strawbaggy.com\/it\/prodotto\/silicone-mixer\/","title":{"rendered":"Miscelatore in silicone"},"content":{"rendered":"<p style=\"text-align: center;\"><strong>\ud83e\udd65 Un nuovo design:<\/strong> pi\u00f9 semplice, pi\u00f9 discreto e il <strong>perfetta vestibilit\u00e0<\/strong> per il tuo preferito <strong>Borsa Walker<\/strong>.<\/p>\n<p style=\"text-align: center;\">\ud83e\udeb4 Realizzato in silicone atossico, alimentare e ipoallergenico, \u00e8 stato progettato pensando al vostro benessere.<\/p>\n<p style=\"text-align: center;\">Utilizziamo solo i migliori materiali, in modo che possiate concentrarvi sul divertimento in tutta sicurezza e senza preoccupazioni.<\/p>\n<p style=\"text-align: center;\"><strong>\ud83d\udc4c Collegamento rapido e semplice alla borsa Walker per una portabilit\u00e0 senza soluzione di continuit\u00e0.<\/strong><\/p>\n<p style=\"text-align: center;\">Compatto, pratico e costruito per l'avventura: \u00e8 l'elemento essenziale per ogni fumatore PRO in viaggio.<\/p>","protected":false},"excerpt":{"rendered":"<div>Materiale: Silicone alimentare antibatterico e asettico<\/div>\n<div>Dimensioni: 8,5 cm di diametro x 3 cm di altezza<\/div>\n<div>Peso: 10 g<\/div>","protected":false},"featured_media":5241,"template":"","meta":[],"product_brand":[],"product_cat":[53,15],"product_tag":[56,137,138,57,139,36,35,34],"class_list":{"0":"post-2875","1":"product","2":"type-product","3":"status-publish","4":"has-post-thumbnail","6":"product_cat-accessori","7":"product_cat-walker-bag","8":"product_tag-mistiera-silicone","9":"product_tag-mixer-silicone","10":"product_tag-mixer-silicone-holder","11":"product_tag-silicone","12":"product_tag-silicone-holder","13":"product_tag-smoker-bag","14":"product_tag-strawbaggy","15":"product_tag-walker","17":"first","18":"instock","19":"taxable","20":"shipping-taxable","21":"purchasable","22":"product-type-simple"},"yoast_head":"<!-- This site is optimized with the Yoast SEO Premium plugin v27.4 (Yoast SEO v27.4) - https:\/\/yoast.com\/product\/yoast-seo-premium-wordpress\/ -->\n<title>Silicone Mixer x Walker<\/title>\n<meta name=\"description\" content=\"A new design: simpler, more discreet, and the perfect fit for your favorite Walker bag.Made from non-toxic, food-grade, hypoallergenic silicone.\" \/>\n<meta name=\"robots\" content=\"index, follow, max-snippet:-1, max-image-preview:large, max-video-preview:-1\" \/>\n<link rel=\"canonical\" href=\"https:\/\/www.strawbaggy.com\/it\/prodotto\/silicone-mixer\/\" \/>\n<meta property=\"og:locale\" content=\"it_IT\" \/>\n<meta property=\"og:type\" content=\"article\" \/>\n<meta property=\"og:title\" content=\"Silicone Mixer\" \/>\n<meta property=\"og:description\" content=\"A new design: simpler, more discreet, and the perfect fit for your favorite Walker bag.Made from non-toxic, food-grade, hypoallergenic silicone.\" \/>\n<meta property=\"og:url\" content=\"https:\/\/www.strawbaggy.com\/it\/prodotto\/silicone-mixer\/\" \/>\n<meta property=\"og:site_name\" content=\"StrawBaggy\" \/>\n<meta property=\"article:modified_time\" content=\"2025-02-28T17:16:05+00:00\" \/>\n<meta property=\"og:image\" content=\"https:\/\/www.strawbaggy.com\/wp-content\/uploads\/2025\/02\/S-ilicon-mixer.png\" \/>\n\t<meta property=\"og:image:width\" content=\"545\" \/>\n\t<meta property=\"og:image:height\" content=\"581\" \/>\n\t<meta property=\"og:image:type\" content=\"image\/png\" \/>\n<meta name=\"twitter:card\" content=\"summary_large_image\" \/>\n<meta name=\"twitter:label1\" content=\"Prezzo\" \/>\n\t<meta name=\"twitter:data1\" content=\"3,00&nbsp;&euro;\" \/>\n\t<meta name=\"twitter:label2\" content=\"Disponibilit\u00e0\" \/>\n\t<meta name=\"twitter:data2\" content=\"In stock\" \/>\n<script type=\"application\/ld+json\" class=\"yoast-schema-graph\">{\"@context\":\"https:\\\/\\\/schema.org\",\"@graph\":[{\"@type\":\"WebPage\",\"@id\":\"https:\\\/\\\/www.strawbaggy.com\\\/product\\\/silicone-mixer\\\/\",\"url\":\"https:\\\/\\\/www.strawbaggy.com\\\/product\\\/silicone-mixer\\\/\",\"name\":\"Silicone Mixer x Walker\",\"isPartOf\":{\"@id\":\"https:\\\/\\\/www.strawbaggy.com\\\/#website\"},\"primaryImageOfPage\":{\"@id\":\"https:\\\/\\\/www.strawbaggy.com\\\/product\\\/silicone-mixer\\\/#primaryimage\"},\"image\":{\"@id\":\"https:\\\/\\\/www.strawbaggy.com\\\/product\\\/silicone-mixer\\\/#primaryimage\"},\"thumbnailUrl\":\"https:\\\/\\\/www.strawbaggy.com\\\/wp-content\\\/uploads\\\/2025\\\/02\\\/S-ilicon-mixer.png\",\"datePublished\":\"2024-03-20T16:00:12+00:00\",\"dateModified\":\"2025-02-28T17:16:05+00:00\",\"description\":\"A new design: simpler, more discreet, and the perfect fit for your favorite Walker bag.Made from non-toxic, food-grade, hypoallergenic silicone.\",\"breadcrumb\":{\"@id\":\"https:\\\/\\\/www.strawbaggy.com\\\/product\\\/silicone-mixer\\\/#breadcrumb\"},\"inLanguage\":\"it-IT\",\"potentialAction\":[{\"@type\":\"ReadAction\",\"target\":[\"https:\\\/\\\/www.strawbaggy.com\\\/product\\\/silicone-mixer\\\/\"]}]},{\"@type\":\"ImageObject\",\"inLanguage\":\"it-IT\",\"@id\":\"https:\\\/\\\/www.strawbaggy.com\\\/product\\\/silicone-mixer\\\/#primaryimage\",\"url\":\"https:\\\/\\\/www.strawbaggy.com\\\/wp-content\\\/uploads\\\/2025\\\/02\\\/S-ilicon-mixer.png\",\"contentUrl\":\"https:\\\/\\\/www.strawbaggy.com\\\/wp-content\\\/uploads\\\/2025\\\/02\\\/S-ilicon-mixer.png\",\"width\":545,\"height\":581},{\"@type\":\"BreadcrumbList\",\"@id\":\"https:\\\/\\\/www.strawbaggy.com\\\/product\\\/silicone-mixer\\\/#breadcrumb\",\"itemListElement\":[{\"@type\":\"ListItem\",\"position\":1,\"name\":\"Home\",\"item\":\"https:\\\/\\\/www.strawbaggy.com\\\/\"},{\"@type\":\"ListItem\",\"position\":2,\"name\":\"Products\",\"item\":\"https:\\\/\\\/www.strawbaggy.com\\\/shop\\\/\"},{\"@type\":\"ListItem\",\"position\":3,\"name\":\"Silicone Mixer\"}]},{\"@type\":\"WebSite\",\"@id\":\"https:\\\/\\\/www.strawbaggy.com\\\/#website\",\"url\":\"https:\\\/\\\/www.strawbaggy.com\\\/\",\"name\":\"StrawBaggy\",\"description\":\"by Hardcase Technologies\",\"publisher\":{\"@id\":\"https:\\\/\\\/www.strawbaggy.com\\\/#organization\"},\"potentialAction\":[{\"@type\":\"SearchAction\",\"target\":{\"@type\":\"EntryPoint\",\"urlTemplate\":\"https:\\\/\\\/www.strawbaggy.com\\\/?s={search_term_string}\"},\"query-input\":{\"@type\":\"PropertyValueSpecification\",\"valueRequired\":true,\"valueName\":\"search_term_string\"}}],\"inLanguage\":\"it-IT\"},{\"@type\":\"Organization\",\"@id\":\"https:\\\/\\\/www.strawbaggy.com\\\/#organization\",\"name\":\"StrawBaggy by Hardcase Technologies\",\"url\":\"https:\\\/\\\/www.strawbaggy.com\\\/\",\"logo\":{\"@type\":\"ImageObject\",\"inLanguage\":\"it-IT\",\"@id\":\"https:\\\/\\\/www.strawbaggy.com\\\/#\\\/schema\\\/logo\\\/image\\\/\",\"url\":\"https:\\\/\\\/www.strawbaggy.com\\\/wp-content\\\/uploads\\\/2025\\\/02\\\/BET04665-copia.png\",\"contentUrl\":\"https:\\\/\\\/www.strawbaggy.com\\\/wp-content\\\/uploads\\\/2025\\\/02\\\/BET04665-copia.png\",\"width\":1500,\"height\":1500,\"caption\":\"StrawBaggy by Hardcase Technologies\"},\"image\":{\"@id\":\"https:\\\/\\\/www.strawbaggy.com\\\/#\\\/schema\\\/logo\\\/image\\\/\"},\"sameAs\":[\"https:\\\/\\\/www.instagram.com\\\/straw_baggy\\\/\"]}]}<\/script>\n<meta property=\"product:price:amount\" content=\"3.00\" \/>\n<meta property=\"product:price:currency\" content=\"EUR\" \/>\n<meta property=\"og:availability\" content=\"instock\" \/>\n<meta property=\"product:availability\" content=\"instock\" \/>\n<meta property=\"product:retailer_item_id\" content=\"Sil-mix\" \/>\n<meta property=\"product:condition\" content=\"new\" \/>\n<!-- \/ Yoast SEO Premium plugin. -->","yoast_head_json":{"title":"Silicone Mixer x Walker","description":"A new design: simpler, more discreet, and the perfect fit for your favorite Walker bag.Made from non-toxic, food-grade, hypoallergenic silicone.","robots":{"index":"index","follow":"follow","max-snippet":"max-snippet:-1","max-image-preview":"max-image-preview:large","max-video-preview":"max-video-preview:-1"},"canonical":"https:\/\/www.strawbaggy.com\/it\/prodotto\/silicone-mixer\/","og_locale":"it_IT","og_type":"article","og_title":"Silicone Mixer","og_description":"A new design: simpler, more discreet, and the perfect fit for your favorite Walker bag.Made from non-toxic, food-grade, hypoallergenic silicone.","og_url":"https:\/\/www.strawbaggy.com\/it\/prodotto\/silicone-mixer\/","og_site_name":"StrawBaggy","article_modified_time":"2025-02-28T17:16:05+00:00","og_image":[{"width":545,"height":581,"url":"https:\/\/www.strawbaggy.com\/wp-content\/uploads\/2025\/02\/S-ilicon-mixer.png","type":"image\/png"}],"twitter_card":"summary_large_image","twitter_misc":{"Prezzo":"3,00&nbsp;&euro;","Disponibilit\u00e0":"In stock"},"schema":{"@context":"https:\/\/schema.org","@graph":[{"@type":"WebPage","@id":"https:\/\/www.strawbaggy.com\/product\/silicone-mixer\/","url":"https:\/\/www.strawbaggy.com\/product\/silicone-mixer\/","name":"Silicone Mixer x Walker","isPartOf":{"@id":"https:\/\/www.strawbaggy.com\/#website"},"primaryImageOfPage":{"@id":"https:\/\/www.strawbaggy.com\/product\/silicone-mixer\/#primaryimage"},"image":{"@id":"https:\/\/www.strawbaggy.com\/product\/silicone-mixer\/#primaryimage"},"thumbnailUrl":"https:\/\/www.strawbaggy.com\/wp-content\/uploads\/2025\/02\/S-ilicon-mixer.png","datePublished":"2024-03-20T16:00:12+00:00","dateModified":"2025-02-28T17:16:05+00:00","description":"A new design: simpler, more discreet, and the perfect fit for your favorite Walker bag.Made from non-toxic, food-grade, hypoallergenic silicone.","breadcrumb":{"@id":"https:\/\/www.strawbaggy.com\/product\/silicone-mixer\/#breadcrumb"},"inLanguage":"it-IT","potentialAction":[{"@type":"ReadAction","target":["https:\/\/www.strawbaggy.com\/product\/silicone-mixer\/"]}]},{"@type":"ImageObject","inLanguage":"it-IT","@id":"https:\/\/www.strawbaggy.com\/product\/silicone-mixer\/#primaryimage","url":"https:\/\/www.strawbaggy.com\/wp-content\/uploads\/2025\/02\/S-ilicon-mixer.png","contentUrl":"https:\/\/www.strawbaggy.com\/wp-content\/uploads\/2025\/02\/S-ilicon-mixer.png","width":545,"height":581},{"@type":"BreadcrumbList","@id":"https:\/\/www.strawbaggy.com\/product\/silicone-mixer\/#breadcrumb","itemListElement":[{"@type":"ListItem","position":1,"name":"Home","item":"https:\/\/www.strawbaggy.com\/"},{"@type":"ListItem","position":2,"name":"Products","item":"https:\/\/www.strawbaggy.com\/shop\/"},{"@type":"ListItem","position":3,"name":"Silicone Mixer"}]},{"@type":"WebSite","@id":"https:\/\/www.strawbaggy.com\/#website","url":"https:\/\/www.strawbaggy.com\/","name":"Pagliaccio","description":"da Hardcase Technologies","publisher":{"@id":"https:\/\/www.strawbaggy.com\/#organization"},"potentialAction":[{"@type":"SearchAction","target":{"@type":"EntryPoint","urlTemplate":"https:\/\/www.strawbaggy.com\/?s={search_term_string}"},"query-input":{"@type":"PropertyValueSpecification","valueRequired":true,"valueName":"search_term_string"}}],"inLanguage":"it-IT"},{"@type":"Organization","@id":"https:\/\/www.strawbaggy.com\/#organization","name":"StrawBaggy di Hardcase Technologies","url":"https:\/\/www.strawbaggy.com\/","logo":{"@type":"ImageObject","inLanguage":"it-IT","@id":"https:\/\/www.strawbaggy.com\/#\/schema\/logo\/image\/","url":"https:\/\/www.strawbaggy.com\/wp-content\/uploads\/2025\/02\/BET04665-copia.png","contentUrl":"https:\/\/www.strawbaggy.com\/wp-content\/uploads\/2025\/02\/BET04665-copia.png","width":1500,"height":1500,"caption":"StrawBaggy by Hardcase Technologies"},"image":{"@id":"https:\/\/www.strawbaggy.com\/#\/schema\/logo\/image\/"},"sameAs":["https:\/\/www.instagram.com\/straw_baggy\/"]}]},"product_price_amount":"3.00","product_price_currency":"EUR","og_availability":"instock","product_availability":"instock","product_retailer_item_id":"Sil-mix","product_condition":"new"},"jetpack_sharing_enabled":true,"_links":{"self":[{"href":"https:\/\/www.strawbaggy.com\/it\/wp-json\/wp\/v2\/product\/2875","targetHints":{"allow":["GET"]}}],"collection":[{"href":"https:\/\/www.strawbaggy.com\/it\/wp-json\/wp\/v2\/product"}],"about":[{"href":"https:\/\/www.strawbaggy.com\/it\/wp-json\/wp\/v2\/types\/product"}],"wp:featuredmedia":[{"embeddable":true,"href":"https:\/\/www.strawbaggy.com\/it\/wp-json\/wp\/v2\/media\/5241"}],"wp:attachment":[{"href":"https:\/\/www.strawbaggy.com\/it\/wp-json\/wp\/v2\/media?parent=2875"}],"wp:term":[{"taxonomy":"product_brand","embeddable":true,"href":"https:\/\/www.strawbaggy.com\/it\/wp-json\/wp\/v2\/product_brand?post=2875"},{"taxonomy":"product_cat","embeddable":true,"href":"https:\/\/www.strawbaggy.com\/it\/wp-json\/wp\/v2\/product_cat?post=2875"},{"taxonomy":"product_tag","embeddable":true,"href":"https:\/\/www.strawbaggy.com\/it\/wp-json\/wp\/v2\/product_tag?post=2875"}],"curies":[{"name":"wp","href":"https:\/\/api.w.org\/{rel}","templated":true}]}}